{"id":306855,"date":"2025-08-06T11:33:25","date_gmt":"2025-08-06T09:33:25","guid":{"rendered":"https:\/\/dev.freakuence.nl\/product\/gold-note-ph-5\/"},"modified":"2026-04-11T04:23:36","modified_gmt":"2026-04-11T02:23:36","slug":"gold-note-ph-5","status":"publish","type":"product","link":"https:\/\/dev.freakuence.nl\/de\/produkt\/gold-note-ph-5\/","title":{"rendered":"Gold Note PH-5"},"content":{"rendered":"<div class=\"product-specifications-list\">\n<div class=\"specification-item row-even\"><span class=\"spec-content\"><strong>Beschreibung Freakuence!<\/strong><\/span><\/div>\n<div class=\"specification-item row-odd\"><span class=\"spec-content\"><\/p>\n<p>Nachdem wir den PH10 auf Wunsch eines regelm\u00e4\u00dfigen Besuchers mitgebracht hatten, waren wir \u00fcberzeugt und haben ihn viel benutzt. Die logische Konsequenz ist also, den PH5 ins Haus zu holen. Wir hatten nicht das Bed\u00fcrfnis, ihn komplett neu zu schreiben, denn der des PH10 schl\u00e4gt den PH5 genauso gut, nur klingt der PH5 etwas kleiner. Also hier noch einmal: wie so oft bei Phonos, einfache Box, \u00fcberraschendes Ergebnis. Ein mucksm\u00e4uschenstilles Ding, das die kleinsten Details durchscheinen l\u00e4sst. Wir kennen die Verst\u00e4rker von Gold Note f\u00fcr ihren sterilen Klang, das muss man einfach lieben. So ist es auch mit dem Phono, aber unserer Meinung nach f\u00fcgt er sich dadurch sehr gut in viele Systeme ein, ohne das System selbst zu &#8218;beeintr\u00e4chtigen&#8216;.       F\u00fcr die Gene, die ihr System in Ordnung haben&#8230; ein erstklassiger Phono!<\/p>\n<p><\/span><\/div>\n<div class=\"specification-item row-even\"><span class=\"spec-content\"><strong>Details<\/strong><\/span><\/div>\n<div class=\"specification-item row-odd\"><span class=\"spec-content\">Ladenpreis: 890.00<\/span><\/div>\n<div class=\"specification-item row-even\"><span class=\"spec-content\"><strong>Geschichte der Marke<\/strong><\/span><\/div>\n<div class=\"specification-item row-odd\"><span class=\"spec-content\"><\/p>\n<p>Gold Note ist ein italienisches Unternehmen, das sich auf die Herstellung hochwertiger Audioger\u00e4te spezialisiert hat. Das Unternehmen mit Sitz in Montespertoli, in der N\u00e4he von Florenz, verbindet traditionelle Handwerkskunst mit moderner Technologie. Die Produktpalette umfasst Plattenspieler, Verst\u00e4rker und Lautsprecher. Gold Note ist bestrebt, Produkte zu entwickeln, die sowohl \u00e4sthetisch ansprechend als auch funktional sind, und achtet dabei auf Details und Qualit\u00e4t. Das Unternehmen hat sich den Ruf erworben, zuverl\u00e4ssige und langlebige Ger\u00e4te zu liefern.    <\/p>\n<p><\/span><\/div>\n<\/div>\n","protected":false},"excerpt":{"rendered":"<p>Beschreibung Freakuence! Nachdem wir den PH10 auf Wunsch eines regelm\u00e4\u00dfigen Besuchers mitgebracht hatten, waren wir \u00fcberzeugt und haben ihn viel benutzt. Die logische Konsequenz ist also, den PH5 ins Haus zu holen. Wir hatten nicht das Bed\u00fcrfnis, ihn komplett neu zu schreiben, denn der des PH10 schl\u00e4gt den PH5 genauso gut, nur klingt der PH5 [&hellip;]<\/p>\n","protected":false},"featured_media":306865,"template":"","meta":{"_acf_changed":false,"inline_featured_image":false},"product_brand":[],"product_cat":[585,787],"product_tag":[574],"class_list":{"0":"post-306855","1":"product","2":"type-product","3":"status-publish","4":"has-post-thumbnail","6":"product_cat-phono-verstarker","7":"product_cat-plattenspieler","8":"product_tag-freakdemo","10":"first","11":"instock","12":"purchasable","13":"product-type-simple"},"acf":[],"yoast_head":"<!-- This site is optimized with the Yoast SEO plugin v25.9 - https:\/\/yoast.com\/wordpress\/plugins\/seo\/ -->\n<title>Gold Note PH-5 | Freakuence!<\/title>\n<meta name=\"robots\" content=\"noindex, follow, max-snippet:-1, max-image-preview:large, max-video-preview:-1\" \/>\n<meta property=\"og:locale\" content=\"de_DE\" \/>\n<meta property=\"og:type\" content=\"article\" \/>\n<meta property=\"og:title\" content=\"Gold Note PH-5 | Freakuence!\" \/>\n<meta property=\"og:description\" content=\"Beschreibung Freakuence! Nachdem wir den PH10 auf Wunsch eines regelm\u00e4\u00dfigen Besuchers mitgebracht hatten, waren wir \u00fcberzeugt und haben ihn viel benutzt. Die logische Konsequenz ist also, den PH5 ins Haus zu holen. Wir hatten nicht das Bed\u00fcrfnis, ihn komplett neu zu schreiben, denn der des PH10 schl\u00e4gt den PH5 genauso gut, nur klingt der PH5 [&hellip;]\" \/>\n<meta property=\"og:url\" content=\"https:\/\/dev.freakuence.nl\/de\/produkt\/gold-note-ph-5\/\" \/>\n<meta property=\"og:site_name\" content=\"Freakuence!\" \/>\n<meta property=\"article:modified_time\" content=\"2026-04-11T02:23:36+00:00\" \/>\n<meta property=\"og:image\" content=\"https:\/\/dev.freakuence.nl\/wp-content\/uploads\/2025\/09\/1754472718-IMG3841-scaled.jpg\" \/>\n\t<meta property=\"og:image:width\" content=\"1800\" \/>\n\t<meta property=\"og:image:height\" content=\"1200\" \/>\n\t<meta property=\"og:image:type\" content=\"image\/jpeg\" \/>\n<meta name=\"twitter:card\" content=\"summary_large_image\" \/>\n<script type=\"application\/ld+json\" class=\"yoast-schema-graph\">{\"@context\":\"https:\/\/schema.org\",\"@graph\":[{\"@type\":\"WebPage\",\"@id\":\"https:\/\/dev.freakuence.nl\/de\/produkt\/gold-note-ph-5\/\",\"url\":\"https:\/\/dev.freakuence.nl\/de\/produkt\/gold-note-ph-5\/\",\"name\":\"Gold Note PH-5 | Freakuence!\",\"isPartOf\":{\"@id\":\"https:\/\/dev.freakuence.nl\/de\/#website\"},\"primaryImageOfPage\":{\"@id\":\"https:\/\/dev.freakuence.nl\/de\/produkt\/gold-note-ph-5\/#primaryimage\"},\"image\":{\"@id\":\"https:\/\/dev.freakuence.nl\/de\/produkt\/gold-note-ph-5\/#primaryimage\"},\"thumbnailUrl\":\"https:\/\/dev.freakuence.nl\/wp-content\/uploads\/2025\/09\/1754472718-IMG3841-scaled.jpg\",\"datePublished\":\"2025-08-06T09:33:25+00:00\",\"dateModified\":\"2026-04-11T02:23:36+00:00\",\"breadcrumb\":{\"@id\":\"https:\/\/dev.freakuence.nl\/de\/produkt\/gold-note-ph-5\/#breadcrumb\"},\"inLanguage\":\"de\",\"potentialAction\":[{\"@type\":\"ReadAction\",\"target\":[\"https:\/\/dev.freakuence.nl\/de\/produkt\/gold-note-ph-5\/\"]}]},{\"@type\":\"ImageObject\",\"inLanguage\":\"de\",\"@id\":\"https:\/\/dev.freakuence.nl\/de\/produkt\/gold-note-ph-5\/#primaryimage\",\"url\":\"https:\/\/dev.freakuence.nl\/wp-content\/uploads\/2025\/09\/1754472718-IMG3841-scaled.jpg\",\"contentUrl\":\"https:\/\/dev.freakuence.nl\/wp-content\/uploads\/2025\/09\/1754472718-IMG3841-scaled.jpg\",\"width\":1800,\"height\":1200},{\"@type\":\"BreadcrumbList\",\"@id\":\"https:\/\/dev.freakuence.nl\/de\/produkt\/gold-note-ph-5\/#breadcrumb\",\"itemListElement\":[{\"@type\":\"ListItem\",\"position\":1,\"name\":\"Startseite\",\"item\":\"https:\/\/dev.freakuence.nl\/de\/\"},{\"@type\":\"ListItem\",\"position\":2,\"name\":\"Products\",\"item\":\"https:\/\/dev.freakuence.nl\/en\/products\/\"},{\"@type\":\"ListItem\",\"position\":3,\"name\":\"Gold Note PH-5\"}]},{\"@type\":\"WebSite\",\"@id\":\"https:\/\/dev.freakuence.nl\/de\/#website\",\"url\":\"https:\/\/dev.freakuence.nl\/de\/\",\"name\":\"Freakuence!\",\"description\":\"Freakuence!\",\"alternateName\":\"Freakuence\",\"potentialAction\":[{\"@type\":\"SearchAction\",\"target\":{\"@type\":\"EntryPoint\",\"urlTemplate\":\"https:\/\/dev.freakuence.nl\/de\/?s={search_term_string}\"},\"query-input\":{\"@type\":\"PropertyValueSpecification\",\"valueRequired\":true,\"valueName\":\"search_term_string\"}}],\"inLanguage\":\"de\"}]}<\/script>\n<!-- \/ Yoast SEO plugin. -->","yoast_head_json":{"title":"Gold Note PH-5 | Freakuence!","robots":{"index":"noindex","follow":"follow","max-snippet":"max-snippet:-1","max-image-preview":"max-image-preview:large","max-video-preview":"max-video-preview:-1"},"og_locale":"de_DE","og_type":"article","og_title":"Gold Note PH-5 | Freakuence!","og_description":"Beschreibung Freakuence! Nachdem wir den PH10 auf Wunsch eines regelm\u00e4\u00dfigen Besuchers mitgebracht hatten, waren wir \u00fcberzeugt und haben ihn viel benutzt. Die logische Konsequenz ist also, den PH5 ins Haus zu holen. Wir hatten nicht das Bed\u00fcrfnis, ihn komplett neu zu schreiben, denn der des PH10 schl\u00e4gt den PH5 genauso gut, nur klingt der PH5 [&hellip;]","og_url":"https:\/\/dev.freakuence.nl\/de\/produkt\/gold-note-ph-5\/","og_site_name":"Freakuence!","article_modified_time":"2026-04-11T02:23:36+00:00","og_image":[{"width":1800,"height":1200,"url":"https:\/\/dev.freakuence.nl\/wp-content\/uploads\/2025\/09\/1754472718-IMG3841-scaled.jpg","type":"image\/jpeg"}],"twitter_card":"summary_large_image","schema":{"@context":"https:\/\/schema.org","@graph":[{"@type":"WebPage","@id":"https:\/\/dev.freakuence.nl\/de\/produkt\/gold-note-ph-5\/","url":"https:\/\/dev.freakuence.nl\/de\/produkt\/gold-note-ph-5\/","name":"Gold Note PH-5 | Freakuence!","isPartOf":{"@id":"https:\/\/dev.freakuence.nl\/de\/#website"},"primaryImageOfPage":{"@id":"https:\/\/dev.freakuence.nl\/de\/produkt\/gold-note-ph-5\/#primaryimage"},"image":{"@id":"https:\/\/dev.freakuence.nl\/de\/produkt\/gold-note-ph-5\/#primaryimage"},"thumbnailUrl":"https:\/\/dev.freakuence.nl\/wp-content\/uploads\/2025\/09\/1754472718-IMG3841-scaled.jpg","datePublished":"2025-08-06T09:33:25+00:00","dateModified":"2026-04-11T02:23:36+00:00","breadcrumb":{"@id":"https:\/\/dev.freakuence.nl\/de\/produkt\/gold-note-ph-5\/#breadcrumb"},"inLanguage":"de","potentialAction":[{"@type":"ReadAction","target":["https:\/\/dev.freakuence.nl\/de\/produkt\/gold-note-ph-5\/"]}]},{"@type":"ImageObject","inLanguage":"de","@id":"https:\/\/dev.freakuence.nl\/de\/produkt\/gold-note-ph-5\/#primaryimage","url":"https:\/\/dev.freakuence.nl\/wp-content\/uploads\/2025\/09\/1754472718-IMG3841-scaled.jpg","contentUrl":"https:\/\/dev.freakuence.nl\/wp-content\/uploads\/2025\/09\/1754472718-IMG3841-scaled.jpg","width":1800,"height":1200},{"@type":"BreadcrumbList","@id":"https:\/\/dev.freakuence.nl\/de\/produkt\/gold-note-ph-5\/#breadcrumb","itemListElement":[{"@type":"ListItem","position":1,"name":"Startseite","item":"https:\/\/dev.freakuence.nl\/de\/"},{"@type":"ListItem","position":2,"name":"Products","item":"https:\/\/dev.freakuence.nl\/en\/products\/"},{"@type":"ListItem","position":3,"name":"Gold Note PH-5"}]},{"@type":"WebSite","@id":"https:\/\/dev.freakuence.nl\/de\/#website","url":"https:\/\/dev.freakuence.nl\/de\/","name":"Freakuence!","description":"Freakuence!","alternateName":"Freakuence","potentialAction":[{"@type":"SearchAction","target":{"@type":"EntryPoint","urlTemplate":"https:\/\/dev.freakuence.nl\/de\/?s={search_term_string}"},"query-input":{"@type":"PropertyValueSpecification","valueRequired":true,"valueName":"search_term_string"}}],"inLanguage":"de"}]}},"_links":{"self":[{"href":"https:\/\/dev.freakuence.nl\/de\/wp-json\/wp\/v2\/product\/306855","targetHints":{"allow":["GET"]}}],"collection":[{"href":"https:\/\/dev.freakuence.nl\/de\/wp-json\/wp\/v2\/product"}],"about":[{"href":"https:\/\/dev.freakuence.nl\/de\/wp-json\/wp\/v2\/types\/product"}],"version-history":[{"count":1,"href":"https:\/\/dev.freakuence.nl\/de\/wp-json\/wp\/v2\/product\/306855\/revisions"}],"predecessor-version":[{"id":318225,"href":"https:\/\/dev.freakuence.nl\/de\/wp-json\/wp\/v2\/product\/306855\/revisions\/318225"}],"wp:featuredmedia":[{"embeddable":true,"href":"https:\/\/dev.freakuence.nl\/de\/wp-json\/wp\/v2\/media\/306865"}],"wp:attachment":[{"href":"https:\/\/dev.freakuence.nl\/de\/wp-json\/wp\/v2\/media?parent=306855"}],"wp:term":[{"taxonomy":"product_brand","embeddable":true,"href":"https:\/\/dev.freakuence.nl\/de\/wp-json\/wp\/v2\/product_brand?post=306855"},{"taxonomy":"product_cat","embeddable":true,"href":"https:\/\/dev.freakuence.nl\/de\/wp-json\/wp\/v2\/product_cat?post=306855"},{"taxonomy":"product_tag","embeddable":true,"href":"https:\/\/dev.freakuence.nl\/de\/wp-json\/wp\/v2\/product_tag?post=306855"}],"curies":[{"name":"wp","href":"https:\/\/api.w.org\/{rel}","templated":true}]}}