{"id":307373,"date":"2025-12-29T08:41:56","date_gmt":"2025-12-29T07:41:56","guid":{"rendered":"https:\/\/dev.freakuence.nl\/product\/primaluna-prolog-2\/"},"modified":"2025-12-29T08:41:56","modified_gmt":"2025-12-29T07:41:56","slug":"primaluna-prolog-2","status":"publish","type":"product","link":"https:\/\/dev.freakuence.nl\/de\/produkt\/primaluna-prolog-2\/","title":{"rendered":"PrimaLuna Prolog 2"},"content":{"rendered":"<div class=\"product-specifications-list\">\n<div class=\"specification-item row-even\"><span class=\"spec-content\"><strong>Beschreibung Freakuence!<\/strong><\/span><\/div>\n<div class=\"specification-item row-odd\"><span class=\"spec-content\">Sanfter musikalischer R\u00f6hrenverst\u00e4rker. Transparenter Klang mit abgerundeten Ecken. Klingt ger\u00e4umig und voll. Neugierig? Aagje!    <\/span><\/div>\n<div class=\"specification-item row-even\"><span class=\"spec-content\"><strong>Geschichte der Marke<\/strong><\/span><\/div>\n<div class=\"specification-item row-odd\"><span class=\"spec-content\"><\/p>\n<p>PrimaLuna ist eine niederl\u00e4ndische Audiomarke, die im Jahr 2003 von Herman van den Dungen gegr\u00fcndet wurde. Die Marke ist f\u00fcr ihre R\u00f6hrenverst\u00e4rker bekannt und hat im Laufe der Jahre mehrere Produktlinien eingef\u00fchrt, darunter die Serien ProLogue, DiaLogue und Evo. Die Produkte werden in den Niederlanden entwickelt und in China hergestellt. PrimaLuna hat mehrere internationale Auszeichnungen f\u00fcr seine Produkte erhalten. Die Marke hat einen weltweiten Vertrieb und ist in mehreren L\u00e4ndern erh\u00e4ltlich.    <\/p>\n<p><\/span><\/div>\n<\/div>\n","protected":false},"excerpt":{"rendered":"<p>Beschreibung Freakuence! Sanfter musikalischer R\u00f6hrenverst\u00e4rker. Transparenter Klang mit abgerundeten Ecken. Klingt ger\u00e4umig und voll. Neugierig? Aagje! Geschichte der Marke PrimaLuna ist eine niederl\u00e4ndische Audiomarke, die im Jahr 2003 von Herman van den Dungen gegr\u00fcndet wurde. Die Marke ist f\u00fcr ihre R\u00f6hrenverst\u00e4rker bekannt und hat im Laufe der Jahre mehrere Produktlinien eingef\u00fchrt, darunter die Serien ProLogue, [&hellip;]<\/p>\n","protected":false},"featured_media":0,"template":"","meta":{"_acf_changed":false,"inline_featured_image":false},"product_brand":[],"product_cat":[],"product_tag":[],"class_list":{"0":"post-307373","1":"product","2":"type-product","3":"status-publish","6":"first","7":"instock","8":"purchasable","9":"product-type-simple"},"acf":[],"yoast_head":"<!-- This site is optimized with the Yoast SEO plugin v25.9 - https:\/\/yoast.com\/wordpress\/plugins\/seo\/ -->\n<title>PrimaLuna Prolog 2 | Freakuence!<\/title>\n<meta name=\"robots\" content=\"noindex, follow, max-snippet:-1, max-image-preview:large, max-video-preview:-1\" \/>\n<meta property=\"og:locale\" content=\"de_DE\" \/>\n<meta property=\"og:type\" content=\"article\" \/>\n<meta property=\"og:title\" content=\"PrimaLuna Prolog 2 | Freakuence!\" \/>\n<meta property=\"og:description\" content=\"Beschreibung Freakuence! Sanfter musikalischer R\u00f6hrenverst\u00e4rker. Transparenter Klang mit abgerundeten Ecken. Klingt ger\u00e4umig und voll. Neugierig? Aagje! Geschichte der Marke PrimaLuna ist eine niederl\u00e4ndische Audiomarke, die im Jahr 2003 von Herman van den Dungen gegr\u00fcndet wurde. Die Marke ist f\u00fcr ihre R\u00f6hrenverst\u00e4rker bekannt und hat im Laufe der Jahre mehrere Produktlinien eingef\u00fchrt, darunter die Serien ProLogue, [&hellip;]\" \/>\n<meta property=\"og:url\" content=\"https:\/\/dev.freakuence.nl\/de\/produkt\/primaluna-prolog-2\/\" \/>\n<meta property=\"og:site_name\" content=\"Freakuence!\" \/>\n<meta name=\"twitter:card\" content=\"summary_large_image\" \/>\n<script type=\"application\/ld+json\" class=\"yoast-schema-graph\">{\"@context\":\"https:\/\/schema.org\",\"@graph\":[{\"@type\":\"WebPage\",\"@id\":\"https:\/\/dev.freakuence.nl\/de\/produkt\/primaluna-prolog-2\/\",\"url\":\"https:\/\/dev.freakuence.nl\/de\/produkt\/primaluna-prolog-2\/\",\"name\":\"PrimaLuna Prolog 2 | Freakuence!\",\"isPartOf\":{\"@id\":\"https:\/\/dev.freakuence.nl\/de\/#website\"},\"datePublished\":\"2025-12-29T07:41:56+00:00\",\"breadcrumb\":{\"@id\":\"https:\/\/dev.freakuence.nl\/de\/produkt\/primaluna-prolog-2\/#breadcrumb\"},\"inLanguage\":\"de\",\"potentialAction\":[{\"@type\":\"ReadAction\",\"target\":[\"https:\/\/dev.freakuence.nl\/de\/produkt\/primaluna-prolog-2\/\"]}]},{\"@type\":\"BreadcrumbList\",\"@id\":\"https:\/\/dev.freakuence.nl\/de\/produkt\/primaluna-prolog-2\/#breadcrumb\",\"itemListElement\":[{\"@type\":\"ListItem\",\"position\":1,\"name\":\"Startseite\",\"item\":\"https:\/\/dev.freakuence.nl\/de\/\"},{\"@type\":\"ListItem\",\"position\":2,\"name\":\"Products\",\"item\":\"https:\/\/dev.freakuence.nl\/en\/products\/\"},{\"@type\":\"ListItem\",\"position\":3,\"name\":\"PrimaLuna Prolog 2\"}]},{\"@type\":\"WebSite\",\"@id\":\"https:\/\/dev.freakuence.nl\/de\/#website\",\"url\":\"https:\/\/dev.freakuence.nl\/de\/\",\"name\":\"Freakuence!\",\"description\":\"Freakuence!\",\"alternateName\":\"Freakuence\",\"potentialAction\":[{\"@type\":\"SearchAction\",\"target\":{\"@type\":\"EntryPoint\",\"urlTemplate\":\"https:\/\/dev.freakuence.nl\/de\/?s={search_term_string}\"},\"query-input\":{\"@type\":\"PropertyValueSpecification\",\"valueRequired\":true,\"valueName\":\"search_term_string\"}}],\"inLanguage\":\"de\"}]}<\/script>\n<!-- \/ Yoast SEO plugin. -->","yoast_head_json":{"title":"PrimaLuna Prolog 2 | Freakuence!","robots":{"index":"noindex","follow":"follow","max-snippet":"max-snippet:-1","max-image-preview":"max-image-preview:large","max-video-preview":"max-video-preview:-1"},"og_locale":"de_DE","og_type":"article","og_title":"PrimaLuna Prolog 2 | Freakuence!","og_description":"Beschreibung Freakuence! Sanfter musikalischer R\u00f6hrenverst\u00e4rker. Transparenter Klang mit abgerundeten Ecken. Klingt ger\u00e4umig und voll. Neugierig? Aagje! Geschichte der Marke PrimaLuna ist eine niederl\u00e4ndische Audiomarke, die im Jahr 2003 von Herman van den Dungen gegr\u00fcndet wurde. Die Marke ist f\u00fcr ihre R\u00f6hrenverst\u00e4rker bekannt und hat im Laufe der Jahre mehrere Produktlinien eingef\u00fchrt, darunter die Serien ProLogue, [&hellip;]","og_url":"https:\/\/dev.freakuence.nl\/de\/produkt\/primaluna-prolog-2\/","og_site_name":"Freakuence!","twitter_card":"summary_large_image","schema":{"@context":"https:\/\/schema.org","@graph":[{"@type":"WebPage","@id":"https:\/\/dev.freakuence.nl\/de\/produkt\/primaluna-prolog-2\/","url":"https:\/\/dev.freakuence.nl\/de\/produkt\/primaluna-prolog-2\/","name":"PrimaLuna Prolog 2 | Freakuence!","isPartOf":{"@id":"https:\/\/dev.freakuence.nl\/de\/#website"},"datePublished":"2025-12-29T07:41:56+00:00","breadcrumb":{"@id":"https:\/\/dev.freakuence.nl\/de\/produkt\/primaluna-prolog-2\/#breadcrumb"},"inLanguage":"de","potentialAction":[{"@type":"ReadAction","target":["https:\/\/dev.freakuence.nl\/de\/produkt\/primaluna-prolog-2\/"]}]},{"@type":"BreadcrumbList","@id":"https:\/\/dev.freakuence.nl\/de\/produkt\/primaluna-prolog-2\/#breadcrumb","itemListElement":[{"@type":"ListItem","position":1,"name":"Startseite","item":"https:\/\/dev.freakuence.nl\/de\/"},{"@type":"ListItem","position":2,"name":"Products","item":"https:\/\/dev.freakuence.nl\/en\/products\/"},{"@type":"ListItem","position":3,"name":"PrimaLuna Prolog 2"}]},{"@type":"WebSite","@id":"https:\/\/dev.freakuence.nl\/de\/#website","url":"https:\/\/dev.freakuence.nl\/de\/","name":"Freakuence!","description":"Freakuence!","alternateName":"Freakuence","potentialAction":[{"@type":"SearchAction","target":{"@type":"EntryPoint","urlTemplate":"https:\/\/dev.freakuence.nl\/de\/?s={search_term_string}"},"query-input":{"@type":"PropertyValueSpecification","valueRequired":true,"valueName":"search_term_string"}}],"inLanguage":"de"}]}},"_links":{"self":[{"href":"https:\/\/dev.freakuence.nl\/de\/wp-json\/wp\/v2\/product\/307373","targetHints":{"allow":["GET"]}}],"collection":[{"href":"https:\/\/dev.freakuence.nl\/de\/wp-json\/wp\/v2\/product"}],"about":[{"href":"https:\/\/dev.freakuence.nl\/de\/wp-json\/wp\/v2\/types\/product"}],"version-history":[{"count":0,"href":"https:\/\/dev.freakuence.nl\/de\/wp-json\/wp\/v2\/product\/307373\/revisions"}],"wp:attachment":[{"href":"https:\/\/dev.freakuence.nl\/de\/wp-json\/wp\/v2\/media?parent=307373"}],"wp:term":[{"taxonomy":"product_brand","embeddable":true,"href":"https:\/\/dev.freakuence.nl\/de\/wp-json\/wp\/v2\/product_brand?post=307373"},{"taxonomy":"product_cat","embeddable":true,"href":"https:\/\/dev.freakuence.nl\/de\/wp-json\/wp\/v2\/product_cat?post=307373"},{"taxonomy":"product_tag","embeddable":true,"href":"https:\/\/dev.freakuence.nl\/de\/wp-json\/wp\/v2\/product_tag?post=307373"}],"curies":[{"name":"wp","href":"https:\/\/api.w.org\/{rel}","templated":true}]}}