{"id":307376,"date":"2025-08-06T11:47:30","date_gmt":"2025-08-06T09:47:30","guid":{"rendered":"https:\/\/dev.freakuence.nl\/product\/gold-note-ph-10\/"},"modified":"2026-04-10T07:37:26","modified_gmt":"2026-04-10T05:37:26","slug":"gold-note-ph-10","status":"publish","type":"product","link":"https:\/\/dev.freakuence.nl\/de\/produkt\/gold-note-ph-10\/","title":{"rendered":"Gold Note PH-10"},"content":{"rendered":"<div class=\"product-specifications-list\">\n<div class=\"specification-item row-even\"><span class=\"spec-content\"><strong>Beschreibung Freakuence!<\/strong><\/span><\/div>\n<div class=\"specification-item row-odd\"><span class=\"spec-content\"><\/p>\n<p>Wie es bei Phonos oft der Fall ist, einfaches Kabinett&#8230; aber dann auch mit \u00fcberraschenden Ergebnissen. Ein mucksm\u00e4uschenstilles Ding, das daf\u00fcr sorgt, dass die kleinsten Details durchkommen. Die Stereoverst\u00e4rker von Gold Note sind bei uns f\u00fcr ihren sauberen Klang bekannt, darauf m\u00fcssen Sie nat\u00fcrlich achten. Mit dem Phono ist es dasselbe, aber dieser ist unserer Meinung nach wirklich super, denn er f\u00fcgt sich sehr gut in viele Systeme ein, ohne das System selbst zu &#8218;beeintr\u00e4chtigen&#8216;.    F\u00fcr die Gene, die ihr System in Ordnung haben&#8230; ein erstklassiger Phono!<\/span><\/div>\n<div class=\"specification-item row-even\"><span class=\"spec-content\">Auch in Silber und Gold erh\u00e4ltlich.<\/p>\n<p><\/span><\/div>\n<div class=\"specification-item row-odd\"><span class=\"spec-content\"><strong>Details<\/strong><\/span><\/div>\n<div class=\"specification-item row-even\"><span class=\"spec-content\">Ladenpreis: 1790.00<\/span><\/div>\n<div class=\"specification-item row-odd\"><span class=\"spec-content\"><strong>Geschichte der Marke<\/strong><\/span><\/div>\n<div class=\"specification-item row-even\"><span class=\"spec-content\"><\/p>\n<p>Gold Note ist ein italienisches Unternehmen, das sich auf die Herstellung hochwertiger Audioger\u00e4te spezialisiert hat. Das Unternehmen mit Sitz in Montespertoli, in der N\u00e4he von Florenz, verbindet traditionelle Handwerkskunst mit moderner Technologie. Die Produktpalette umfasst Plattenspieler, Verst\u00e4rker und Lautsprecher. Gold Note ist bestrebt, Produkte zu entwickeln, die sowohl \u00e4sthetisch ansprechend als auch funktional sind, und achtet dabei auf Details und Qualit\u00e4t. Das Unternehmen hat sich den Ruf erworben, zuverl\u00e4ssige und langlebige Ger\u00e4te zu liefern.    <\/p>\n<p><\/span><\/div>\n<\/div>\n","protected":false},"excerpt":{"rendered":"<p>Beschreibung Freakuence! Wie es bei Phonos oft der Fall ist, einfaches Kabinett&#8230; aber dann auch mit \u00fcberraschenden Ergebnissen. Ein mucksm\u00e4uschenstilles Ding, das daf\u00fcr sorgt, dass die kleinsten Details durchkommen. Die Stereoverst\u00e4rker von Gold Note sind bei uns f\u00fcr ihren sauberen Klang bekannt, darauf m\u00fcssen Sie nat\u00fcrlich achten. Mit dem Phono ist es dasselbe, aber dieser [&hellip;]<\/p>\n","protected":false},"featured_media":307394,"template":"","meta":{"_acf_changed":false,"inline_featured_image":false},"product_brand":[],"product_cat":[585],"product_tag":[577],"class_list":{"0":"post-307376","1":"product","2":"type-product","3":"status-publish","4":"has-post-thumbnail","6":"product_cat-phono-verstarker","7":"product_tag-neu","9":"first","10":"instock","11":"purchasable","12":"product-type-simple"},"acf":[],"yoast_head":"<!-- This site is optimized with the Yoast SEO plugin v25.9 - https:\/\/yoast.com\/wordpress\/plugins\/seo\/ -->\n<title>Gold Note PH-10 | Freakuence!<\/title>\n<meta name=\"robots\" content=\"noindex, follow, max-snippet:-1, max-image-preview:large, max-video-preview:-1\" \/>\n<meta property=\"og:locale\" content=\"de_DE\" \/>\n<meta property=\"og:type\" content=\"article\" \/>\n<meta property=\"og:title\" content=\"Gold Note PH-10 | Freakuence!\" \/>\n<meta property=\"og:description\" content=\"Beschreibung Freakuence! Wie es bei Phonos oft der Fall ist, einfaches Kabinett&#8230; aber dann auch mit \u00fcberraschenden Ergebnissen. Ein mucksm\u00e4uschenstilles Ding, das daf\u00fcr sorgt, dass die kleinsten Details durchkommen. Die Stereoverst\u00e4rker von Gold Note sind bei uns f\u00fcr ihren sauberen Klang bekannt, darauf m\u00fcssen Sie nat\u00fcrlich achten. Mit dem Phono ist es dasselbe, aber dieser [&hellip;]\" \/>\n<meta property=\"og:url\" content=\"https:\/\/dev.freakuence.nl\/de\/produkt\/gold-note-ph-10\/\" \/>\n<meta property=\"og:site_name\" content=\"Freakuence!\" \/>\n<meta property=\"article:modified_time\" content=\"2026-04-10T05:37:26+00:00\" \/>\n<meta property=\"og:image\" content=\"https:\/\/dev.freakuence.nl\/wp-content\/uploads\/2025\/09\/1754056998-IMG7097-scaled.jpg\" \/>\n\t<meta property=\"og:image:width\" content=\"1800\" \/>\n\t<meta property=\"og:image:height\" content=\"1200\" \/>\n\t<meta property=\"og:image:type\" content=\"image\/jpeg\" \/>\n<meta name=\"twitter:card\" content=\"summary_large_image\" \/>\n<script type=\"application\/ld+json\" class=\"yoast-schema-graph\">{\"@context\":\"https:\/\/schema.org\",\"@graph\":[{\"@type\":\"WebPage\",\"@id\":\"https:\/\/dev.freakuence.nl\/de\/produkt\/gold-note-ph-10\/\",\"url\":\"https:\/\/dev.freakuence.nl\/de\/produkt\/gold-note-ph-10\/\",\"name\":\"Gold Note PH-10 | Freakuence!\",\"isPartOf\":{\"@id\":\"https:\/\/dev.freakuence.nl\/de\/#website\"},\"primaryImageOfPage\":{\"@id\":\"https:\/\/dev.freakuence.nl\/de\/produkt\/gold-note-ph-10\/#primaryimage\"},\"image\":{\"@id\":\"https:\/\/dev.freakuence.nl\/de\/produkt\/gold-note-ph-10\/#primaryimage\"},\"thumbnailUrl\":\"https:\/\/dev.freakuence.nl\/wp-content\/uploads\/2025\/09\/1754056998-IMG7097-scaled.jpg\",\"datePublished\":\"2025-08-06T09:47:30+00:00\",\"dateModified\":\"2026-04-10T05:37:26+00:00\",\"breadcrumb\":{\"@id\":\"https:\/\/dev.freakuence.nl\/de\/produkt\/gold-note-ph-10\/#breadcrumb\"},\"inLanguage\":\"de\",\"potentialAction\":[{\"@type\":\"ReadAction\",\"target\":[\"https:\/\/dev.freakuence.nl\/de\/produkt\/gold-note-ph-10\/\"]}]},{\"@type\":\"ImageObject\",\"inLanguage\":\"de\",\"@id\":\"https:\/\/dev.freakuence.nl\/de\/produkt\/gold-note-ph-10\/#primaryimage\",\"url\":\"https:\/\/dev.freakuence.nl\/wp-content\/uploads\/2025\/09\/1754056998-IMG7097-scaled.jpg\",\"contentUrl\":\"https:\/\/dev.freakuence.nl\/wp-content\/uploads\/2025\/09\/1754056998-IMG7097-scaled.jpg\",\"width\":1800,\"height\":1200},{\"@type\":\"BreadcrumbList\",\"@id\":\"https:\/\/dev.freakuence.nl\/de\/produkt\/gold-note-ph-10\/#breadcrumb\",\"itemListElement\":[{\"@type\":\"ListItem\",\"position\":1,\"name\":\"Startseite\",\"item\":\"https:\/\/dev.freakuence.nl\/de\/\"},{\"@type\":\"ListItem\",\"position\":2,\"name\":\"Products\",\"item\":\"https:\/\/dev.freakuence.nl\/en\/products\/\"},{\"@type\":\"ListItem\",\"position\":3,\"name\":\"Gold Note PH-10\"}]},{\"@type\":\"WebSite\",\"@id\":\"https:\/\/dev.freakuence.nl\/de\/#website\",\"url\":\"https:\/\/dev.freakuence.nl\/de\/\",\"name\":\"Freakuence!\",\"description\":\"Freakuence!\",\"alternateName\":\"Freakuence\",\"potentialAction\":[{\"@type\":\"SearchAction\",\"target\":{\"@type\":\"EntryPoint\",\"urlTemplate\":\"https:\/\/dev.freakuence.nl\/de\/?s={search_term_string}\"},\"query-input\":{\"@type\":\"PropertyValueSpecification\",\"valueRequired\":true,\"valueName\":\"search_term_string\"}}],\"inLanguage\":\"de\"}]}<\/script>\n<!-- \/ Yoast SEO plugin. -->","yoast_head_json":{"title":"Gold Note PH-10 | Freakuence!","robots":{"index":"noindex","follow":"follow","max-snippet":"max-snippet:-1","max-image-preview":"max-image-preview:large","max-video-preview":"max-video-preview:-1"},"og_locale":"de_DE","og_type":"article","og_title":"Gold Note PH-10 | Freakuence!","og_description":"Beschreibung Freakuence! Wie es bei Phonos oft der Fall ist, einfaches Kabinett&#8230; aber dann auch mit \u00fcberraschenden Ergebnissen. Ein mucksm\u00e4uschenstilles Ding, das daf\u00fcr sorgt, dass die kleinsten Details durchkommen. Die Stereoverst\u00e4rker von Gold Note sind bei uns f\u00fcr ihren sauberen Klang bekannt, darauf m\u00fcssen Sie nat\u00fcrlich achten. Mit dem Phono ist es dasselbe, aber dieser [&hellip;]","og_url":"https:\/\/dev.freakuence.nl\/de\/produkt\/gold-note-ph-10\/","og_site_name":"Freakuence!","article_modified_time":"2026-04-10T05:37:26+00:00","og_image":[{"width":1800,"height":1200,"url":"https:\/\/dev.freakuence.nl\/wp-content\/uploads\/2025\/09\/1754056998-IMG7097-scaled.jpg","type":"image\/jpeg"}],"twitter_card":"summary_large_image","schema":{"@context":"https:\/\/schema.org","@graph":[{"@type":"WebPage","@id":"https:\/\/dev.freakuence.nl\/de\/produkt\/gold-note-ph-10\/","url":"https:\/\/dev.freakuence.nl\/de\/produkt\/gold-note-ph-10\/","name":"Gold Note PH-10 | Freakuence!","isPartOf":{"@id":"https:\/\/dev.freakuence.nl\/de\/#website"},"primaryImageOfPage":{"@id":"https:\/\/dev.freakuence.nl\/de\/produkt\/gold-note-ph-10\/#primaryimage"},"image":{"@id":"https:\/\/dev.freakuence.nl\/de\/produkt\/gold-note-ph-10\/#primaryimage"},"thumbnailUrl":"https:\/\/dev.freakuence.nl\/wp-content\/uploads\/2025\/09\/1754056998-IMG7097-scaled.jpg","datePublished":"2025-08-06T09:47:30+00:00","dateModified":"2026-04-10T05:37:26+00:00","breadcrumb":{"@id":"https:\/\/dev.freakuence.nl\/de\/produkt\/gold-note-ph-10\/#breadcrumb"},"inLanguage":"de","potentialAction":[{"@type":"ReadAction","target":["https:\/\/dev.freakuence.nl\/de\/produkt\/gold-note-ph-10\/"]}]},{"@type":"ImageObject","inLanguage":"de","@id":"https:\/\/dev.freakuence.nl\/de\/produkt\/gold-note-ph-10\/#primaryimage","url":"https:\/\/dev.freakuence.nl\/wp-content\/uploads\/2025\/09\/1754056998-IMG7097-scaled.jpg","contentUrl":"https:\/\/dev.freakuence.nl\/wp-content\/uploads\/2025\/09\/1754056998-IMG7097-scaled.jpg","width":1800,"height":1200},{"@type":"BreadcrumbList","@id":"https:\/\/dev.freakuence.nl\/de\/produkt\/gold-note-ph-10\/#breadcrumb","itemListElement":[{"@type":"ListItem","position":1,"name":"Startseite","item":"https:\/\/dev.freakuence.nl\/de\/"},{"@type":"ListItem","position":2,"name":"Products","item":"https:\/\/dev.freakuence.nl\/en\/products\/"},{"@type":"ListItem","position":3,"name":"Gold Note PH-10"}]},{"@type":"WebSite","@id":"https:\/\/dev.freakuence.nl\/de\/#website","url":"https:\/\/dev.freakuence.nl\/de\/","name":"Freakuence!","description":"Freakuence!","alternateName":"Freakuence","potentialAction":[{"@type":"SearchAction","target":{"@type":"EntryPoint","urlTemplate":"https:\/\/dev.freakuence.nl\/de\/?s={search_term_string}"},"query-input":{"@type":"PropertyValueSpecification","valueRequired":true,"valueName":"search_term_string"}}],"inLanguage":"de"}]}},"_links":{"self":[{"href":"https:\/\/dev.freakuence.nl\/de\/wp-json\/wp\/v2\/product\/307376","targetHints":{"allow":["GET"]}}],"collection":[{"href":"https:\/\/dev.freakuence.nl\/de\/wp-json\/wp\/v2\/product"}],"about":[{"href":"https:\/\/dev.freakuence.nl\/de\/wp-json\/wp\/v2\/types\/product"}],"version-history":[{"count":1,"href":"https:\/\/dev.freakuence.nl\/de\/wp-json\/wp\/v2\/product\/307376\/revisions"}],"predecessor-version":[{"id":318095,"href":"https:\/\/dev.freakuence.nl\/de\/wp-json\/wp\/v2\/product\/307376\/revisions\/318095"}],"wp:featuredmedia":[{"embeddable":true,"href":"https:\/\/dev.freakuence.nl\/de\/wp-json\/wp\/v2\/media\/307394"}],"wp:attachment":[{"href":"https:\/\/dev.freakuence.nl\/de\/wp-json\/wp\/v2\/media?parent=307376"}],"wp:term":[{"taxonomy":"product_brand","embeddable":true,"href":"https:\/\/dev.freakuence.nl\/de\/wp-json\/wp\/v2\/product_brand?post=307376"},{"taxonomy":"product_cat","embeddable":true,"href":"https:\/\/dev.freakuence.nl\/de\/wp-json\/wp\/v2\/product_cat?post=307376"},{"taxonomy":"product_tag","embeddable":true,"href":"https:\/\/dev.freakuence.nl\/de\/wp-json\/wp\/v2\/product_tag?post=307376"}],"curies":[{"name":"wp","href":"https:\/\/api.w.org\/{rel}","templated":true}]}}