{"id":307557,"date":"2025-12-30T19:04:16","date_gmt":"2025-12-30T18:04:16","guid":{"rendered":"https:\/\/dev.freakuence.nl\/product\/accuphase-dp-410\/"},"modified":"2025-12-30T19:04:39","modified_gmt":"2025-12-30T18:04:39","slug":"accuphase-dp-410","status":"publish","type":"product","link":"https:\/\/dev.freakuence.nl\/de\/produkt\/accuphase-dp-410\/","title":{"rendered":"Accuphase DP-410"},"content":{"rendered":"<div class=\"product-specifications-list\">\n<div class=\"specification-item row-even\"><span class=\"spec-content\"><strong>Beschreibung Freakuence!<\/strong><\/span><\/div>\n<div class=\"specification-item row-odd\"><span class=\"spec-content\">CD-Player mit sch\u00f6ner analoger Wiedergabe (also keine scharfen Kanten). Spielt auf hohem Niveau. Geschmeidig, Leute! Wie das Tablett, wie ein Messer durch Butter.   <\/span><\/div>\n<div class=\"specification-item row-even\"><span class=\"spec-content\"><strong>Hintergrundinformationen<\/strong><\/span><\/div>\n<div class=\"specification-item row-odd\"><span class=\"spec-content\"><\/p>\n<p>Der Accuphase E-480 wurde nach der Accuphase-Philosophie des ultimativen musikalischen Ausdrucks und der Pr\u00e4zision entwickelt. Der Verst\u00e4rker verwendet eine getrennte MCS+ Topologie mit Current Feedback Technologie f\u00fcr eine optimale Signal\u00fcbertragung. Hochwertige Komponenten wurden sorgf\u00e4ltig ausgew\u00e4hlt, darunter spezielle Kondensatoren und eine interne Verkabelung aus reinem Kupfer. Das massive Aluminiumgeh\u00e4use d\u00e4mpft Vibrationen effektiv. Die Produktion und Abstimmung erfolgt manuell in Yokohama, Japan. Die Entwicklung wird von erfahrenen Accuphase-Ingenieuren wie Yamada und Nishio \u00fcberwacht.     <\/p>\n<p><\/span><\/div>\n<\/div>\n","protected":false},"excerpt":{"rendered":"<p>Beschreibung Freakuence! CD-Player mit sch\u00f6ner analoger Wiedergabe (also keine scharfen Kanten). Spielt auf hohem Niveau. Geschmeidig, Leute! Wie das Tablett, wie ein Messer durch Butter. Hintergrundinformationen Der Accuphase E-480 wurde nach der Accuphase-Philosophie des ultimativen musikalischen Ausdrucks und der Pr\u00e4zision entwickelt. Der Verst\u00e4rker verwendet eine getrennte MCS+ Topologie mit Current Feedback Technologie f\u00fcr eine optimale [&hellip;]<\/p>\n","protected":false},"featured_media":0,"template":"","meta":{"_acf_changed":false,"inline_featured_image":false},"product_brand":[],"product_cat":[],"product_tag":[],"class_list":{"0":"post-307557","1":"product","2":"type-product","3":"status-publish","6":"first","7":"instock","8":"purchasable","9":"product-type-variable"},"acf":[],"yoast_head":"<!-- This site is optimized with the Yoast SEO plugin v25.9 - https:\/\/yoast.com\/wordpress\/plugins\/seo\/ -->\n<title>Accuphase DP-410 | Freakuence!<\/title>\n<meta name=\"robots\" content=\"noindex, follow, max-snippet:-1, max-image-preview:large, max-video-preview:-1\" \/>\n<meta property=\"og:locale\" content=\"de_DE\" \/>\n<meta property=\"og:type\" content=\"article\" \/>\n<meta property=\"og:title\" content=\"Accuphase DP-410 | Freakuence!\" \/>\n<meta property=\"og:description\" content=\"Beschreibung Freakuence! CD-Player mit sch\u00f6ner analoger Wiedergabe (also keine scharfen Kanten). Spielt auf hohem Niveau. Geschmeidig, Leute! Wie das Tablett, wie ein Messer durch Butter. Hintergrundinformationen Der Accuphase E-480 wurde nach der Accuphase-Philosophie des ultimativen musikalischen Ausdrucks und der Pr\u00e4zision entwickelt. Der Verst\u00e4rker verwendet eine getrennte MCS+ Topologie mit Current Feedback Technologie f\u00fcr eine optimale [&hellip;]\" \/>\n<meta property=\"og:url\" content=\"https:\/\/dev.freakuence.nl\/de\/produkt\/accuphase-dp-410\/\" \/>\n<meta property=\"og:site_name\" content=\"Freakuence!\" \/>\n<meta property=\"article:modified_time\" content=\"2025-12-30T18:04:39+00:00\" \/>\n<meta name=\"twitter:card\" content=\"summary_large_image\" \/>\n<script type=\"application\/ld+json\" class=\"yoast-schema-graph\">{\"@context\":\"https:\/\/schema.org\",\"@graph\":[{\"@type\":\"WebPage\",\"@id\":\"https:\/\/dev.freakuence.nl\/de\/produkt\/accuphase-dp-410\/\",\"url\":\"https:\/\/dev.freakuence.nl\/de\/produkt\/accuphase-dp-410\/\",\"name\":\"Accuphase DP-410 | Freakuence!\",\"isPartOf\":{\"@id\":\"https:\/\/dev.freakuence.nl\/de\/#website\"},\"datePublished\":\"2025-12-30T18:04:16+00:00\",\"dateModified\":\"2025-12-30T18:04:39+00:00\",\"breadcrumb\":{\"@id\":\"https:\/\/dev.freakuence.nl\/de\/produkt\/accuphase-dp-410\/#breadcrumb\"},\"inLanguage\":\"de\",\"potentialAction\":[{\"@type\":\"ReadAction\",\"target\":[\"https:\/\/dev.freakuence.nl\/de\/produkt\/accuphase-dp-410\/\"]}]},{\"@type\":\"BreadcrumbList\",\"@id\":\"https:\/\/dev.freakuence.nl\/de\/produkt\/accuphase-dp-410\/#breadcrumb\",\"itemListElement\":[{\"@type\":\"ListItem\",\"position\":1,\"name\":\"Startseite\",\"item\":\"https:\/\/dev.freakuence.nl\/de\/\"},{\"@type\":\"ListItem\",\"position\":2,\"name\":\"Products\",\"item\":\"https:\/\/dev.freakuence.nl\/en\/products\/\"},{\"@type\":\"ListItem\",\"position\":3,\"name\":\"Accuphase DP-410\"}]},{\"@type\":\"WebSite\",\"@id\":\"https:\/\/dev.freakuence.nl\/de\/#website\",\"url\":\"https:\/\/dev.freakuence.nl\/de\/\",\"name\":\"Freakuence!\",\"description\":\"Freakuence!\",\"alternateName\":\"Freakuence\",\"potentialAction\":[{\"@type\":\"SearchAction\",\"target\":{\"@type\":\"EntryPoint\",\"urlTemplate\":\"https:\/\/dev.freakuence.nl\/de\/?s={search_term_string}\"},\"query-input\":{\"@type\":\"PropertyValueSpecification\",\"valueRequired\":true,\"valueName\":\"search_term_string\"}}],\"inLanguage\":\"de\"}]}<\/script>\n<!-- \/ Yoast SEO plugin. -->","yoast_head_json":{"title":"Accuphase DP-410 | Freakuence!","robots":{"index":"noindex","follow":"follow","max-snippet":"max-snippet:-1","max-image-preview":"max-image-preview:large","max-video-preview":"max-video-preview:-1"},"og_locale":"de_DE","og_type":"article","og_title":"Accuphase DP-410 | Freakuence!","og_description":"Beschreibung Freakuence! CD-Player mit sch\u00f6ner analoger Wiedergabe (also keine scharfen Kanten). Spielt auf hohem Niveau. Geschmeidig, Leute! Wie das Tablett, wie ein Messer durch Butter. Hintergrundinformationen Der Accuphase E-480 wurde nach der Accuphase-Philosophie des ultimativen musikalischen Ausdrucks und der Pr\u00e4zision entwickelt. Der Verst\u00e4rker verwendet eine getrennte MCS+ Topologie mit Current Feedback Technologie f\u00fcr eine optimale [&hellip;]","og_url":"https:\/\/dev.freakuence.nl\/de\/produkt\/accuphase-dp-410\/","og_site_name":"Freakuence!","article_modified_time":"2025-12-30T18:04:39+00:00","twitter_card":"summary_large_image","schema":{"@context":"https:\/\/schema.org","@graph":[{"@type":"WebPage","@id":"https:\/\/dev.freakuence.nl\/de\/produkt\/accuphase-dp-410\/","url":"https:\/\/dev.freakuence.nl\/de\/produkt\/accuphase-dp-410\/","name":"Accuphase DP-410 | Freakuence!","isPartOf":{"@id":"https:\/\/dev.freakuence.nl\/de\/#website"},"datePublished":"2025-12-30T18:04:16+00:00","dateModified":"2025-12-30T18:04:39+00:00","breadcrumb":{"@id":"https:\/\/dev.freakuence.nl\/de\/produkt\/accuphase-dp-410\/#breadcrumb"},"inLanguage":"de","potentialAction":[{"@type":"ReadAction","target":["https:\/\/dev.freakuence.nl\/de\/produkt\/accuphase-dp-410\/"]}]},{"@type":"BreadcrumbList","@id":"https:\/\/dev.freakuence.nl\/de\/produkt\/accuphase-dp-410\/#breadcrumb","itemListElement":[{"@type":"ListItem","position":1,"name":"Startseite","item":"https:\/\/dev.freakuence.nl\/de\/"},{"@type":"ListItem","position":2,"name":"Products","item":"https:\/\/dev.freakuence.nl\/en\/products\/"},{"@type":"ListItem","position":3,"name":"Accuphase DP-410"}]},{"@type":"WebSite","@id":"https:\/\/dev.freakuence.nl\/de\/#website","url":"https:\/\/dev.freakuence.nl\/de\/","name":"Freakuence!","description":"Freakuence!","alternateName":"Freakuence","potentialAction":[{"@type":"SearchAction","target":{"@type":"EntryPoint","urlTemplate":"https:\/\/dev.freakuence.nl\/de\/?s={search_term_string}"},"query-input":{"@type":"PropertyValueSpecification","valueRequired":true,"valueName":"search_term_string"}}],"inLanguage":"de"}]}},"_links":{"self":[{"href":"https:\/\/dev.freakuence.nl\/de\/wp-json\/wp\/v2\/product\/307557","targetHints":{"allow":["GET"]}}],"collection":[{"href":"https:\/\/dev.freakuence.nl\/de\/wp-json\/wp\/v2\/product"}],"about":[{"href":"https:\/\/dev.freakuence.nl\/de\/wp-json\/wp\/v2\/types\/product"}],"version-history":[{"count":0,"href":"https:\/\/dev.freakuence.nl\/de\/wp-json\/wp\/v2\/product\/307557\/revisions"}],"wp:attachment":[{"href":"https:\/\/dev.freakuence.nl\/de\/wp-json\/wp\/v2\/media?parent=307557"}],"wp:term":[{"taxonomy":"product_brand","embeddable":true,"href":"https:\/\/dev.freakuence.nl\/de\/wp-json\/wp\/v2\/product_brand?post=307557"},{"taxonomy":"product_cat","embeddable":true,"href":"https:\/\/dev.freakuence.nl\/de\/wp-json\/wp\/v2\/product_cat?post=307557"},{"taxonomy":"product_tag","embeddable":true,"href":"https:\/\/dev.freakuence.nl\/de\/wp-json\/wp\/v2\/product_tag?post=307557"}],"curies":[{"name":"wp","href":"https:\/\/api.w.org\/{rel}","templated":true}]}}