{"id":307568,"date":"2025-08-06T11:50:51","date_gmt":"2025-08-06T09:50:51","guid":{"rendered":"https:\/\/dev.freakuence.nl\/product\/magnepan-mg-1-7i\/"},"modified":"2026-03-20T07:22:05","modified_gmt":"2026-03-20T06:22:05","slug":"magnepan-mg-1-7i","status":"publish","type":"product","link":"https:\/\/dev.freakuence.nl\/de\/produkt\/magnepan-mg-1-7i\/","title":{"rendered":"Magnepan MG-1.7i"},"content":{"rendered":"<div class=\"product-specifications-list\">\n<div class=\"specification-item row-even\"><span class=\"spec-content\"><strong>Beschreibung Freakuence!<\/strong><\/span><\/div>\n<div class=\"specification-item row-odd\"><span class=\"spec-content\"><\/p>\n<p>Ja! Das ist es, was viele erreichen wollen und jahrelang danach suchen aber das in der falschen Ecke. Bei herk\u00f6mmlichen Lautsprechern muss man f\u00fcr eine transparente B\u00fchne dieser Gr\u00f6\u00dfe tiefer in die Tasche greifen.  <\/p>\n<p><\/span><\/div>\n<div class=\"specification-item row-even\"><span class=\"spec-content\"><strong>Details<\/strong><\/span><\/div>\n<div class=\"specification-item row-odd\"><span class=\"spec-content\"><\/p>\n<p>Der Preis enth\u00e4lt die Mehrwertsteuer. Unternehmer, nutzen Sie den Vorteil. <\/p>\n<p><\/span><\/div>\n<div class=\"specification-item row-even\"><span class=\"spec-content\">Ladenpreis: 4450.00<\/span><\/div>\n<div class=\"specification-item row-odd\"><span class=\"spec-content\"><strong>Geschichte der Marke<\/strong><\/span><\/div>\n<div class=\"specification-item row-even\"><span class=\"spec-content\"><\/p>\n<p>Magnepan wurde 1969 von dem Ingenieur Jim Winey in White Bear Lake, Minnesota, USA, gegr\u00fcndet. Das Unternehmen ist bekannt f\u00fcr seine Magneplanar-Lautsprecher, die ein magnetostatisches Design mit einem flachen, in einer Platte montierten Treiber verwenden. Bei diesem Design werden d\u00fcnne leitf\u00e4hige Dr\u00e4hte oder Folien verwendet, die an einer Mylarfolie befestigt sind, die sich in einem Magnetfeld befindet. Wenn ein elektrisches Signal angelegt wird, bewegt sich die Mylar-Folie, so dass der Ton sowohl von der Vorder- als auch von der R\u00fcckseite des Panels abgestrahlt wird. Dieser Ansatz unterscheidet sich von herk\u00f6mmlichen Lautsprechern, die konusf\u00f6rmige Treiber in einem Geh\u00e4use verwenden. Magnepan hat mehrere Modelle entwickelt, darunter den MG-3.7i, der f\u00fcr seine besonderen Designmerkmale bekannt ist.     <\/p>\n<p><\/span><\/div>\n<\/div>\n","protected":false},"excerpt":{"rendered":"<p>Beschreibung Freakuence! Ja! Das ist es, was viele erreichen wollen und jahrelang danach suchen aber das in der falschen Ecke. Bei herk\u00f6mmlichen Lautsprechern muss man f\u00fcr eine transparente B\u00fchne dieser Gr\u00f6\u00dfe tiefer in die Tasche greifen. Details Der Preis enth\u00e4lt die Mehrwertsteuer. Unternehmer, nutzen Sie den Vorteil. Ladenpreis: 4450.00 Geschichte der Marke Magnepan wurde 1969 [&hellip;]<\/p>\n","protected":false},"featured_media":307569,"template":"","meta":{"_acf_changed":false,"inline_featured_image":false},"product_brand":[],"product_cat":[553],"product_tag":[577],"class_list":{"0":"post-307568","1":"product","2":"type-product","3":"status-publish","4":"has-post-thumbnail","6":"product_cat-redner","7":"product_tag-neu","9":"first","10":"instock","11":"taxable","12":"shipping-taxable","13":"purchasable","14":"product-type-simple"},"acf":[],"yoast_head":"<!-- This site is optimized with the Yoast SEO plugin v25.9 - https:\/\/yoast.com\/wordpress\/plugins\/seo\/ -->\n<title>Magnepan MG-1.7i | Freakuence!<\/title>\n<meta name=\"robots\" content=\"noindex, follow, max-snippet:-1, max-image-preview:large, max-video-preview:-1\" \/>\n<meta property=\"og:locale\" content=\"de_DE\" \/>\n<meta property=\"og:type\" content=\"article\" \/>\n<meta property=\"og:title\" content=\"Magnepan MG-1.7i | Freakuence!\" \/>\n<meta property=\"og:description\" content=\"Beschreibung Freakuence! Ja! Das ist es, was viele erreichen wollen und jahrelang danach suchen aber das in der falschen Ecke. Bei herk\u00f6mmlichen Lautsprechern muss man f\u00fcr eine transparente B\u00fchne dieser Gr\u00f6\u00dfe tiefer in die Tasche greifen. Details Der Preis enth\u00e4lt die Mehrwertsteuer. Unternehmer, nutzen Sie den Vorteil. Ladenpreis: 4450.00 Geschichte der Marke Magnepan wurde 1969 [&hellip;]\" \/>\n<meta property=\"og:url\" content=\"https:\/\/dev.freakuence.nl\/de\/produkt\/magnepan-mg-1-7i\/\" \/>\n<meta property=\"og:site_name\" content=\"Freakuence!\" \/>\n<meta property=\"article:modified_time\" content=\"2026-03-20T06:22:05+00:00\" \/>\n<meta property=\"og:image\" content=\"https:\/\/dev.freakuence.nl\/wp-content\/uploads\/2025\/09\/1754129015-IMG4617-scaled.jpg\" \/>\n\t<meta property=\"og:image:width\" content=\"1200\" \/>\n\t<meta property=\"og:image:height\" content=\"1800\" \/>\n\t<meta property=\"og:image:type\" content=\"image\/jpeg\" \/>\n<meta name=\"twitter:card\" content=\"summary_large_image\" \/>\n<script type=\"application\/ld+json\" class=\"yoast-schema-graph\">{\"@context\":\"https:\/\/schema.org\",\"@graph\":[{\"@type\":\"WebPage\",\"@id\":\"https:\/\/dev.freakuence.nl\/de\/produkt\/magnepan-mg-1-7i\/\",\"url\":\"https:\/\/dev.freakuence.nl\/de\/produkt\/magnepan-mg-1-7i\/\",\"name\":\"Magnepan MG-1.7i | Freakuence!\",\"isPartOf\":{\"@id\":\"https:\/\/dev.freakuence.nl\/de\/#website\"},\"primaryImageOfPage\":{\"@id\":\"https:\/\/dev.freakuence.nl\/de\/produkt\/magnepan-mg-1-7i\/#primaryimage\"},\"image\":{\"@id\":\"https:\/\/dev.freakuence.nl\/de\/produkt\/magnepan-mg-1-7i\/#primaryimage\"},\"thumbnailUrl\":\"https:\/\/dev.freakuence.nl\/wp-content\/uploads\/2025\/09\/1754129015-IMG4617-scaled.jpg\",\"datePublished\":\"2025-08-06T09:50:51+00:00\",\"dateModified\":\"2026-03-20T06:22:05+00:00\",\"breadcrumb\":{\"@id\":\"https:\/\/dev.freakuence.nl\/de\/produkt\/magnepan-mg-1-7i\/#breadcrumb\"},\"inLanguage\":\"de\",\"potentialAction\":[{\"@type\":\"ReadAction\",\"target\":[\"https:\/\/dev.freakuence.nl\/de\/produkt\/magnepan-mg-1-7i\/\"]}]},{\"@type\":\"ImageObject\",\"inLanguage\":\"de\",\"@id\":\"https:\/\/dev.freakuence.nl\/de\/produkt\/magnepan-mg-1-7i\/#primaryimage\",\"url\":\"https:\/\/dev.freakuence.nl\/wp-content\/uploads\/2025\/09\/1754129015-IMG4617-scaled.jpg\",\"contentUrl\":\"https:\/\/dev.freakuence.nl\/wp-content\/uploads\/2025\/09\/1754129015-IMG4617-scaled.jpg\",\"width\":1200,\"height\":1800},{\"@type\":\"BreadcrumbList\",\"@id\":\"https:\/\/dev.freakuence.nl\/de\/produkt\/magnepan-mg-1-7i\/#breadcrumb\",\"itemListElement\":[{\"@type\":\"ListItem\",\"position\":1,\"name\":\"Startseite\",\"item\":\"https:\/\/dev.freakuence.nl\/de\/\"},{\"@type\":\"ListItem\",\"position\":2,\"name\":\"Products\",\"item\":\"https:\/\/dev.freakuence.nl\/en\/products\/\"},{\"@type\":\"ListItem\",\"position\":3,\"name\":\"Magnepan MG-1.7i\"}]},{\"@type\":\"WebSite\",\"@id\":\"https:\/\/dev.freakuence.nl\/de\/#website\",\"url\":\"https:\/\/dev.freakuence.nl\/de\/\",\"name\":\"Freakuence!\",\"description\":\"Freakuence!\",\"alternateName\":\"Freakuence\",\"potentialAction\":[{\"@type\":\"SearchAction\",\"target\":{\"@type\":\"EntryPoint\",\"urlTemplate\":\"https:\/\/dev.freakuence.nl\/de\/?s={search_term_string}\"},\"query-input\":{\"@type\":\"PropertyValueSpecification\",\"valueRequired\":true,\"valueName\":\"search_term_string\"}}],\"inLanguage\":\"de\"}]}<\/script>\n<!-- \/ Yoast SEO plugin. -->","yoast_head_json":{"title":"Magnepan MG-1.7i | Freakuence!","robots":{"index":"noindex","follow":"follow","max-snippet":"max-snippet:-1","max-image-preview":"max-image-preview:large","max-video-preview":"max-video-preview:-1"},"og_locale":"de_DE","og_type":"article","og_title":"Magnepan MG-1.7i | Freakuence!","og_description":"Beschreibung Freakuence! Ja! Das ist es, was viele erreichen wollen und jahrelang danach suchen aber das in der falschen Ecke. Bei herk\u00f6mmlichen Lautsprechern muss man f\u00fcr eine transparente B\u00fchne dieser Gr\u00f6\u00dfe tiefer in die Tasche greifen. Details Der Preis enth\u00e4lt die Mehrwertsteuer. Unternehmer, nutzen Sie den Vorteil. Ladenpreis: 4450.00 Geschichte der Marke Magnepan wurde 1969 [&hellip;]","og_url":"https:\/\/dev.freakuence.nl\/de\/produkt\/magnepan-mg-1-7i\/","og_site_name":"Freakuence!","article_modified_time":"2026-03-20T06:22:05+00:00","og_image":[{"width":1200,"height":1800,"url":"https:\/\/dev.freakuence.nl\/wp-content\/uploads\/2025\/09\/1754129015-IMG4617-scaled.jpg","type":"image\/jpeg"}],"twitter_card":"summary_large_image","schema":{"@context":"https:\/\/schema.org","@graph":[{"@type":"WebPage","@id":"https:\/\/dev.freakuence.nl\/de\/produkt\/magnepan-mg-1-7i\/","url":"https:\/\/dev.freakuence.nl\/de\/produkt\/magnepan-mg-1-7i\/","name":"Magnepan MG-1.7i | Freakuence!","isPartOf":{"@id":"https:\/\/dev.freakuence.nl\/de\/#website"},"primaryImageOfPage":{"@id":"https:\/\/dev.freakuence.nl\/de\/produkt\/magnepan-mg-1-7i\/#primaryimage"},"image":{"@id":"https:\/\/dev.freakuence.nl\/de\/produkt\/magnepan-mg-1-7i\/#primaryimage"},"thumbnailUrl":"https:\/\/dev.freakuence.nl\/wp-content\/uploads\/2025\/09\/1754129015-IMG4617-scaled.jpg","datePublished":"2025-08-06T09:50:51+00:00","dateModified":"2026-03-20T06:22:05+00:00","breadcrumb":{"@id":"https:\/\/dev.freakuence.nl\/de\/produkt\/magnepan-mg-1-7i\/#breadcrumb"},"inLanguage":"de","potentialAction":[{"@type":"ReadAction","target":["https:\/\/dev.freakuence.nl\/de\/produkt\/magnepan-mg-1-7i\/"]}]},{"@type":"ImageObject","inLanguage":"de","@id":"https:\/\/dev.freakuence.nl\/de\/produkt\/magnepan-mg-1-7i\/#primaryimage","url":"https:\/\/dev.freakuence.nl\/wp-content\/uploads\/2025\/09\/1754129015-IMG4617-scaled.jpg","contentUrl":"https:\/\/dev.freakuence.nl\/wp-content\/uploads\/2025\/09\/1754129015-IMG4617-scaled.jpg","width":1200,"height":1800},{"@type":"BreadcrumbList","@id":"https:\/\/dev.freakuence.nl\/de\/produkt\/magnepan-mg-1-7i\/#breadcrumb","itemListElement":[{"@type":"ListItem","position":1,"name":"Startseite","item":"https:\/\/dev.freakuence.nl\/de\/"},{"@type":"ListItem","position":2,"name":"Products","item":"https:\/\/dev.freakuence.nl\/en\/products\/"},{"@type":"ListItem","position":3,"name":"Magnepan MG-1.7i"}]},{"@type":"WebSite","@id":"https:\/\/dev.freakuence.nl\/de\/#website","url":"https:\/\/dev.freakuence.nl\/de\/","name":"Freakuence!","description":"Freakuence!","alternateName":"Freakuence","potentialAction":[{"@type":"SearchAction","target":{"@type":"EntryPoint","urlTemplate":"https:\/\/dev.freakuence.nl\/de\/?s={search_term_string}"},"query-input":{"@type":"PropertyValueSpecification","valueRequired":true,"valueName":"search_term_string"}}],"inLanguage":"de"}]}},"_links":{"self":[{"href":"https:\/\/dev.freakuence.nl\/de\/wp-json\/wp\/v2\/product\/307568","targetHints":{"allow":["GET"]}}],"collection":[{"href":"https:\/\/dev.freakuence.nl\/de\/wp-json\/wp\/v2\/product"}],"about":[{"href":"https:\/\/dev.freakuence.nl\/de\/wp-json\/wp\/v2\/types\/product"}],"version-history":[{"count":0,"href":"https:\/\/dev.freakuence.nl\/de\/wp-json\/wp\/v2\/product\/307568\/revisions"}],"wp:featuredmedia":[{"embeddable":true,"href":"https:\/\/dev.freakuence.nl\/de\/wp-json\/wp\/v2\/media\/307569"}],"wp:attachment":[{"href":"https:\/\/dev.freakuence.nl\/de\/wp-json\/wp\/v2\/media?parent=307568"}],"wp:term":[{"taxonomy":"product_brand","embeddable":true,"href":"https:\/\/dev.freakuence.nl\/de\/wp-json\/wp\/v2\/product_brand?post=307568"},{"taxonomy":"product_cat","embeddable":true,"href":"https:\/\/dev.freakuence.nl\/de\/wp-json\/wp\/v2\/product_cat?post=307568"},{"taxonomy":"product_tag","embeddable":true,"href":"https:\/\/dev.freakuence.nl\/de\/wp-json\/wp\/v2\/product_tag?post=307568"}],"curies":[{"name":"wp","href":"https:\/\/api.w.org\/{rel}","templated":true}]}}