{"id":307596,"date":"2025-09-08T12:59:53","date_gmt":"2025-09-08T10:59:53","guid":{"rendered":"https:\/\/dev.freakuence.nl\/product\/whs-audio-technologie-die-sphinx\/"},"modified":"2026-03-20T07:21:54","modified_gmt":"2026-03-20T06:21:54","slug":"whs-audio-technologie-die-sphinx","status":"publish","type":"product","link":"https:\/\/dev.freakuence.nl\/de\/produkt\/whs-audio-technologie-die-sphinx\/","title":{"rendered":"WHS Audio Technologie Die Sphinx"},"content":{"rendered":"<div class=\"product-specifications-list\">\n<div class=\"specification-item row-even\"><span class=\"spec-content\"><strong>Beschreibung Freakuence!<\/strong><\/span><\/div>\n<div class=\"specification-item row-odd\"><span class=\"spec-content\"><\/p>\n<p>Selbstbauprojekte haben wir hier in der Vergangenheit schon oft gehabt. Oft mit beeindruckenden Ger\u00e4ten und sch\u00f6n gefertigten Schr\u00e4nken, aber trotzdem hat es meist nicht gepasst. Filterdesign, Schrankdesign: knifflig! Aber jetzt passt alles zusammen. Erhaben. Welche Kraft und \u00dcberzeugung. Ausgewogen. Die Bewertung ist bei Eigenbauten immer sehr knifflig. Dieses Set hat 9500,00 gekostet. Nicht billig, aber sicherlich ein sehr gutes Preis-\/Leistungsverh\u00e4ltnis.         <\/p>\n<p><\/span><\/div>\n<\/div>\n","protected":false},"excerpt":{"rendered":"<p>Beschreibung Freakuence! Selbstbauprojekte haben wir hier in der Vergangenheit schon oft gehabt. Oft mit beeindruckenden Ger\u00e4ten und sch\u00f6n gefertigten Schr\u00e4nken, aber trotzdem hat es meist nicht gepasst. Filterdesign, Schrankdesign: knifflig! Aber jetzt passt alles zusammen. Erhaben. Welche Kraft und \u00dcberzeugung. Ausgewogen. Die Bewertung ist bei Eigenbauten immer sehr knifflig. Dieses Set hat 9500,00 gekostet. Nicht [&hellip;]<\/p>\n","protected":false},"featured_media":307597,"template":"","meta":{"_acf_changed":false,"inline_featured_image":false},"product_brand":[],"product_cat":[553],"product_tag":[555],"class_list":{"0":"post-307596","1":"product","2":"type-product","3":"status-publish","4":"has-post-thumbnail","6":"product_cat-redner","7":"product_tag-benutzt","9":"first","10":"instock","11":"purchasable","12":"product-type-simple"},"acf":[],"yoast_head":"<!-- This site is optimized with the Yoast SEO plugin v25.9 - https:\/\/yoast.com\/wordpress\/plugins\/seo\/ -->\n<title>WHS Audio Technologie Die Sphinx | Freakuence!<\/title>\n<meta name=\"robots\" content=\"noindex, follow, max-snippet:-1, max-image-preview:large, max-video-preview:-1\" \/>\n<meta property=\"og:locale\" content=\"de_DE\" \/>\n<meta property=\"og:type\" content=\"article\" \/>\n<meta property=\"og:title\" content=\"WHS Audio Technologie Die Sphinx | Freakuence!\" \/>\n<meta property=\"og:description\" content=\"Beschreibung Freakuence! Selbstbauprojekte haben wir hier in der Vergangenheit schon oft gehabt. Oft mit beeindruckenden Ger\u00e4ten und sch\u00f6n gefertigten Schr\u00e4nken, aber trotzdem hat es meist nicht gepasst. Filterdesign, Schrankdesign: knifflig! Aber jetzt passt alles zusammen. Erhaben. Welche Kraft und \u00dcberzeugung. Ausgewogen. Die Bewertung ist bei Eigenbauten immer sehr knifflig. Dieses Set hat 9500,00 gekostet. Nicht [&hellip;]\" \/>\n<meta property=\"og:url\" content=\"https:\/\/dev.freakuence.nl\/de\/produkt\/whs-audio-technologie-die-sphinx\/\" \/>\n<meta property=\"og:site_name\" content=\"Freakuence!\" \/>\n<meta property=\"article:modified_time\" content=\"2026-03-20T06:21:54+00:00\" \/>\n<meta property=\"og:image\" content=\"https:\/\/dev.freakuence.nl\/wp-content\/uploads\/2025\/09\/1757329122-IMG7966-scaled.jpg\" \/>\n\t<meta property=\"og:image:width\" content=\"1200\" \/>\n\t<meta property=\"og:image:height\" content=\"1800\" \/>\n\t<meta property=\"og:image:type\" content=\"image\/jpeg\" \/>\n<meta name=\"twitter:card\" content=\"summary_large_image\" \/>\n<script type=\"application\/ld+json\" class=\"yoast-schema-graph\">{\"@context\":\"https:\/\/schema.org\",\"@graph\":[{\"@type\":\"WebPage\",\"@id\":\"https:\/\/dev.freakuence.nl\/de\/produkt\/whs-audio-technologie-die-sphinx\/\",\"url\":\"https:\/\/dev.freakuence.nl\/de\/produkt\/whs-audio-technologie-die-sphinx\/\",\"name\":\"WHS Audio Technologie Die Sphinx | Freakuence!\",\"isPartOf\":{\"@id\":\"https:\/\/dev.freakuence.nl\/de\/#website\"},\"primaryImageOfPage\":{\"@id\":\"https:\/\/dev.freakuence.nl\/de\/produkt\/whs-audio-technologie-die-sphinx\/#primaryimage\"},\"image\":{\"@id\":\"https:\/\/dev.freakuence.nl\/de\/produkt\/whs-audio-technologie-die-sphinx\/#primaryimage\"},\"thumbnailUrl\":\"https:\/\/dev.freakuence.nl\/wp-content\/uploads\/2025\/09\/1757329122-IMG7966-scaled.jpg\",\"datePublished\":\"2025-09-08T10:59:53+00:00\",\"dateModified\":\"2026-03-20T06:21:54+00:00\",\"breadcrumb\":{\"@id\":\"https:\/\/dev.freakuence.nl\/de\/produkt\/whs-audio-technologie-die-sphinx\/#breadcrumb\"},\"inLanguage\":\"de\",\"potentialAction\":[{\"@type\":\"ReadAction\",\"target\":[\"https:\/\/dev.freakuence.nl\/de\/produkt\/whs-audio-technologie-die-sphinx\/\"]}]},{\"@type\":\"ImageObject\",\"inLanguage\":\"de\",\"@id\":\"https:\/\/dev.freakuence.nl\/de\/produkt\/whs-audio-technologie-die-sphinx\/#primaryimage\",\"url\":\"https:\/\/dev.freakuence.nl\/wp-content\/uploads\/2025\/09\/1757329122-IMG7966-scaled.jpg\",\"contentUrl\":\"https:\/\/dev.freakuence.nl\/wp-content\/uploads\/2025\/09\/1757329122-IMG7966-scaled.jpg\",\"width\":1200,\"height\":1800},{\"@type\":\"BreadcrumbList\",\"@id\":\"https:\/\/dev.freakuence.nl\/de\/produkt\/whs-audio-technologie-die-sphinx\/#breadcrumb\",\"itemListElement\":[{\"@type\":\"ListItem\",\"position\":1,\"name\":\"Startseite\",\"item\":\"https:\/\/dev.freakuence.nl\/de\/\"},{\"@type\":\"ListItem\",\"position\":2,\"name\":\"Products\",\"item\":\"https:\/\/dev.freakuence.nl\/en\/products\/\"},{\"@type\":\"ListItem\",\"position\":3,\"name\":\"WHS Audio Technologie Die Sphinx\"}]},{\"@type\":\"WebSite\",\"@id\":\"https:\/\/dev.freakuence.nl\/de\/#website\",\"url\":\"https:\/\/dev.freakuence.nl\/de\/\",\"name\":\"Freakuence!\",\"description\":\"Freakuence!\",\"alternateName\":\"Freakuence\",\"potentialAction\":[{\"@type\":\"SearchAction\",\"target\":{\"@type\":\"EntryPoint\",\"urlTemplate\":\"https:\/\/dev.freakuence.nl\/de\/?s={search_term_string}\"},\"query-input\":{\"@type\":\"PropertyValueSpecification\",\"valueRequired\":true,\"valueName\":\"search_term_string\"}}],\"inLanguage\":\"de\"}]}<\/script>\n<!-- \/ Yoast SEO plugin. -->","yoast_head_json":{"title":"WHS Audio Technologie Die Sphinx | Freakuence!","robots":{"index":"noindex","follow":"follow","max-snippet":"max-snippet:-1","max-image-preview":"max-image-preview:large","max-video-preview":"max-video-preview:-1"},"og_locale":"de_DE","og_type":"article","og_title":"WHS Audio Technologie Die Sphinx | Freakuence!","og_description":"Beschreibung Freakuence! Selbstbauprojekte haben wir hier in der Vergangenheit schon oft gehabt. Oft mit beeindruckenden Ger\u00e4ten und sch\u00f6n gefertigten Schr\u00e4nken, aber trotzdem hat es meist nicht gepasst. Filterdesign, Schrankdesign: knifflig! Aber jetzt passt alles zusammen. Erhaben. Welche Kraft und \u00dcberzeugung. Ausgewogen. Die Bewertung ist bei Eigenbauten immer sehr knifflig. Dieses Set hat 9500,00 gekostet. Nicht [&hellip;]","og_url":"https:\/\/dev.freakuence.nl\/de\/produkt\/whs-audio-technologie-die-sphinx\/","og_site_name":"Freakuence!","article_modified_time":"2026-03-20T06:21:54+00:00","og_image":[{"width":1200,"height":1800,"url":"https:\/\/dev.freakuence.nl\/wp-content\/uploads\/2025\/09\/1757329122-IMG7966-scaled.jpg","type":"image\/jpeg"}],"twitter_card":"summary_large_image","schema":{"@context":"https:\/\/schema.org","@graph":[{"@type":"WebPage","@id":"https:\/\/dev.freakuence.nl\/de\/produkt\/whs-audio-technologie-die-sphinx\/","url":"https:\/\/dev.freakuence.nl\/de\/produkt\/whs-audio-technologie-die-sphinx\/","name":"WHS Audio Technologie Die Sphinx | Freakuence!","isPartOf":{"@id":"https:\/\/dev.freakuence.nl\/de\/#website"},"primaryImageOfPage":{"@id":"https:\/\/dev.freakuence.nl\/de\/produkt\/whs-audio-technologie-die-sphinx\/#primaryimage"},"image":{"@id":"https:\/\/dev.freakuence.nl\/de\/produkt\/whs-audio-technologie-die-sphinx\/#primaryimage"},"thumbnailUrl":"https:\/\/dev.freakuence.nl\/wp-content\/uploads\/2025\/09\/1757329122-IMG7966-scaled.jpg","datePublished":"2025-09-08T10:59:53+00:00","dateModified":"2026-03-20T06:21:54+00:00","breadcrumb":{"@id":"https:\/\/dev.freakuence.nl\/de\/produkt\/whs-audio-technologie-die-sphinx\/#breadcrumb"},"inLanguage":"de","potentialAction":[{"@type":"ReadAction","target":["https:\/\/dev.freakuence.nl\/de\/produkt\/whs-audio-technologie-die-sphinx\/"]}]},{"@type":"ImageObject","inLanguage":"de","@id":"https:\/\/dev.freakuence.nl\/de\/produkt\/whs-audio-technologie-die-sphinx\/#primaryimage","url":"https:\/\/dev.freakuence.nl\/wp-content\/uploads\/2025\/09\/1757329122-IMG7966-scaled.jpg","contentUrl":"https:\/\/dev.freakuence.nl\/wp-content\/uploads\/2025\/09\/1757329122-IMG7966-scaled.jpg","width":1200,"height":1800},{"@type":"BreadcrumbList","@id":"https:\/\/dev.freakuence.nl\/de\/produkt\/whs-audio-technologie-die-sphinx\/#breadcrumb","itemListElement":[{"@type":"ListItem","position":1,"name":"Startseite","item":"https:\/\/dev.freakuence.nl\/de\/"},{"@type":"ListItem","position":2,"name":"Products","item":"https:\/\/dev.freakuence.nl\/en\/products\/"},{"@type":"ListItem","position":3,"name":"WHS Audio Technologie Die Sphinx"}]},{"@type":"WebSite","@id":"https:\/\/dev.freakuence.nl\/de\/#website","url":"https:\/\/dev.freakuence.nl\/de\/","name":"Freakuence!","description":"Freakuence!","alternateName":"Freakuence","potentialAction":[{"@type":"SearchAction","target":{"@type":"EntryPoint","urlTemplate":"https:\/\/dev.freakuence.nl\/de\/?s={search_term_string}"},"query-input":{"@type":"PropertyValueSpecification","valueRequired":true,"valueName":"search_term_string"}}],"inLanguage":"de"}]}},"_links":{"self":[{"href":"https:\/\/dev.freakuence.nl\/de\/wp-json\/wp\/v2\/product\/307596","targetHints":{"allow":["GET"]}}],"collection":[{"href":"https:\/\/dev.freakuence.nl\/de\/wp-json\/wp\/v2\/product"}],"about":[{"href":"https:\/\/dev.freakuence.nl\/de\/wp-json\/wp\/v2\/types\/product"}],"version-history":[{"count":0,"href":"https:\/\/dev.freakuence.nl\/de\/wp-json\/wp\/v2\/product\/307596\/revisions"}],"wp:featuredmedia":[{"embeddable":true,"href":"https:\/\/dev.freakuence.nl\/de\/wp-json\/wp\/v2\/media\/307597"}],"wp:attachment":[{"href":"https:\/\/dev.freakuence.nl\/de\/wp-json\/wp\/v2\/media?parent=307596"}],"wp:term":[{"taxonomy":"product_brand","embeddable":true,"href":"https:\/\/dev.freakuence.nl\/de\/wp-json\/wp\/v2\/product_brand?post=307596"},{"taxonomy":"product_cat","embeddable":true,"href":"https:\/\/dev.freakuence.nl\/de\/wp-json\/wp\/v2\/product_cat?post=307596"},{"taxonomy":"product_tag","embeddable":true,"href":"https:\/\/dev.freakuence.nl\/de\/wp-json\/wp\/v2\/product_tag?post=307596"}],"curies":[{"name":"wp","href":"https:\/\/api.w.org\/{rel}","templated":true}]}}