{"id":307712,"date":"2025-09-08T12:21:20","date_gmt":"2025-09-08T10:21:20","guid":{"rendered":"https:\/\/dev.freakuence.nl\/product\/lumin-t3\/"},"modified":"2026-03-20T07:21:44","modified_gmt":"2026-03-20T06:21:44","slug":"lumin-t3","status":"publish","type":"product","link":"https:\/\/dev.freakuence.nl\/de\/produkt\/lumin-t3\/","title":{"rendered":"LUMIN T3"},"content":{"rendered":"<div class=\"product-specifications-list\">\n<div class=\"specification-item row-even\"><span class=\"spec-content\"><strong>Beschreibung Freakuence!<\/strong><\/span><\/div>\n<div class=\"specification-item row-odd\"><span class=\"spec-content\"><\/p>\n<p>Leistungsstarker Streamer-DAC. Spielt reichhaltig, ohne die harten Kanten, die viele einfache Dacs haben. Sehr viel Sinn f\u00fcr Details. Stellt Stimmen in den Vordergrund, will alles h\u00f6ren. Nicht aufdringlich, aber sehr klar.    <\/p>\n<p><\/span><\/div>\n<div class=\"specification-item row-even\"><span class=\"spec-content\"><strong>Details<\/strong><\/span><\/div>\n<div class=\"specification-item row-odd\"><span class=\"spec-content\"><\/p>\n<p>Der Preis enth\u00e4lt die Mehrwertsteuer. Unternehmer, nutzen Sie den Vorteil. <\/span><\/div>\n<div class=\"specification-item row-even\"><span class=\"spec-content\">Das ist Ihre Chance, endlich Demomaterial aus dem coolsten Laden der Welt zu bekommen. Ja! Also eigentlich viel mehr wert als der Neupreis, aber wir werden uns zur\u00fcckhalten. Wurde nur f\u00fcr H\u00f6rsitzungen mit unseren Besuchern verwendet, hatte also keinen privaten Besitzer. Volle Garantie.  <\/span><\/div>\n<div class=\"specification-item row-odd\"><span class=\"spec-content\">Besch\u00e4digung, siehe Fotos dazu!<\/p>\n<p><\/span><\/div>\n<div class=\"specification-item row-even\"><span class=\"spec-content\">Ladenpreis: 5199.00<\/span><\/div>\n<div class=\"specification-item row-odd\"><span class=\"spec-content\"><strong>Allgemeine Beschreibung<\/strong><\/span><\/div>\n<div class=\"specification-item row-even\"><span class=\"spec-content\"><\/p>\n<p>Dieses Ger\u00e4t bietet eine hochdetaillierte Audiowiedergabe, die von einem ESS SABRE DAC mit vollst\u00e4ndigem MQA Decoder und Renderer unterst\u00fctzt wird. Er unterst\u00fctzt eine Vielzahl von Audioformaten, darunter DSD512 und PCM bis zu 384 kHz. Die Lautst\u00e4rkeregelung basiert auf einer 32-Bit-Architektur, die eine pr\u00e4zise Steuerung erm\u00f6glicht. Dar\u00fcber hinaus erm\u00f6glicht er Netzwerkkonnektivit\u00e4t sowohl \u00fcber kabelgebundene als auch \u00fcber drahtlose Verbindungen. Das Design erm\u00f6glicht die nahtlose Integration in bestehende Systeme, einschlie\u00dflich der Kompatibilit\u00e4t mit Roon und anderen Plattformen. Die Implementierung von Upsampling- und Downsampling-Technologien sorgt f\u00fcr ein flexibles und verfeinertes H\u00f6rerlebnis, ideal f\u00fcr diejenigen, die eine breite Palette von Musikformaten nutzen m\u00f6chten.     <\/p>\n<p><\/span><\/div>\n<div class=\"specification-item row-odd\"><span class=\"spec-content\"><strong>Hintergrundinformationen<\/strong><\/span><\/div>\n<div class=\"specification-item row-even\"><span class=\"spec-content\"><\/p>\n<p>Der LUMIN A1 wurde von dem in Hongkong ans\u00e4ssigen LUMIN-Team als erstes Produkt der Marke entworfen. Das Design kombiniert audiophile Leistung mit Benutzerfreundlichkeit, entwickelt von einem Team mit Erfahrung in High-End-Audio und Software. Das Geh\u00e4use ist komplett aus massivem Aluminium gefr\u00e4st, um eine optimale Abschirmung und Vibrationsd\u00e4mpfung zu gew\u00e4hrleisten. Im Inneren kommen hochwertige ESS SABRE DACs und ein lineares Netzteil zum Einsatz.   <\/p>\n<p><\/span><\/div>\n<div class=\"specification-item row-odd\"><span class=\"spec-content\"><strong>Geschichte der Marke<\/strong><\/span><\/div>\n<div class=\"specification-item row-even\"><span class=\"spec-content\"><\/p>\n<p>Im Jahr 2012 stellte LUMIN den weltweit ersten Netzwerkplayer vor, der DSD-Dateien abspielen kann. Nach zwei Jahren Entwicklungszeit und Hunderten von Stunden kritischen H\u00f6rens wurde dieses Produkt mit einem einzigen Forenbeitrag auf den Markt gebracht. Seitdem hat LUMIN sein Angebot auf neun Modelle in verschiedenen Preisklassen erweitert. Allen Produkten gemeinsam ist der Fokus auf nat\u00fcrliche Musikwiedergabe, kontinuierliche Softwareentwicklung und ein nahtloses Streaming-Erlebnis. In den letzten Jahren hat LUMIN die Unterst\u00fctzung f\u00fcr Dienste wie Roon, MQA und Spotify hinzugef\u00fcgt. Dar\u00fcber hinaus hat das Unternehmen Funktionen wie Leedh Processing, eine digitale Lautst\u00e4rkeregelungstechnologie, eingef\u00fchrt. LUMIN entwickelt Hardware, Firmware und Software intern, was eine schnelle Implementierung neuer Funktionen erm\u00f6glicht.      <\/p>\n<p><\/span><\/div>\n<\/div>\n","protected":false},"excerpt":{"rendered":"<p>Beschreibung Freakuence! Leistungsstarker Streamer-DAC. Spielt reichhaltig, ohne die harten Kanten, die viele einfache Dacs haben. Sehr viel Sinn f\u00fcr Details. Stellt Stimmen in den Vordergrund, will alles h\u00f6ren. Nicht aufdringlich, aber sehr klar. Details Der Preis enth\u00e4lt die Mehrwertsteuer. Unternehmer, nutzen Sie den Vorteil. Das ist Ihre Chance, endlich Demomaterial aus dem coolsten Laden der [&hellip;]<\/p>\n","protected":false},"featured_media":307713,"template":"","meta":{"_acf_changed":false,"inline_featured_image":false},"product_brand":[],"product_cat":[594],"product_tag":[577],"class_list":{"0":"post-307712","1":"product","2":"type-product","3":"status-publish","4":"has-post-thumbnail","6":"product_cat-dac-streamer","7":"product_tag-neu","8":"pa_kleur-silber","10":"first","11":"instock","12":"taxable","13":"shipping-taxable","14":"purchasable","15":"product-type-simple"},"acf":[],"yoast_head":"<!-- This site is optimized with the Yoast SEO plugin v25.9 - https:\/\/yoast.com\/wordpress\/plugins\/seo\/ -->\n<title>LUMIN T3 | Freakuence!<\/title>\n<meta name=\"robots\" content=\"noindex, follow, max-snippet:-1, max-image-preview:large, max-video-preview:-1\" \/>\n<meta property=\"og:locale\" content=\"de_DE\" \/>\n<meta property=\"og:type\" content=\"article\" \/>\n<meta property=\"og:title\" content=\"LUMIN T3 | Freakuence!\" \/>\n<meta property=\"og:description\" content=\"Beschreibung Freakuence! Leistungsstarker Streamer-DAC. Spielt reichhaltig, ohne die harten Kanten, die viele einfache Dacs haben. Sehr viel Sinn f\u00fcr Details. Stellt Stimmen in den Vordergrund, will alles h\u00f6ren. Nicht aufdringlich, aber sehr klar. Details Der Preis enth\u00e4lt die Mehrwertsteuer. Unternehmer, nutzen Sie den Vorteil. Das ist Ihre Chance, endlich Demomaterial aus dem coolsten Laden der [&hellip;]\" \/>\n<meta property=\"og:url\" content=\"https:\/\/dev.freakuence.nl\/de\/produkt\/lumin-t3\/\" \/>\n<meta property=\"og:site_name\" content=\"Freakuence!\" \/>\n<meta property=\"article:modified_time\" content=\"2026-03-20T06:21:44+00:00\" \/>\n<meta property=\"og:image\" content=\"https:\/\/dev.freakuence.nl\/wp-content\/uploads\/2025\/09\/1757326837-Schermafbeelding2025-09-08121629.png\" \/>\n\t<meta property=\"og:image:width\" content=\"1455\" \/>\n\t<meta property=\"og:image:height\" content=\"893\" \/>\n\t<meta property=\"og:image:type\" content=\"image\/png\" \/>\n<meta name=\"twitter:card\" content=\"summary_large_image\" \/>\n<script type=\"application\/ld+json\" class=\"yoast-schema-graph\">{\"@context\":\"https:\/\/schema.org\",\"@graph\":[{\"@type\":\"WebPage\",\"@id\":\"https:\/\/dev.freakuence.nl\/de\/produkt\/lumin-t3\/\",\"url\":\"https:\/\/dev.freakuence.nl\/de\/produkt\/lumin-t3\/\",\"name\":\"LUMIN T3 | Freakuence!\",\"isPartOf\":{\"@id\":\"https:\/\/dev.freakuence.nl\/de\/#website\"},\"primaryImageOfPage\":{\"@id\":\"https:\/\/dev.freakuence.nl\/de\/produkt\/lumin-t3\/#primaryimage\"},\"image\":{\"@id\":\"https:\/\/dev.freakuence.nl\/de\/produkt\/lumin-t3\/#primaryimage\"},\"thumbnailUrl\":\"https:\/\/dev.freakuence.nl\/wp-content\/uploads\/2025\/09\/1757326837-Schermafbeelding2025-09-08121629.png\",\"datePublished\":\"2025-09-08T10:21:20+00:00\",\"dateModified\":\"2026-03-20T06:21:44+00:00\",\"breadcrumb\":{\"@id\":\"https:\/\/dev.freakuence.nl\/de\/produkt\/lumin-t3\/#breadcrumb\"},\"inLanguage\":\"de\",\"potentialAction\":[{\"@type\":\"ReadAction\",\"target\":[\"https:\/\/dev.freakuence.nl\/de\/produkt\/lumin-t3\/\"]}]},{\"@type\":\"ImageObject\",\"inLanguage\":\"de\",\"@id\":\"https:\/\/dev.freakuence.nl\/de\/produkt\/lumin-t3\/#primaryimage\",\"url\":\"https:\/\/dev.freakuence.nl\/wp-content\/uploads\/2025\/09\/1757326837-Schermafbeelding2025-09-08121629.png\",\"contentUrl\":\"https:\/\/dev.freakuence.nl\/wp-content\/uploads\/2025\/09\/1757326837-Schermafbeelding2025-09-08121629.png\",\"width\":1455,\"height\":893},{\"@type\":\"BreadcrumbList\",\"@id\":\"https:\/\/dev.freakuence.nl\/de\/produkt\/lumin-t3\/#breadcrumb\",\"itemListElement\":[{\"@type\":\"ListItem\",\"position\":1,\"name\":\"Startseite\",\"item\":\"https:\/\/dev.freakuence.nl\/de\/\"},{\"@type\":\"ListItem\",\"position\":2,\"name\":\"Products\",\"item\":\"https:\/\/dev.freakuence.nl\/en\/products\/\"},{\"@type\":\"ListItem\",\"position\":3,\"name\":\"LUMIN T3\"}]},{\"@type\":\"WebSite\",\"@id\":\"https:\/\/dev.freakuence.nl\/de\/#website\",\"url\":\"https:\/\/dev.freakuence.nl\/de\/\",\"name\":\"Freakuence!\",\"description\":\"Freakuence!\",\"alternateName\":\"Freakuence\",\"potentialAction\":[{\"@type\":\"SearchAction\",\"target\":{\"@type\":\"EntryPoint\",\"urlTemplate\":\"https:\/\/dev.freakuence.nl\/de\/?s={search_term_string}\"},\"query-input\":{\"@type\":\"PropertyValueSpecification\",\"valueRequired\":true,\"valueName\":\"search_term_string\"}}],\"inLanguage\":\"de\"}]}<\/script>\n<!-- \/ Yoast SEO plugin. -->","yoast_head_json":{"title":"LUMIN T3 | Freakuence!","robots":{"index":"noindex","follow":"follow","max-snippet":"max-snippet:-1","max-image-preview":"max-image-preview:large","max-video-preview":"max-video-preview:-1"},"og_locale":"de_DE","og_type":"article","og_title":"LUMIN T3 | Freakuence!","og_description":"Beschreibung Freakuence! Leistungsstarker Streamer-DAC. Spielt reichhaltig, ohne die harten Kanten, die viele einfache Dacs haben. Sehr viel Sinn f\u00fcr Details. Stellt Stimmen in den Vordergrund, will alles h\u00f6ren. Nicht aufdringlich, aber sehr klar. Details Der Preis enth\u00e4lt die Mehrwertsteuer. Unternehmer, nutzen Sie den Vorteil. Das ist Ihre Chance, endlich Demomaterial aus dem coolsten Laden der [&hellip;]","og_url":"https:\/\/dev.freakuence.nl\/de\/produkt\/lumin-t3\/","og_site_name":"Freakuence!","article_modified_time":"2026-03-20T06:21:44+00:00","og_image":[{"width":1455,"height":893,"url":"https:\/\/dev.freakuence.nl\/wp-content\/uploads\/2025\/09\/1757326837-Schermafbeelding2025-09-08121629.png","type":"image\/png"}],"twitter_card":"summary_large_image","schema":{"@context":"https:\/\/schema.org","@graph":[{"@type":"WebPage","@id":"https:\/\/dev.freakuence.nl\/de\/produkt\/lumin-t3\/","url":"https:\/\/dev.freakuence.nl\/de\/produkt\/lumin-t3\/","name":"LUMIN T3 | Freakuence!","isPartOf":{"@id":"https:\/\/dev.freakuence.nl\/de\/#website"},"primaryImageOfPage":{"@id":"https:\/\/dev.freakuence.nl\/de\/produkt\/lumin-t3\/#primaryimage"},"image":{"@id":"https:\/\/dev.freakuence.nl\/de\/produkt\/lumin-t3\/#primaryimage"},"thumbnailUrl":"https:\/\/dev.freakuence.nl\/wp-content\/uploads\/2025\/09\/1757326837-Schermafbeelding2025-09-08121629.png","datePublished":"2025-09-08T10:21:20+00:00","dateModified":"2026-03-20T06:21:44+00:00","breadcrumb":{"@id":"https:\/\/dev.freakuence.nl\/de\/produkt\/lumin-t3\/#breadcrumb"},"inLanguage":"de","potentialAction":[{"@type":"ReadAction","target":["https:\/\/dev.freakuence.nl\/de\/produkt\/lumin-t3\/"]}]},{"@type":"ImageObject","inLanguage":"de","@id":"https:\/\/dev.freakuence.nl\/de\/produkt\/lumin-t3\/#primaryimage","url":"https:\/\/dev.freakuence.nl\/wp-content\/uploads\/2025\/09\/1757326837-Schermafbeelding2025-09-08121629.png","contentUrl":"https:\/\/dev.freakuence.nl\/wp-content\/uploads\/2025\/09\/1757326837-Schermafbeelding2025-09-08121629.png","width":1455,"height":893},{"@type":"BreadcrumbList","@id":"https:\/\/dev.freakuence.nl\/de\/produkt\/lumin-t3\/#breadcrumb","itemListElement":[{"@type":"ListItem","position":1,"name":"Startseite","item":"https:\/\/dev.freakuence.nl\/de\/"},{"@type":"ListItem","position":2,"name":"Products","item":"https:\/\/dev.freakuence.nl\/en\/products\/"},{"@type":"ListItem","position":3,"name":"LUMIN T3"}]},{"@type":"WebSite","@id":"https:\/\/dev.freakuence.nl\/de\/#website","url":"https:\/\/dev.freakuence.nl\/de\/","name":"Freakuence!","description":"Freakuence!","alternateName":"Freakuence","potentialAction":[{"@type":"SearchAction","target":{"@type":"EntryPoint","urlTemplate":"https:\/\/dev.freakuence.nl\/de\/?s={search_term_string}"},"query-input":{"@type":"PropertyValueSpecification","valueRequired":true,"valueName":"search_term_string"}}],"inLanguage":"de"}]}},"_links":{"self":[{"href":"https:\/\/dev.freakuence.nl\/de\/wp-json\/wp\/v2\/product\/307712","targetHints":{"allow":["GET"]}}],"collection":[{"href":"https:\/\/dev.freakuence.nl\/de\/wp-json\/wp\/v2\/product"}],"about":[{"href":"https:\/\/dev.freakuence.nl\/de\/wp-json\/wp\/v2\/types\/product"}],"version-history":[{"count":0,"href":"https:\/\/dev.freakuence.nl\/de\/wp-json\/wp\/v2\/product\/307712\/revisions"}],"wp:featuredmedia":[{"embeddable":true,"href":"https:\/\/dev.freakuence.nl\/de\/wp-json\/wp\/v2\/media\/307713"}],"wp:attachment":[{"href":"https:\/\/dev.freakuence.nl\/de\/wp-json\/wp\/v2\/media?parent=307712"}],"wp:term":[{"taxonomy":"product_brand","embeddable":true,"href":"https:\/\/dev.freakuence.nl\/de\/wp-json\/wp\/v2\/product_brand?post=307712"},{"taxonomy":"product_cat","embeddable":true,"href":"https:\/\/dev.freakuence.nl\/de\/wp-json\/wp\/v2\/product_cat?post=307712"},{"taxonomy":"product_tag","embeddable":true,"href":"https:\/\/dev.freakuence.nl\/de\/wp-json\/wp\/v2\/product_tag?post=307712"}],"curies":[{"name":"wp","href":"https:\/\/api.w.org\/{rel}","templated":true}]}}