{"id":307840,"date":"2025-09-08T12:33:43","date_gmt":"2025-09-08T10:33:43","guid":{"rendered":"https:\/\/dev.freakuence.nl\/product\/spendor-ds1\/"},"modified":"2026-03-20T07:23:08","modified_gmt":"2026-03-20T06:23:08","slug":"spendor-ds1","status":"publish","type":"product","link":"https:\/\/dev.freakuence.nl\/de\/produkt\/spendor-ds1\/","title":{"rendered":"Spendor DS1"},"content":{"rendered":"<div class=\"product-specifications-list\">\n<div class=\"specification-item row-even\"><span class=\"spec-content\"><strong>Beschreibung Freakuence!<\/strong><\/span><\/div>\n<div class=\"specification-item row-odd\"><span class=\"spec-content\"><\/p>\n<p>Flache Wippen f\u00fcr Wand oder Decke. Sie sind mit ihrem neuen Preis von 4999,00 pro Satz nicht billig, aber sie sind sehr gut entwickelt. Es ist praktisch unm\u00f6glich, den Klang einer gro\u00dfen Schallwand zu erreichen, aber der niedrige Druck, die Luft und die Pr\u00e4zision sind ein Lob wert.  <\/p>\n<p><\/span><\/div>\n<div class=\"specification-item row-even\"><span class=\"spec-content\"><strong>Details<\/strong><\/span><\/div>\n<div class=\"specification-item row-odd\"><span class=\"spec-content\"><\/p>\n<p>Dies ist das Demo-Set des ehemaligen Importeurs! Wir haben viele Spendor-Sets von ihnen ausgestellt. Der Preis enth\u00e4lt die Mehrwertsteuer. Mit Kabeln!   <\/p>\n<p><\/span><\/div>\n<div class=\"specification-item row-even\"><span class=\"spec-content\">Ladenpreis: 4999.00<\/span><\/div>\n<div class=\"specification-item row-odd\"><span class=\"spec-content\"><strong>Geschichte der Marke<\/strong><\/span><\/div>\n<div class=\"specification-item row-even\"><span class=\"spec-content\"><\/p>\n<p>Spendor wurde in den sp\u00e4ten 1960er Jahren von Spencer und Dorothy Hughes gegr\u00fcndet. Der Name ist eine Abk\u00fcrzung ihrer Namen, &#8222;Spen&#8220; und &#8222;Dor&#8220;. Spencer arbeitete zuvor als Toningenieur bei der BBC, wo er seinen ersten Lautsprecher, den BC1, entwickelte. Dieser Lautsprecher wurde urspr\u00fcnglich in Aufnahmestudios eingesetzt und ist heute eine Ikone in der Audiowelt. Spendor ist bekannt f\u00fcr die hauseigene Produktion von Chassis und Geh\u00e4usen, die es dem Unternehmen erm\u00f6glicht, die volle Kontrolle \u00fcber die Produktionsqualit\u00e4t zu behalten. Viele Modelle, wie z.B. die Spendor Classic Linie, basieren auf traditionellen Designs aus den 1970er Jahren, wurden aber technisch optimiert.     <\/p>\n<p><\/span><\/div>\n<\/div>\n","protected":false},"excerpt":{"rendered":"<p>Beschreibung Freakuence! Flache Wippen f\u00fcr Wand oder Decke. Sie sind mit ihrem neuen Preis von 4999,00 pro Satz nicht billig, aber sie sind sehr gut entwickelt. Es ist praktisch unm\u00f6glich, den Klang einer gro\u00dfen Schallwand zu erreichen, aber der niedrige Druck, die Luft und die Pr\u00e4zision sind ein Lob wert. Details Dies ist das Demo-Set [&hellip;]<\/p>\n","protected":false},"featured_media":307842,"template":"","meta":{"_acf_changed":false,"inline_featured_image":false},"product_brand":[],"product_cat":[553],"product_tag":[593],"class_list":{"0":"post-307840","1":"product","2":"type-product","3":"status-publish","4":"has-post-thumbnail","6":"product_cat-redner","7":"product_tag-demo","8":"pa_kleur-braun","10":"first","11":"instock","12":"taxable","13":"shipping-taxable","14":"purchasable","15":"product-type-simple"},"acf":[],"yoast_head":"<!-- This site is optimized with the Yoast SEO plugin v25.9 - https:\/\/yoast.com\/wordpress\/plugins\/seo\/ -->\n<title>Spendor DS1 | Freakuence!<\/title>\n<meta name=\"robots\" content=\"noindex, follow, max-snippet:-1, max-image-preview:large, max-video-preview:-1\" \/>\n<meta property=\"og:locale\" content=\"de_DE\" \/>\n<meta property=\"og:type\" content=\"article\" \/>\n<meta property=\"og:title\" content=\"Spendor DS1 | Freakuence!\" \/>\n<meta property=\"og:description\" content=\"Beschreibung Freakuence! Flache Wippen f\u00fcr Wand oder Decke. Sie sind mit ihrem neuen Preis von 4999,00 pro Satz nicht billig, aber sie sind sehr gut entwickelt. Es ist praktisch unm\u00f6glich, den Klang einer gro\u00dfen Schallwand zu erreichen, aber der niedrige Druck, die Luft und die Pr\u00e4zision sind ein Lob wert. Details Dies ist das Demo-Set [&hellip;]\" \/>\n<meta property=\"og:url\" content=\"https:\/\/dev.freakuence.nl\/de\/produkt\/spendor-ds1\/\" \/>\n<meta property=\"og:site_name\" content=\"Freakuence!\" \/>\n<meta property=\"article:modified_time\" content=\"2026-03-20T06:23:08+00:00\" \/>\n<meta property=\"og:image\" content=\"https:\/\/dev.freakuence.nl\/wp-content\/uploads\/2025\/09\/1757327570-IMG7982-scaled.jpg\" \/>\n\t<meta property=\"og:image:width\" content=\"1800\" \/>\n\t<meta property=\"og:image:height\" content=\"1200\" \/>\n\t<meta property=\"og:image:type\" content=\"image\/jpeg\" \/>\n<meta name=\"twitter:card\" content=\"summary_large_image\" \/>\n<script type=\"application\/ld+json\" class=\"yoast-schema-graph\">{\"@context\":\"https:\/\/schema.org\",\"@graph\":[{\"@type\":\"WebPage\",\"@id\":\"https:\/\/dev.freakuence.nl\/de\/produkt\/spendor-ds1\/\",\"url\":\"https:\/\/dev.freakuence.nl\/de\/produkt\/spendor-ds1\/\",\"name\":\"Spendor DS1 | Freakuence!\",\"isPartOf\":{\"@id\":\"https:\/\/dev.freakuence.nl\/de\/#website\"},\"primaryImageOfPage\":{\"@id\":\"https:\/\/dev.freakuence.nl\/de\/produkt\/spendor-ds1\/#primaryimage\"},\"image\":{\"@id\":\"https:\/\/dev.freakuence.nl\/de\/produkt\/spendor-ds1\/#primaryimage\"},\"thumbnailUrl\":\"https:\/\/dev.freakuence.nl\/wp-content\/uploads\/2025\/09\/1757327570-IMG7982-scaled.jpg\",\"datePublished\":\"2025-09-08T10:33:43+00:00\",\"dateModified\":\"2026-03-20T06:23:08+00:00\",\"breadcrumb\":{\"@id\":\"https:\/\/dev.freakuence.nl\/de\/produkt\/spendor-ds1\/#breadcrumb\"},\"inLanguage\":\"de\",\"potentialAction\":[{\"@type\":\"ReadAction\",\"target\":[\"https:\/\/dev.freakuence.nl\/de\/produkt\/spendor-ds1\/\"]}]},{\"@type\":\"ImageObject\",\"inLanguage\":\"de\",\"@id\":\"https:\/\/dev.freakuence.nl\/de\/produkt\/spendor-ds1\/#primaryimage\",\"url\":\"https:\/\/dev.freakuence.nl\/wp-content\/uploads\/2025\/09\/1757327570-IMG7982-scaled.jpg\",\"contentUrl\":\"https:\/\/dev.freakuence.nl\/wp-content\/uploads\/2025\/09\/1757327570-IMG7982-scaled.jpg\",\"width\":1800,\"height\":1200},{\"@type\":\"BreadcrumbList\",\"@id\":\"https:\/\/dev.freakuence.nl\/de\/produkt\/spendor-ds1\/#breadcrumb\",\"itemListElement\":[{\"@type\":\"ListItem\",\"position\":1,\"name\":\"Startseite\",\"item\":\"https:\/\/dev.freakuence.nl\/de\/\"},{\"@type\":\"ListItem\",\"position\":2,\"name\":\"Products\",\"item\":\"https:\/\/dev.freakuence.nl\/en\/products\/\"},{\"@type\":\"ListItem\",\"position\":3,\"name\":\"Spendor DS1\"}]},{\"@type\":\"WebSite\",\"@id\":\"https:\/\/dev.freakuence.nl\/de\/#website\",\"url\":\"https:\/\/dev.freakuence.nl\/de\/\",\"name\":\"Freakuence!\",\"description\":\"Freakuence!\",\"alternateName\":\"Freakuence\",\"potentialAction\":[{\"@type\":\"SearchAction\",\"target\":{\"@type\":\"EntryPoint\",\"urlTemplate\":\"https:\/\/dev.freakuence.nl\/de\/?s={search_term_string}\"},\"query-input\":{\"@type\":\"PropertyValueSpecification\",\"valueRequired\":true,\"valueName\":\"search_term_string\"}}],\"inLanguage\":\"de\"}]}<\/script>\n<!-- \/ Yoast SEO plugin. -->","yoast_head_json":{"title":"Spendor DS1 | Freakuence!","robots":{"index":"noindex","follow":"follow","max-snippet":"max-snippet:-1","max-image-preview":"max-image-preview:large","max-video-preview":"max-video-preview:-1"},"og_locale":"de_DE","og_type":"article","og_title":"Spendor DS1 | Freakuence!","og_description":"Beschreibung Freakuence! Flache Wippen f\u00fcr Wand oder Decke. Sie sind mit ihrem neuen Preis von 4999,00 pro Satz nicht billig, aber sie sind sehr gut entwickelt. Es ist praktisch unm\u00f6glich, den Klang einer gro\u00dfen Schallwand zu erreichen, aber der niedrige Druck, die Luft und die Pr\u00e4zision sind ein Lob wert. Details Dies ist das Demo-Set [&hellip;]","og_url":"https:\/\/dev.freakuence.nl\/de\/produkt\/spendor-ds1\/","og_site_name":"Freakuence!","article_modified_time":"2026-03-20T06:23:08+00:00","og_image":[{"width":1800,"height":1200,"url":"https:\/\/dev.freakuence.nl\/wp-content\/uploads\/2025\/09\/1757327570-IMG7982-scaled.jpg","type":"image\/jpeg"}],"twitter_card":"summary_large_image","schema":{"@context":"https:\/\/schema.org","@graph":[{"@type":"WebPage","@id":"https:\/\/dev.freakuence.nl\/de\/produkt\/spendor-ds1\/","url":"https:\/\/dev.freakuence.nl\/de\/produkt\/spendor-ds1\/","name":"Spendor DS1 | Freakuence!","isPartOf":{"@id":"https:\/\/dev.freakuence.nl\/de\/#website"},"primaryImageOfPage":{"@id":"https:\/\/dev.freakuence.nl\/de\/produkt\/spendor-ds1\/#primaryimage"},"image":{"@id":"https:\/\/dev.freakuence.nl\/de\/produkt\/spendor-ds1\/#primaryimage"},"thumbnailUrl":"https:\/\/dev.freakuence.nl\/wp-content\/uploads\/2025\/09\/1757327570-IMG7982-scaled.jpg","datePublished":"2025-09-08T10:33:43+00:00","dateModified":"2026-03-20T06:23:08+00:00","breadcrumb":{"@id":"https:\/\/dev.freakuence.nl\/de\/produkt\/spendor-ds1\/#breadcrumb"},"inLanguage":"de","potentialAction":[{"@type":"ReadAction","target":["https:\/\/dev.freakuence.nl\/de\/produkt\/spendor-ds1\/"]}]},{"@type":"ImageObject","inLanguage":"de","@id":"https:\/\/dev.freakuence.nl\/de\/produkt\/spendor-ds1\/#primaryimage","url":"https:\/\/dev.freakuence.nl\/wp-content\/uploads\/2025\/09\/1757327570-IMG7982-scaled.jpg","contentUrl":"https:\/\/dev.freakuence.nl\/wp-content\/uploads\/2025\/09\/1757327570-IMG7982-scaled.jpg","width":1800,"height":1200},{"@type":"BreadcrumbList","@id":"https:\/\/dev.freakuence.nl\/de\/produkt\/spendor-ds1\/#breadcrumb","itemListElement":[{"@type":"ListItem","position":1,"name":"Startseite","item":"https:\/\/dev.freakuence.nl\/de\/"},{"@type":"ListItem","position":2,"name":"Products","item":"https:\/\/dev.freakuence.nl\/en\/products\/"},{"@type":"ListItem","position":3,"name":"Spendor DS1"}]},{"@type":"WebSite","@id":"https:\/\/dev.freakuence.nl\/de\/#website","url":"https:\/\/dev.freakuence.nl\/de\/","name":"Freakuence!","description":"Freakuence!","alternateName":"Freakuence","potentialAction":[{"@type":"SearchAction","target":{"@type":"EntryPoint","urlTemplate":"https:\/\/dev.freakuence.nl\/de\/?s={search_term_string}"},"query-input":{"@type":"PropertyValueSpecification","valueRequired":true,"valueName":"search_term_string"}}],"inLanguage":"de"}]}},"_links":{"self":[{"href":"https:\/\/dev.freakuence.nl\/de\/wp-json\/wp\/v2\/product\/307840","targetHints":{"allow":["GET"]}}],"collection":[{"href":"https:\/\/dev.freakuence.nl\/de\/wp-json\/wp\/v2\/product"}],"about":[{"href":"https:\/\/dev.freakuence.nl\/de\/wp-json\/wp\/v2\/types\/product"}],"version-history":[{"count":0,"href":"https:\/\/dev.freakuence.nl\/de\/wp-json\/wp\/v2\/product\/307840\/revisions"}],"wp:featuredmedia":[{"embeddable":true,"href":"https:\/\/dev.freakuence.nl\/de\/wp-json\/wp\/v2\/media\/307842"}],"wp:attachment":[{"href":"https:\/\/dev.freakuence.nl\/de\/wp-json\/wp\/v2\/media?parent=307840"}],"wp:term":[{"taxonomy":"product_brand","embeddable":true,"href":"https:\/\/dev.freakuence.nl\/de\/wp-json\/wp\/v2\/product_brand?post=307840"},{"taxonomy":"product_cat","embeddable":true,"href":"https:\/\/dev.freakuence.nl\/de\/wp-json\/wp\/v2\/product_cat?post=307840"},{"taxonomy":"product_tag","embeddable":true,"href":"https:\/\/dev.freakuence.nl\/de\/wp-json\/wp\/v2\/product_tag?post=307840"}],"curies":[{"name":"wp","href":"https:\/\/api.w.org\/{rel}","templated":true}]}}