{"id":307889,"date":"2025-08-06T11:08:23","date_gmt":"2025-08-06T09:08:23","guid":{"rendered":"https:\/\/dev.freakuence.nl\/product\/rotel-michi-x5-s2\/"},"modified":"2026-04-11T04:08:46","modified_gmt":"2026-04-11T02:08:46","slug":"rotel-michi-x5-s2","status":"publish","type":"product","link":"https:\/\/dev.freakuence.nl\/de\/produkt\/rotel-michi-x5-s2\/","title":{"rendered":"Rotel Michi X5 S2"},"content":{"rendered":"<div class=\"product-specifications-list\">\n<div class=\"specification-item row-even\"><span class=\"spec-content\"><strong>Beschreibung Freakuence!<\/strong><\/span><\/div>\n<div class=\"specification-item row-odd\"><span class=\"spec-content\"><\/p>\n<p>Sehr kr\u00e4ftiger, stabiler Vollverst\u00e4rker! Wunderbar lebendig, sch\u00f6n klar, ein sehr solider Tiefgang. Und, ja, voll in den Mitten, und das ist wirklich sehr sch\u00f6n. Der Verst\u00e4rker erzeugt ein ger\u00e4umiges, dreidimensionales Klangbild, in dem Instrumente und Stimmen pr\u00e4zise positioniert sind. Selbst bei hohen Lautst\u00e4rken bleibt er kontrolliert, selbst bei komplexen Aufnahmen.    <\/p>\n<p><\/span><\/div>\n<div class=\"specification-item row-even\"><span class=\"spec-content\"><strong>Details<\/strong><\/span><\/div>\n<div class=\"specification-item row-odd\"><span class=\"spec-content\"><\/p>\n<p>Wir nehmen gerne neue Ger\u00e4te in Zahlung, um daraus etwas zu machen! Bitte teilen Sie uns mit, ob und was Sie zum Eintauschen haben. Ohne Inzahlungnahme, versteht sich. Wir liefern 100% neu in versiegelter Verpackung, aber wir dachten, es w\u00e4re nett, ein Foto von unserem Vorf\u00fchrmodell zu machen. Kommen Sie f\u00fcr eine Vorf\u00fchrung in einem unserer 5 H\u00f6rr\u00e4ume vorbei! Andere Versionen sind ebenfalls m\u00f6glich.     <\/span><\/div>\n<div class=\"specification-item row-even\"><span class=\"spec-content\">Sie suchen ein anderes Modell aus der aktuellen Serie der Marke? Schicken Sie uns eine Nachricht!  Wir m\u00f6chten, dass es Spa\u00df macht.<\/p>\n<p><\/span><\/div>\n<div class=\"specification-item row-odd\"><span class=\"spec-content\">Ladenpreis: 8999.00<\/span><\/div>\n<div class=\"specification-item row-even\"><span class=\"spec-content\"><strong>Allgemeine Beschreibung<\/strong><\/span><\/div>\n<div class=\"specification-item row-odd\"><span class=\"spec-content\"><\/p>\n<p>Dieses System liefert 600 Watt pro Kanal an 4 Ohm und 350 Watt pro Kanal an 8 Ohm, mit einer Gesamtverzerrung von weniger als 0,009%. Der Frequenzbereich reicht von 10 Hz bis 100 kHz f\u00fcr Line-Eing\u00e4nge und von 20 Hz bis 20 kHz f\u00fcr Digital- und Phono-Eing\u00e4nge. Der Rauschabstand betr\u00e4gt 102 dB f\u00fcr die Line- und Digitaleing\u00e4nge und 80 dB f\u00fcr den Phonoeingang. Das Ger\u00e4t verf\u00fcgt \u00fcber verschiedene Anschl\u00fcsse, darunter analoge RCA- und XLR-, digitale koaxiale und optische Eing\u00e4nge, PC-USB und Bluetooth mit aptX\u2122 HD und AAC. Der Phono-Eingang unterst\u00fctzt sowohl Moving Magnet- als auch Moving Coil-Tonabnehmer. Der PC-USB-Eingang unterst\u00fctzt PCM bis zu 32 Bit\/384 kHz und DSD bis zu 11,2 MHz, mit vollst\u00e4ndiger MQA-Hardware-Dekodierung bis zu 24 Bit\/384 kHz. Das System ist Roon Tested zertifiziert. Die Abmessungen betragen 485 x 195 x 452 mm, das Gewicht 43,8 kg. Die Leistungsaufnahme betr\u00e4gt 850 W, mit einem Standby-Verbrauch von weniger als 0,5 W.        <\/p>\n<p><\/span><\/div>\n<div class=\"specification-item row-even\"><span class=\"spec-content\"><strong>Hintergrundinformationen<\/strong><\/span><\/div>\n<div class=\"specification-item row-odd\"><span class=\"spec-content\"><\/p>\n<p>Der Rotel RA-1592 MKII wurde vom hauseigenen Designteam von Rotel in Japan entwickelt, das auf \u00fcber 60 Jahre Erfahrung in der analogen Audiotechnik zur\u00fcckblicken kann. Der Vollverst\u00e4rker verwendet einen sorgf\u00e4ltig ausgew\u00e4hlten Ringkern-Transformator, der im eigenen Haus hergestellt wird, kombiniert mit hochwertigen Kondensatoren. Sowohl im Inneren als auch im \u00c4u\u00dferen wurden nur sorgf\u00e4ltig ausgew\u00e4hlte Komponenten verwendet. Das Geh\u00e4use ist robust gebaut, um optimale Leistung und Schutz vor St\u00f6rungen zu gew\u00e4hrleisten.   <\/p>\n<p><\/span><\/div>\n<div class=\"specification-item row-even\"><span class=\"spec-content\"><strong>Geschichte der Marke<\/strong><\/span><\/div>\n<div class=\"specification-item row-odd\"><span class=\"spec-content\"><\/p>\n<p>Rotel wurde offiziell 1961 gegr\u00fcndet und etablierte sich als Familienunternehmen in Japan. Entwicklung und Produktion werden seit jeher im eigenen Haus durchgef\u00fchrt, vor allem bei den Kernkomponenten wie den Ringkerntransformatoren, die f\u00fcr die Stromqualit\u00e4t unerl\u00e4sslich sind. Im Jahr 1981 begann Rotel eine langfristige Partnerschaft mit Bowers &amp; Wilkins, die zu einem exklusiven Vertrieb in Nordamerika und mehreren europ\u00e4ischen M\u00e4rkten f\u00fchrte. Diese Beziehung f\u00fchrte 2006 zu einem Joint Venture mit gemeinsamen Produktions- und Logistikeinrichtungen in Zhuhai, China.   <\/p>\n<p><\/span><\/div>\n<\/div>\n","protected":false},"excerpt":{"rendered":"<p>Beschreibung Freakuence! Sehr kr\u00e4ftiger, stabiler Vollverst\u00e4rker! Wunderbar lebendig, sch\u00f6n klar, ein sehr solider Tiefgang. Und, ja, voll in den Mitten, und das ist wirklich sehr sch\u00f6n. Der Verst\u00e4rker erzeugt ein ger\u00e4umiges, dreidimensionales Klangbild, in dem Instrumente und Stimmen pr\u00e4zise positioniert sind. Selbst bei hohen Lautst\u00e4rken bleibt er kontrolliert, selbst bei komplexen Aufnahmen. Details Wir nehmen [&hellip;]<\/p>\n","protected":false},"featured_media":307890,"template":"","meta":{"_acf_changed":false,"inline_featured_image":false},"product_brand":[],"product_cat":[767,720,560],"product_tag":[574],"class_list":{"0":"post-307889","1":"product","2":"type-product","3":"status-publish","4":"has-post-thumbnail","6":"product_cat-klasse-a-a-b-stereo-verstarker","7":"product_cat-stereoversterkers","8":"product_cat-verstarker","9":"product_tag-freakdemo","10":"pa_kleur-schwarz","12":"first","13":"instock","14":"taxable","15":"shipping-taxable","16":"purchasable","17":"product-type-simple"},"acf":[],"yoast_head":"<!-- This site is optimized with the Yoast SEO plugin v25.9 - https:\/\/yoast.com\/wordpress\/plugins\/seo\/ -->\n<title>Rotel Michi X5 S2 | Freakuence!<\/title>\n<meta name=\"robots\" content=\"noindex, follow, max-snippet:-1, max-image-preview:large, max-video-preview:-1\" \/>\n<meta property=\"og:locale\" content=\"de_DE\" \/>\n<meta property=\"og:type\" content=\"article\" \/>\n<meta property=\"og:title\" content=\"Rotel Michi X5 S2 | Freakuence!\" \/>\n<meta property=\"og:description\" content=\"Beschreibung Freakuence! Sehr kr\u00e4ftiger, stabiler Vollverst\u00e4rker! Wunderbar lebendig, sch\u00f6n klar, ein sehr solider Tiefgang. Und, ja, voll in den Mitten, und das ist wirklich sehr sch\u00f6n. Der Verst\u00e4rker erzeugt ein ger\u00e4umiges, dreidimensionales Klangbild, in dem Instrumente und Stimmen pr\u00e4zise positioniert sind. Selbst bei hohen Lautst\u00e4rken bleibt er kontrolliert, selbst bei komplexen Aufnahmen. Details Wir nehmen [&hellip;]\" \/>\n<meta property=\"og:url\" content=\"https:\/\/dev.freakuence.nl\/de\/produkt\/rotel-michi-x5-s2\/\" \/>\n<meta property=\"og:site_name\" content=\"Freakuence!\" \/>\n<meta property=\"article:modified_time\" content=\"2026-04-11T02:08:46+00:00\" \/>\n<meta property=\"og:image\" content=\"https:\/\/dev.freakuence.nl\/wp-content\/uploads\/2025\/09\/1754471241-IMG8780-scaled.jpg\" \/>\n\t<meta property=\"og:image:width\" content=\"1800\" \/>\n\t<meta property=\"og:image:height\" content=\"1200\" \/>\n\t<meta property=\"og:image:type\" content=\"image\/jpeg\" \/>\n<meta name=\"twitter:card\" content=\"summary_large_image\" \/>\n<script type=\"application\/ld+json\" class=\"yoast-schema-graph\">{\"@context\":\"https:\/\/schema.org\",\"@graph\":[{\"@type\":\"WebPage\",\"@id\":\"https:\/\/dev.freakuence.nl\/de\/produkt\/rotel-michi-x5-s2\/\",\"url\":\"https:\/\/dev.freakuence.nl\/de\/produkt\/rotel-michi-x5-s2\/\",\"name\":\"Rotel Michi X5 S2 | Freakuence!\",\"isPartOf\":{\"@id\":\"https:\/\/dev.freakuence.nl\/de\/#website\"},\"primaryImageOfPage\":{\"@id\":\"https:\/\/dev.freakuence.nl\/de\/produkt\/rotel-michi-x5-s2\/#primaryimage\"},\"image\":{\"@id\":\"https:\/\/dev.freakuence.nl\/de\/produkt\/rotel-michi-x5-s2\/#primaryimage\"},\"thumbnailUrl\":\"https:\/\/dev.freakuence.nl\/wp-content\/uploads\/2025\/09\/1754471241-IMG8780-scaled.jpg\",\"datePublished\":\"2025-08-06T09:08:23+00:00\",\"dateModified\":\"2026-04-11T02:08:46+00:00\",\"breadcrumb\":{\"@id\":\"https:\/\/dev.freakuence.nl\/de\/produkt\/rotel-michi-x5-s2\/#breadcrumb\"},\"inLanguage\":\"de\",\"potentialAction\":[{\"@type\":\"ReadAction\",\"target\":[\"https:\/\/dev.freakuence.nl\/de\/produkt\/rotel-michi-x5-s2\/\"]}]},{\"@type\":\"ImageObject\",\"inLanguage\":\"de\",\"@id\":\"https:\/\/dev.freakuence.nl\/de\/produkt\/rotel-michi-x5-s2\/#primaryimage\",\"url\":\"https:\/\/dev.freakuence.nl\/wp-content\/uploads\/2025\/09\/1754471241-IMG8780-scaled.jpg\",\"contentUrl\":\"https:\/\/dev.freakuence.nl\/wp-content\/uploads\/2025\/09\/1754471241-IMG8780-scaled.jpg\",\"width\":1800,\"height\":1200},{\"@type\":\"BreadcrumbList\",\"@id\":\"https:\/\/dev.freakuence.nl\/de\/produkt\/rotel-michi-x5-s2\/#breadcrumb\",\"itemListElement\":[{\"@type\":\"ListItem\",\"position\":1,\"name\":\"Startseite\",\"item\":\"https:\/\/dev.freakuence.nl\/de\/\"},{\"@type\":\"ListItem\",\"position\":2,\"name\":\"Products\",\"item\":\"https:\/\/dev.freakuence.nl\/en\/products\/\"},{\"@type\":\"ListItem\",\"position\":3,\"name\":\"Rotel Michi X5 S2\"}]},{\"@type\":\"WebSite\",\"@id\":\"https:\/\/dev.freakuence.nl\/de\/#website\",\"url\":\"https:\/\/dev.freakuence.nl\/de\/\",\"name\":\"Freakuence!\",\"description\":\"Freakuence!\",\"alternateName\":\"Freakuence\",\"potentialAction\":[{\"@type\":\"SearchAction\",\"target\":{\"@type\":\"EntryPoint\",\"urlTemplate\":\"https:\/\/dev.freakuence.nl\/de\/?s={search_term_string}\"},\"query-input\":{\"@type\":\"PropertyValueSpecification\",\"valueRequired\":true,\"valueName\":\"search_term_string\"}}],\"inLanguage\":\"de\"}]}<\/script>\n<!-- \/ Yoast SEO plugin. -->","yoast_head_json":{"title":"Rotel Michi X5 S2 | Freakuence!","robots":{"index":"noindex","follow":"follow","max-snippet":"max-snippet:-1","max-image-preview":"max-image-preview:large","max-video-preview":"max-video-preview:-1"},"og_locale":"de_DE","og_type":"article","og_title":"Rotel Michi X5 S2 | Freakuence!","og_description":"Beschreibung Freakuence! Sehr kr\u00e4ftiger, stabiler Vollverst\u00e4rker! Wunderbar lebendig, sch\u00f6n klar, ein sehr solider Tiefgang. Und, ja, voll in den Mitten, und das ist wirklich sehr sch\u00f6n. Der Verst\u00e4rker erzeugt ein ger\u00e4umiges, dreidimensionales Klangbild, in dem Instrumente und Stimmen pr\u00e4zise positioniert sind. Selbst bei hohen Lautst\u00e4rken bleibt er kontrolliert, selbst bei komplexen Aufnahmen. Details Wir nehmen [&hellip;]","og_url":"https:\/\/dev.freakuence.nl\/de\/produkt\/rotel-michi-x5-s2\/","og_site_name":"Freakuence!","article_modified_time":"2026-04-11T02:08:46+00:00","og_image":[{"width":1800,"height":1200,"url":"https:\/\/dev.freakuence.nl\/wp-content\/uploads\/2025\/09\/1754471241-IMG8780-scaled.jpg","type":"image\/jpeg"}],"twitter_card":"summary_large_image","schema":{"@context":"https:\/\/schema.org","@graph":[{"@type":"WebPage","@id":"https:\/\/dev.freakuence.nl\/de\/produkt\/rotel-michi-x5-s2\/","url":"https:\/\/dev.freakuence.nl\/de\/produkt\/rotel-michi-x5-s2\/","name":"Rotel Michi X5 S2 | Freakuence!","isPartOf":{"@id":"https:\/\/dev.freakuence.nl\/de\/#website"},"primaryImageOfPage":{"@id":"https:\/\/dev.freakuence.nl\/de\/produkt\/rotel-michi-x5-s2\/#primaryimage"},"image":{"@id":"https:\/\/dev.freakuence.nl\/de\/produkt\/rotel-michi-x5-s2\/#primaryimage"},"thumbnailUrl":"https:\/\/dev.freakuence.nl\/wp-content\/uploads\/2025\/09\/1754471241-IMG8780-scaled.jpg","datePublished":"2025-08-06T09:08:23+00:00","dateModified":"2026-04-11T02:08:46+00:00","breadcrumb":{"@id":"https:\/\/dev.freakuence.nl\/de\/produkt\/rotel-michi-x5-s2\/#breadcrumb"},"inLanguage":"de","potentialAction":[{"@type":"ReadAction","target":["https:\/\/dev.freakuence.nl\/de\/produkt\/rotel-michi-x5-s2\/"]}]},{"@type":"ImageObject","inLanguage":"de","@id":"https:\/\/dev.freakuence.nl\/de\/produkt\/rotel-michi-x5-s2\/#primaryimage","url":"https:\/\/dev.freakuence.nl\/wp-content\/uploads\/2025\/09\/1754471241-IMG8780-scaled.jpg","contentUrl":"https:\/\/dev.freakuence.nl\/wp-content\/uploads\/2025\/09\/1754471241-IMG8780-scaled.jpg","width":1800,"height":1200},{"@type":"BreadcrumbList","@id":"https:\/\/dev.freakuence.nl\/de\/produkt\/rotel-michi-x5-s2\/#breadcrumb","itemListElement":[{"@type":"ListItem","position":1,"name":"Startseite","item":"https:\/\/dev.freakuence.nl\/de\/"},{"@type":"ListItem","position":2,"name":"Products","item":"https:\/\/dev.freakuence.nl\/en\/products\/"},{"@type":"ListItem","position":3,"name":"Rotel Michi X5 S2"}]},{"@type":"WebSite","@id":"https:\/\/dev.freakuence.nl\/de\/#website","url":"https:\/\/dev.freakuence.nl\/de\/","name":"Freakuence!","description":"Freakuence!","alternateName":"Freakuence","potentialAction":[{"@type":"SearchAction","target":{"@type":"EntryPoint","urlTemplate":"https:\/\/dev.freakuence.nl\/de\/?s={search_term_string}"},"query-input":{"@type":"PropertyValueSpecification","valueRequired":true,"valueName":"search_term_string"}}],"inLanguage":"de"}]}},"_links":{"self":[{"href":"https:\/\/dev.freakuence.nl\/de\/wp-json\/wp\/v2\/product\/307889","targetHints":{"allow":["GET"]}}],"collection":[{"href":"https:\/\/dev.freakuence.nl\/de\/wp-json\/wp\/v2\/product"}],"about":[{"href":"https:\/\/dev.freakuence.nl\/de\/wp-json\/wp\/v2\/types\/product"}],"version-history":[{"count":1,"href":"https:\/\/dev.freakuence.nl\/de\/wp-json\/wp\/v2\/product\/307889\/revisions"}],"predecessor-version":[{"id":318153,"href":"https:\/\/dev.freakuence.nl\/de\/wp-json\/wp\/v2\/product\/307889\/revisions\/318153"}],"wp:featuredmedia":[{"embeddable":true,"href":"https:\/\/dev.freakuence.nl\/de\/wp-json\/wp\/v2\/media\/307890"}],"wp:attachment":[{"href":"https:\/\/dev.freakuence.nl\/de\/wp-json\/wp\/v2\/media?parent=307889"}],"wp:term":[{"taxonomy":"product_brand","embeddable":true,"href":"https:\/\/dev.freakuence.nl\/de\/wp-json\/wp\/v2\/product_brand?post=307889"},{"taxonomy":"product_cat","embeddable":true,"href":"https:\/\/dev.freakuence.nl\/de\/wp-json\/wp\/v2\/product_cat?post=307889"},{"taxonomy":"product_tag","embeddable":true,"href":"https:\/\/dev.freakuence.nl\/de\/wp-json\/wp\/v2\/product_tag?post=307889"}],"curies":[{"name":"wp","href":"https:\/\/api.w.org\/{rel}","templated":true}]}}