{"id":307911,"date":"2025-08-06T11:00:36","date_gmt":"2025-08-06T09:00:36","guid":{"rendered":"https:\/\/dev.freakuence.nl\/product\/hegel-p30a\/"},"modified":"2026-03-20T07:22:43","modified_gmt":"2026-03-20T06:22:43","slug":"hegel-p30a","status":"publish","type":"product","link":"https:\/\/dev.freakuence.nl\/de\/produkt\/hegel-p30a\/","title":{"rendered":"Hegel P30A"},"content":{"rendered":"<div class=\"product-specifications-list\">\n<div class=\"specification-item row-even\"><span class=\"spec-content\"><strong>Beschreibung Freakuence!<\/strong><\/span><\/div>\n<div class=\"specification-item row-odd\"><span class=\"spec-content\"><\/p>\n<p>Leistungsstarker, klarer Vorverst\u00e4rker. Sch\u00f6ne Trennung, klares Bild. <\/p>\n<p><\/span><\/div>\n<div class=\"specification-item row-even\"><span class=\"spec-content\"><strong>Details<\/strong><\/span><\/div>\n<div class=\"specification-item row-odd\"><span class=\"spec-content\"><\/p>\n<p>Der Preis enth\u00e4lt die Mehrwertsteuer. Unternehmer, nutzen Sie den Vorteil. <\/p>\n<p><\/span><\/div>\n<div class=\"specification-item row-even\"><span class=\"spec-content\">Ladenpreis: 7995.00<\/span><\/div>\n<div class=\"specification-item row-odd\"><span class=\"spec-content\"><strong>Allgemeine Beschreibung<\/strong><\/span><\/div>\n<div class=\"specification-item row-even\"><span class=\"spec-content\"><\/p>\n<p>Der Vorverst\u00e4rker ist vollst\u00e4ndig symmetrisch aufgebaut und verf\u00fcgt \u00fcber zwei separate Verst\u00e4rker, Lautst\u00e4rkeregler und SoundEngine Module pro Kanal. Dieses Design minimiert die Verzerrung und gew\u00e4hrleistet eine originalgetreue Signal\u00fcbertragung. Das Ger\u00e4t verf\u00fcgt \u00fcber zwei symmetrische (XLR) und drei unsymmetrische (RCA) Eing\u00e4nge sowie einen Home Theatre-Eingang mit festem Pegel f\u00fcr die Integration in ein Heimkinosystem. An den Ausg\u00e4ngen stehen ein symmetrischer (XLR) und zwei unsymmetrische (RCA) variable Ausg\u00e4nge zur Verf\u00fcgung, die gleichzeitig genutzt werden k\u00f6nnen. Einer der unsymmetrischen Ausg\u00e4nge kann als fester Ausgang eingestellt werden. Mit einem Signal-Rausch-Verh\u00e4ltnis von \u00fcber 130 dB und einer Verzerrung von weniger als 0,005% liefert das Ger\u00e4t eine saubere und pr\u00e4zise Signalverarbeitung. Es verwendet die patentierte SoundEngine-Technologie von Hegel, die das Musiksignal aktiv \u00fcberwacht und Intermodulationsverzerrungen \u00fcber ein Feedforward-Design korrigiert.      <\/p>\n<p><\/span><\/div>\n<div class=\"specification-item row-odd\"><span class=\"spec-content\"><strong>Geschichte der Marke<\/strong><\/span><\/div>\n<div class=\"specification-item row-even\"><span class=\"spec-content\"><\/p>\n<p>Hegel wurde in den sp\u00e4ten 1980er Jahren von Bent Holter in Norwegen gegr\u00fcndet. Im Rahmen seiner Abschlussarbeit an der Technischen Universit\u00e4t Trondheim entwickelte er eine L\u00f6sung zur Reduzierung von Verzerrungen in Transistorverst\u00e4rkern. Dies f\u00fchrte zu der Technologie, die sp\u00e4ter als SoundEngine bekannt wurde. Im Jahr 1988 wurde der Name Hegel erstmals f\u00fcr einen Verst\u00e4rker verwendet. In den 1990er Jahren brachte das Unternehmen mehrere CD-Player und Verst\u00e4rker heraus. Im Jahr 1996 wurde der erste vollsymmetrische Verst\u00e4rker vorgestellt. Um 2004 begann die Marke mit der Entwicklung von DA-Wandlern. Sp\u00e4ter wurden die Produkte mit Netzwerkfunktionen ausgestattet, um die digitale Musikwiedergabe zu unterst\u00fctzen. Hegel vermarktet ausschlie\u00dflich seine eigene Elektronik und entwickelt sowohl das Schaltungsdesign als auch die notwendige Software selbst. Das Unternehmen betreibt den internationalen Vertrieb seiner Produkte von Norwegen aus.         <\/p>\n<p><\/span><\/div>\n<\/div>\n","protected":false},"excerpt":{"rendered":"<p>Beschreibung Freakuence! Leistungsstarker, klarer Vorverst\u00e4rker. Sch\u00f6ne Trennung, klares Bild. Details Der Preis enth\u00e4lt die Mehrwertsteuer. Unternehmer, nutzen Sie den Vorteil. Ladenpreis: 7995.00 Allgemeine Beschreibung Der Vorverst\u00e4rker ist vollst\u00e4ndig symmetrisch aufgebaut und verf\u00fcgt \u00fcber zwei separate Verst\u00e4rker, Lautst\u00e4rkeregler und SoundEngine Module pro Kanal. Dieses Design minimiert die Verzerrung und gew\u00e4hrleistet eine originalgetreue Signal\u00fcbertragung. Das Ger\u00e4t verf\u00fcgt [&hellip;]<\/p>\n","protected":false},"featured_media":307912,"template":"","meta":{"_acf_changed":false,"inline_featured_image":false},"product_brand":[],"product_cat":[560],"product_tag":[574],"class_list":{"0":"post-307911","1":"product","2":"type-product","3":"status-publish","4":"has-post-thumbnail","6":"product_cat-verstarker","7":"product_tag-freakdemo","9":"first","10":"instock","11":"purchasable","12":"product-type-simple"},"acf":[],"yoast_head":"<!-- This site is optimized with the Yoast SEO plugin v25.9 - https:\/\/yoast.com\/wordpress\/plugins\/seo\/ -->\n<title>Hegel P30A | Freakuence!<\/title>\n<meta name=\"robots\" content=\"noindex, follow, max-snippet:-1, max-image-preview:large, max-video-preview:-1\" \/>\n<meta property=\"og:locale\" content=\"de_DE\" \/>\n<meta property=\"og:type\" content=\"article\" \/>\n<meta property=\"og:title\" content=\"Hegel P30A | Freakuence!\" \/>\n<meta property=\"og:description\" content=\"Beschreibung Freakuence! Leistungsstarker, klarer Vorverst\u00e4rker. Sch\u00f6ne Trennung, klares Bild. Details Der Preis enth\u00e4lt die Mehrwertsteuer. Unternehmer, nutzen Sie den Vorteil. Ladenpreis: 7995.00 Allgemeine Beschreibung Der Vorverst\u00e4rker ist vollst\u00e4ndig symmetrisch aufgebaut und verf\u00fcgt \u00fcber zwei separate Verst\u00e4rker, Lautst\u00e4rkeregler und SoundEngine Module pro Kanal. Dieses Design minimiert die Verzerrung und gew\u00e4hrleistet eine originalgetreue Signal\u00fcbertragung. Das Ger\u00e4t verf\u00fcgt [&hellip;]\" \/>\n<meta property=\"og:url\" content=\"https:\/\/dev.freakuence.nl\/de\/produkt\/hegel-p30a\/\" \/>\n<meta property=\"og:site_name\" content=\"Freakuence!\" \/>\n<meta property=\"article:modified_time\" content=\"2026-03-20T06:22:43+00:00\" \/>\n<meta property=\"og:image\" content=\"https:\/\/dev.freakuence.nl\/wp-content\/uploads\/2025\/09\/1754318844-IMG7384-scaled.jpg\" \/>\n\t<meta property=\"og:image:width\" content=\"1800\" \/>\n\t<meta property=\"og:image:height\" content=\"1200\" \/>\n\t<meta property=\"og:image:type\" content=\"image\/jpeg\" \/>\n<meta name=\"twitter:card\" content=\"summary_large_image\" \/>\n<script type=\"application\/ld+json\" class=\"yoast-schema-graph\">{\"@context\":\"https:\/\/schema.org\",\"@graph\":[{\"@type\":\"WebPage\",\"@id\":\"https:\/\/dev.freakuence.nl\/de\/produkt\/hegel-p30a\/\",\"url\":\"https:\/\/dev.freakuence.nl\/de\/produkt\/hegel-p30a\/\",\"name\":\"Hegel P30A | Freakuence!\",\"isPartOf\":{\"@id\":\"https:\/\/dev.freakuence.nl\/de\/#website\"},\"primaryImageOfPage\":{\"@id\":\"https:\/\/dev.freakuence.nl\/de\/produkt\/hegel-p30a\/#primaryimage\"},\"image\":{\"@id\":\"https:\/\/dev.freakuence.nl\/de\/produkt\/hegel-p30a\/#primaryimage\"},\"thumbnailUrl\":\"https:\/\/dev.freakuence.nl\/wp-content\/uploads\/2025\/09\/1754318844-IMG7384-scaled.jpg\",\"datePublished\":\"2025-08-06T09:00:36+00:00\",\"dateModified\":\"2026-03-20T06:22:43+00:00\",\"breadcrumb\":{\"@id\":\"https:\/\/dev.freakuence.nl\/de\/produkt\/hegel-p30a\/#breadcrumb\"},\"inLanguage\":\"de\",\"potentialAction\":[{\"@type\":\"ReadAction\",\"target\":[\"https:\/\/dev.freakuence.nl\/de\/produkt\/hegel-p30a\/\"]}]},{\"@type\":\"ImageObject\",\"inLanguage\":\"de\",\"@id\":\"https:\/\/dev.freakuence.nl\/de\/produkt\/hegel-p30a\/#primaryimage\",\"url\":\"https:\/\/dev.freakuence.nl\/wp-content\/uploads\/2025\/09\/1754318844-IMG7384-scaled.jpg\",\"contentUrl\":\"https:\/\/dev.freakuence.nl\/wp-content\/uploads\/2025\/09\/1754318844-IMG7384-scaled.jpg\",\"width\":1800,\"height\":1200},{\"@type\":\"BreadcrumbList\",\"@id\":\"https:\/\/dev.freakuence.nl\/de\/produkt\/hegel-p30a\/#breadcrumb\",\"itemListElement\":[{\"@type\":\"ListItem\",\"position\":1,\"name\":\"Startseite\",\"item\":\"https:\/\/dev.freakuence.nl\/de\/\"},{\"@type\":\"ListItem\",\"position\":2,\"name\":\"Products\",\"item\":\"https:\/\/dev.freakuence.nl\/en\/products\/\"},{\"@type\":\"ListItem\",\"position\":3,\"name\":\"Hegel P30A\"}]},{\"@type\":\"WebSite\",\"@id\":\"https:\/\/dev.freakuence.nl\/de\/#website\",\"url\":\"https:\/\/dev.freakuence.nl\/de\/\",\"name\":\"Freakuence!\",\"description\":\"Freakuence!\",\"alternateName\":\"Freakuence\",\"potentialAction\":[{\"@type\":\"SearchAction\",\"target\":{\"@type\":\"EntryPoint\",\"urlTemplate\":\"https:\/\/dev.freakuence.nl\/de\/?s={search_term_string}\"},\"query-input\":{\"@type\":\"PropertyValueSpecification\",\"valueRequired\":true,\"valueName\":\"search_term_string\"}}],\"inLanguage\":\"de\"}]}<\/script>\n<!-- \/ Yoast SEO plugin. -->","yoast_head_json":{"title":"Hegel P30A | Freakuence!","robots":{"index":"noindex","follow":"follow","max-snippet":"max-snippet:-1","max-image-preview":"max-image-preview:large","max-video-preview":"max-video-preview:-1"},"og_locale":"de_DE","og_type":"article","og_title":"Hegel P30A | Freakuence!","og_description":"Beschreibung Freakuence! Leistungsstarker, klarer Vorverst\u00e4rker. Sch\u00f6ne Trennung, klares Bild. Details Der Preis enth\u00e4lt die Mehrwertsteuer. Unternehmer, nutzen Sie den Vorteil. Ladenpreis: 7995.00 Allgemeine Beschreibung Der Vorverst\u00e4rker ist vollst\u00e4ndig symmetrisch aufgebaut und verf\u00fcgt \u00fcber zwei separate Verst\u00e4rker, Lautst\u00e4rkeregler und SoundEngine Module pro Kanal. Dieses Design minimiert die Verzerrung und gew\u00e4hrleistet eine originalgetreue Signal\u00fcbertragung. Das Ger\u00e4t verf\u00fcgt [&hellip;]","og_url":"https:\/\/dev.freakuence.nl\/de\/produkt\/hegel-p30a\/","og_site_name":"Freakuence!","article_modified_time":"2026-03-20T06:22:43+00:00","og_image":[{"width":1800,"height":1200,"url":"https:\/\/dev.freakuence.nl\/wp-content\/uploads\/2025\/09\/1754318844-IMG7384-scaled.jpg","type":"image\/jpeg"}],"twitter_card":"summary_large_image","schema":{"@context":"https:\/\/schema.org","@graph":[{"@type":"WebPage","@id":"https:\/\/dev.freakuence.nl\/de\/produkt\/hegel-p30a\/","url":"https:\/\/dev.freakuence.nl\/de\/produkt\/hegel-p30a\/","name":"Hegel P30A | Freakuence!","isPartOf":{"@id":"https:\/\/dev.freakuence.nl\/de\/#website"},"primaryImageOfPage":{"@id":"https:\/\/dev.freakuence.nl\/de\/produkt\/hegel-p30a\/#primaryimage"},"image":{"@id":"https:\/\/dev.freakuence.nl\/de\/produkt\/hegel-p30a\/#primaryimage"},"thumbnailUrl":"https:\/\/dev.freakuence.nl\/wp-content\/uploads\/2025\/09\/1754318844-IMG7384-scaled.jpg","datePublished":"2025-08-06T09:00:36+00:00","dateModified":"2026-03-20T06:22:43+00:00","breadcrumb":{"@id":"https:\/\/dev.freakuence.nl\/de\/produkt\/hegel-p30a\/#breadcrumb"},"inLanguage":"de","potentialAction":[{"@type":"ReadAction","target":["https:\/\/dev.freakuence.nl\/de\/produkt\/hegel-p30a\/"]}]},{"@type":"ImageObject","inLanguage":"de","@id":"https:\/\/dev.freakuence.nl\/de\/produkt\/hegel-p30a\/#primaryimage","url":"https:\/\/dev.freakuence.nl\/wp-content\/uploads\/2025\/09\/1754318844-IMG7384-scaled.jpg","contentUrl":"https:\/\/dev.freakuence.nl\/wp-content\/uploads\/2025\/09\/1754318844-IMG7384-scaled.jpg","width":1800,"height":1200},{"@type":"BreadcrumbList","@id":"https:\/\/dev.freakuence.nl\/de\/produkt\/hegel-p30a\/#breadcrumb","itemListElement":[{"@type":"ListItem","position":1,"name":"Startseite","item":"https:\/\/dev.freakuence.nl\/de\/"},{"@type":"ListItem","position":2,"name":"Products","item":"https:\/\/dev.freakuence.nl\/en\/products\/"},{"@type":"ListItem","position":3,"name":"Hegel P30A"}]},{"@type":"WebSite","@id":"https:\/\/dev.freakuence.nl\/de\/#website","url":"https:\/\/dev.freakuence.nl\/de\/","name":"Freakuence!","description":"Freakuence!","alternateName":"Freakuence","potentialAction":[{"@type":"SearchAction","target":{"@type":"EntryPoint","urlTemplate":"https:\/\/dev.freakuence.nl\/de\/?s={search_term_string}"},"query-input":{"@type":"PropertyValueSpecification","valueRequired":true,"valueName":"search_term_string"}}],"inLanguage":"de"}]}},"_links":{"self":[{"href":"https:\/\/dev.freakuence.nl\/de\/wp-json\/wp\/v2\/product\/307911","targetHints":{"allow":["GET"]}}],"collection":[{"href":"https:\/\/dev.freakuence.nl\/de\/wp-json\/wp\/v2\/product"}],"about":[{"href":"https:\/\/dev.freakuence.nl\/de\/wp-json\/wp\/v2\/types\/product"}],"version-history":[{"count":0,"href":"https:\/\/dev.freakuence.nl\/de\/wp-json\/wp\/v2\/product\/307911\/revisions"}],"wp:featuredmedia":[{"embeddable":true,"href":"https:\/\/dev.freakuence.nl\/de\/wp-json\/wp\/v2\/media\/307912"}],"wp:attachment":[{"href":"https:\/\/dev.freakuence.nl\/de\/wp-json\/wp\/v2\/media?parent=307911"}],"wp:term":[{"taxonomy":"product_brand","embeddable":true,"href":"https:\/\/dev.freakuence.nl\/de\/wp-json\/wp\/v2\/product_brand?post=307911"},{"taxonomy":"product_cat","embeddable":true,"href":"https:\/\/dev.freakuence.nl\/de\/wp-json\/wp\/v2\/product_cat?post=307911"},{"taxonomy":"product_tag","embeddable":true,"href":"https:\/\/dev.freakuence.nl\/de\/wp-json\/wp\/v2\/product_tag?post=307911"}],"curies":[{"name":"wp","href":"https:\/\/api.w.org\/{rel}","templated":true}]}}