{"id":307919,"date":"2025-08-06T11:52:27","date_gmt":"2025-08-06T09:52:27","guid":{"rendered":"https:\/\/dev.freakuence.nl\/product\/guru-28\/"},"modified":"2026-03-20T07:23:25","modified_gmt":"2026-03-20T06:23:25","slug":"guru-28","status":"publish","type":"product","link":"https:\/\/dev.freakuence.nl\/de\/produkt\/guru-28\/","title":{"rendered":"Guru 28"},"content":{"rendered":"<div class=\"product-specifications-list\">\n<div class=\"specification-item row-even\"><span class=\"spec-content\"><strong>Beschreibung Freakuence!<\/strong><\/span><\/div>\n<div class=\"specification-item row-odd\"><span class=\"spec-content\"><\/p>\n<p>Dieses Set l\u00e4sst Sie h\u00f6ren, was Sie h\u00f6ren wollen. Keine Tricks, rein wie es sein sollte. Alles klingt dicht, sch\u00f6n ausgewogen und mit einer besonderen Offenheit. Das Beste? Nat\u00fcrlich nicht&#8230; aber sehr sch\u00f6n in dieser Preisklasse. Die niedrigen Einheiten und der Port auf der R\u00fcckseite sorgen f\u00fcr \u00fcberraschende Freunde. Auch sch\u00f6n.       \ud83d\ude42<\/p>\n<p><\/span><\/div>\n<div class=\"specification-item row-even\"><span class=\"spec-content\"><strong>Details<\/strong><\/span><\/div>\n<div class=\"specification-item row-odd\"><span class=\"spec-content\">Ladenpreis: 4400.00<\/span><\/div>\n<div class=\"specification-item row-even\"><span class=\"spec-content\"><strong>Geschichte der Marke<\/strong><\/span><\/div>\n<div class=\"specification-item row-odd\"><span class=\"spec-content\"><\/p>\n<p>Guru ist ein schwedisches Unternehmen mit Sitz in Stockholm. Es entwirft und fertigt Lautsprecher, wobei alle wichtigen Komponenten im eigenen Haus oder unter strenger Aufsicht in Europa hergestellt werden. Die Produkte werden nach den hohen Standards gebaut, f\u00fcr die skandinavische Hersteller bekannt sind. Die Guru-Lautsprecher sind f\u00fcr die Aufstellung in der N\u00e4he oder an der R\u00fcckwand konzipiert und nutzen die Eigenschaften des Raums, um eine hohe Empfindlichkeit und Basswiedergabe zu erreichen. Sie haben eine geringe Phasenverzerrung und erzeugen ein Sweet Field anstelle eines Sweet Spots, so dass mehrere Personen im Raum die Klangwiedergabe genie\u00dfen k\u00f6nnen. Die Lautsprecher behalten die korrekte H\u00f6he des Klangbildes bei, unabh\u00e4ngig davon, ob der Zuh\u00f6rer sitzt oder steht.     <\/p>\n<p><\/span><\/div>\n<\/div>\n","protected":false},"excerpt":{"rendered":"<p>Beschreibung Freakuence! Dieses Set l\u00e4sst Sie h\u00f6ren, was Sie h\u00f6ren wollen. Keine Tricks, rein wie es sein sollte. Alles klingt dicht, sch\u00f6n ausgewogen und mit einer besonderen Offenheit. Das Beste? Nat\u00fcrlich nicht&#8230; aber sehr sch\u00f6n in dieser Preisklasse. Die niedrigen Einheiten und der Port auf der R\u00fcckseite sorgen f\u00fcr \u00fcberraschende Freunde. Auch sch\u00f6n. \ud83d\ude42 Details [&hellip;]<\/p>\n","protected":false},"featured_media":307920,"template":"","meta":{"_acf_changed":false,"inline_featured_image":false},"product_brand":[],"product_cat":[553],"product_tag":[574],"class_list":{"0":"post-307919","1":"product","2":"type-product","3":"status-publish","4":"has-post-thumbnail","6":"product_cat-redner","7":"product_tag-freakdemo","9":"first","10":"instock","11":"taxable","12":"shipping-taxable","13":"purchasable","14":"product-type-simple"},"acf":[],"yoast_head":"<!-- This site is optimized with the Yoast SEO plugin v25.9 - https:\/\/yoast.com\/wordpress\/plugins\/seo\/ -->\n<title>Guru 28 | Freakuence!<\/title>\n<meta name=\"robots\" content=\"noindex, follow, max-snippet:-1, max-image-preview:large, max-video-preview:-1\" \/>\n<meta property=\"og:locale\" content=\"de_DE\" \/>\n<meta property=\"og:type\" content=\"article\" \/>\n<meta property=\"og:title\" content=\"Guru 28 | Freakuence!\" \/>\n<meta property=\"og:description\" content=\"Beschreibung Freakuence! Dieses Set l\u00e4sst Sie h\u00f6ren, was Sie h\u00f6ren wollen. Keine Tricks, rein wie es sein sollte. Alles klingt dicht, sch\u00f6n ausgewogen und mit einer besonderen Offenheit. Das Beste? Nat\u00fcrlich nicht&#8230; aber sehr sch\u00f6n in dieser Preisklasse. Die niedrigen Einheiten und der Port auf der R\u00fcckseite sorgen f\u00fcr \u00fcberraschende Freunde. Auch sch\u00f6n. \ud83d\ude42 Details [&hellip;]\" \/>\n<meta property=\"og:url\" content=\"https:\/\/dev.freakuence.nl\/de\/produkt\/guru-28\/\" \/>\n<meta property=\"og:site_name\" content=\"Freakuence!\" \/>\n<meta property=\"article:modified_time\" content=\"2026-03-20T06:23:25+00:00\" \/>\n<meta property=\"og:image\" content=\"https:\/\/dev.freakuence.nl\/wp-content\/uploads\/2025\/09\/1754130347-IMG7586-scaled.jpg\" \/>\n\t<meta property=\"og:image:width\" content=\"1200\" \/>\n\t<meta property=\"og:image:height\" content=\"1800\" \/>\n\t<meta property=\"og:image:type\" content=\"image\/jpeg\" \/>\n<meta name=\"twitter:card\" content=\"summary_large_image\" \/>\n<script type=\"application\/ld+json\" class=\"yoast-schema-graph\">{\"@context\":\"https:\/\/schema.org\",\"@graph\":[{\"@type\":\"WebPage\",\"@id\":\"https:\/\/dev.freakuence.nl\/de\/produkt\/guru-28\/\",\"url\":\"https:\/\/dev.freakuence.nl\/de\/produkt\/guru-28\/\",\"name\":\"Guru 28 | Freakuence!\",\"isPartOf\":{\"@id\":\"https:\/\/dev.freakuence.nl\/de\/#website\"},\"primaryImageOfPage\":{\"@id\":\"https:\/\/dev.freakuence.nl\/de\/produkt\/guru-28\/#primaryimage\"},\"image\":{\"@id\":\"https:\/\/dev.freakuence.nl\/de\/produkt\/guru-28\/#primaryimage\"},\"thumbnailUrl\":\"https:\/\/dev.freakuence.nl\/wp-content\/uploads\/2025\/09\/1754130347-IMG7586-scaled.jpg\",\"datePublished\":\"2025-08-06T09:52:27+00:00\",\"dateModified\":\"2026-03-20T06:23:25+00:00\",\"breadcrumb\":{\"@id\":\"https:\/\/dev.freakuence.nl\/de\/produkt\/guru-28\/#breadcrumb\"},\"inLanguage\":\"de\",\"potentialAction\":[{\"@type\":\"ReadAction\",\"target\":[\"https:\/\/dev.freakuence.nl\/de\/produkt\/guru-28\/\"]}]},{\"@type\":\"ImageObject\",\"inLanguage\":\"de\",\"@id\":\"https:\/\/dev.freakuence.nl\/de\/produkt\/guru-28\/#primaryimage\",\"url\":\"https:\/\/dev.freakuence.nl\/wp-content\/uploads\/2025\/09\/1754130347-IMG7586-scaled.jpg\",\"contentUrl\":\"https:\/\/dev.freakuence.nl\/wp-content\/uploads\/2025\/09\/1754130347-IMG7586-scaled.jpg\",\"width\":1200,\"height\":1800},{\"@type\":\"BreadcrumbList\",\"@id\":\"https:\/\/dev.freakuence.nl\/de\/produkt\/guru-28\/#breadcrumb\",\"itemListElement\":[{\"@type\":\"ListItem\",\"position\":1,\"name\":\"Startseite\",\"item\":\"https:\/\/dev.freakuence.nl\/de\/\"},{\"@type\":\"ListItem\",\"position\":2,\"name\":\"Products\",\"item\":\"https:\/\/dev.freakuence.nl\/en\/products\/\"},{\"@type\":\"ListItem\",\"position\":3,\"name\":\"Guru 28\"}]},{\"@type\":\"WebSite\",\"@id\":\"https:\/\/dev.freakuence.nl\/de\/#website\",\"url\":\"https:\/\/dev.freakuence.nl\/de\/\",\"name\":\"Freakuence!\",\"description\":\"Freakuence!\",\"alternateName\":\"Freakuence\",\"potentialAction\":[{\"@type\":\"SearchAction\",\"target\":{\"@type\":\"EntryPoint\",\"urlTemplate\":\"https:\/\/dev.freakuence.nl\/de\/?s={search_term_string}\"},\"query-input\":{\"@type\":\"PropertyValueSpecification\",\"valueRequired\":true,\"valueName\":\"search_term_string\"}}],\"inLanguage\":\"de\"}]}<\/script>\n<!-- \/ Yoast SEO plugin. -->","yoast_head_json":{"title":"Guru 28 | Freakuence!","robots":{"index":"noindex","follow":"follow","max-snippet":"max-snippet:-1","max-image-preview":"max-image-preview:large","max-video-preview":"max-video-preview:-1"},"og_locale":"de_DE","og_type":"article","og_title":"Guru 28 | Freakuence!","og_description":"Beschreibung Freakuence! Dieses Set l\u00e4sst Sie h\u00f6ren, was Sie h\u00f6ren wollen. Keine Tricks, rein wie es sein sollte. Alles klingt dicht, sch\u00f6n ausgewogen und mit einer besonderen Offenheit. Das Beste? Nat\u00fcrlich nicht&#8230; aber sehr sch\u00f6n in dieser Preisklasse. Die niedrigen Einheiten und der Port auf der R\u00fcckseite sorgen f\u00fcr \u00fcberraschende Freunde. Auch sch\u00f6n. \ud83d\ude42 Details [&hellip;]","og_url":"https:\/\/dev.freakuence.nl\/de\/produkt\/guru-28\/","og_site_name":"Freakuence!","article_modified_time":"2026-03-20T06:23:25+00:00","og_image":[{"width":1200,"height":1800,"url":"https:\/\/dev.freakuence.nl\/wp-content\/uploads\/2025\/09\/1754130347-IMG7586-scaled.jpg","type":"image\/jpeg"}],"twitter_card":"summary_large_image","schema":{"@context":"https:\/\/schema.org","@graph":[{"@type":"WebPage","@id":"https:\/\/dev.freakuence.nl\/de\/produkt\/guru-28\/","url":"https:\/\/dev.freakuence.nl\/de\/produkt\/guru-28\/","name":"Guru 28 | Freakuence!","isPartOf":{"@id":"https:\/\/dev.freakuence.nl\/de\/#website"},"primaryImageOfPage":{"@id":"https:\/\/dev.freakuence.nl\/de\/produkt\/guru-28\/#primaryimage"},"image":{"@id":"https:\/\/dev.freakuence.nl\/de\/produkt\/guru-28\/#primaryimage"},"thumbnailUrl":"https:\/\/dev.freakuence.nl\/wp-content\/uploads\/2025\/09\/1754130347-IMG7586-scaled.jpg","datePublished":"2025-08-06T09:52:27+00:00","dateModified":"2026-03-20T06:23:25+00:00","breadcrumb":{"@id":"https:\/\/dev.freakuence.nl\/de\/produkt\/guru-28\/#breadcrumb"},"inLanguage":"de","potentialAction":[{"@type":"ReadAction","target":["https:\/\/dev.freakuence.nl\/de\/produkt\/guru-28\/"]}]},{"@type":"ImageObject","inLanguage":"de","@id":"https:\/\/dev.freakuence.nl\/de\/produkt\/guru-28\/#primaryimage","url":"https:\/\/dev.freakuence.nl\/wp-content\/uploads\/2025\/09\/1754130347-IMG7586-scaled.jpg","contentUrl":"https:\/\/dev.freakuence.nl\/wp-content\/uploads\/2025\/09\/1754130347-IMG7586-scaled.jpg","width":1200,"height":1800},{"@type":"BreadcrumbList","@id":"https:\/\/dev.freakuence.nl\/de\/produkt\/guru-28\/#breadcrumb","itemListElement":[{"@type":"ListItem","position":1,"name":"Startseite","item":"https:\/\/dev.freakuence.nl\/de\/"},{"@type":"ListItem","position":2,"name":"Products","item":"https:\/\/dev.freakuence.nl\/en\/products\/"},{"@type":"ListItem","position":3,"name":"Guru 28"}]},{"@type":"WebSite","@id":"https:\/\/dev.freakuence.nl\/de\/#website","url":"https:\/\/dev.freakuence.nl\/de\/","name":"Freakuence!","description":"Freakuence!","alternateName":"Freakuence","potentialAction":[{"@type":"SearchAction","target":{"@type":"EntryPoint","urlTemplate":"https:\/\/dev.freakuence.nl\/de\/?s={search_term_string}"},"query-input":{"@type":"PropertyValueSpecification","valueRequired":true,"valueName":"search_term_string"}}],"inLanguage":"de"}]}},"_links":{"self":[{"href":"https:\/\/dev.freakuence.nl\/de\/wp-json\/wp\/v2\/product\/307919","targetHints":{"allow":["GET"]}}],"collection":[{"href":"https:\/\/dev.freakuence.nl\/de\/wp-json\/wp\/v2\/product"}],"about":[{"href":"https:\/\/dev.freakuence.nl\/de\/wp-json\/wp\/v2\/types\/product"}],"version-history":[{"count":0,"href":"https:\/\/dev.freakuence.nl\/de\/wp-json\/wp\/v2\/product\/307919\/revisions"}],"wp:featuredmedia":[{"embeddable":true,"href":"https:\/\/dev.freakuence.nl\/de\/wp-json\/wp\/v2\/media\/307920"}],"wp:attachment":[{"href":"https:\/\/dev.freakuence.nl\/de\/wp-json\/wp\/v2\/media?parent=307919"}],"wp:term":[{"taxonomy":"product_brand","embeddable":true,"href":"https:\/\/dev.freakuence.nl\/de\/wp-json\/wp\/v2\/product_brand?post=307919"},{"taxonomy":"product_cat","embeddable":true,"href":"https:\/\/dev.freakuence.nl\/de\/wp-json\/wp\/v2\/product_cat?post=307919"},{"taxonomy":"product_tag","embeddable":true,"href":"https:\/\/dev.freakuence.nl\/de\/wp-json\/wp\/v2\/product_tag?post=307919"}],"curies":[{"name":"wp","href":"https:\/\/api.w.org\/{rel}","templated":true}]}}