{"id":308132,"date":"2025-08-06T11:49:41","date_gmt":"2025-08-06T09:49:41","guid":{"rendered":"https:\/\/dev.freakuence.nl\/product\/gold-note-psu-10\/"},"modified":"2026-03-20T07:23:54","modified_gmt":"2026-03-20T06:23:54","slug":"gold-note-psu-10","status":"publish","type":"product","link":"https:\/\/dev.freakuence.nl\/de\/produkt\/gold-note-psu-10\/","title":{"rendered":"Gold Note PSU-10"},"content":{"rendered":"<div class=\"product-specifications-list\">\n<div class=\"specification-item row-even\"><span class=\"spec-content\"><strong>Beschreibung Freakuence!<\/strong><\/span><\/div>\n<div class=\"specification-item row-odd\"><span class=\"spec-content\"><\/p>\n<p>Eine sch\u00f6ne Erg\u00e4nzung f\u00fcr den PH-10. Bitte beachten Sie, dass der Preis f\u00fcr die Kombination g\u00fcnstiger ist! <\/span><\/div>\n<div class=\"specification-item row-even\"><span class=\"spec-content\">Auch in Silber und Gold erh\u00e4ltlich.<\/p>\n<p><\/span><\/div>\n<div class=\"specification-item row-odd\"><span class=\"spec-content\"><strong>Details<\/strong><\/span><\/div>\n<div class=\"specification-item row-even\"><span class=\"spec-content\">Einzelhandelspreis: 1100.00<\/span><\/div>\n<div class=\"specification-item row-odd\"><span class=\"spec-content\"><strong>Geschichte der Marke<\/strong><\/span><\/div>\n<div class=\"specification-item row-even\"><span class=\"spec-content\"><\/p>\n<p>Gold Note ist ein italienisches Unternehmen, das sich auf die Herstellung hochwertiger Audioger\u00e4te spezialisiert hat. Das Unternehmen mit Sitz in Montespertoli, in der N\u00e4he von Florenz, verbindet traditionelle Handwerkskunst mit moderner Technologie. Die Produktpalette umfasst Plattenspieler, Verst\u00e4rker und Lautsprecher. Gold Note ist bestrebt, Produkte zu entwickeln, die sowohl \u00e4sthetisch ansprechend als auch funktional sind, und achtet dabei auf Details und Qualit\u00e4t. Das Unternehmen hat sich den Ruf erworben, zuverl\u00e4ssige und langlebige Ger\u00e4te zu liefern.    <\/p>\n<p><\/span><\/div>\n<\/div>\n","protected":false},"excerpt":{"rendered":"<p>Beschreibung Freakuence! Eine sch\u00f6ne Erg\u00e4nzung f\u00fcr den PH-10. Bitte beachten Sie, dass der Preis f\u00fcr die Kombination g\u00fcnstiger ist! Auch in Silber und Gold erh\u00e4ltlich. Details Einzelhandelspreis: 1100.00 Geschichte der Marke Gold Note ist ein italienisches Unternehmen, das sich auf die Herstellung hochwertiger Audioger\u00e4te spezialisiert hat. Das Unternehmen mit Sitz in Montespertoli, in der N\u00e4he [&hellip;]<\/p>\n","protected":false},"featured_media":308133,"template":"","meta":{"_acf_changed":false,"inline_featured_image":false},"product_brand":[],"product_cat":[601],"product_tag":[577],"class_list":{"0":"post-308132","1":"product","2":"type-product","3":"status-publish","4":"has-post-thumbnail","6":"product_cat-lineare-stromversorgung","7":"product_tag-neu","8":"pa_kleur-schwarz","10":"first","11":"instock","12":"purchasable","13":"product-type-simple"},"acf":[],"yoast_head":"<!-- This site is optimized with the Yoast SEO plugin v25.9 - https:\/\/yoast.com\/wordpress\/plugins\/seo\/ -->\n<title>Gold Note PSU-10 | Freakuence!<\/title>\n<meta name=\"robots\" content=\"noindex, follow, max-snippet:-1, max-image-preview:large, max-video-preview:-1\" \/>\n<meta property=\"og:locale\" content=\"de_DE\" \/>\n<meta property=\"og:type\" content=\"article\" \/>\n<meta property=\"og:title\" content=\"Gold Note PSU-10 | Freakuence!\" \/>\n<meta property=\"og:description\" content=\"Beschreibung Freakuence! Eine sch\u00f6ne Erg\u00e4nzung f\u00fcr den PH-10. Bitte beachten Sie, dass der Preis f\u00fcr die Kombination g\u00fcnstiger ist! Auch in Silber und Gold erh\u00e4ltlich. Details Einzelhandelspreis: 1100.00 Geschichte der Marke Gold Note ist ein italienisches Unternehmen, das sich auf die Herstellung hochwertiger Audioger\u00e4te spezialisiert hat. Das Unternehmen mit Sitz in Montespertoli, in der N\u00e4he [&hellip;]\" \/>\n<meta property=\"og:url\" content=\"https:\/\/dev.freakuence.nl\/de\/produkt\/gold-note-psu-10\/\" \/>\n<meta property=\"og:site_name\" content=\"Freakuence!\" \/>\n<meta property=\"article:modified_time\" content=\"2026-03-20T06:23:54+00:00\" \/>\n<meta property=\"og:image\" content=\"https:\/\/dev.freakuence.nl\/wp-content\/uploads\/2025\/09\/1754473725-IMG7071-scaled.jpg\" \/>\n\t<meta property=\"og:image:width\" content=\"1800\" \/>\n\t<meta property=\"og:image:height\" content=\"1200\" \/>\n\t<meta property=\"og:image:type\" content=\"image\/jpeg\" \/>\n<meta name=\"twitter:card\" content=\"summary_large_image\" \/>\n<script type=\"application\/ld+json\" class=\"yoast-schema-graph\">{\"@context\":\"https:\/\/schema.org\",\"@graph\":[{\"@type\":\"WebPage\",\"@id\":\"https:\/\/dev.freakuence.nl\/de\/produkt\/gold-note-psu-10\/\",\"url\":\"https:\/\/dev.freakuence.nl\/de\/produkt\/gold-note-psu-10\/\",\"name\":\"Gold Note PSU-10 | Freakuence!\",\"isPartOf\":{\"@id\":\"https:\/\/dev.freakuence.nl\/de\/#website\"},\"primaryImageOfPage\":{\"@id\":\"https:\/\/dev.freakuence.nl\/de\/produkt\/gold-note-psu-10\/#primaryimage\"},\"image\":{\"@id\":\"https:\/\/dev.freakuence.nl\/de\/produkt\/gold-note-psu-10\/#primaryimage\"},\"thumbnailUrl\":\"https:\/\/dev.freakuence.nl\/wp-content\/uploads\/2025\/09\/1754473725-IMG7071-scaled.jpg\",\"datePublished\":\"2025-08-06T09:49:41+00:00\",\"dateModified\":\"2026-03-20T06:23:54+00:00\",\"breadcrumb\":{\"@id\":\"https:\/\/dev.freakuence.nl\/de\/produkt\/gold-note-psu-10\/#breadcrumb\"},\"inLanguage\":\"de\",\"potentialAction\":[{\"@type\":\"ReadAction\",\"target\":[\"https:\/\/dev.freakuence.nl\/de\/produkt\/gold-note-psu-10\/\"]}]},{\"@type\":\"ImageObject\",\"inLanguage\":\"de\",\"@id\":\"https:\/\/dev.freakuence.nl\/de\/produkt\/gold-note-psu-10\/#primaryimage\",\"url\":\"https:\/\/dev.freakuence.nl\/wp-content\/uploads\/2025\/09\/1754473725-IMG7071-scaled.jpg\",\"contentUrl\":\"https:\/\/dev.freakuence.nl\/wp-content\/uploads\/2025\/09\/1754473725-IMG7071-scaled.jpg\",\"width\":1800,\"height\":1200},{\"@type\":\"BreadcrumbList\",\"@id\":\"https:\/\/dev.freakuence.nl\/de\/produkt\/gold-note-psu-10\/#breadcrumb\",\"itemListElement\":[{\"@type\":\"ListItem\",\"position\":1,\"name\":\"Startseite\",\"item\":\"https:\/\/dev.freakuence.nl\/de\/\"},{\"@type\":\"ListItem\",\"position\":2,\"name\":\"Products\",\"item\":\"https:\/\/dev.freakuence.nl\/en\/products\/\"},{\"@type\":\"ListItem\",\"position\":3,\"name\":\"Gold Note PSU-10\"}]},{\"@type\":\"WebSite\",\"@id\":\"https:\/\/dev.freakuence.nl\/de\/#website\",\"url\":\"https:\/\/dev.freakuence.nl\/de\/\",\"name\":\"Freakuence!\",\"description\":\"Freakuence!\",\"alternateName\":\"Freakuence\",\"potentialAction\":[{\"@type\":\"SearchAction\",\"target\":{\"@type\":\"EntryPoint\",\"urlTemplate\":\"https:\/\/dev.freakuence.nl\/de\/?s={search_term_string}\"},\"query-input\":{\"@type\":\"PropertyValueSpecification\",\"valueRequired\":true,\"valueName\":\"search_term_string\"}}],\"inLanguage\":\"de\"}]}<\/script>\n<!-- \/ Yoast SEO plugin. -->","yoast_head_json":{"title":"Gold Note PSU-10 | Freakuence!","robots":{"index":"noindex","follow":"follow","max-snippet":"max-snippet:-1","max-image-preview":"max-image-preview:large","max-video-preview":"max-video-preview:-1"},"og_locale":"de_DE","og_type":"article","og_title":"Gold Note PSU-10 | Freakuence!","og_description":"Beschreibung Freakuence! Eine sch\u00f6ne Erg\u00e4nzung f\u00fcr den PH-10. Bitte beachten Sie, dass der Preis f\u00fcr die Kombination g\u00fcnstiger ist! Auch in Silber und Gold erh\u00e4ltlich. Details Einzelhandelspreis: 1100.00 Geschichte der Marke Gold Note ist ein italienisches Unternehmen, das sich auf die Herstellung hochwertiger Audioger\u00e4te spezialisiert hat. Das Unternehmen mit Sitz in Montespertoli, in der N\u00e4he [&hellip;]","og_url":"https:\/\/dev.freakuence.nl\/de\/produkt\/gold-note-psu-10\/","og_site_name":"Freakuence!","article_modified_time":"2026-03-20T06:23:54+00:00","og_image":[{"width":1800,"height":1200,"url":"https:\/\/dev.freakuence.nl\/wp-content\/uploads\/2025\/09\/1754473725-IMG7071-scaled.jpg","type":"image\/jpeg"}],"twitter_card":"summary_large_image","schema":{"@context":"https:\/\/schema.org","@graph":[{"@type":"WebPage","@id":"https:\/\/dev.freakuence.nl\/de\/produkt\/gold-note-psu-10\/","url":"https:\/\/dev.freakuence.nl\/de\/produkt\/gold-note-psu-10\/","name":"Gold Note PSU-10 | Freakuence!","isPartOf":{"@id":"https:\/\/dev.freakuence.nl\/de\/#website"},"primaryImageOfPage":{"@id":"https:\/\/dev.freakuence.nl\/de\/produkt\/gold-note-psu-10\/#primaryimage"},"image":{"@id":"https:\/\/dev.freakuence.nl\/de\/produkt\/gold-note-psu-10\/#primaryimage"},"thumbnailUrl":"https:\/\/dev.freakuence.nl\/wp-content\/uploads\/2025\/09\/1754473725-IMG7071-scaled.jpg","datePublished":"2025-08-06T09:49:41+00:00","dateModified":"2026-03-20T06:23:54+00:00","breadcrumb":{"@id":"https:\/\/dev.freakuence.nl\/de\/produkt\/gold-note-psu-10\/#breadcrumb"},"inLanguage":"de","potentialAction":[{"@type":"ReadAction","target":["https:\/\/dev.freakuence.nl\/de\/produkt\/gold-note-psu-10\/"]}]},{"@type":"ImageObject","inLanguage":"de","@id":"https:\/\/dev.freakuence.nl\/de\/produkt\/gold-note-psu-10\/#primaryimage","url":"https:\/\/dev.freakuence.nl\/wp-content\/uploads\/2025\/09\/1754473725-IMG7071-scaled.jpg","contentUrl":"https:\/\/dev.freakuence.nl\/wp-content\/uploads\/2025\/09\/1754473725-IMG7071-scaled.jpg","width":1800,"height":1200},{"@type":"BreadcrumbList","@id":"https:\/\/dev.freakuence.nl\/de\/produkt\/gold-note-psu-10\/#breadcrumb","itemListElement":[{"@type":"ListItem","position":1,"name":"Startseite","item":"https:\/\/dev.freakuence.nl\/de\/"},{"@type":"ListItem","position":2,"name":"Products","item":"https:\/\/dev.freakuence.nl\/en\/products\/"},{"@type":"ListItem","position":3,"name":"Gold Note PSU-10"}]},{"@type":"WebSite","@id":"https:\/\/dev.freakuence.nl\/de\/#website","url":"https:\/\/dev.freakuence.nl\/de\/","name":"Freakuence!","description":"Freakuence!","alternateName":"Freakuence","potentialAction":[{"@type":"SearchAction","target":{"@type":"EntryPoint","urlTemplate":"https:\/\/dev.freakuence.nl\/de\/?s={search_term_string}"},"query-input":{"@type":"PropertyValueSpecification","valueRequired":true,"valueName":"search_term_string"}}],"inLanguage":"de"}]}},"_links":{"self":[{"href":"https:\/\/dev.freakuence.nl\/de\/wp-json\/wp\/v2\/product\/308132","targetHints":{"allow":["GET"]}}],"collection":[{"href":"https:\/\/dev.freakuence.nl\/de\/wp-json\/wp\/v2\/product"}],"about":[{"href":"https:\/\/dev.freakuence.nl\/de\/wp-json\/wp\/v2\/types\/product"}],"version-history":[{"count":0,"href":"https:\/\/dev.freakuence.nl\/de\/wp-json\/wp\/v2\/product\/308132\/revisions"}],"wp:featuredmedia":[{"embeddable":true,"href":"https:\/\/dev.freakuence.nl\/de\/wp-json\/wp\/v2\/media\/308133"}],"wp:attachment":[{"href":"https:\/\/dev.freakuence.nl\/de\/wp-json\/wp\/v2\/media?parent=308132"}],"wp:term":[{"taxonomy":"product_brand","embeddable":true,"href":"https:\/\/dev.freakuence.nl\/de\/wp-json\/wp\/v2\/product_brand?post=308132"},{"taxonomy":"product_cat","embeddable":true,"href":"https:\/\/dev.freakuence.nl\/de\/wp-json\/wp\/v2\/product_cat?post=308132"},{"taxonomy":"product_tag","embeddable":true,"href":"https:\/\/dev.freakuence.nl\/de\/wp-json\/wp\/v2\/product_tag?post=308132"}],"curies":[{"name":"wp","href":"https:\/\/api.w.org\/{rel}","templated":true}]}}