{"id":308244,"date":"2025-08-06T12:32:16","date_gmt":"2025-08-06T10:32:16","guid":{"rendered":"https:\/\/dev.freakuence.nl\/product\/nuprime-evolution-dac\/"},"modified":"2026-03-20T07:24:01","modified_gmt":"2026-03-20T06:24:01","slug":"nuprime-evolution-dac","status":"publish","type":"product","link":"https:\/\/dev.freakuence.nl\/de\/produkt\/nuprime-evolution-dac\/","title":{"rendered":"NuPrime Evolution DAC"},"content":{"rendered":"<div class=\"product-specifications-list\">\n<div class=\"specification-item row-even\"><span class=\"spec-content\"><strong>Beschreibung Freakuence!<\/strong><\/span><\/div>\n<div class=\"specification-item row-odd\"><span class=\"spec-content\"><\/p>\n<p>M\u00e4chtige Sache! Autorit\u00e4t. Die Schicht ist erhaben, der Rest kann auch so genannt werden. Sie haben das wundersch\u00f6n gemacht. Genau wie ihre Verst\u00e4rker voll im Mitteltonbereich.    <\/p>\n<p><\/span><\/div>\n<div class=\"specification-item row-even\"><span class=\"spec-content\"><strong>Details<\/strong><\/span><\/div>\n<div class=\"specification-item row-odd\"><span class=\"spec-content\"><\/p>\n<p>Demo-Modell aus dem Importeur.<\/p>\n<p><\/span><\/div>\n<div class=\"specification-item row-even\"><span class=\"spec-content\"><strong>Hintergrundinformationen<\/strong><\/span><\/div>\n<div class=\"specification-item row-odd\"><span class=\"spec-content\"><\/p>\n<p>Der NuPrime ST-10M ist ein Mono-Endverst\u00e4rker, der auf dem patentierten Class-A+D-Design von NuPrime basiert. Er kombiniert die W\u00e4rme und Musikalit\u00e4t von Class A mit der Effizienz von Class D. Der ST-10M verwendet hochwertige Komponenten wie ein ma\u00dfgeschneidertes Netzteil und speziell entwickelte Schaltkreise f\u00fcr extrem niedrige Verzerrungen und Rauschen. Das Geh\u00e4use besteht aus CNC-gefr\u00e4stem Aluminium f\u00fcr optimale Vibrationsd\u00e4mpfung. Entwickelt vom NuPrime-Ingenieurteam unter der Leitung von Jason Lim, mit dem Schwerpunkt auf Neutralit\u00e4t, Geschwindigkeit und Dynamik.   <\/p>\n<p><\/span><\/div>\n<div class=\"specification-item row-even\"><span class=\"spec-content\"><strong>Geschichte der Marke<\/strong><\/span><\/div>\n<div class=\"specification-item row-odd\"><span class=\"spec-content\"><\/p>\n<p>NuPrime wurde 2014 von Jason Lim, dem ehemaligen Mitbegr\u00fcnder von NuForce, gegr\u00fcndet. Das Unternehmen konzentriert sich auf die Entwicklung hochwertiger Audioger\u00e4te. Im Jahr 2015 stellte NuPrime den IDA-16 vor, einen Vollverst\u00e4rker mit DAC-Funktionalit\u00e4t. Im Jahr 2017 erweiterte das Unternehmen seine Produktlinie um die Evolution-Serie, zu der auch die Mono-Endstufe Evolution One geh\u00f6rt. 2018 f\u00fchrte NuPrime die AMG-Serie mit Produkten wie dem Stereo-Endverst\u00e4rker AMG STA ein. Im Jahr 2020 f\u00fchrte das Unternehmen die Omnia-Serie ein, die sich auf drahtlose Streaming-L\u00f6sungen konzentriert. NuPrime erweitert sein Sortiment weiterhin um verschiedene Audioger\u00e4te.      <\/p>\n<p><\/span><\/div>\n<\/div>\n","protected":false},"excerpt":{"rendered":"<p>Beschreibung Freakuence! M\u00e4chtige Sache! Autorit\u00e4t. Die Schicht ist erhaben, der Rest kann auch so genannt werden. Sie haben das wundersch\u00f6n gemacht. Genau wie ihre Verst\u00e4rker voll im Mitteltonbereich. Details Demo-Modell aus dem Importeur. Hintergrundinformationen Der NuPrime ST-10M ist ein Mono-Endverst\u00e4rker, der auf dem patentierten Class-A+D-Design von NuPrime basiert. Er kombiniert die W\u00e4rme und Musikalit\u00e4t von [&hellip;]<\/p>\n","protected":false},"featured_media":308245,"template":"","meta":{"_acf_changed":false,"inline_featured_image":false},"product_brand":[],"product_cat":[594],"product_tag":[593],"class_list":{"0":"post-308244","1":"product","2":"type-product","3":"status-publish","4":"has-post-thumbnail","6":"product_cat-dac-streamer","7":"product_tag-demo","8":"pa_kleur-schwarz","10":"first","11":"instock","12":"taxable","13":"shipping-taxable","14":"purchasable","15":"product-type-simple"},"acf":[],"yoast_head":"<!-- This site is optimized with the Yoast SEO plugin v25.9 - https:\/\/yoast.com\/wordpress\/plugins\/seo\/ -->\n<title>NuPrime Evolution DAC | Freakuence!<\/title>\n<meta name=\"robots\" content=\"noindex, follow, max-snippet:-1, max-image-preview:large, max-video-preview:-1\" \/>\n<meta property=\"og:locale\" content=\"de_DE\" \/>\n<meta property=\"og:type\" content=\"article\" \/>\n<meta property=\"og:title\" content=\"NuPrime Evolution DAC | Freakuence!\" \/>\n<meta property=\"og:description\" content=\"Beschreibung Freakuence! M\u00e4chtige Sache! Autorit\u00e4t. Die Schicht ist erhaben, der Rest kann auch so genannt werden. Sie haben das wundersch\u00f6n gemacht. Genau wie ihre Verst\u00e4rker voll im Mitteltonbereich. Details Demo-Modell aus dem Importeur. Hintergrundinformationen Der NuPrime ST-10M ist ein Mono-Endverst\u00e4rker, der auf dem patentierten Class-A+D-Design von NuPrime basiert. Er kombiniert die W\u00e4rme und Musikalit\u00e4t von [&hellip;]\" \/>\n<meta property=\"og:url\" content=\"https:\/\/dev.freakuence.nl\/de\/produkt\/nuprime-evolution-dac\/\" \/>\n<meta property=\"og:site_name\" content=\"Freakuence!\" \/>\n<meta property=\"article:modified_time\" content=\"2026-03-20T06:24:01+00:00\" \/>\n<meta property=\"og:image\" content=\"https:\/\/dev.freakuence.nl\/wp-content\/uploads\/2025\/09\/1754307151-Schermafbeelding2025-08-04133039.png\" \/>\n\t<meta property=\"og:image:width\" content=\"1342\" \/>\n\t<meta property=\"og:image:height\" content=\"889\" \/>\n\t<meta property=\"og:image:type\" content=\"image\/png\" \/>\n<meta name=\"twitter:card\" content=\"summary_large_image\" \/>\n<script type=\"application\/ld+json\" class=\"yoast-schema-graph\">{\"@context\":\"https:\/\/schema.org\",\"@graph\":[{\"@type\":\"WebPage\",\"@id\":\"https:\/\/dev.freakuence.nl\/de\/produkt\/nuprime-evolution-dac\/\",\"url\":\"https:\/\/dev.freakuence.nl\/de\/produkt\/nuprime-evolution-dac\/\",\"name\":\"NuPrime Evolution DAC | Freakuence!\",\"isPartOf\":{\"@id\":\"https:\/\/dev.freakuence.nl\/de\/#website\"},\"primaryImageOfPage\":{\"@id\":\"https:\/\/dev.freakuence.nl\/de\/produkt\/nuprime-evolution-dac\/#primaryimage\"},\"image\":{\"@id\":\"https:\/\/dev.freakuence.nl\/de\/produkt\/nuprime-evolution-dac\/#primaryimage\"},\"thumbnailUrl\":\"https:\/\/dev.freakuence.nl\/wp-content\/uploads\/2025\/09\/1754307151-Schermafbeelding2025-08-04133039.png\",\"datePublished\":\"2025-08-06T10:32:16+00:00\",\"dateModified\":\"2026-03-20T06:24:01+00:00\",\"breadcrumb\":{\"@id\":\"https:\/\/dev.freakuence.nl\/de\/produkt\/nuprime-evolution-dac\/#breadcrumb\"},\"inLanguage\":\"de\",\"potentialAction\":[{\"@type\":\"ReadAction\",\"target\":[\"https:\/\/dev.freakuence.nl\/de\/produkt\/nuprime-evolution-dac\/\"]}]},{\"@type\":\"ImageObject\",\"inLanguage\":\"de\",\"@id\":\"https:\/\/dev.freakuence.nl\/de\/produkt\/nuprime-evolution-dac\/#primaryimage\",\"url\":\"https:\/\/dev.freakuence.nl\/wp-content\/uploads\/2025\/09\/1754307151-Schermafbeelding2025-08-04133039.png\",\"contentUrl\":\"https:\/\/dev.freakuence.nl\/wp-content\/uploads\/2025\/09\/1754307151-Schermafbeelding2025-08-04133039.png\",\"width\":1342,\"height\":889},{\"@type\":\"BreadcrumbList\",\"@id\":\"https:\/\/dev.freakuence.nl\/de\/produkt\/nuprime-evolution-dac\/#breadcrumb\",\"itemListElement\":[{\"@type\":\"ListItem\",\"position\":1,\"name\":\"Startseite\",\"item\":\"https:\/\/dev.freakuence.nl\/de\/\"},{\"@type\":\"ListItem\",\"position\":2,\"name\":\"Products\",\"item\":\"https:\/\/dev.freakuence.nl\/en\/products\/\"},{\"@type\":\"ListItem\",\"position\":3,\"name\":\"NuPrime Evolution DAC\"}]},{\"@type\":\"WebSite\",\"@id\":\"https:\/\/dev.freakuence.nl\/de\/#website\",\"url\":\"https:\/\/dev.freakuence.nl\/de\/\",\"name\":\"Freakuence!\",\"description\":\"Freakuence!\",\"alternateName\":\"Freakuence\",\"potentialAction\":[{\"@type\":\"SearchAction\",\"target\":{\"@type\":\"EntryPoint\",\"urlTemplate\":\"https:\/\/dev.freakuence.nl\/de\/?s={search_term_string}\"},\"query-input\":{\"@type\":\"PropertyValueSpecification\",\"valueRequired\":true,\"valueName\":\"search_term_string\"}}],\"inLanguage\":\"de\"}]}<\/script>\n<!-- \/ Yoast SEO plugin. -->","yoast_head_json":{"title":"NuPrime Evolution DAC | Freakuence!","robots":{"index":"noindex","follow":"follow","max-snippet":"max-snippet:-1","max-image-preview":"max-image-preview:large","max-video-preview":"max-video-preview:-1"},"og_locale":"de_DE","og_type":"article","og_title":"NuPrime Evolution DAC | Freakuence!","og_description":"Beschreibung Freakuence! M\u00e4chtige Sache! Autorit\u00e4t. Die Schicht ist erhaben, der Rest kann auch so genannt werden. Sie haben das wundersch\u00f6n gemacht. Genau wie ihre Verst\u00e4rker voll im Mitteltonbereich. Details Demo-Modell aus dem Importeur. Hintergrundinformationen Der NuPrime ST-10M ist ein Mono-Endverst\u00e4rker, der auf dem patentierten Class-A+D-Design von NuPrime basiert. Er kombiniert die W\u00e4rme und Musikalit\u00e4t von [&hellip;]","og_url":"https:\/\/dev.freakuence.nl\/de\/produkt\/nuprime-evolution-dac\/","og_site_name":"Freakuence!","article_modified_time":"2026-03-20T06:24:01+00:00","og_image":[{"width":1342,"height":889,"url":"https:\/\/dev.freakuence.nl\/wp-content\/uploads\/2025\/09\/1754307151-Schermafbeelding2025-08-04133039.png","type":"image\/png"}],"twitter_card":"summary_large_image","schema":{"@context":"https:\/\/schema.org","@graph":[{"@type":"WebPage","@id":"https:\/\/dev.freakuence.nl\/de\/produkt\/nuprime-evolution-dac\/","url":"https:\/\/dev.freakuence.nl\/de\/produkt\/nuprime-evolution-dac\/","name":"NuPrime Evolution DAC | Freakuence!","isPartOf":{"@id":"https:\/\/dev.freakuence.nl\/de\/#website"},"primaryImageOfPage":{"@id":"https:\/\/dev.freakuence.nl\/de\/produkt\/nuprime-evolution-dac\/#primaryimage"},"image":{"@id":"https:\/\/dev.freakuence.nl\/de\/produkt\/nuprime-evolution-dac\/#primaryimage"},"thumbnailUrl":"https:\/\/dev.freakuence.nl\/wp-content\/uploads\/2025\/09\/1754307151-Schermafbeelding2025-08-04133039.png","datePublished":"2025-08-06T10:32:16+00:00","dateModified":"2026-03-20T06:24:01+00:00","breadcrumb":{"@id":"https:\/\/dev.freakuence.nl\/de\/produkt\/nuprime-evolution-dac\/#breadcrumb"},"inLanguage":"de","potentialAction":[{"@type":"ReadAction","target":["https:\/\/dev.freakuence.nl\/de\/produkt\/nuprime-evolution-dac\/"]}]},{"@type":"ImageObject","inLanguage":"de","@id":"https:\/\/dev.freakuence.nl\/de\/produkt\/nuprime-evolution-dac\/#primaryimage","url":"https:\/\/dev.freakuence.nl\/wp-content\/uploads\/2025\/09\/1754307151-Schermafbeelding2025-08-04133039.png","contentUrl":"https:\/\/dev.freakuence.nl\/wp-content\/uploads\/2025\/09\/1754307151-Schermafbeelding2025-08-04133039.png","width":1342,"height":889},{"@type":"BreadcrumbList","@id":"https:\/\/dev.freakuence.nl\/de\/produkt\/nuprime-evolution-dac\/#breadcrumb","itemListElement":[{"@type":"ListItem","position":1,"name":"Startseite","item":"https:\/\/dev.freakuence.nl\/de\/"},{"@type":"ListItem","position":2,"name":"Products","item":"https:\/\/dev.freakuence.nl\/en\/products\/"},{"@type":"ListItem","position":3,"name":"NuPrime Evolution DAC"}]},{"@type":"WebSite","@id":"https:\/\/dev.freakuence.nl\/de\/#website","url":"https:\/\/dev.freakuence.nl\/de\/","name":"Freakuence!","description":"Freakuence!","alternateName":"Freakuence","potentialAction":[{"@type":"SearchAction","target":{"@type":"EntryPoint","urlTemplate":"https:\/\/dev.freakuence.nl\/de\/?s={search_term_string}"},"query-input":{"@type":"PropertyValueSpecification","valueRequired":true,"valueName":"search_term_string"}}],"inLanguage":"de"}]}},"_links":{"self":[{"href":"https:\/\/dev.freakuence.nl\/de\/wp-json\/wp\/v2\/product\/308244","targetHints":{"allow":["GET"]}}],"collection":[{"href":"https:\/\/dev.freakuence.nl\/de\/wp-json\/wp\/v2\/product"}],"about":[{"href":"https:\/\/dev.freakuence.nl\/de\/wp-json\/wp\/v2\/types\/product"}],"version-history":[{"count":0,"href":"https:\/\/dev.freakuence.nl\/de\/wp-json\/wp\/v2\/product\/308244\/revisions"}],"wp:featuredmedia":[{"embeddable":true,"href":"https:\/\/dev.freakuence.nl\/de\/wp-json\/wp\/v2\/media\/308245"}],"wp:attachment":[{"href":"https:\/\/dev.freakuence.nl\/de\/wp-json\/wp\/v2\/media?parent=308244"}],"wp:term":[{"taxonomy":"product_brand","embeddable":true,"href":"https:\/\/dev.freakuence.nl\/de\/wp-json\/wp\/v2\/product_brand?post=308244"},{"taxonomy":"product_cat","embeddable":true,"href":"https:\/\/dev.freakuence.nl\/de\/wp-json\/wp\/v2\/product_cat?post=308244"},{"taxonomy":"product_tag","embeddable":true,"href":"https:\/\/dev.freakuence.nl\/de\/wp-json\/wp\/v2\/product_tag?post=308244"}],"curies":[{"name":"wp","href":"https:\/\/api.w.org\/{rel}","templated":true}]}}