{"id":308480,"date":"2025-08-06T12:33:08","date_gmt":"2025-08-06T10:33:08","guid":{"rendered":"https:\/\/dev.freakuence.nl\/product\/bel-canto-seti40\/"},"modified":"2026-04-11T04:09:25","modified_gmt":"2026-04-11T02:09:25","slug":"bel-canto-seti40","status":"publish","type":"product","link":"https:\/\/dev.freakuence.nl\/de\/produkt\/bel-canto-seti40\/","title":{"rendered":"Bel Canto SETi40"},"content":{"rendered":"<div class=\"product-specifications-list\">\n<div class=\"specification-item row-even\"><span class=\"spec-content\"><strong>Beschreibung Freakuence!<\/strong><\/span><\/div>\n<div class=\"specification-item row-odd\"><span class=\"spec-content\"><\/p>\n<p>Ein sauberer (&#8218;r\u00f6hrenartiger&#8216;) und ausgewogener Ausgang mit hervorragender Kontrolle \u00fcber die tiefen Frequenzen und gro\u00dfer Pr\u00e4zision im Mitteltonbereich. Verzerrungen in h\u00f6heren Frequenzen bleiben minimal. <\/p>\n<p><\/span><\/div>\n<div class=\"specification-item row-even\"><span class=\"spec-content\"><strong>Details<\/strong><\/span><\/div>\n<div class=\"specification-item row-odd\"><span class=\"spec-content\"><\/p>\n<p>Mit neuen Schl\u00e4uchen.<\/p>\n<p><\/span><\/div>\n<div class=\"specification-item row-even\"><span class=\"spec-content\"><strong>Geschichte der Marke<\/strong><\/span><\/div>\n<div class=\"specification-item row-odd\"><span class=\"spec-content\"><\/p>\n<p>Bel Canto wurde 1991 von John Stronczer in Minneapolis, Minnesota, gegr\u00fcndet. Das Unternehmen hat sich auf die Entwicklung hochwertiger elektronischer Systeme spezialisiert, wobei der Schwerpunkt auf Pr\u00e4zision und Zuverl\u00e4ssigkeit liegt. Alle Produkte werden in den Einrichtungen in Minneapolis entwickelt und hergestellt, wobei fortschrittliche Technologien und hochwertige Materialien verwendet werden. Im Laufe der Jahre hat sich Bel Canto darauf konzentriert, sowohl digitale als auch analoge Techniken zu verfeinern, um optimale Klangergebnisse zu erzielen.   <\/p>\n<p><\/span><\/div>\n<\/div>\n","protected":false},"excerpt":{"rendered":"<p>Beschreibung Freakuence! Ein sauberer (&#8218;r\u00f6hrenartiger&#8216;) und ausgewogener Ausgang mit hervorragender Kontrolle \u00fcber die tiefen Frequenzen und gro\u00dfer Pr\u00e4zision im Mitteltonbereich. Verzerrungen in h\u00f6heren Frequenzen bleiben minimal. Details Mit neuen Schl\u00e4uchen. Geschichte der Marke Bel Canto wurde 1991 von John Stronczer in Minneapolis, Minnesota, gegr\u00fcndet. Das Unternehmen hat sich auf die Entwicklung hochwertiger elektronischer Systeme spezialisiert, [&hellip;]<\/p>\n","protected":false},"featured_media":308482,"template":"","meta":{"_acf_changed":false,"inline_featured_image":false},"product_brand":[],"product_cat":[582,720,560],"product_tag":[555],"class_list":{"0":"post-308480","1":"product","2":"type-product","3":"status-publish","4":"has-post-thumbnail","6":"product_cat-rohrenverstarker","7":"product_cat-stereoversterkers","8":"product_cat-verstarker","9":"product_tag-benutzt","10":"pa_kleur-braun","12":"first","13":"instock","14":"purchasable","15":"product-type-simple"},"acf":[],"yoast_head":"<!-- This site is optimized with the Yoast SEO plugin v25.9 - https:\/\/yoast.com\/wordpress\/plugins\/seo\/ -->\n<title>Bel Canto SETi40 | Freakuence!<\/title>\n<meta name=\"robots\" content=\"noindex, follow, max-snippet:-1, max-image-preview:large, max-video-preview:-1\" \/>\n<meta property=\"og:locale\" content=\"de_DE\" \/>\n<meta property=\"og:type\" content=\"article\" \/>\n<meta property=\"og:title\" content=\"Bel Canto SETi40 | Freakuence!\" \/>\n<meta property=\"og:description\" content=\"Beschreibung Freakuence! Ein sauberer (&#8218;r\u00f6hrenartiger&#8216;) und ausgewogener Ausgang mit hervorragender Kontrolle \u00fcber die tiefen Frequenzen und gro\u00dfer Pr\u00e4zision im Mitteltonbereich. Verzerrungen in h\u00f6heren Frequenzen bleiben minimal. Details Mit neuen Schl\u00e4uchen. Geschichte der Marke Bel Canto wurde 1991 von John Stronczer in Minneapolis, Minnesota, gegr\u00fcndet. Das Unternehmen hat sich auf die Entwicklung hochwertiger elektronischer Systeme spezialisiert, [&hellip;]\" \/>\n<meta property=\"og:url\" content=\"https:\/\/dev.freakuence.nl\/de\/produkt\/bel-canto-seti40\/\" \/>\n<meta property=\"og:site_name\" content=\"Freakuence!\" \/>\n<meta property=\"article:modified_time\" content=\"2026-04-11T02:09:25+00:00\" \/>\n<meta property=\"og:image\" content=\"https:\/\/dev.freakuence.nl\/wp-content\/uploads\/2025\/09\/1754307669-IMG7080-scaled.jpg\" \/>\n\t<meta property=\"og:image:width\" content=\"1800\" \/>\n\t<meta property=\"og:image:height\" content=\"1200\" \/>\n\t<meta property=\"og:image:type\" content=\"image\/jpeg\" \/>\n<meta name=\"twitter:card\" content=\"summary_large_image\" \/>\n<script type=\"application\/ld+json\" class=\"yoast-schema-graph\">{\"@context\":\"https:\/\/schema.org\",\"@graph\":[{\"@type\":\"WebPage\",\"@id\":\"https:\/\/dev.freakuence.nl\/de\/produkt\/bel-canto-seti40\/\",\"url\":\"https:\/\/dev.freakuence.nl\/de\/produkt\/bel-canto-seti40\/\",\"name\":\"Bel Canto SETi40 | Freakuence!\",\"isPartOf\":{\"@id\":\"https:\/\/dev.freakuence.nl\/de\/#website\"},\"primaryImageOfPage\":{\"@id\":\"https:\/\/dev.freakuence.nl\/de\/produkt\/bel-canto-seti40\/#primaryimage\"},\"image\":{\"@id\":\"https:\/\/dev.freakuence.nl\/de\/produkt\/bel-canto-seti40\/#primaryimage\"},\"thumbnailUrl\":\"https:\/\/dev.freakuence.nl\/wp-content\/uploads\/2025\/09\/1754307669-IMG7080-scaled.jpg\",\"datePublished\":\"2025-08-06T10:33:08+00:00\",\"dateModified\":\"2026-04-11T02:09:25+00:00\",\"breadcrumb\":{\"@id\":\"https:\/\/dev.freakuence.nl\/de\/produkt\/bel-canto-seti40\/#breadcrumb\"},\"inLanguage\":\"de\",\"potentialAction\":[{\"@type\":\"ReadAction\",\"target\":[\"https:\/\/dev.freakuence.nl\/de\/produkt\/bel-canto-seti40\/\"]}]},{\"@type\":\"ImageObject\",\"inLanguage\":\"de\",\"@id\":\"https:\/\/dev.freakuence.nl\/de\/produkt\/bel-canto-seti40\/#primaryimage\",\"url\":\"https:\/\/dev.freakuence.nl\/wp-content\/uploads\/2025\/09\/1754307669-IMG7080-scaled.jpg\",\"contentUrl\":\"https:\/\/dev.freakuence.nl\/wp-content\/uploads\/2025\/09\/1754307669-IMG7080-scaled.jpg\",\"width\":1800,\"height\":1200},{\"@type\":\"BreadcrumbList\",\"@id\":\"https:\/\/dev.freakuence.nl\/de\/produkt\/bel-canto-seti40\/#breadcrumb\",\"itemListElement\":[{\"@type\":\"ListItem\",\"position\":1,\"name\":\"Startseite\",\"item\":\"https:\/\/dev.freakuence.nl\/de\/\"},{\"@type\":\"ListItem\",\"position\":2,\"name\":\"Products\",\"item\":\"https:\/\/dev.freakuence.nl\/en\/products\/\"},{\"@type\":\"ListItem\",\"position\":3,\"name\":\"Bel Canto SETi40\"}]},{\"@type\":\"WebSite\",\"@id\":\"https:\/\/dev.freakuence.nl\/de\/#website\",\"url\":\"https:\/\/dev.freakuence.nl\/de\/\",\"name\":\"Freakuence!\",\"description\":\"Freakuence!\",\"alternateName\":\"Freakuence\",\"potentialAction\":[{\"@type\":\"SearchAction\",\"target\":{\"@type\":\"EntryPoint\",\"urlTemplate\":\"https:\/\/dev.freakuence.nl\/de\/?s={search_term_string}\"},\"query-input\":{\"@type\":\"PropertyValueSpecification\",\"valueRequired\":true,\"valueName\":\"search_term_string\"}}],\"inLanguage\":\"de\"}]}<\/script>\n<!-- \/ Yoast SEO plugin. -->","yoast_head_json":{"title":"Bel Canto SETi40 | Freakuence!","robots":{"index":"noindex","follow":"follow","max-snippet":"max-snippet:-1","max-image-preview":"max-image-preview:large","max-video-preview":"max-video-preview:-1"},"og_locale":"de_DE","og_type":"article","og_title":"Bel Canto SETi40 | Freakuence!","og_description":"Beschreibung Freakuence! Ein sauberer (&#8218;r\u00f6hrenartiger&#8216;) und ausgewogener Ausgang mit hervorragender Kontrolle \u00fcber die tiefen Frequenzen und gro\u00dfer Pr\u00e4zision im Mitteltonbereich. Verzerrungen in h\u00f6heren Frequenzen bleiben minimal. Details Mit neuen Schl\u00e4uchen. Geschichte der Marke Bel Canto wurde 1991 von John Stronczer in Minneapolis, Minnesota, gegr\u00fcndet. Das Unternehmen hat sich auf die Entwicklung hochwertiger elektronischer Systeme spezialisiert, [&hellip;]","og_url":"https:\/\/dev.freakuence.nl\/de\/produkt\/bel-canto-seti40\/","og_site_name":"Freakuence!","article_modified_time":"2026-04-11T02:09:25+00:00","og_image":[{"width":1800,"height":1200,"url":"https:\/\/dev.freakuence.nl\/wp-content\/uploads\/2025\/09\/1754307669-IMG7080-scaled.jpg","type":"image\/jpeg"}],"twitter_card":"summary_large_image","schema":{"@context":"https:\/\/schema.org","@graph":[{"@type":"WebPage","@id":"https:\/\/dev.freakuence.nl\/de\/produkt\/bel-canto-seti40\/","url":"https:\/\/dev.freakuence.nl\/de\/produkt\/bel-canto-seti40\/","name":"Bel Canto SETi40 | Freakuence!","isPartOf":{"@id":"https:\/\/dev.freakuence.nl\/de\/#website"},"primaryImageOfPage":{"@id":"https:\/\/dev.freakuence.nl\/de\/produkt\/bel-canto-seti40\/#primaryimage"},"image":{"@id":"https:\/\/dev.freakuence.nl\/de\/produkt\/bel-canto-seti40\/#primaryimage"},"thumbnailUrl":"https:\/\/dev.freakuence.nl\/wp-content\/uploads\/2025\/09\/1754307669-IMG7080-scaled.jpg","datePublished":"2025-08-06T10:33:08+00:00","dateModified":"2026-04-11T02:09:25+00:00","breadcrumb":{"@id":"https:\/\/dev.freakuence.nl\/de\/produkt\/bel-canto-seti40\/#breadcrumb"},"inLanguage":"de","potentialAction":[{"@type":"ReadAction","target":["https:\/\/dev.freakuence.nl\/de\/produkt\/bel-canto-seti40\/"]}]},{"@type":"ImageObject","inLanguage":"de","@id":"https:\/\/dev.freakuence.nl\/de\/produkt\/bel-canto-seti40\/#primaryimage","url":"https:\/\/dev.freakuence.nl\/wp-content\/uploads\/2025\/09\/1754307669-IMG7080-scaled.jpg","contentUrl":"https:\/\/dev.freakuence.nl\/wp-content\/uploads\/2025\/09\/1754307669-IMG7080-scaled.jpg","width":1800,"height":1200},{"@type":"BreadcrumbList","@id":"https:\/\/dev.freakuence.nl\/de\/produkt\/bel-canto-seti40\/#breadcrumb","itemListElement":[{"@type":"ListItem","position":1,"name":"Startseite","item":"https:\/\/dev.freakuence.nl\/de\/"},{"@type":"ListItem","position":2,"name":"Products","item":"https:\/\/dev.freakuence.nl\/en\/products\/"},{"@type":"ListItem","position":3,"name":"Bel Canto SETi40"}]},{"@type":"WebSite","@id":"https:\/\/dev.freakuence.nl\/de\/#website","url":"https:\/\/dev.freakuence.nl\/de\/","name":"Freakuence!","description":"Freakuence!","alternateName":"Freakuence","potentialAction":[{"@type":"SearchAction","target":{"@type":"EntryPoint","urlTemplate":"https:\/\/dev.freakuence.nl\/de\/?s={search_term_string}"},"query-input":{"@type":"PropertyValueSpecification","valueRequired":true,"valueName":"search_term_string"}}],"inLanguage":"de"}]}},"_links":{"self":[{"href":"https:\/\/dev.freakuence.nl\/de\/wp-json\/wp\/v2\/product\/308480","targetHints":{"allow":["GET"]}}],"collection":[{"href":"https:\/\/dev.freakuence.nl\/de\/wp-json\/wp\/v2\/product"}],"about":[{"href":"https:\/\/dev.freakuence.nl\/de\/wp-json\/wp\/v2\/types\/product"}],"version-history":[{"count":1,"href":"https:\/\/dev.freakuence.nl\/de\/wp-json\/wp\/v2\/product\/308480\/revisions"}],"predecessor-version":[{"id":318166,"href":"https:\/\/dev.freakuence.nl\/de\/wp-json\/wp\/v2\/product\/308480\/revisions\/318166"}],"wp:featuredmedia":[{"embeddable":true,"href":"https:\/\/dev.freakuence.nl\/de\/wp-json\/wp\/v2\/media\/308482"}],"wp:attachment":[{"href":"https:\/\/dev.freakuence.nl\/de\/wp-json\/wp\/v2\/media?parent=308480"}],"wp:term":[{"taxonomy":"product_brand","embeddable":true,"href":"https:\/\/dev.freakuence.nl\/de\/wp-json\/wp\/v2\/product_brand?post=308480"},{"taxonomy":"product_cat","embeddable":true,"href":"https:\/\/dev.freakuence.nl\/de\/wp-json\/wp\/v2\/product_cat?post=308480"},{"taxonomy":"product_tag","embeddable":true,"href":"https:\/\/dev.freakuence.nl\/de\/wp-json\/wp\/v2\/product_tag?post=308480"}],"curies":[{"name":"wp","href":"https:\/\/api.w.org\/{rel}","templated":true}]}}