{"id":308540,"date":"2025-08-06T12:13:44","date_gmt":"2025-08-06T10:13:44","guid":{"rendered":"https:\/\/dev.freakuence.nl\/product\/monitor-audio-gold-500-6g\/"},"modified":"2026-03-20T07:24:51","modified_gmt":"2026-03-20T06:24:51","slug":"monitor-audio-gold-500-6g","status":"publish","type":"product","link":"https:\/\/dev.freakuence.nl\/de\/produkt\/monitor-audio-gold-500-6g\/","title":{"rendered":"Monitor Audio Gold 500 6G"},"content":{"rendered":"<div class=\"product-specifications-list\">\n<div class=\"specification-item row-even\"><span class=\"spec-content\"><strong>Beschreibung Freakuence!<\/strong><\/span><\/div>\n<div class=\"specification-item row-odd\"><span class=\"spec-content\"><\/p>\n<p>Diese sechste Generation Gold von Monitor Audio (6G) verf\u00fcgt \u00fcber stark verbesserte Frequenzweichen und eine verbesserte interne Verkabelung, so dass sie pr\u00e4ziser spielt als ihre Vorg\u00e4nger, die wir seit Jahren gerne hier im Laden haben. Monitor Audio spielt sauber, mit gro\u00dfartiger Unterst\u00fctzung der unteren Frequenzen, so dass sie nie k\u00fchl klingen werden. <\/p>\n<p><\/span><\/div>\n<div class=\"specification-item row-even\"><span class=\"spec-content\"><strong>Details<\/strong><\/span><\/div>\n<div class=\"specification-item row-odd\"><span class=\"spec-content\">Ladenpreis: 6500.00<\/span><\/div>\n<div class=\"specification-item row-even\"><span class=\"spec-content\"><strong>Allgemeine Beschreibung<\/strong><\/span><\/div>\n<div class=\"specification-item row-odd\"><span class=\"spec-content\"><\/p>\n<p>Dieser Lautsprecher hat eine dreistimmige Konfiguration und ist mit einem MPD III Hocht\u00f6ner, einem 3-Zoll-Mittelt\u00f6ner und zwei 8-Zoll-Tieft\u00f6nern ausgestattet. Der Frequenzbereich reicht von 25 Hz bis 60 kHz bei einer Wohnzimmeraufstellung. Die Empfindlichkeit liegt bei 88,5 dB und die Impedanz bei 4 Ohm. Dieses Design ist f\u00fcr Verst\u00e4rker mit einer Leistung zwischen 130 und 600 Watt ausgelegt. F\u00fcr die niedrigen Frequenzen wird ein HiVe II-Port verwendet, der auf 33 Hz abgestimmt ist. Das Geh\u00e4use ist f\u00fcr eine optimale Leistung mit internen Verstrebungen ausgestattet. Die Abmessungen betragen jeweils 1155 x 383 x 475 mm und das Gewicht pro Lautsprecher 26,5 kg. Die \u00dcbergangsfrequenzen f\u00fcr die B\u00e4sse zu den Mittelt\u00f6nen liegen bei 700 Hz und f\u00fcr die Mitten zu den H\u00f6hen bei 2,6 kHz.       <\/p>\n<p><\/span><\/div>\n<div class=\"specification-item row-even\"><span class=\"spec-content\"><strong>Geschichte der Marke<\/strong><\/span><\/div>\n<div class=\"specification-item row-odd\"><span class=\"spec-content\"><\/p>\n<p>Monitor Audio wurde 1972 von Mo Iqbal in einer kleinen Fabrik in Teversham, in der N\u00e4he von Cambridge, England, gegr\u00fcndet. Der erste Lautsprecher, den das Unternehmen produzierte, war der MA1, der von Iqbal und einem kleinen Team von Ingenieuren von Hand zusammengebaut wurde. Im Laufe der Jahre erreichte das Unternehmen mehrere wichtige Meilensteine, darunter die Einf\u00fchrung der Platinum-Serie im Jahr 2007. Im Jahr 2016 erweiterte Monitor Audio sein Portfolio durch die \u00dcbernahme von Roksan, einem Hersteller von Audioger\u00e4ten.   <\/p>\n<p><\/span><\/div>\n<\/div>\n","protected":false},"excerpt":{"rendered":"<p>Beschreibung Freakuence! Diese sechste Generation Gold von Monitor Audio (6G) verf\u00fcgt \u00fcber stark verbesserte Frequenzweichen und eine verbesserte interne Verkabelung, so dass sie pr\u00e4ziser spielt als ihre Vorg\u00e4nger, die wir seit Jahren gerne hier im Laden haben. Monitor Audio spielt sauber, mit gro\u00dfartiger Unterst\u00fctzung der unteren Frequenzen, so dass sie nie k\u00fchl klingen werden. Details [&hellip;]<\/p>\n","protected":false},"featured_media":308546,"template":"","meta":{"_acf_changed":false,"inline_featured_image":false},"product_brand":[],"product_cat":[553],"product_tag":[574],"class_list":{"0":"post-308540","1":"product","2":"type-product","3":"status-publish","4":"has-post-thumbnail","6":"product_cat-redner","7":"product_tag-freakdemo","8":"pa_kleur-schwarz","10":"first","11":"instock","12":"taxable","13":"shipping-taxable","14":"purchasable","15":"product-type-simple"},"acf":[],"yoast_head":"<!-- This site is optimized with the Yoast SEO plugin v25.9 - https:\/\/yoast.com\/wordpress\/plugins\/seo\/ -->\n<title>Monitor Audio Gold 500 6G | Freakuence!<\/title>\n<meta name=\"robots\" content=\"noindex, follow, max-snippet:-1, max-image-preview:large, max-video-preview:-1\" \/>\n<meta property=\"og:locale\" content=\"de_DE\" \/>\n<meta property=\"og:type\" content=\"article\" \/>\n<meta property=\"og:title\" content=\"Monitor Audio Gold 500 6G | Freakuence!\" \/>\n<meta property=\"og:description\" content=\"Beschreibung Freakuence! Diese sechste Generation Gold von Monitor Audio (6G) verf\u00fcgt \u00fcber stark verbesserte Frequenzweichen und eine verbesserte interne Verkabelung, so dass sie pr\u00e4ziser spielt als ihre Vorg\u00e4nger, die wir seit Jahren gerne hier im Laden haben. Monitor Audio spielt sauber, mit gro\u00dfartiger Unterst\u00fctzung der unteren Frequenzen, so dass sie nie k\u00fchl klingen werden. Details [&hellip;]\" \/>\n<meta property=\"og:url\" content=\"https:\/\/dev.freakuence.nl\/de\/produkt\/monitor-audio-gold-500-6g\/\" \/>\n<meta property=\"og:site_name\" content=\"Freakuence!\" \/>\n<meta property=\"article:modified_time\" content=\"2026-03-20T06:24:51+00:00\" \/>\n<meta property=\"og:image\" content=\"https:\/\/dev.freakuence.nl\/wp-content\/uploads\/2025\/09\/1754299428-IMG7883-scaled.jpg\" \/>\n\t<meta property=\"og:image:width\" content=\"1200\" \/>\n\t<meta property=\"og:image:height\" content=\"1800\" \/>\n\t<meta property=\"og:image:type\" content=\"image\/jpeg\" \/>\n<meta name=\"twitter:card\" content=\"summary_large_image\" \/>\n<script type=\"application\/ld+json\" class=\"yoast-schema-graph\">{\"@context\":\"https:\/\/schema.org\",\"@graph\":[{\"@type\":\"WebPage\",\"@id\":\"https:\/\/dev.freakuence.nl\/de\/produkt\/monitor-audio-gold-500-6g\/\",\"url\":\"https:\/\/dev.freakuence.nl\/de\/produkt\/monitor-audio-gold-500-6g\/\",\"name\":\"Monitor Audio Gold 500 6G | Freakuence!\",\"isPartOf\":{\"@id\":\"https:\/\/dev.freakuence.nl\/de\/#website\"},\"primaryImageOfPage\":{\"@id\":\"https:\/\/dev.freakuence.nl\/de\/produkt\/monitor-audio-gold-500-6g\/#primaryimage\"},\"image\":{\"@id\":\"https:\/\/dev.freakuence.nl\/de\/produkt\/monitor-audio-gold-500-6g\/#primaryimage\"},\"thumbnailUrl\":\"https:\/\/dev.freakuence.nl\/wp-content\/uploads\/2025\/09\/1754299428-IMG7883-scaled.jpg\",\"datePublished\":\"2025-08-06T10:13:44+00:00\",\"dateModified\":\"2026-03-20T06:24:51+00:00\",\"breadcrumb\":{\"@id\":\"https:\/\/dev.freakuence.nl\/de\/produkt\/monitor-audio-gold-500-6g\/#breadcrumb\"},\"inLanguage\":\"de\",\"potentialAction\":[{\"@type\":\"ReadAction\",\"target\":[\"https:\/\/dev.freakuence.nl\/de\/produkt\/monitor-audio-gold-500-6g\/\"]}]},{\"@type\":\"ImageObject\",\"inLanguage\":\"de\",\"@id\":\"https:\/\/dev.freakuence.nl\/de\/produkt\/monitor-audio-gold-500-6g\/#primaryimage\",\"url\":\"https:\/\/dev.freakuence.nl\/wp-content\/uploads\/2025\/09\/1754299428-IMG7883-scaled.jpg\",\"contentUrl\":\"https:\/\/dev.freakuence.nl\/wp-content\/uploads\/2025\/09\/1754299428-IMG7883-scaled.jpg\",\"width\":1200,\"height\":1800},{\"@type\":\"BreadcrumbList\",\"@id\":\"https:\/\/dev.freakuence.nl\/de\/produkt\/monitor-audio-gold-500-6g\/#breadcrumb\",\"itemListElement\":[{\"@type\":\"ListItem\",\"position\":1,\"name\":\"Startseite\",\"item\":\"https:\/\/dev.freakuence.nl\/de\/\"},{\"@type\":\"ListItem\",\"position\":2,\"name\":\"Products\",\"item\":\"https:\/\/dev.freakuence.nl\/en\/products\/\"},{\"@type\":\"ListItem\",\"position\":3,\"name\":\"Monitor Audio Gold 500 6G\"}]},{\"@type\":\"WebSite\",\"@id\":\"https:\/\/dev.freakuence.nl\/de\/#website\",\"url\":\"https:\/\/dev.freakuence.nl\/de\/\",\"name\":\"Freakuence!\",\"description\":\"Freakuence!\",\"alternateName\":\"Freakuence\",\"potentialAction\":[{\"@type\":\"SearchAction\",\"target\":{\"@type\":\"EntryPoint\",\"urlTemplate\":\"https:\/\/dev.freakuence.nl\/de\/?s={search_term_string}\"},\"query-input\":{\"@type\":\"PropertyValueSpecification\",\"valueRequired\":true,\"valueName\":\"search_term_string\"}}],\"inLanguage\":\"de\"}]}<\/script>\n<!-- \/ Yoast SEO plugin. -->","yoast_head_json":{"title":"Monitor Audio Gold 500 6G | Freakuence!","robots":{"index":"noindex","follow":"follow","max-snippet":"max-snippet:-1","max-image-preview":"max-image-preview:large","max-video-preview":"max-video-preview:-1"},"og_locale":"de_DE","og_type":"article","og_title":"Monitor Audio Gold 500 6G | Freakuence!","og_description":"Beschreibung Freakuence! Diese sechste Generation Gold von Monitor Audio (6G) verf\u00fcgt \u00fcber stark verbesserte Frequenzweichen und eine verbesserte interne Verkabelung, so dass sie pr\u00e4ziser spielt als ihre Vorg\u00e4nger, die wir seit Jahren gerne hier im Laden haben. Monitor Audio spielt sauber, mit gro\u00dfartiger Unterst\u00fctzung der unteren Frequenzen, so dass sie nie k\u00fchl klingen werden. Details [&hellip;]","og_url":"https:\/\/dev.freakuence.nl\/de\/produkt\/monitor-audio-gold-500-6g\/","og_site_name":"Freakuence!","article_modified_time":"2026-03-20T06:24:51+00:00","og_image":[{"width":1200,"height":1800,"url":"https:\/\/dev.freakuence.nl\/wp-content\/uploads\/2025\/09\/1754299428-IMG7883-scaled.jpg","type":"image\/jpeg"}],"twitter_card":"summary_large_image","schema":{"@context":"https:\/\/schema.org","@graph":[{"@type":"WebPage","@id":"https:\/\/dev.freakuence.nl\/de\/produkt\/monitor-audio-gold-500-6g\/","url":"https:\/\/dev.freakuence.nl\/de\/produkt\/monitor-audio-gold-500-6g\/","name":"Monitor Audio Gold 500 6G | Freakuence!","isPartOf":{"@id":"https:\/\/dev.freakuence.nl\/de\/#website"},"primaryImageOfPage":{"@id":"https:\/\/dev.freakuence.nl\/de\/produkt\/monitor-audio-gold-500-6g\/#primaryimage"},"image":{"@id":"https:\/\/dev.freakuence.nl\/de\/produkt\/monitor-audio-gold-500-6g\/#primaryimage"},"thumbnailUrl":"https:\/\/dev.freakuence.nl\/wp-content\/uploads\/2025\/09\/1754299428-IMG7883-scaled.jpg","datePublished":"2025-08-06T10:13:44+00:00","dateModified":"2026-03-20T06:24:51+00:00","breadcrumb":{"@id":"https:\/\/dev.freakuence.nl\/de\/produkt\/monitor-audio-gold-500-6g\/#breadcrumb"},"inLanguage":"de","potentialAction":[{"@type":"ReadAction","target":["https:\/\/dev.freakuence.nl\/de\/produkt\/monitor-audio-gold-500-6g\/"]}]},{"@type":"ImageObject","inLanguage":"de","@id":"https:\/\/dev.freakuence.nl\/de\/produkt\/monitor-audio-gold-500-6g\/#primaryimage","url":"https:\/\/dev.freakuence.nl\/wp-content\/uploads\/2025\/09\/1754299428-IMG7883-scaled.jpg","contentUrl":"https:\/\/dev.freakuence.nl\/wp-content\/uploads\/2025\/09\/1754299428-IMG7883-scaled.jpg","width":1200,"height":1800},{"@type":"BreadcrumbList","@id":"https:\/\/dev.freakuence.nl\/de\/produkt\/monitor-audio-gold-500-6g\/#breadcrumb","itemListElement":[{"@type":"ListItem","position":1,"name":"Startseite","item":"https:\/\/dev.freakuence.nl\/de\/"},{"@type":"ListItem","position":2,"name":"Products","item":"https:\/\/dev.freakuence.nl\/en\/products\/"},{"@type":"ListItem","position":3,"name":"Monitor Audio Gold 500 6G"}]},{"@type":"WebSite","@id":"https:\/\/dev.freakuence.nl\/de\/#website","url":"https:\/\/dev.freakuence.nl\/de\/","name":"Freakuence!","description":"Freakuence!","alternateName":"Freakuence","potentialAction":[{"@type":"SearchAction","target":{"@type":"EntryPoint","urlTemplate":"https:\/\/dev.freakuence.nl\/de\/?s={search_term_string}"},"query-input":{"@type":"PropertyValueSpecification","valueRequired":true,"valueName":"search_term_string"}}],"inLanguage":"de"}]}},"_links":{"self":[{"href":"https:\/\/dev.freakuence.nl\/de\/wp-json\/wp\/v2\/product\/308540","targetHints":{"allow":["GET"]}}],"collection":[{"href":"https:\/\/dev.freakuence.nl\/de\/wp-json\/wp\/v2\/product"}],"about":[{"href":"https:\/\/dev.freakuence.nl\/de\/wp-json\/wp\/v2\/types\/product"}],"version-history":[{"count":0,"href":"https:\/\/dev.freakuence.nl\/de\/wp-json\/wp\/v2\/product\/308540\/revisions"}],"wp:featuredmedia":[{"embeddable":true,"href":"https:\/\/dev.freakuence.nl\/de\/wp-json\/wp\/v2\/media\/308546"}],"wp:attachment":[{"href":"https:\/\/dev.freakuence.nl\/de\/wp-json\/wp\/v2\/media?parent=308540"}],"wp:term":[{"taxonomy":"product_brand","embeddable":true,"href":"https:\/\/dev.freakuence.nl\/de\/wp-json\/wp\/v2\/product_brand?post=308540"},{"taxonomy":"product_cat","embeddable":true,"href":"https:\/\/dev.freakuence.nl\/de\/wp-json\/wp\/v2\/product_cat?post=308540"},{"taxonomy":"product_tag","embeddable":true,"href":"https:\/\/dev.freakuence.nl\/de\/wp-json\/wp\/v2\/product_tag?post=308540"}],"curies":[{"name":"wp","href":"https:\/\/api.w.org\/{rel}","templated":true}]}}