{"id":308556,"date":"2025-09-12T11:16:05","date_gmt":"2025-09-12T09:16:05","guid":{"rendered":"https:\/\/dev.freakuence.nl\/product\/linn-akurate-ds-1\/"},"modified":"2026-04-11T04:10:34","modified_gmt":"2026-04-11T02:10:34","slug":"linn-akurate-ds-1","status":"publish","type":"product","link":"https:\/\/dev.freakuence.nl\/de\/produkt\/linn-akurate-ds-1\/","title":{"rendered":"Linn Akurate DS\/1"},"content":{"rendered":"<div class=\"product-specifications-list\">\n<div class=\"specification-item row-even\"><span class=\"spec-content\"><strong>Beschreibung Freakuence!<\/strong><\/span><\/div>\n<div class=\"specification-item row-odd\"><span class=\"spec-content\"><\/p>\n<p>Fantastischer Streamer von Linn. Mit der dazugeh\u00f6rigen App ist er sehr einfach zu steuern. Der Dac darin ist von gro\u00dfer Klasse und setzt Sie sehr sch\u00f6n in Szene! Eine Welt der Mikro-Details. Und was genau ist das? Nun, das sind Details im Detail! K\u00f6stlich.      <\/p>\n<p><\/span><\/div>\n<div class=\"specification-item row-even\"><span class=\"spec-content\"><strong>Details<\/strong><\/span><\/div>\n<div class=\"specification-item row-odd\"><span class=\"spec-content\"><\/p>\n<p>Kratzer an der Oberkante.<\/p>\n<p><\/span><\/div>\n<div class=\"specification-item row-even\"><span class=\"spec-content\">Ladenpreis: 5500.00<\/span><\/div>\n<div class=\"specification-item row-odd\"><span class=\"spec-content\"><strong>Hintergrundinformationen<\/strong><\/span><\/div>\n<div class=\"specification-item row-even\"><span class=\"spec-content\"><\/p>\n<p>Der Linn Akurate DS\/0 wurde gem\u00e4\u00df der Linn-Philosophie des minimalen Signalverlusts entwickelt. Der Streamer verf\u00fcgt \u00fcber einen Pr\u00e4zisionstaktgeber und sorgf\u00e4ltig ausgew\u00e4hlte DAC-Komponenten f\u00fcr optimales Timing und Detailwiedergabe. Alle wichtigen internen Verbindungen sind kurz und direkt, um Interferenzen zu minimieren.  <\/p>\n<p><\/span><\/div>\n<div class=\"specification-item row-odd\"><span class=\"spec-content\"><strong>Geschichte der Marke<\/strong><\/span><\/div>\n<div class=\"specification-item row-even\"><span class=\"spec-content\"><\/p>\n<p>Linn wurde 1973 von Ivor Tiefenbrun gegr\u00fcndet. Es begann mit der Produktion des Sondek LP12, eines Plattenspielers, der in den folgenden Jahren kontinuierlich verbessert wurde. Eine der ersten Innovationen war die Einf\u00fchrung eines externen Netzteils, des Valhalla, und weitere wichtige Entwicklungen folgten sp\u00e4ter, wie die Einf\u00fchrung des Lingo-Netzteils im Jahr 1990. Im Jahr 1986 brachte Linn den Troika-Tonabnehmer auf den Markt, der eine verbesserte Signalwiedergabe bot. In den 1990er Jahren erweiterte Linn sein Angebot um digitale Produkte, wie den Karik\/Numerik CD-Player, und brachte 1994 das Knekt Multiroom-System auf den Markt. Linn stellt fast alles selbst her. Schauen Sie sich ihre PCB-Baumaschine online an!      <\/p>\n<p><\/span><\/div>\n<\/div>\n","protected":false},"excerpt":{"rendered":"<p>Beschreibung Freakuence! Fantastischer Streamer von Linn. Mit der dazugeh\u00f6rigen App ist er sehr einfach zu steuern. Der Dac darin ist von gro\u00dfer Klasse und setzt Sie sehr sch\u00f6n in Szene! Eine Welt der Mikro-Details. Und was genau ist das? Nun, das sind Details im Detail! K\u00f6stlich. Details Kratzer an der Oberkante. Ladenpreis: 5500.00 Hintergrundinformationen Der [&hellip;]<\/p>\n","protected":false},"featured_media":308559,"template":"","meta":{"_acf_changed":false,"inline_featured_image":false},"product_brand":[],"product_cat":[771],"product_tag":[555],"class_list":{"0":"post-308556","1":"product","2":"type-product","3":"status-publish","4":"has-post-thumbnail","6":"product_cat-passieve-voorversterkers-2","7":"product_tag-benutzt","9":"first","10":"instock","11":"purchasable","12":"product-type-simple"},"acf":[],"yoast_head":"<!-- This site is optimized with the Yoast SEO plugin v25.9 - https:\/\/yoast.com\/wordpress\/plugins\/seo\/ -->\n<title>Linn Akurate DS\/1 | Freakuence!<\/title>\n<meta name=\"robots\" content=\"noindex, follow, max-snippet:-1, max-image-preview:large, max-video-preview:-1\" \/>\n<meta property=\"og:locale\" content=\"de_DE\" \/>\n<meta property=\"og:type\" content=\"article\" \/>\n<meta property=\"og:title\" content=\"Linn Akurate DS\/1 | Freakuence!\" \/>\n<meta property=\"og:description\" content=\"Beschreibung Freakuence! Fantastischer Streamer von Linn. Mit der dazugeh\u00f6rigen App ist er sehr einfach zu steuern. Der Dac darin ist von gro\u00dfer Klasse und setzt Sie sehr sch\u00f6n in Szene! Eine Welt der Mikro-Details. Und was genau ist das? Nun, das sind Details im Detail! K\u00f6stlich. Details Kratzer an der Oberkante. Ladenpreis: 5500.00 Hintergrundinformationen Der [&hellip;]\" \/>\n<meta property=\"og:url\" content=\"https:\/\/dev.freakuence.nl\/de\/produkt\/linn-akurate-ds-1\/\" \/>\n<meta property=\"og:site_name\" content=\"Freakuence!\" \/>\n<meta property=\"article:modified_time\" content=\"2026-04-11T02:10:34+00:00\" \/>\n<meta property=\"og:image\" content=\"https:\/\/dev.freakuence.nl\/wp-content\/uploads\/2025\/09\/1757668505-IMG8485-scaled.jpg\" \/>\n\t<meta property=\"og:image:width\" content=\"1800\" \/>\n\t<meta property=\"og:image:height\" content=\"1200\" \/>\n\t<meta property=\"og:image:type\" content=\"image\/jpeg\" \/>\n<meta name=\"twitter:card\" content=\"summary_large_image\" \/>\n<script type=\"application\/ld+json\" class=\"yoast-schema-graph\">{\"@context\":\"https:\/\/schema.org\",\"@graph\":[{\"@type\":\"WebPage\",\"@id\":\"https:\/\/dev.freakuence.nl\/de\/produkt\/linn-akurate-ds-1\/\",\"url\":\"https:\/\/dev.freakuence.nl\/de\/produkt\/linn-akurate-ds-1\/\",\"name\":\"Linn Akurate DS\/1 | Freakuence!\",\"isPartOf\":{\"@id\":\"https:\/\/dev.freakuence.nl\/de\/#website\"},\"primaryImageOfPage\":{\"@id\":\"https:\/\/dev.freakuence.nl\/de\/produkt\/linn-akurate-ds-1\/#primaryimage\"},\"image\":{\"@id\":\"https:\/\/dev.freakuence.nl\/de\/produkt\/linn-akurate-ds-1\/#primaryimage\"},\"thumbnailUrl\":\"https:\/\/dev.freakuence.nl\/wp-content\/uploads\/2025\/09\/1757668505-IMG8485-scaled.jpg\",\"datePublished\":\"2025-09-12T09:16:05+00:00\",\"dateModified\":\"2026-04-11T02:10:34+00:00\",\"breadcrumb\":{\"@id\":\"https:\/\/dev.freakuence.nl\/de\/produkt\/linn-akurate-ds-1\/#breadcrumb\"},\"inLanguage\":\"de\",\"potentialAction\":[{\"@type\":\"ReadAction\",\"target\":[\"https:\/\/dev.freakuence.nl\/de\/produkt\/linn-akurate-ds-1\/\"]}]},{\"@type\":\"ImageObject\",\"inLanguage\":\"de\",\"@id\":\"https:\/\/dev.freakuence.nl\/de\/produkt\/linn-akurate-ds-1\/#primaryimage\",\"url\":\"https:\/\/dev.freakuence.nl\/wp-content\/uploads\/2025\/09\/1757668505-IMG8485-scaled.jpg\",\"contentUrl\":\"https:\/\/dev.freakuence.nl\/wp-content\/uploads\/2025\/09\/1757668505-IMG8485-scaled.jpg\",\"width\":1800,\"height\":1200},{\"@type\":\"BreadcrumbList\",\"@id\":\"https:\/\/dev.freakuence.nl\/de\/produkt\/linn-akurate-ds-1\/#breadcrumb\",\"itemListElement\":[{\"@type\":\"ListItem\",\"position\":1,\"name\":\"Startseite\",\"item\":\"https:\/\/dev.freakuence.nl\/de\/\"},{\"@type\":\"ListItem\",\"position\":2,\"name\":\"Products\",\"item\":\"https:\/\/dev.freakuence.nl\/en\/products\/\"},{\"@type\":\"ListItem\",\"position\":3,\"name\":\"Linn Akurate DS\/1\"}]},{\"@type\":\"WebSite\",\"@id\":\"https:\/\/dev.freakuence.nl\/de\/#website\",\"url\":\"https:\/\/dev.freakuence.nl\/de\/\",\"name\":\"Freakuence!\",\"description\":\"Freakuence!\",\"alternateName\":\"Freakuence\",\"potentialAction\":[{\"@type\":\"SearchAction\",\"target\":{\"@type\":\"EntryPoint\",\"urlTemplate\":\"https:\/\/dev.freakuence.nl\/de\/?s={search_term_string}\"},\"query-input\":{\"@type\":\"PropertyValueSpecification\",\"valueRequired\":true,\"valueName\":\"search_term_string\"}}],\"inLanguage\":\"de\"}]}<\/script>\n<!-- \/ Yoast SEO plugin. -->","yoast_head_json":{"title":"Linn Akurate DS\/1 | Freakuence!","robots":{"index":"noindex","follow":"follow","max-snippet":"max-snippet:-1","max-image-preview":"max-image-preview:large","max-video-preview":"max-video-preview:-1"},"og_locale":"de_DE","og_type":"article","og_title":"Linn Akurate DS\/1 | Freakuence!","og_description":"Beschreibung Freakuence! Fantastischer Streamer von Linn. Mit der dazugeh\u00f6rigen App ist er sehr einfach zu steuern. Der Dac darin ist von gro\u00dfer Klasse und setzt Sie sehr sch\u00f6n in Szene! Eine Welt der Mikro-Details. Und was genau ist das? Nun, das sind Details im Detail! K\u00f6stlich. Details Kratzer an der Oberkante. Ladenpreis: 5500.00 Hintergrundinformationen Der [&hellip;]","og_url":"https:\/\/dev.freakuence.nl\/de\/produkt\/linn-akurate-ds-1\/","og_site_name":"Freakuence!","article_modified_time":"2026-04-11T02:10:34+00:00","og_image":[{"width":1800,"height":1200,"url":"https:\/\/dev.freakuence.nl\/wp-content\/uploads\/2025\/09\/1757668505-IMG8485-scaled.jpg","type":"image\/jpeg"}],"twitter_card":"summary_large_image","schema":{"@context":"https:\/\/schema.org","@graph":[{"@type":"WebPage","@id":"https:\/\/dev.freakuence.nl\/de\/produkt\/linn-akurate-ds-1\/","url":"https:\/\/dev.freakuence.nl\/de\/produkt\/linn-akurate-ds-1\/","name":"Linn Akurate DS\/1 | Freakuence!","isPartOf":{"@id":"https:\/\/dev.freakuence.nl\/de\/#website"},"primaryImageOfPage":{"@id":"https:\/\/dev.freakuence.nl\/de\/produkt\/linn-akurate-ds-1\/#primaryimage"},"image":{"@id":"https:\/\/dev.freakuence.nl\/de\/produkt\/linn-akurate-ds-1\/#primaryimage"},"thumbnailUrl":"https:\/\/dev.freakuence.nl\/wp-content\/uploads\/2025\/09\/1757668505-IMG8485-scaled.jpg","datePublished":"2025-09-12T09:16:05+00:00","dateModified":"2026-04-11T02:10:34+00:00","breadcrumb":{"@id":"https:\/\/dev.freakuence.nl\/de\/produkt\/linn-akurate-ds-1\/#breadcrumb"},"inLanguage":"de","potentialAction":[{"@type":"ReadAction","target":["https:\/\/dev.freakuence.nl\/de\/produkt\/linn-akurate-ds-1\/"]}]},{"@type":"ImageObject","inLanguage":"de","@id":"https:\/\/dev.freakuence.nl\/de\/produkt\/linn-akurate-ds-1\/#primaryimage","url":"https:\/\/dev.freakuence.nl\/wp-content\/uploads\/2025\/09\/1757668505-IMG8485-scaled.jpg","contentUrl":"https:\/\/dev.freakuence.nl\/wp-content\/uploads\/2025\/09\/1757668505-IMG8485-scaled.jpg","width":1800,"height":1200},{"@type":"BreadcrumbList","@id":"https:\/\/dev.freakuence.nl\/de\/produkt\/linn-akurate-ds-1\/#breadcrumb","itemListElement":[{"@type":"ListItem","position":1,"name":"Startseite","item":"https:\/\/dev.freakuence.nl\/de\/"},{"@type":"ListItem","position":2,"name":"Products","item":"https:\/\/dev.freakuence.nl\/en\/products\/"},{"@type":"ListItem","position":3,"name":"Linn Akurate DS\/1"}]},{"@type":"WebSite","@id":"https:\/\/dev.freakuence.nl\/de\/#website","url":"https:\/\/dev.freakuence.nl\/de\/","name":"Freakuence!","description":"Freakuence!","alternateName":"Freakuence","potentialAction":[{"@type":"SearchAction","target":{"@type":"EntryPoint","urlTemplate":"https:\/\/dev.freakuence.nl\/de\/?s={search_term_string}"},"query-input":{"@type":"PropertyValueSpecification","valueRequired":true,"valueName":"search_term_string"}}],"inLanguage":"de"}]}},"_links":{"self":[{"href":"https:\/\/dev.freakuence.nl\/de\/wp-json\/wp\/v2\/product\/308556","targetHints":{"allow":["GET"]}}],"collection":[{"href":"https:\/\/dev.freakuence.nl\/de\/wp-json\/wp\/v2\/product"}],"about":[{"href":"https:\/\/dev.freakuence.nl\/de\/wp-json\/wp\/v2\/types\/product"}],"version-history":[{"count":1,"href":"https:\/\/dev.freakuence.nl\/de\/wp-json\/wp\/v2\/product\/308556\/revisions"}],"predecessor-version":[{"id":318176,"href":"https:\/\/dev.freakuence.nl\/de\/wp-json\/wp\/v2\/product\/308556\/revisions\/318176"}],"wp:featuredmedia":[{"embeddable":true,"href":"https:\/\/dev.freakuence.nl\/de\/wp-json\/wp\/v2\/media\/308559"}],"wp:attachment":[{"href":"https:\/\/dev.freakuence.nl\/de\/wp-json\/wp\/v2\/media?parent=308556"}],"wp:term":[{"taxonomy":"product_brand","embeddable":true,"href":"https:\/\/dev.freakuence.nl\/de\/wp-json\/wp\/v2\/product_brand?post=308556"},{"taxonomy":"product_cat","embeddable":true,"href":"https:\/\/dev.freakuence.nl\/de\/wp-json\/wp\/v2\/product_cat?post=308556"},{"taxonomy":"product_tag","embeddable":true,"href":"https:\/\/dev.freakuence.nl\/de\/wp-json\/wp\/v2\/product_tag?post=308556"}],"curies":[{"name":"wp","href":"https:\/\/api.w.org\/{rel}","templated":true}]}}