{"id":308650,"date":"2025-08-06T12:38:02","date_gmt":"2025-08-06T10:38:02","guid":{"rendered":"https:\/\/dev.freakuence.nl\/product\/monitor-audio-gold-50-6g\/"},"modified":"2026-04-11T04:10:31","modified_gmt":"2026-04-11T02:10:31","slug":"monitor-audio-gold-50-6g","status":"publish","type":"product","link":"https:\/\/dev.freakuence.nl\/de\/produkt\/monitor-audio-gold-50-6g\/","title":{"rendered":"Monitor Audio Gold 50 6G"},"content":{"rendered":"<div class=\"product-specifications-list\">\n<div class=\"specification-item row-even\"><span class=\"spec-content\"><strong>Beschreibung Freakuence!<\/strong><\/span><\/div>\n<div class=\"specification-item row-odd\"><span class=\"spec-content\"><\/p>\n<p>Wundersch\u00f6n verarbeitete und robuste Monitore. F\u00fcr Liebhaber von gro\u00dfartigen B\u00e4ssen. Der Mitteltonbereich ist sauber neutral und korrekt. Der B\u00e4ndchenhocht\u00f6ner strahlt den ganzen Raum ab und sorgt f\u00fcr ein klares akustisches Erlebnis. Mit dem richtigen Verst\u00e4rker werden Sie sie viel gr\u00f6\u00dfer klingen lassen, als Sie es erwarten w\u00fcrden.     Fragen Sie ruhig nach Tipps!<\/p>\n<p><\/span><\/div>\n<div class=\"specification-item row-even\"><span class=\"spec-content\"><strong>Details<\/strong><\/span><\/div>\n<div class=\"specification-item row-odd\"><span class=\"spec-content\">Ladenpreis: 2000.00<\/span><\/div>\n<div class=\"specification-item row-even\"><span class=\"spec-content\"><strong>Allgemeine Beschreibung<\/strong><\/span><\/div>\n<div class=\"specification-item row-odd\"><span class=\"spec-content\"><\/p>\n<p>Dieser kompakte Regallautsprecher wurde f\u00fcr eine pr\u00e4zise und detaillierte Musikwiedergabe entwickelt. Ausgestattet mit einem 6-Zoll-Tiefmittelt\u00f6ner mit HDT C-CAMus-Technologie und dem neuesten MPD III-Hocht\u00f6ner, bietet er einen breiten Frequenzbereich von 55 Hz bis 60 kHz. Das Geh\u00e4use verf\u00fcgt \u00fcber die HiVe II Port-Technologie f\u00fcr eine verbesserte Basswiedergabe und verwendet die Through-Bolt-Technologie f\u00fcr zus\u00e4tzliche Stabilit\u00e4t. Mit einer Empfindlichkeit von 85 dB und einer Nennimpedanz von 4 Ohm ist er f\u00fcr Verst\u00e4rker mit einer Leistung zwischen 130 und 300 Watt geeignet. Er ist 320 mm hoch, 185 mm breit und 303 mm tief und wiegt 8,5 kg. Erh\u00e4ltlich in Ausf\u00fchrungen wie Makassar-Holzfurnier, Hochglanz-Schwarz und Satin-Wei\u00df.     <\/p>\n<p><\/span><\/div>\n<div class=\"specification-item row-even\"><span class=\"spec-content\"><strong>Geschichte der Marke<\/strong><\/span><\/div>\n<div class=\"specification-item row-odd\"><span class=\"spec-content\"><\/p>\n<p>Monitor Audio wurde 1972 von Mo Iqbal in einer kleinen Fabrik in Teversham, in der N\u00e4he von Cambridge, England, gegr\u00fcndet. Der erste Lautsprecher, den das Unternehmen produzierte, war der MA1, der von Iqbal und einem kleinen Team von Ingenieuren von Hand zusammengebaut wurde. Im Laufe der Jahre erreichte das Unternehmen mehrere wichtige Meilensteine, darunter die Einf\u00fchrung der Platinum-Serie im Jahr 2007. Im Jahr 2016 erweiterte Monitor Audio sein Portfolio durch die \u00dcbernahme von Roksan, einem Hersteller von Audioger\u00e4ten.   <\/p>\n<p><\/span><\/div>\n<\/div>\n","protected":false},"excerpt":{"rendered":"<p>Beschreibung Freakuence! Wundersch\u00f6n verarbeitete und robuste Monitore. F\u00fcr Liebhaber von gro\u00dfartigen B\u00e4ssen. Der Mitteltonbereich ist sauber neutral und korrekt. Der B\u00e4ndchenhocht\u00f6ner strahlt den ganzen Raum ab und sorgt f\u00fcr ein klares akustisches Erlebnis. Mit dem richtigen Verst\u00e4rker werden Sie sie viel gr\u00f6\u00dfer klingen lassen, als Sie es erwarten w\u00fcrden. Fragen Sie ruhig nach Tipps! Details [&hellip;]<\/p>\n","protected":false},"featured_media":308651,"template":"","meta":{"_acf_changed":false,"inline_featured_image":false},"product_brand":[],"product_cat":[775,553],"product_tag":[574],"class_list":{"0":"post-308650","1":"product","2":"type-product","3":"status-publish","4":"has-post-thumbnail","6":"product_cat-bucherregal-lautsprecher","7":"product_cat-redner","8":"product_tag-freakdemo","9":"pa_kleur-weis","11":"first","12":"instock","13":"taxable","14":"shipping-taxable","15":"purchasable","16":"product-type-simple"},"acf":[],"yoast_head":"<!-- This site is optimized with the Yoast SEO plugin v25.9 - https:\/\/yoast.com\/wordpress\/plugins\/seo\/ -->\n<title>Monitor Audio Gold 50 6G | Freakuence!<\/title>\n<meta name=\"robots\" content=\"noindex, follow, max-snippet:-1, max-image-preview:large, max-video-preview:-1\" \/>\n<meta property=\"og:locale\" content=\"de_DE\" \/>\n<meta property=\"og:type\" content=\"article\" \/>\n<meta property=\"og:title\" content=\"Monitor Audio Gold 50 6G | Freakuence!\" \/>\n<meta property=\"og:description\" content=\"Beschreibung Freakuence! Wundersch\u00f6n verarbeitete und robuste Monitore. F\u00fcr Liebhaber von gro\u00dfartigen B\u00e4ssen. Der Mitteltonbereich ist sauber neutral und korrekt. Der B\u00e4ndchenhocht\u00f6ner strahlt den ganzen Raum ab und sorgt f\u00fcr ein klares akustisches Erlebnis. Mit dem richtigen Verst\u00e4rker werden Sie sie viel gr\u00f6\u00dfer klingen lassen, als Sie es erwarten w\u00fcrden. Fragen Sie ruhig nach Tipps! Details [&hellip;]\" \/>\n<meta property=\"og:url\" content=\"https:\/\/dev.freakuence.nl\/de\/produkt\/monitor-audio-gold-50-6g\/\" \/>\n<meta property=\"og:site_name\" content=\"Freakuence!\" \/>\n<meta property=\"article:modified_time\" content=\"2026-04-11T02:10:31+00:00\" \/>\n<meta property=\"og:image\" content=\"https:\/\/dev.freakuence.nl\/wp-content\/uploads\/2025\/09\/1754318069-IMG9016-scaled.jpg\" \/>\n\t<meta property=\"og:image:width\" content=\"1200\" \/>\n\t<meta property=\"og:image:height\" content=\"1800\" \/>\n\t<meta property=\"og:image:type\" content=\"image\/jpeg\" \/>\n<meta name=\"twitter:card\" content=\"summary_large_image\" \/>\n<script type=\"application\/ld+json\" class=\"yoast-schema-graph\">{\"@context\":\"https:\/\/schema.org\",\"@graph\":[{\"@type\":\"WebPage\",\"@id\":\"https:\/\/dev.freakuence.nl\/de\/produkt\/monitor-audio-gold-50-6g\/\",\"url\":\"https:\/\/dev.freakuence.nl\/de\/produkt\/monitor-audio-gold-50-6g\/\",\"name\":\"Monitor Audio Gold 50 6G | Freakuence!\",\"isPartOf\":{\"@id\":\"https:\/\/dev.freakuence.nl\/de\/#website\"},\"primaryImageOfPage\":{\"@id\":\"https:\/\/dev.freakuence.nl\/de\/produkt\/monitor-audio-gold-50-6g\/#primaryimage\"},\"image\":{\"@id\":\"https:\/\/dev.freakuence.nl\/de\/produkt\/monitor-audio-gold-50-6g\/#primaryimage\"},\"thumbnailUrl\":\"https:\/\/dev.freakuence.nl\/wp-content\/uploads\/2025\/09\/1754318069-IMG9016-scaled.jpg\",\"datePublished\":\"2025-08-06T10:38:02+00:00\",\"dateModified\":\"2026-04-11T02:10:31+00:00\",\"breadcrumb\":{\"@id\":\"https:\/\/dev.freakuence.nl\/de\/produkt\/monitor-audio-gold-50-6g\/#breadcrumb\"},\"inLanguage\":\"de\",\"potentialAction\":[{\"@type\":\"ReadAction\",\"target\":[\"https:\/\/dev.freakuence.nl\/de\/produkt\/monitor-audio-gold-50-6g\/\"]}]},{\"@type\":\"ImageObject\",\"inLanguage\":\"de\",\"@id\":\"https:\/\/dev.freakuence.nl\/de\/produkt\/monitor-audio-gold-50-6g\/#primaryimage\",\"url\":\"https:\/\/dev.freakuence.nl\/wp-content\/uploads\/2025\/09\/1754318069-IMG9016-scaled.jpg\",\"contentUrl\":\"https:\/\/dev.freakuence.nl\/wp-content\/uploads\/2025\/09\/1754318069-IMG9016-scaled.jpg\",\"width\":1200,\"height\":1800},{\"@type\":\"BreadcrumbList\",\"@id\":\"https:\/\/dev.freakuence.nl\/de\/produkt\/monitor-audio-gold-50-6g\/#breadcrumb\",\"itemListElement\":[{\"@type\":\"ListItem\",\"position\":1,\"name\":\"Startseite\",\"item\":\"https:\/\/dev.freakuence.nl\/de\/\"},{\"@type\":\"ListItem\",\"position\":2,\"name\":\"Products\",\"item\":\"https:\/\/dev.freakuence.nl\/en\/products\/\"},{\"@type\":\"ListItem\",\"position\":3,\"name\":\"Monitor Audio Gold 50 6G\"}]},{\"@type\":\"WebSite\",\"@id\":\"https:\/\/dev.freakuence.nl\/de\/#website\",\"url\":\"https:\/\/dev.freakuence.nl\/de\/\",\"name\":\"Freakuence!\",\"description\":\"Freakuence!\",\"alternateName\":\"Freakuence\",\"potentialAction\":[{\"@type\":\"SearchAction\",\"target\":{\"@type\":\"EntryPoint\",\"urlTemplate\":\"https:\/\/dev.freakuence.nl\/de\/?s={search_term_string}\"},\"query-input\":{\"@type\":\"PropertyValueSpecification\",\"valueRequired\":true,\"valueName\":\"search_term_string\"}}],\"inLanguage\":\"de\"}]}<\/script>\n<!-- \/ Yoast SEO plugin. -->","yoast_head_json":{"title":"Monitor Audio Gold 50 6G | Freakuence!","robots":{"index":"noindex","follow":"follow","max-snippet":"max-snippet:-1","max-image-preview":"max-image-preview:large","max-video-preview":"max-video-preview:-1"},"og_locale":"de_DE","og_type":"article","og_title":"Monitor Audio Gold 50 6G | Freakuence!","og_description":"Beschreibung Freakuence! Wundersch\u00f6n verarbeitete und robuste Monitore. F\u00fcr Liebhaber von gro\u00dfartigen B\u00e4ssen. Der Mitteltonbereich ist sauber neutral und korrekt. Der B\u00e4ndchenhocht\u00f6ner strahlt den ganzen Raum ab und sorgt f\u00fcr ein klares akustisches Erlebnis. Mit dem richtigen Verst\u00e4rker werden Sie sie viel gr\u00f6\u00dfer klingen lassen, als Sie es erwarten w\u00fcrden. Fragen Sie ruhig nach Tipps! Details [&hellip;]","og_url":"https:\/\/dev.freakuence.nl\/de\/produkt\/monitor-audio-gold-50-6g\/","og_site_name":"Freakuence!","article_modified_time":"2026-04-11T02:10:31+00:00","og_image":[{"width":1200,"height":1800,"url":"https:\/\/dev.freakuence.nl\/wp-content\/uploads\/2025\/09\/1754318069-IMG9016-scaled.jpg","type":"image\/jpeg"}],"twitter_card":"summary_large_image","schema":{"@context":"https:\/\/schema.org","@graph":[{"@type":"WebPage","@id":"https:\/\/dev.freakuence.nl\/de\/produkt\/monitor-audio-gold-50-6g\/","url":"https:\/\/dev.freakuence.nl\/de\/produkt\/monitor-audio-gold-50-6g\/","name":"Monitor Audio Gold 50 6G | Freakuence!","isPartOf":{"@id":"https:\/\/dev.freakuence.nl\/de\/#website"},"primaryImageOfPage":{"@id":"https:\/\/dev.freakuence.nl\/de\/produkt\/monitor-audio-gold-50-6g\/#primaryimage"},"image":{"@id":"https:\/\/dev.freakuence.nl\/de\/produkt\/monitor-audio-gold-50-6g\/#primaryimage"},"thumbnailUrl":"https:\/\/dev.freakuence.nl\/wp-content\/uploads\/2025\/09\/1754318069-IMG9016-scaled.jpg","datePublished":"2025-08-06T10:38:02+00:00","dateModified":"2026-04-11T02:10:31+00:00","breadcrumb":{"@id":"https:\/\/dev.freakuence.nl\/de\/produkt\/monitor-audio-gold-50-6g\/#breadcrumb"},"inLanguage":"de","potentialAction":[{"@type":"ReadAction","target":["https:\/\/dev.freakuence.nl\/de\/produkt\/monitor-audio-gold-50-6g\/"]}]},{"@type":"ImageObject","inLanguage":"de","@id":"https:\/\/dev.freakuence.nl\/de\/produkt\/monitor-audio-gold-50-6g\/#primaryimage","url":"https:\/\/dev.freakuence.nl\/wp-content\/uploads\/2025\/09\/1754318069-IMG9016-scaled.jpg","contentUrl":"https:\/\/dev.freakuence.nl\/wp-content\/uploads\/2025\/09\/1754318069-IMG9016-scaled.jpg","width":1200,"height":1800},{"@type":"BreadcrumbList","@id":"https:\/\/dev.freakuence.nl\/de\/produkt\/monitor-audio-gold-50-6g\/#breadcrumb","itemListElement":[{"@type":"ListItem","position":1,"name":"Startseite","item":"https:\/\/dev.freakuence.nl\/de\/"},{"@type":"ListItem","position":2,"name":"Products","item":"https:\/\/dev.freakuence.nl\/en\/products\/"},{"@type":"ListItem","position":3,"name":"Monitor Audio Gold 50 6G"}]},{"@type":"WebSite","@id":"https:\/\/dev.freakuence.nl\/de\/#website","url":"https:\/\/dev.freakuence.nl\/de\/","name":"Freakuence!","description":"Freakuence!","alternateName":"Freakuence","potentialAction":[{"@type":"SearchAction","target":{"@type":"EntryPoint","urlTemplate":"https:\/\/dev.freakuence.nl\/de\/?s={search_term_string}"},"query-input":{"@type":"PropertyValueSpecification","valueRequired":true,"valueName":"search_term_string"}}],"inLanguage":"de"}]}},"_links":{"self":[{"href":"https:\/\/dev.freakuence.nl\/de\/wp-json\/wp\/v2\/product\/308650","targetHints":{"allow":["GET"]}}],"collection":[{"href":"https:\/\/dev.freakuence.nl\/de\/wp-json\/wp\/v2\/product"}],"about":[{"href":"https:\/\/dev.freakuence.nl\/de\/wp-json\/wp\/v2\/types\/product"}],"version-history":[{"count":1,"href":"https:\/\/dev.freakuence.nl\/de\/wp-json\/wp\/v2\/product\/308650\/revisions"}],"predecessor-version":[{"id":318170,"href":"https:\/\/dev.freakuence.nl\/de\/wp-json\/wp\/v2\/product\/308650\/revisions\/318170"}],"wp:featuredmedia":[{"embeddable":true,"href":"https:\/\/dev.freakuence.nl\/de\/wp-json\/wp\/v2\/media\/308651"}],"wp:attachment":[{"href":"https:\/\/dev.freakuence.nl\/de\/wp-json\/wp\/v2\/media?parent=308650"}],"wp:term":[{"taxonomy":"product_brand","embeddable":true,"href":"https:\/\/dev.freakuence.nl\/de\/wp-json\/wp\/v2\/product_brand?post=308650"},{"taxonomy":"product_cat","embeddable":true,"href":"https:\/\/dev.freakuence.nl\/de\/wp-json\/wp\/v2\/product_cat?post=308650"},{"taxonomy":"product_tag","embeddable":true,"href":"https:\/\/dev.freakuence.nl\/de\/wp-json\/wp\/v2\/product_tag?post=308650"}],"curies":[{"name":"wp","href":"https:\/\/api.w.org\/{rel}","templated":true}]}}