{"id":309085,"date":"2025-09-08T12:51:26","date_gmt":"2025-09-08T10:51:26","guid":{"rendered":"https:\/\/dev.freakuence.nl\/product\/kef-r5-meta\/"},"modified":"2026-03-20T07:26:14","modified_gmt":"2026-03-20T06:26:14","slug":"kef-r5-meta","status":"publish","type":"product","link":"https:\/\/dev.freakuence.nl\/de\/produkt\/kef-r5-meta\/","title":{"rendered":"KEF R5 meta"},"content":{"rendered":"<div class=\"product-specifications-list\">\n<div class=\"specification-item row-even\"><span class=\"spec-content\"><strong>Beschreibung Freakuence!<\/strong><\/span><\/div>\n<div class=\"specification-item row-odd\"><span class=\"spec-content\"><\/p>\n<p>Die Mitten und H\u00f6hen werden klar und deutlich wiedergegeben, ohne sich gegenseitig zu dominieren. Das Design ist auf Raffinesse getrimmt, und Details kommen gut zur Geltung. Stimmen sind leise und im Vordergrund. Eine Party (ab und zu) ist auch gut gelungen.   <\/p>\n<p><\/span><\/div>\n<div class=\"specification-item row-even\"><span class=\"spec-content\"><strong>Details<\/strong><\/span><\/div>\n<div class=\"specification-item row-odd\"><span class=\"spec-content\"><\/p>\n<p>Ausstellungsdemo vom Importeur. Ausstellungsmodelle haben kaum oder gar keine Betriebsstunden (auf einem Messestand k\u00f6nnen nicht alle Produkte gleichzeitig eingeschaltet sein), werden aus der Verpackung genommen, ausgestellt und dann oft direkt an unseren Shop geschickt. Mit der vollen offiziellen Herstellergarantie!  <\/span><\/div>\n<div class=\"specification-item row-even\"><span class=\"spec-content\">Das Material f\u00fcr die Ger\u00e4te ist weniger verbreitet, weshalb die Leute dazu neigen, sie zu bef\u00fchlen (seltsame Leute, diese Audio-Enthusiasten), was zu regelm\u00e4\u00dfigen Dellen in den Ger\u00e4ten f\u00fchrt, wie bei diesem hier (siehe Fotos). Spielen Sie perfekt! <\/span><\/div>\n<div class=\"specification-item row-odd\"><span class=\"spec-content\">Mehrwertsteuer-Produkt. Unternehmer, Menschen au\u00dferhalb der EU, nutzen den Vorteil. <\/span><\/div>\n<div class=\"specification-item row-even\"><span class=\"spec-content\">Andere Farben m\u00f6glich! Wir sind H\u00e4ndler, also z\u00f6gern Sie nicht, uns eine Nachricht zu schicken. M\u00f6glicherweise mit Ihrer Inzahlungnahmeanfrage.  <\/p>\n<p><\/span><\/div>\n<div class=\"specification-item row-odd\"><span class=\"spec-content\">Einzelhandelspreis: 3500.00<\/span><\/div>\n<div class=\"specification-item row-even\"><span class=\"spec-content\"><strong>Allgemeine Beschreibung<\/strong><\/span><\/div>\n<div class=\"specification-item row-odd\"><span class=\"spec-content\"><\/p>\n<p>Der schlanke und elegante Lautsprecher ist kompakt, liefert aber einen \u00e4u\u00dferst detaillierten Klang und tiefe, saubere B\u00e4sse. Er verf\u00fcgt \u00fcber das Uni-Q-Treibersystem der 12. Generation mit Metamaterial-Absorptionstechnologie (MAT) und zwei 13-cm-Hybrid-Tieft\u00f6ner aus Aluminium. MAT absorbiert 99% der unerw\u00fcnschten Ger\u00e4usche und sorgt f\u00fcr einen reinen und nat\u00fcrlichen Klang. Die Hybrid-Aluminium-Tieft\u00f6ner mit verl\u00e4ngerter Auslenkung sorgen f\u00fcr einen straffen, tiefen und kontrollierten Bass. Das Uni-Q-System der 12. Generation wirkt wie eine einzige Punktschallquelle, um den Sweet Spot zu vergr\u00f6\u00dfern und den Klang gleichm\u00e4\u00dfiger zu verteilen. Der Lautsprecher kann als Stereopaar oder als Surround-Lautsprecher innerhalb eines ultimativen Heimkinosystems der R-Serie verwendet werden. Die speziellen Mikrofaser-Frontplatten verf\u00fcgen \u00fcber 1801 pr\u00e4zisionsgeschnittene L\u00f6cher f\u00fcr jeden Treiber, die die Leistung auch dann gew\u00e4hrleisten, wenn die Treiber abgedeckt sind.      <\/p>\n<p><\/span><\/div>\n<div class=\"specification-item row-even\"><span class=\"spec-content\"><strong>Hintergrundinformationen<\/strong><\/span><\/div>\n<div class=\"specification-item row-odd\"><span class=\"spec-content\"><\/p>\n<p>Der KEF R3 Meta wurde gem\u00e4\u00df der akustischen Philosophie von KEF entwickelt: klarer, pr\u00e4ziser Klang mit minimaler Verzerrung. Der Lautsprecher verf\u00fcgt \u00fcber die neueste Uni-Q-Treiberanordnung mit Metamaterial-Absorptionstechnologie (MAT), die unerw\u00fcnschte Resonanzen bis zu 99 % absorbiert. Das Geh\u00e4use ist mit Constrained Layer Damping f\u00fcr reduzierte Vibrationen verst\u00e4rkt. Entwickelt vom Akustik-Team von KEF unter der Leitung von Jack Oclee-Brown.   <\/p>\n<p><\/span><\/div>\n<div class=\"specification-item row-even\"><span class=\"spec-content\"><strong>Geschichte der Marke<\/strong><\/span><\/div>\n<div class=\"specification-item row-odd\"><span class=\"spec-content\"><\/p>\n<p>KEF wurde 1961 von Raymond Cooke in Maidstone, Kent, Gro\u00dfbritannien, gegr\u00fcndet. Der Name leitet sich von Kent Engineering &amp; Foundry ab, wo sich die urspr\u00fcngliche Werkstatt auf dem Gel\u00e4nde des Stahlbauwerks von Kent Engineering befand. Raymond Cooke war ein ehemaliger Tontechniker der BBC.   Von Anfang an verwendete das Unternehmen synthetische Materialien und f\u00fchrte Messungen unter kontrollierten Bedingungen durch. Im Jahr 1973 wurde ein spezielles Akustiklabor f\u00fcr technische Entwicklungen er\u00f6ffnet. 1988 entwickelte KEF den Uni-Q-Treiber, bei dem die Hoch- und Mittelt\u00f6ner gemeinsam in einer Achse angeordnet sind. Seit 2005 befindet sich der Hauptsitz des Unternehmens in East Sussex, Gro\u00dfbritannien. Im Laufe der Jahre hat sich die Marke auf den Bau von Lautsprechern konzentriert, darunter Stand-, Regal- und Einbaulautsprecher, sowie auf tragbare Abspielger\u00e4te.    <\/p>\n<p><\/span><\/div>\n<\/div>\n","protected":false},"excerpt":{"rendered":"<p>Beschreibung Freakuence! Die Mitten und H\u00f6hen werden klar und deutlich wiedergegeben, ohne sich gegenseitig zu dominieren. Das Design ist auf Raffinesse getrimmt, und Details kommen gut zur Geltung. Stimmen sind leise und im Vordergrund. Eine Party (ab und zu) ist auch gut gelungen. Details Ausstellungsdemo vom Importeur. Ausstellungsmodelle haben kaum oder gar keine Betriebsstunden (auf [&hellip;]<\/p>\n","protected":false},"featured_media":309095,"template":"","meta":{"_acf_changed":false,"inline_featured_image":false},"product_brand":[],"product_cat":[553],"product_tag":[593],"class_list":{"0":"post-309085","1":"product","2":"type-product","3":"status-publish","4":"has-post-thumbnail","6":"product_cat-redner","7":"product_tag-demo","8":"pa_kleur-weis","10":"first","11":"instock","12":"purchasable","13":"product-type-simple"},"acf":[],"yoast_head":"<!-- This site is optimized with the Yoast SEO plugin v25.9 - https:\/\/yoast.com\/wordpress\/plugins\/seo\/ -->\n<title>KEF R5 meta | Freakuence!<\/title>\n<meta name=\"robots\" content=\"noindex, follow, max-snippet:-1, max-image-preview:large, max-video-preview:-1\" \/>\n<meta property=\"og:locale\" content=\"de_DE\" \/>\n<meta property=\"og:type\" content=\"article\" \/>\n<meta property=\"og:title\" content=\"KEF R5 meta | Freakuence!\" \/>\n<meta property=\"og:description\" content=\"Beschreibung Freakuence! Die Mitten und H\u00f6hen werden klar und deutlich wiedergegeben, ohne sich gegenseitig zu dominieren. Das Design ist auf Raffinesse getrimmt, und Details kommen gut zur Geltung. Stimmen sind leise und im Vordergrund. Eine Party (ab und zu) ist auch gut gelungen. Details Ausstellungsdemo vom Importeur. Ausstellungsmodelle haben kaum oder gar keine Betriebsstunden (auf [&hellip;]\" \/>\n<meta property=\"og:url\" content=\"https:\/\/dev.freakuence.nl\/de\/produkt\/kef-r5-meta\/\" \/>\n<meta property=\"og:site_name\" content=\"Freakuence!\" \/>\n<meta property=\"article:modified_time\" content=\"2026-03-20T06:26:14+00:00\" \/>\n<meta property=\"og:image\" content=\"https:\/\/dev.freakuence.nl\/wp-content\/uploads\/2025\/09\/1757328644-Schermafbeelding2025-09-08124512.png\" \/>\n\t<meta property=\"og:image:width\" content=\"982\" \/>\n\t<meta property=\"og:image:height\" content=\"1411\" \/>\n\t<meta property=\"og:image:type\" content=\"image\/png\" \/>\n<meta name=\"twitter:card\" content=\"summary_large_image\" \/>\n<script type=\"application\/ld+json\" class=\"yoast-schema-graph\">{\"@context\":\"https:\/\/schema.org\",\"@graph\":[{\"@type\":\"WebPage\",\"@id\":\"https:\/\/dev.freakuence.nl\/de\/produkt\/kef-r5-meta\/\",\"url\":\"https:\/\/dev.freakuence.nl\/de\/produkt\/kef-r5-meta\/\",\"name\":\"KEF R5 meta | Freakuence!\",\"isPartOf\":{\"@id\":\"https:\/\/dev.freakuence.nl\/de\/#website\"},\"primaryImageOfPage\":{\"@id\":\"https:\/\/dev.freakuence.nl\/de\/produkt\/kef-r5-meta\/#primaryimage\"},\"image\":{\"@id\":\"https:\/\/dev.freakuence.nl\/de\/produkt\/kef-r5-meta\/#primaryimage\"},\"thumbnailUrl\":\"https:\/\/dev.freakuence.nl\/wp-content\/uploads\/2025\/09\/1757328644-Schermafbeelding2025-09-08124512.png\",\"datePublished\":\"2025-09-08T10:51:26+00:00\",\"dateModified\":\"2026-03-20T06:26:14+00:00\",\"breadcrumb\":{\"@id\":\"https:\/\/dev.freakuence.nl\/de\/produkt\/kef-r5-meta\/#breadcrumb\"},\"inLanguage\":\"de\",\"potentialAction\":[{\"@type\":\"ReadAction\",\"target\":[\"https:\/\/dev.freakuence.nl\/de\/produkt\/kef-r5-meta\/\"]}]},{\"@type\":\"ImageObject\",\"inLanguage\":\"de\",\"@id\":\"https:\/\/dev.freakuence.nl\/de\/produkt\/kef-r5-meta\/#primaryimage\",\"url\":\"https:\/\/dev.freakuence.nl\/wp-content\/uploads\/2025\/09\/1757328644-Schermafbeelding2025-09-08124512.png\",\"contentUrl\":\"https:\/\/dev.freakuence.nl\/wp-content\/uploads\/2025\/09\/1757328644-Schermafbeelding2025-09-08124512.png\",\"width\":982,\"height\":1411},{\"@type\":\"BreadcrumbList\",\"@id\":\"https:\/\/dev.freakuence.nl\/de\/produkt\/kef-r5-meta\/#breadcrumb\",\"itemListElement\":[{\"@type\":\"ListItem\",\"position\":1,\"name\":\"Startseite\",\"item\":\"https:\/\/dev.freakuence.nl\/de\/\"},{\"@type\":\"ListItem\",\"position\":2,\"name\":\"Products\",\"item\":\"https:\/\/dev.freakuence.nl\/en\/products\/\"},{\"@type\":\"ListItem\",\"position\":3,\"name\":\"KEF R5 meta\"}]},{\"@type\":\"WebSite\",\"@id\":\"https:\/\/dev.freakuence.nl\/de\/#website\",\"url\":\"https:\/\/dev.freakuence.nl\/de\/\",\"name\":\"Freakuence!\",\"description\":\"Freakuence!\",\"alternateName\":\"Freakuence\",\"potentialAction\":[{\"@type\":\"SearchAction\",\"target\":{\"@type\":\"EntryPoint\",\"urlTemplate\":\"https:\/\/dev.freakuence.nl\/de\/?s={search_term_string}\"},\"query-input\":{\"@type\":\"PropertyValueSpecification\",\"valueRequired\":true,\"valueName\":\"search_term_string\"}}],\"inLanguage\":\"de\"}]}<\/script>\n<!-- \/ Yoast SEO plugin. -->","yoast_head_json":{"title":"KEF R5 meta | Freakuence!","robots":{"index":"noindex","follow":"follow","max-snippet":"max-snippet:-1","max-image-preview":"max-image-preview:large","max-video-preview":"max-video-preview:-1"},"og_locale":"de_DE","og_type":"article","og_title":"KEF R5 meta | Freakuence!","og_description":"Beschreibung Freakuence! Die Mitten und H\u00f6hen werden klar und deutlich wiedergegeben, ohne sich gegenseitig zu dominieren. Das Design ist auf Raffinesse getrimmt, und Details kommen gut zur Geltung. Stimmen sind leise und im Vordergrund. Eine Party (ab und zu) ist auch gut gelungen. Details Ausstellungsdemo vom Importeur. Ausstellungsmodelle haben kaum oder gar keine Betriebsstunden (auf [&hellip;]","og_url":"https:\/\/dev.freakuence.nl\/de\/produkt\/kef-r5-meta\/","og_site_name":"Freakuence!","article_modified_time":"2026-03-20T06:26:14+00:00","og_image":[{"width":982,"height":1411,"url":"https:\/\/dev.freakuence.nl\/wp-content\/uploads\/2025\/09\/1757328644-Schermafbeelding2025-09-08124512.png","type":"image\/png"}],"twitter_card":"summary_large_image","schema":{"@context":"https:\/\/schema.org","@graph":[{"@type":"WebPage","@id":"https:\/\/dev.freakuence.nl\/de\/produkt\/kef-r5-meta\/","url":"https:\/\/dev.freakuence.nl\/de\/produkt\/kef-r5-meta\/","name":"KEF R5 meta | Freakuence!","isPartOf":{"@id":"https:\/\/dev.freakuence.nl\/de\/#website"},"primaryImageOfPage":{"@id":"https:\/\/dev.freakuence.nl\/de\/produkt\/kef-r5-meta\/#primaryimage"},"image":{"@id":"https:\/\/dev.freakuence.nl\/de\/produkt\/kef-r5-meta\/#primaryimage"},"thumbnailUrl":"https:\/\/dev.freakuence.nl\/wp-content\/uploads\/2025\/09\/1757328644-Schermafbeelding2025-09-08124512.png","datePublished":"2025-09-08T10:51:26+00:00","dateModified":"2026-03-20T06:26:14+00:00","breadcrumb":{"@id":"https:\/\/dev.freakuence.nl\/de\/produkt\/kef-r5-meta\/#breadcrumb"},"inLanguage":"de","potentialAction":[{"@type":"ReadAction","target":["https:\/\/dev.freakuence.nl\/de\/produkt\/kef-r5-meta\/"]}]},{"@type":"ImageObject","inLanguage":"de","@id":"https:\/\/dev.freakuence.nl\/de\/produkt\/kef-r5-meta\/#primaryimage","url":"https:\/\/dev.freakuence.nl\/wp-content\/uploads\/2025\/09\/1757328644-Schermafbeelding2025-09-08124512.png","contentUrl":"https:\/\/dev.freakuence.nl\/wp-content\/uploads\/2025\/09\/1757328644-Schermafbeelding2025-09-08124512.png","width":982,"height":1411},{"@type":"BreadcrumbList","@id":"https:\/\/dev.freakuence.nl\/de\/produkt\/kef-r5-meta\/#breadcrumb","itemListElement":[{"@type":"ListItem","position":1,"name":"Startseite","item":"https:\/\/dev.freakuence.nl\/de\/"},{"@type":"ListItem","position":2,"name":"Products","item":"https:\/\/dev.freakuence.nl\/en\/products\/"},{"@type":"ListItem","position":3,"name":"KEF R5 meta"}]},{"@type":"WebSite","@id":"https:\/\/dev.freakuence.nl\/de\/#website","url":"https:\/\/dev.freakuence.nl\/de\/","name":"Freakuence!","description":"Freakuence!","alternateName":"Freakuence","potentialAction":[{"@type":"SearchAction","target":{"@type":"EntryPoint","urlTemplate":"https:\/\/dev.freakuence.nl\/de\/?s={search_term_string}"},"query-input":{"@type":"PropertyValueSpecification","valueRequired":true,"valueName":"search_term_string"}}],"inLanguage":"de"}]}},"_links":{"self":[{"href":"https:\/\/dev.freakuence.nl\/de\/wp-json\/wp\/v2\/product\/309085","targetHints":{"allow":["GET"]}}],"collection":[{"href":"https:\/\/dev.freakuence.nl\/de\/wp-json\/wp\/v2\/product"}],"about":[{"href":"https:\/\/dev.freakuence.nl\/de\/wp-json\/wp\/v2\/types\/product"}],"version-history":[{"count":0,"href":"https:\/\/dev.freakuence.nl\/de\/wp-json\/wp\/v2\/product\/309085\/revisions"}],"wp:featuredmedia":[{"embeddable":true,"href":"https:\/\/dev.freakuence.nl\/de\/wp-json\/wp\/v2\/media\/309095"}],"wp:attachment":[{"href":"https:\/\/dev.freakuence.nl\/de\/wp-json\/wp\/v2\/media?parent=309085"}],"wp:term":[{"taxonomy":"product_brand","embeddable":true,"href":"https:\/\/dev.freakuence.nl\/de\/wp-json\/wp\/v2\/product_brand?post=309085"},{"taxonomy":"product_cat","embeddable":true,"href":"https:\/\/dev.freakuence.nl\/de\/wp-json\/wp\/v2\/product_cat?post=309085"},{"taxonomy":"product_tag","embeddable":true,"href":"https:\/\/dev.freakuence.nl\/de\/wp-json\/wp\/v2\/product_tag?post=309085"}],"curies":[{"name":"wp","href":"https:\/\/api.w.org\/{rel}","templated":true}]}}