{"id":309565,"date":"2025-08-06T11:48:24","date_gmt":"2025-08-06T09:48:24","guid":{"rendered":"https:\/\/dev.freakuence.nl\/product\/hifi-rose-ra280\/"},"modified":"2026-01-06T08:41:56","modified_gmt":"2026-01-06T07:41:56","slug":"hifi-rose-ra280","status":"publish","type":"product","link":"https:\/\/dev.freakuence.nl\/de\/produkt\/hifi-rose-ra280\/","title":{"rendered":"Hifi Rose RA280"},"content":{"rendered":"<p><strong>Beschreibung Freakuence!<\/strong><\/p>\n<p>Das sieht wirklich verr\u00fcckt aus! Sicherlich kann oder will das nicht jeder zu Hause aufstellen, aber f\u00fcr den durchschnittlichen Audio-Enthusiasten ist das ein Hingucker. Nehmen Sie das w\u00f6rtlich! Denn die Leute, ob sch\u00f6n oder nicht, werden hier im Laden automatisch davon angezogen. Wie er klingt? Sehr kraftvoll, perfekte Kontrolle \u00fcber die unteren Frequenzen. Sehr sauber in den Mitten, aber nicht extrem d\u00fcnn, wie Class D es sein kann. Kommen Sie mit!       <\/p>\n<p><strong>Ladenpreis:<\/strong> 3.299,00<\/p>\n<p><strong>Allgemeine Beschreibung<\/strong><\/p>\n<p>Der HiFi Rose RA280 verwendet GaN-FET-Technologie in einer Class-D-Konfiguration, was zu einer effizienten und leistungsstarken Verst\u00e4rkung f\u00fchrt. Die Schaltgeschwindigkeit von 800 kHz und der Einsatz von Siliziumkarbid-FETs in der Stromversorgung tragen zu einer pr\u00e4zisen Signalverarbeitung bei. Mit einer Leistung von 250 Watt pro Kanal sowohl an 4 als auch an 8 Ohm bietet das Ger\u00e4t gen\u00fcgend Kapazit\u00e4t f\u00fcr eine Vielzahl von Lautsprechern. Die Klangregelung mit einer Einstellung von \u00b115 dB bei 100 Hz und 10 kHz erm\u00f6glicht es dem Benutzer, den Frequenzgang nach seinem Geschmack einzustellen. Der D\u00e4mpfungsfaktor von \u00fcber 250 und die niedrigen Verzerrungswerte sorgen f\u00fcr eine kontrollierte und saubere Wiedergabe. Der Frequenzgang variiert mit der Last und erreicht bei 48 kHz ohne Last einen Spitzenwert von +18 dB. Der flache Frequenzgang liegt innerhalb von \u00b10,1 dB von 20 Hz bis 20 kHz an 8 Ohm.     <\/p>\n<p><strong>Allgemeine Beschreibung<\/strong><\/p>\n<p>Wir sind ein offizieller H\u00e4ndler und k\u00f6nnen alle anderen Produkte und Versionen liefern. Wir k\u00f6nnen auch oft Produkte von anderen Herstellern in den Laden bringen.  Fragen Sie einfach nach! Wir handeln mit neuen und gebrauchten Fahrzeugen. <\/p>\n","protected":false},"excerpt":{"rendered":"<p>Beschreibung Freakuence! Das sieht wirklich verr\u00fcckt aus! Sicherlich kann oder will das nicht jeder zu Hause aufstellen, aber f\u00fcr den durchschnittlichen Audio-Enthusiasten ist das ein Hingucker. Nehmen Sie das w\u00f6rtlich! Denn die Leute, ob sch\u00f6n oder nicht, werden hier im Laden automatisch davon angezogen. Wie er klingt? Sehr kraftvoll, perfekte Kontrolle \u00fcber die unteren Frequenzen. [&hellip;]<\/p>\n","protected":false},"featured_media":309566,"template":"","meta":{"_acf_changed":false,"inline_featured_image":false},"product_brand":[],"product_cat":[560],"product_tag":[577],"class_list":{"0":"post-309565","1":"product","2":"type-product","3":"status-publish","4":"has-post-thumbnail","6":"product_cat-verstarker","7":"product_tag-neu","8":"pa_kleur-silber","10":"first","11":"instock","12":"sold-individually","13":"purchasable","14":"product-type-simple"},"acf":[],"yoast_head":"<!-- This site is optimized with the Yoast SEO plugin v25.9 - https:\/\/yoast.com\/wordpress\/plugins\/seo\/ -->\n<title>Hifi Rose RA280 | Freakuence!<\/title>\n<meta name=\"robots\" content=\"noindex, follow, max-snippet:-1, max-image-preview:large, max-video-preview:-1\" \/>\n<meta property=\"og:locale\" content=\"de_DE\" \/>\n<meta property=\"og:type\" content=\"article\" \/>\n<meta property=\"og:title\" content=\"Hifi Rose RA280 | Freakuence!\" \/>\n<meta property=\"og:description\" content=\"Beschreibung Freakuence! Das sieht wirklich verr\u00fcckt aus! Sicherlich kann oder will das nicht jeder zu Hause aufstellen, aber f\u00fcr den durchschnittlichen Audio-Enthusiasten ist das ein Hingucker. Nehmen Sie das w\u00f6rtlich! Denn die Leute, ob sch\u00f6n oder nicht, werden hier im Laden automatisch davon angezogen. Wie er klingt? Sehr kraftvoll, perfekte Kontrolle \u00fcber die unteren Frequenzen. [&hellip;]\" \/>\n<meta property=\"og:url\" content=\"https:\/\/dev.freakuence.nl\/de\/produkt\/hifi-rose-ra280\/\" \/>\n<meta property=\"og:site_name\" content=\"Freakuence!\" \/>\n<meta property=\"article:modified_time\" content=\"2026-01-06T07:41:56+00:00\" \/>\n<meta property=\"og:image\" content=\"https:\/\/dev.freakuence.nl\/wp-content\/uploads\/2025\/09\/1754056652-IMG5113-scaled.jpg\" \/>\n\t<meta property=\"og:image:width\" content=\"1800\" \/>\n\t<meta property=\"og:image:height\" content=\"1200\" \/>\n\t<meta property=\"og:image:type\" content=\"image\/jpeg\" \/>\n<meta name=\"twitter:card\" content=\"summary_large_image\" \/>\n<script type=\"application\/ld+json\" class=\"yoast-schema-graph\">{\"@context\":\"https:\/\/schema.org\",\"@graph\":[{\"@type\":\"WebPage\",\"@id\":\"https:\/\/dev.freakuence.nl\/de\/produkt\/hifi-rose-ra280\/\",\"url\":\"https:\/\/dev.freakuence.nl\/de\/produkt\/hifi-rose-ra280\/\",\"name\":\"Hifi Rose RA280 | Freakuence!\",\"isPartOf\":{\"@id\":\"https:\/\/dev.freakuence.nl\/de\/#website\"},\"primaryImageOfPage\":{\"@id\":\"https:\/\/dev.freakuence.nl\/de\/produkt\/hifi-rose-ra280\/#primaryimage\"},\"image\":{\"@id\":\"https:\/\/dev.freakuence.nl\/de\/produkt\/hifi-rose-ra280\/#primaryimage\"},\"thumbnailUrl\":\"https:\/\/dev.freakuence.nl\/wp-content\/uploads\/2025\/09\/1754056652-IMG5113-scaled.jpg\",\"datePublished\":\"2025-08-06T09:48:24+00:00\",\"dateModified\":\"2026-01-06T07:41:56+00:00\",\"breadcrumb\":{\"@id\":\"https:\/\/dev.freakuence.nl\/de\/produkt\/hifi-rose-ra280\/#breadcrumb\"},\"inLanguage\":\"de\",\"potentialAction\":[{\"@type\":\"ReadAction\",\"target\":[\"https:\/\/dev.freakuence.nl\/de\/produkt\/hifi-rose-ra280\/\"]}]},{\"@type\":\"ImageObject\",\"inLanguage\":\"de\",\"@id\":\"https:\/\/dev.freakuence.nl\/de\/produkt\/hifi-rose-ra280\/#primaryimage\",\"url\":\"https:\/\/dev.freakuence.nl\/wp-content\/uploads\/2025\/09\/1754056652-IMG5113-scaled.jpg\",\"contentUrl\":\"https:\/\/dev.freakuence.nl\/wp-content\/uploads\/2025\/09\/1754056652-IMG5113-scaled.jpg\",\"width\":1800,\"height\":1200},{\"@type\":\"BreadcrumbList\",\"@id\":\"https:\/\/dev.freakuence.nl\/de\/produkt\/hifi-rose-ra280\/#breadcrumb\",\"itemListElement\":[{\"@type\":\"ListItem\",\"position\":1,\"name\":\"Startseite\",\"item\":\"https:\/\/dev.freakuence.nl\/de\/\"},{\"@type\":\"ListItem\",\"position\":2,\"name\":\"Products\",\"item\":\"https:\/\/dev.freakuence.nl\/en\/products\/\"},{\"@type\":\"ListItem\",\"position\":3,\"name\":\"Hifi Rose RA280\"}]},{\"@type\":\"WebSite\",\"@id\":\"https:\/\/dev.freakuence.nl\/de\/#website\",\"url\":\"https:\/\/dev.freakuence.nl\/de\/\",\"name\":\"Freakuence!\",\"description\":\"Freakuence!\",\"alternateName\":\"Freakuence\",\"potentialAction\":[{\"@type\":\"SearchAction\",\"target\":{\"@type\":\"EntryPoint\",\"urlTemplate\":\"https:\/\/dev.freakuence.nl\/de\/?s={search_term_string}\"},\"query-input\":{\"@type\":\"PropertyValueSpecification\",\"valueRequired\":true,\"valueName\":\"search_term_string\"}}],\"inLanguage\":\"de\"}]}<\/script>\n<!-- \/ Yoast SEO plugin. -->","yoast_head_json":{"title":"Hifi Rose RA280 | Freakuence!","robots":{"index":"noindex","follow":"follow","max-snippet":"max-snippet:-1","max-image-preview":"max-image-preview:large","max-video-preview":"max-video-preview:-1"},"og_locale":"de_DE","og_type":"article","og_title":"Hifi Rose RA280 | Freakuence!","og_description":"Beschreibung Freakuence! Das sieht wirklich verr\u00fcckt aus! Sicherlich kann oder will das nicht jeder zu Hause aufstellen, aber f\u00fcr den durchschnittlichen Audio-Enthusiasten ist das ein Hingucker. Nehmen Sie das w\u00f6rtlich! Denn die Leute, ob sch\u00f6n oder nicht, werden hier im Laden automatisch davon angezogen. Wie er klingt? Sehr kraftvoll, perfekte Kontrolle \u00fcber die unteren Frequenzen. [&hellip;]","og_url":"https:\/\/dev.freakuence.nl\/de\/produkt\/hifi-rose-ra280\/","og_site_name":"Freakuence!","article_modified_time":"2026-01-06T07:41:56+00:00","og_image":[{"width":1800,"height":1200,"url":"https:\/\/dev.freakuence.nl\/wp-content\/uploads\/2025\/09\/1754056652-IMG5113-scaled.jpg","type":"image\/jpeg"}],"twitter_card":"summary_large_image","schema":{"@context":"https:\/\/schema.org","@graph":[{"@type":"WebPage","@id":"https:\/\/dev.freakuence.nl\/de\/produkt\/hifi-rose-ra280\/","url":"https:\/\/dev.freakuence.nl\/de\/produkt\/hifi-rose-ra280\/","name":"Hifi Rose RA280 | Freakuence!","isPartOf":{"@id":"https:\/\/dev.freakuence.nl\/de\/#website"},"primaryImageOfPage":{"@id":"https:\/\/dev.freakuence.nl\/de\/produkt\/hifi-rose-ra280\/#primaryimage"},"image":{"@id":"https:\/\/dev.freakuence.nl\/de\/produkt\/hifi-rose-ra280\/#primaryimage"},"thumbnailUrl":"https:\/\/dev.freakuence.nl\/wp-content\/uploads\/2025\/09\/1754056652-IMG5113-scaled.jpg","datePublished":"2025-08-06T09:48:24+00:00","dateModified":"2026-01-06T07:41:56+00:00","breadcrumb":{"@id":"https:\/\/dev.freakuence.nl\/de\/produkt\/hifi-rose-ra280\/#breadcrumb"},"inLanguage":"de","potentialAction":[{"@type":"ReadAction","target":["https:\/\/dev.freakuence.nl\/de\/produkt\/hifi-rose-ra280\/"]}]},{"@type":"ImageObject","inLanguage":"de","@id":"https:\/\/dev.freakuence.nl\/de\/produkt\/hifi-rose-ra280\/#primaryimage","url":"https:\/\/dev.freakuence.nl\/wp-content\/uploads\/2025\/09\/1754056652-IMG5113-scaled.jpg","contentUrl":"https:\/\/dev.freakuence.nl\/wp-content\/uploads\/2025\/09\/1754056652-IMG5113-scaled.jpg","width":1800,"height":1200},{"@type":"BreadcrumbList","@id":"https:\/\/dev.freakuence.nl\/de\/produkt\/hifi-rose-ra280\/#breadcrumb","itemListElement":[{"@type":"ListItem","position":1,"name":"Startseite","item":"https:\/\/dev.freakuence.nl\/de\/"},{"@type":"ListItem","position":2,"name":"Products","item":"https:\/\/dev.freakuence.nl\/en\/products\/"},{"@type":"ListItem","position":3,"name":"Hifi Rose RA280"}]},{"@type":"WebSite","@id":"https:\/\/dev.freakuence.nl\/de\/#website","url":"https:\/\/dev.freakuence.nl\/de\/","name":"Freakuence!","description":"Freakuence!","alternateName":"Freakuence","potentialAction":[{"@type":"SearchAction","target":{"@type":"EntryPoint","urlTemplate":"https:\/\/dev.freakuence.nl\/de\/?s={search_term_string}"},"query-input":{"@type":"PropertyValueSpecification","valueRequired":true,"valueName":"search_term_string"}}],"inLanguage":"de"}]}},"_links":{"self":[{"href":"https:\/\/dev.freakuence.nl\/de\/wp-json\/wp\/v2\/product\/309565","targetHints":{"allow":["GET"]}}],"collection":[{"href":"https:\/\/dev.freakuence.nl\/de\/wp-json\/wp\/v2\/product"}],"about":[{"href":"https:\/\/dev.freakuence.nl\/de\/wp-json\/wp\/v2\/types\/product"}],"version-history":[{"count":0,"href":"https:\/\/dev.freakuence.nl\/de\/wp-json\/wp\/v2\/product\/309565\/revisions"}],"wp:featuredmedia":[{"embeddable":true,"href":"https:\/\/dev.freakuence.nl\/de\/wp-json\/wp\/v2\/media\/309566"}],"wp:attachment":[{"href":"https:\/\/dev.freakuence.nl\/de\/wp-json\/wp\/v2\/media?parent=309565"}],"wp:term":[{"taxonomy":"product_brand","embeddable":true,"href":"https:\/\/dev.freakuence.nl\/de\/wp-json\/wp\/v2\/product_brand?post=309565"},{"taxonomy":"product_cat","embeddable":true,"href":"https:\/\/dev.freakuence.nl\/de\/wp-json\/wp\/v2\/product_cat?post=309565"},{"taxonomy":"product_tag","embeddable":true,"href":"https:\/\/dev.freakuence.nl\/de\/wp-json\/wp\/v2\/product_tag?post=309565"}],"curies":[{"name":"wp","href":"https:\/\/api.w.org\/{rel}","templated":true}]}}