{"id":309725,"date":"2025-09-25T04:29:29","date_gmt":"2025-09-25T02:29:29","guid":{"rendered":"https:\/\/dev.freakuence.nl\/product\/bryston-bdp-1\/"},"modified":"2025-09-25T04:29:29","modified_gmt":"2025-09-25T02:29:29","slug":"bryston-bdp-1","status":"publish","type":"product","link":"https:\/\/dev.freakuence.nl\/de\/produkt\/bryston-bdp-1\/","title":{"rendered":"Bryston BDP-1"},"content":{"rendered":"<div class=\"product-specifications-list\">\n<div class=\"specification-item row-even\"><span class=\"spec-content\"><strong>Beschreibung Freakuence!<\/strong><\/span><\/div>\n<div class=\"specification-item row-odd\"><span class=\"spec-content\"><\/p>\n<p>Ein echter Streamer. Das steht fest. Viele Informationen, wenig L\u00e4rm. Wir demonstrieren es Ihnen gerne!   <\/p>\n<p><\/span><\/div>\n<div class=\"specification-item row-even\"><span class=\"spec-content\"><strong>Details<\/strong><\/span><\/div>\n<div class=\"specification-item row-odd\"><span class=\"spec-content\"><\/p>\n<p>Besch\u00e4digung, siehe Fotos dazu!<\/p>\n<p><\/span><\/div>\n<div class=\"specification-item row-even\"><span class=\"spec-content\">Ladenpreis: 1350.00<\/span><\/div>\n<div class=\"specification-item row-odd\"><span class=\"spec-content\"><strong>Hintergrundinformationen<\/strong><\/span><\/div>\n<div class=\"specification-item row-even\"><span class=\"spec-content\"><\/p>\n<p>Der Bryston 4B\u00b3 wurde vom hauseigenen Ingenieurteam in Kanada als Referenzverst\u00e4rker entwickelt. Der Fokus lag auf maximaler Transparenz und geringer Verzerrung. Die Cubed-Serie verwendet Brystons eigene, patentierte Salomie-Schaltung, benannt nach dem Designer Dan F. Salomie, f\u00fcr \u00fcberragende Klarheit und Geschwindigkeit. Sowohl das Chassis als auch die internen Komponenten werden aus hochwertigen Materialien gefertigt; die Transistoren werden f\u00fcr eine perfekte Abstimmung speziell ausgew\u00e4hlt.   <\/p>\n<p><\/span><\/div>\n<div class=\"specification-item row-odd\"><span class=\"spec-content\"><strong>Geschichte der Marke<\/strong><\/span><\/div>\n<div class=\"specification-item row-even\"><span class=\"spec-content\"><\/p>\n<p>Bryston ist f\u00fcr die Gene da, die einen reinen und sterilen Klang verlangen. Das Grant Avenue Studio, das 1976 von den Br\u00fcdern Lanois (darunter der Grammy-Preistr\u00e4ger Daniel Lanois) und Bob Doidge gegr\u00fcndet wurde, ist ein Aufnahme- und Mischstudio in Hamilton, Ontario, Kanada, das auch Mastering- und Band\u00fcbertragungsdienste anbietet. In den heiligen R\u00e4umen des stattlichen, umgebauten edwardianischen Hauses aus den fr\u00fchen 1900er Jahren in der Grant Avenue haben unz\u00e4hlige Aufnahmelegenden wie Gordon Lightfoot, Bruce Cockburn, Ian Thomas, U2, Johnny Cash, Los Lobos und unz\u00e4hlige andere gearbeitet. Bob Doidge wurde 1985 alleiniger Eigent\u00fcmer des Studios und bezeichnet Hamilton als kulturelles Juwel, das s\u00fcdwestlich von Toronto am Ufer des Ontariosees liegt. \u00dcber dem Mischpult im Hauptraum in der Grant Avenue h\u00e4ngt ein Paar JBL 4350 Studio-Referenzmonitore, ein 4-Wege-Lautsprecher, der eine enorme Detailtreue und Ausgangsleistung bietet. Die Hauptmonitore werden von einem Paar Bryston 4B-Verst\u00e4rkern angetrieben, darunter der 41. 4B, der jemals von Bryston produziert wurde. IMAGE AMP HERE Dieser 4B-Verst\u00e4rker wurde in den sp\u00e4ten 1970er Jahren gebaut und installiert und l\u00e4uft seit seiner Herstellung vor 40 Jahren fast ununterbrochen, was das Engagement von Bryston f\u00fcr \u00fcberlegene Technik und Produktionsqualit\u00e4t verdeutlicht. Grant Avenue verwendet au\u00dferdem drei Verst\u00e4rker des Modells 2B: Einer versorgt die Nahfeldmonitore, w\u00e4hrend die beiden anderen 2B die umfangreichen Kopfh\u00f6rer-Warteschlangen des Studios versorgen, die m\u00fchelos zehn oder mehr Kopfh\u00f6rer gleichzeitig ansteuern k\u00f6nnen. In den mehr als 40 Jahren, in denen die Grant Avenue die Heimat so vieler ber\u00fchmter K\u00fcnstler und Sessions war, musste die Elektronik von Bryston, die fast ununterbrochen in Betrieb ist, nur einmal repariert werden. F\u00fcr ein Aufnahmestudio muss ein Verst\u00e4rker eine hervorragende Leistung erbringen und von Natur aus zuverl\u00e4ssig sein, sagt Direktor Bob Doidge. &#8222;Als wir in den sp\u00e4ten 1970er Jahren den ersten 4B kauften, zeigten unsere Nachforschungen, dass diese Verst\u00e4rker uns den reinen Klang liefern w\u00fcrden, den wir f\u00fcr unser Studio wollten. Nach vier Jahrzehnten mit Bryston kann ich mir nichts Besseres vorstellen. Das Besondere an diesem Hersteller ist, dass er eine 20-j\u00e4hrige Garantie auf seine Verst\u00e4rker gew\u00e4hrt!            <\/p>\n<p><\/span><\/div>\n<\/div>\n","protected":false},"excerpt":{"rendered":"<p>Beschreibung Freakuence! Ein echter Streamer. Das steht fest. Viele Informationen, wenig L\u00e4rm. Wir demonstrieren es Ihnen gerne! Details Besch\u00e4digung, siehe Fotos dazu! Ladenpreis: 1350.00 Hintergrundinformationen Der Bryston 4B\u00b3 wurde vom hauseigenen Ingenieurteam in Kanada als Referenzverst\u00e4rker entwickelt. Der Fokus lag auf maximaler Transparenz und geringer Verzerrung. Die Cubed-Serie verwendet Brystons eigene, patentierte Salomie-Schaltung, benannt nach [&hellip;]<\/p>\n","protected":false},"featured_media":0,"template":"","meta":{"_acf_changed":false,"inline_featured_image":false},"product_brand":[],"product_cat":[594],"product_tag":[555],"class_list":{"0":"post-309725","1":"product","2":"type-product","3":"status-publish","5":"product_cat-dac-streamer","6":"product_tag-benutzt","7":"pa_kleur-schwarz","9":"first","10":"instock","11":"purchasable","12":"product-type-simple"},"acf":[],"yoast_head":"<!-- This site is optimized with the Yoast SEO plugin v25.9 - https:\/\/yoast.com\/wordpress\/plugins\/seo\/ -->\n<title>Bryston BDP-1 | Freakuence!<\/title>\n<meta name=\"robots\" content=\"noindex, follow, max-snippet:-1, max-image-preview:large, max-video-preview:-1\" \/>\n<meta property=\"og:locale\" content=\"de_DE\" \/>\n<meta property=\"og:type\" content=\"article\" \/>\n<meta property=\"og:title\" content=\"Bryston BDP-1 | Freakuence!\" \/>\n<meta property=\"og:description\" content=\"Beschreibung Freakuence! Ein echter Streamer. Das steht fest. Viele Informationen, wenig L\u00e4rm. Wir demonstrieren es Ihnen gerne! Details Besch\u00e4digung, siehe Fotos dazu! Ladenpreis: 1350.00 Hintergrundinformationen Der Bryston 4B\u00b3 wurde vom hauseigenen Ingenieurteam in Kanada als Referenzverst\u00e4rker entwickelt. Der Fokus lag auf maximaler Transparenz und geringer Verzerrung. Die Cubed-Serie verwendet Brystons eigene, patentierte Salomie-Schaltung, benannt nach [&hellip;]\" \/>\n<meta property=\"og:url\" content=\"https:\/\/dev.freakuence.nl\/de\/produkt\/bryston-bdp-1\/\" \/>\n<meta property=\"og:site_name\" content=\"Freakuence!\" \/>\n<meta name=\"twitter:card\" content=\"summary_large_image\" \/>\n<script type=\"application\/ld+json\" class=\"yoast-schema-graph\">{\"@context\":\"https:\/\/schema.org\",\"@graph\":[{\"@type\":\"WebPage\",\"@id\":\"https:\/\/dev.freakuence.nl\/de\/produkt\/bryston-bdp-1\/\",\"url\":\"https:\/\/dev.freakuence.nl\/de\/produkt\/bryston-bdp-1\/\",\"name\":\"Bryston BDP-1 | Freakuence!\",\"isPartOf\":{\"@id\":\"https:\/\/dev.freakuence.nl\/de\/#website\"},\"datePublished\":\"2025-09-25T02:29:29+00:00\",\"breadcrumb\":{\"@id\":\"https:\/\/dev.freakuence.nl\/de\/produkt\/bryston-bdp-1\/#breadcrumb\"},\"inLanguage\":\"de\",\"potentialAction\":[{\"@type\":\"ReadAction\",\"target\":[\"https:\/\/dev.freakuence.nl\/de\/produkt\/bryston-bdp-1\/\"]}]},{\"@type\":\"BreadcrumbList\",\"@id\":\"https:\/\/dev.freakuence.nl\/de\/produkt\/bryston-bdp-1\/#breadcrumb\",\"itemListElement\":[{\"@type\":\"ListItem\",\"position\":1,\"name\":\"Startseite\",\"item\":\"https:\/\/dev.freakuence.nl\/de\/\"},{\"@type\":\"ListItem\",\"position\":2,\"name\":\"Products\",\"item\":\"https:\/\/dev.freakuence.nl\/en\/products\/\"},{\"@type\":\"ListItem\",\"position\":3,\"name\":\"Bryston BDP-1\"}]},{\"@type\":\"WebSite\",\"@id\":\"https:\/\/dev.freakuence.nl\/de\/#website\",\"url\":\"https:\/\/dev.freakuence.nl\/de\/\",\"name\":\"Freakuence!\",\"description\":\"Freakuence!\",\"alternateName\":\"Freakuence\",\"potentialAction\":[{\"@type\":\"SearchAction\",\"target\":{\"@type\":\"EntryPoint\",\"urlTemplate\":\"https:\/\/dev.freakuence.nl\/de\/?s={search_term_string}\"},\"query-input\":{\"@type\":\"PropertyValueSpecification\",\"valueRequired\":true,\"valueName\":\"search_term_string\"}}],\"inLanguage\":\"de\"}]}<\/script>\n<!-- \/ Yoast SEO plugin. -->","yoast_head_json":{"title":"Bryston BDP-1 | Freakuence!","robots":{"index":"noindex","follow":"follow","max-snippet":"max-snippet:-1","max-image-preview":"max-image-preview:large","max-video-preview":"max-video-preview:-1"},"og_locale":"de_DE","og_type":"article","og_title":"Bryston BDP-1 | Freakuence!","og_description":"Beschreibung Freakuence! Ein echter Streamer. Das steht fest. Viele Informationen, wenig L\u00e4rm. Wir demonstrieren es Ihnen gerne! Details Besch\u00e4digung, siehe Fotos dazu! Ladenpreis: 1350.00 Hintergrundinformationen Der Bryston 4B\u00b3 wurde vom hauseigenen Ingenieurteam in Kanada als Referenzverst\u00e4rker entwickelt. Der Fokus lag auf maximaler Transparenz und geringer Verzerrung. Die Cubed-Serie verwendet Brystons eigene, patentierte Salomie-Schaltung, benannt nach [&hellip;]","og_url":"https:\/\/dev.freakuence.nl\/de\/produkt\/bryston-bdp-1\/","og_site_name":"Freakuence!","twitter_card":"summary_large_image","schema":{"@context":"https:\/\/schema.org","@graph":[{"@type":"WebPage","@id":"https:\/\/dev.freakuence.nl\/de\/produkt\/bryston-bdp-1\/","url":"https:\/\/dev.freakuence.nl\/de\/produkt\/bryston-bdp-1\/","name":"Bryston BDP-1 | Freakuence!","isPartOf":{"@id":"https:\/\/dev.freakuence.nl\/de\/#website"},"datePublished":"2025-09-25T02:29:29+00:00","breadcrumb":{"@id":"https:\/\/dev.freakuence.nl\/de\/produkt\/bryston-bdp-1\/#breadcrumb"},"inLanguage":"de","potentialAction":[{"@type":"ReadAction","target":["https:\/\/dev.freakuence.nl\/de\/produkt\/bryston-bdp-1\/"]}]},{"@type":"BreadcrumbList","@id":"https:\/\/dev.freakuence.nl\/de\/produkt\/bryston-bdp-1\/#breadcrumb","itemListElement":[{"@type":"ListItem","position":1,"name":"Startseite","item":"https:\/\/dev.freakuence.nl\/de\/"},{"@type":"ListItem","position":2,"name":"Products","item":"https:\/\/dev.freakuence.nl\/en\/products\/"},{"@type":"ListItem","position":3,"name":"Bryston BDP-1"}]},{"@type":"WebSite","@id":"https:\/\/dev.freakuence.nl\/de\/#website","url":"https:\/\/dev.freakuence.nl\/de\/","name":"Freakuence!","description":"Freakuence!","alternateName":"Freakuence","potentialAction":[{"@type":"SearchAction","target":{"@type":"EntryPoint","urlTemplate":"https:\/\/dev.freakuence.nl\/de\/?s={search_term_string}"},"query-input":{"@type":"PropertyValueSpecification","valueRequired":true,"valueName":"search_term_string"}}],"inLanguage":"de"}]}},"_links":{"self":[{"href":"https:\/\/dev.freakuence.nl\/de\/wp-json\/wp\/v2\/product\/309725","targetHints":{"allow":["GET"]}}],"collection":[{"href":"https:\/\/dev.freakuence.nl\/de\/wp-json\/wp\/v2\/product"}],"about":[{"href":"https:\/\/dev.freakuence.nl\/de\/wp-json\/wp\/v2\/types\/product"}],"version-history":[{"count":0,"href":"https:\/\/dev.freakuence.nl\/de\/wp-json\/wp\/v2\/product\/309725\/revisions"}],"wp:attachment":[{"href":"https:\/\/dev.freakuence.nl\/de\/wp-json\/wp\/v2\/media?parent=309725"}],"wp:term":[{"taxonomy":"product_brand","embeddable":true,"href":"https:\/\/dev.freakuence.nl\/de\/wp-json\/wp\/v2\/product_brand?post=309725"},{"taxonomy":"product_cat","embeddable":true,"href":"https:\/\/dev.freakuence.nl\/de\/wp-json\/wp\/v2\/product_cat?post=309725"},{"taxonomy":"product_tag","embeddable":true,"href":"https:\/\/dev.freakuence.nl\/de\/wp-json\/wp\/v2\/product_tag?post=309725"}],"curies":[{"name":"wp","href":"https:\/\/api.w.org\/{rel}","templated":true}]}}