{"id":309736,"date":"2025-09-25T04:29:39","date_gmt":"2025-09-25T02:29:39","guid":{"rendered":"https:\/\/dev.freakuence.nl\/product\/auralic-widder-femto\/"},"modified":"2025-09-25T04:29:39","modified_gmt":"2025-09-25T02:29:39","slug":"auralic-widder-femto","status":"publish","type":"product","link":"https:\/\/dev.freakuence.nl\/de\/produkt\/auralic-widder-femto\/","title":{"rendered":"AURALiC Widder Femto"},"content":{"rendered":"<div class=\"product-specifications-list\">\n<div class=\"specification-item row-even\"><span class=\"spec-content\"><strong>Beschreibung Freakuence!<\/strong><\/span><\/div>\n<div class=\"specification-item row-odd\"><span class=\"spec-content\"><\/p>\n<p>Sch\u00f6ner DSD-Streamer. Spielt so gut wie alle Formate ab. Die wichtigsten Streaming-Dienste werden unterst\u00fctzt. Der Aries Femto liefert eine transparente und detaillierte Wiedergabe mit pr\u00e4zisem Timing. Der Femto-Taktgeber minimiert den Jitter.    <\/p>\n<p><\/span><\/div>\n<div class=\"specification-item row-even\"><span class=\"spec-content\"><strong>Details<\/strong><\/span><\/div>\n<div class=\"specification-item row-odd\"><span class=\"spec-content\"><\/p>\n<p>+ SBooster<\/p>\n<p><\/span><\/div>\n<div class=\"specification-item row-even\"><span class=\"spec-content\">Ladenpreis: 1399.00<\/span><\/div>\n<div class=\"specification-item row-odd\"><span class=\"spec-content\"><strong>Allgemeine Beschreibung<\/strong><\/span><\/div>\n<div class=\"specification-item row-even\"><span class=\"spec-content\"><\/p>\n<p>Dieses Streaming-Ger\u00e4t unterst\u00fctzt verschiedene Musikformate, darunter DSD und PCM bis zu 384 kHz bei 32 Bit. Es verwendet Dual-Band-Wi-Fi und Gigabit-Ethernet f\u00fcr stabile Netzwerkverbindungen. Der USB-Audiohost verf\u00fcgt \u00fcber die patentierte ActiveUSB\u2122-Technologie, die Jitter minimiert. Die digitalen Audioausg\u00e4nge umfassen AES\/EBU, Koaxial und TOSLINK. Das interne Design konzentriert sich auf die Eliminierung von Jitter, unter anderem dank der Verwendung von zwei individuellen Femto-Taktgebern sowohl f\u00fcr den USB-Audiohost als auch f\u00fcr die digitalen Ausg\u00e4nge. Das externe lineare Netzteil, das auf der Purer-Power\u2122 Technologie basiert, liefert einen Rauschpegel von nur 10 \u00b5V. Das Ger\u00e4t l\u00e4uft auf der Tesla Hardware-Plattform, bestehend aus einem 1 GHz Quad-Core Cortex A9 Prozessor mit 1 GB DDR3 Speicher und 4 GB internem Speicher. Die Steuerung erfolgt \u00fcber die Lightning DS App, die mit iOS-Ger\u00e4ten kompatibel ist. Streaming-Dienste wie Qobuz und TIDAL werden unterst\u00fctzt, ebenso wie AirPlay und Songcast.        <\/p>\n<p><\/span><\/div>\n<div class=\"specification-item row-odd\"><span class=\"spec-content\"><strong>Hintergrundinformationen<\/strong><\/span><\/div>\n<div class=\"specification-item row-even\"><span class=\"spec-content\"><\/p>\n<p>Der AURALiC VEGA G1 wurde mit der gleichen Philosophie entwickelt wie die High-End-Modelle von AURALiC: kompromisslose digitale Wiedergabe. Das Designteam st\u00fctzt sich auf seinen Hintergrund in Physik und Ingenieurwesen und geht von der \u00dcberzeugung aus, dass digitale Musik reich und nat\u00fcrlich klingen sollte. Das Geh\u00e4use besteht aus schwarzem, eloxiertem Aluminium und verwendet im Inneren die Tesla-Hardwareplattform von AURALiC. Diese bietet Rechenleistung f\u00fcr fortschrittliches DSP, Upsampling und Jitter-Reduktion. Der DAC arbeitet mit einem Femto-Takt und unterst\u00fctzt Aufl\u00f6sungen bis zu 32bit\/384kHz und DSD512.    <\/p>\n<p><\/span><\/div>\n<div class=\"specification-item row-odd\"><span class=\"spec-content\"><strong>Geschichte der Marke<\/strong><\/span><\/div>\n<div class=\"specification-item row-even\"><span class=\"spec-content\"><\/p>\n<p>AURALiC wurde 2009 von Wang Xuanqian und Yuan Wang gegr\u00fcndet, die sich bei einem Konzert in Berlin kennenlernten. Ihre gemeinsame Leidenschaft f\u00fcr Musik und hochwertige Klangwiedergabe f\u00fchrte zur Gr\u00fcndung des Unternehmens. AURALiC konzentriert sich auf das Design und die Entwicklung von Audioger\u00e4ten, die sich nahtlos in moderne Innenr\u00e4ume einf\u00fcgen und einfach zu bedienen sind. Das Ziel des Unternehmens ist es, dass die Benutzer die Vorteile digitaler Musikformate genie\u00dfen k\u00f6nnen, ohne die Komplexit\u00e4t herk\u00f6mmlicher Audioger\u00e4te in Kauf nehmen zu m\u00fcssen.   <\/p>\n<p><\/span><\/div>\n<\/div>\n","protected":false},"excerpt":{"rendered":"<p>Beschreibung Freakuence! Sch\u00f6ner DSD-Streamer. Spielt so gut wie alle Formate ab. Die wichtigsten Streaming-Dienste werden unterst\u00fctzt. Der Aries Femto liefert eine transparente und detaillierte Wiedergabe mit pr\u00e4zisem Timing. Der Femto-Taktgeber minimiert den Jitter. Details + SBooster Ladenpreis: 1399.00 Allgemeine Beschreibung Dieses Streaming-Ger\u00e4t unterst\u00fctzt verschiedene Musikformate, darunter DSD und PCM bis zu 384 kHz bei 32 [&hellip;]<\/p>\n","protected":false},"featured_media":0,"template":"","meta":{"_acf_changed":false,"inline_featured_image":false},"product_brand":[],"product_cat":[594],"product_tag":[555],"class_list":{"0":"post-309736","1":"product","2":"type-product","3":"status-publish","5":"product_cat-dac-streamer","6":"product_tag-benutzt","7":"pa_kleur-grau","9":"first","10":"instock","11":"purchasable","12":"product-type-simple"},"acf":[],"yoast_head":"<!-- This site is optimized with the Yoast SEO plugin v25.9 - https:\/\/yoast.com\/wordpress\/plugins\/seo\/ -->\n<title>AURALiC Widder Femto | Freakuence!<\/title>\n<meta name=\"robots\" content=\"noindex, follow, max-snippet:-1, max-image-preview:large, max-video-preview:-1\" \/>\n<meta property=\"og:locale\" content=\"de_DE\" \/>\n<meta property=\"og:type\" content=\"article\" \/>\n<meta property=\"og:title\" content=\"AURALiC Widder Femto | Freakuence!\" \/>\n<meta property=\"og:description\" content=\"Beschreibung Freakuence! Sch\u00f6ner DSD-Streamer. Spielt so gut wie alle Formate ab. Die wichtigsten Streaming-Dienste werden unterst\u00fctzt. Der Aries Femto liefert eine transparente und detaillierte Wiedergabe mit pr\u00e4zisem Timing. Der Femto-Taktgeber minimiert den Jitter. Details + SBooster Ladenpreis: 1399.00 Allgemeine Beschreibung Dieses Streaming-Ger\u00e4t unterst\u00fctzt verschiedene Musikformate, darunter DSD und PCM bis zu 384 kHz bei 32 [&hellip;]\" \/>\n<meta property=\"og:url\" content=\"https:\/\/dev.freakuence.nl\/de\/produkt\/auralic-widder-femto\/\" \/>\n<meta property=\"og:site_name\" content=\"Freakuence!\" \/>\n<meta name=\"twitter:card\" content=\"summary_large_image\" \/>\n<script type=\"application\/ld+json\" class=\"yoast-schema-graph\">{\"@context\":\"https:\/\/schema.org\",\"@graph\":[{\"@type\":\"WebPage\",\"@id\":\"https:\/\/dev.freakuence.nl\/de\/produkt\/auralic-widder-femto\/\",\"url\":\"https:\/\/dev.freakuence.nl\/de\/produkt\/auralic-widder-femto\/\",\"name\":\"AURALiC Widder Femto | Freakuence!\",\"isPartOf\":{\"@id\":\"https:\/\/dev.freakuence.nl\/de\/#website\"},\"datePublished\":\"2025-09-25T02:29:39+00:00\",\"breadcrumb\":{\"@id\":\"https:\/\/dev.freakuence.nl\/de\/produkt\/auralic-widder-femto\/#breadcrumb\"},\"inLanguage\":\"de\",\"potentialAction\":[{\"@type\":\"ReadAction\",\"target\":[\"https:\/\/dev.freakuence.nl\/de\/produkt\/auralic-widder-femto\/\"]}]},{\"@type\":\"BreadcrumbList\",\"@id\":\"https:\/\/dev.freakuence.nl\/de\/produkt\/auralic-widder-femto\/#breadcrumb\",\"itemListElement\":[{\"@type\":\"ListItem\",\"position\":1,\"name\":\"Startseite\",\"item\":\"https:\/\/dev.freakuence.nl\/de\/\"},{\"@type\":\"ListItem\",\"position\":2,\"name\":\"Products\",\"item\":\"https:\/\/dev.freakuence.nl\/en\/products\/\"},{\"@type\":\"ListItem\",\"position\":3,\"name\":\"AURALiC Widder Femto\"}]},{\"@type\":\"WebSite\",\"@id\":\"https:\/\/dev.freakuence.nl\/de\/#website\",\"url\":\"https:\/\/dev.freakuence.nl\/de\/\",\"name\":\"Freakuence!\",\"description\":\"Freakuence!\",\"alternateName\":\"Freakuence\",\"potentialAction\":[{\"@type\":\"SearchAction\",\"target\":{\"@type\":\"EntryPoint\",\"urlTemplate\":\"https:\/\/dev.freakuence.nl\/de\/?s={search_term_string}\"},\"query-input\":{\"@type\":\"PropertyValueSpecification\",\"valueRequired\":true,\"valueName\":\"search_term_string\"}}],\"inLanguage\":\"de\"}]}<\/script>\n<!-- \/ Yoast SEO plugin. -->","yoast_head_json":{"title":"AURALiC Widder Femto | Freakuence!","robots":{"index":"noindex","follow":"follow","max-snippet":"max-snippet:-1","max-image-preview":"max-image-preview:large","max-video-preview":"max-video-preview:-1"},"og_locale":"de_DE","og_type":"article","og_title":"AURALiC Widder Femto | Freakuence!","og_description":"Beschreibung Freakuence! Sch\u00f6ner DSD-Streamer. Spielt so gut wie alle Formate ab. Die wichtigsten Streaming-Dienste werden unterst\u00fctzt. Der Aries Femto liefert eine transparente und detaillierte Wiedergabe mit pr\u00e4zisem Timing. Der Femto-Taktgeber minimiert den Jitter. Details + SBooster Ladenpreis: 1399.00 Allgemeine Beschreibung Dieses Streaming-Ger\u00e4t unterst\u00fctzt verschiedene Musikformate, darunter DSD und PCM bis zu 384 kHz bei 32 [&hellip;]","og_url":"https:\/\/dev.freakuence.nl\/de\/produkt\/auralic-widder-femto\/","og_site_name":"Freakuence!","twitter_card":"summary_large_image","schema":{"@context":"https:\/\/schema.org","@graph":[{"@type":"WebPage","@id":"https:\/\/dev.freakuence.nl\/de\/produkt\/auralic-widder-femto\/","url":"https:\/\/dev.freakuence.nl\/de\/produkt\/auralic-widder-femto\/","name":"AURALiC Widder Femto | Freakuence!","isPartOf":{"@id":"https:\/\/dev.freakuence.nl\/de\/#website"},"datePublished":"2025-09-25T02:29:39+00:00","breadcrumb":{"@id":"https:\/\/dev.freakuence.nl\/de\/produkt\/auralic-widder-femto\/#breadcrumb"},"inLanguage":"de","potentialAction":[{"@type":"ReadAction","target":["https:\/\/dev.freakuence.nl\/de\/produkt\/auralic-widder-femto\/"]}]},{"@type":"BreadcrumbList","@id":"https:\/\/dev.freakuence.nl\/de\/produkt\/auralic-widder-femto\/#breadcrumb","itemListElement":[{"@type":"ListItem","position":1,"name":"Startseite","item":"https:\/\/dev.freakuence.nl\/de\/"},{"@type":"ListItem","position":2,"name":"Products","item":"https:\/\/dev.freakuence.nl\/en\/products\/"},{"@type":"ListItem","position":3,"name":"AURALiC Widder Femto"}]},{"@type":"WebSite","@id":"https:\/\/dev.freakuence.nl\/de\/#website","url":"https:\/\/dev.freakuence.nl\/de\/","name":"Freakuence!","description":"Freakuence!","alternateName":"Freakuence","potentialAction":[{"@type":"SearchAction","target":{"@type":"EntryPoint","urlTemplate":"https:\/\/dev.freakuence.nl\/de\/?s={search_term_string}"},"query-input":{"@type":"PropertyValueSpecification","valueRequired":true,"valueName":"search_term_string"}}],"inLanguage":"de"}]}},"_links":{"self":[{"href":"https:\/\/dev.freakuence.nl\/de\/wp-json\/wp\/v2\/product\/309736","targetHints":{"allow":["GET"]}}],"collection":[{"href":"https:\/\/dev.freakuence.nl\/de\/wp-json\/wp\/v2\/product"}],"about":[{"href":"https:\/\/dev.freakuence.nl\/de\/wp-json\/wp\/v2\/types\/product"}],"version-history":[{"count":0,"href":"https:\/\/dev.freakuence.nl\/de\/wp-json\/wp\/v2\/product\/309736\/revisions"}],"wp:attachment":[{"href":"https:\/\/dev.freakuence.nl\/de\/wp-json\/wp\/v2\/media?parent=309736"}],"wp:term":[{"taxonomy":"product_brand","embeddable":true,"href":"https:\/\/dev.freakuence.nl\/de\/wp-json\/wp\/v2\/product_brand?post=309736"},{"taxonomy":"product_cat","embeddable":true,"href":"https:\/\/dev.freakuence.nl\/de\/wp-json\/wp\/v2\/product_cat?post=309736"},{"taxonomy":"product_tag","embeddable":true,"href":"https:\/\/dev.freakuence.nl\/de\/wp-json\/wp\/v2\/product_tag?post=309736"}],"curies":[{"name":"wp","href":"https:\/\/api.w.org\/{rel}","templated":true}]}}