{"id":310070,"date":"2025-09-25T04:32:37","date_gmt":"2025-09-25T02:32:37","guid":{"rendered":"https:\/\/dev.freakuence.nl\/product\/blaue-note-s3\/"},"modified":"2026-04-17T04:01:20","modified_gmt":"2026-04-17T02:01:20","slug":"blaue-note-s3","status":"publish","type":"product","link":"https:\/\/dev.freakuence.nl\/de\/produkt\/blaue-note-s3\/","title":{"rendered":"Blaue Note S3"},"content":{"rendered":"<div class=\"product-specifications-list\">\n<div class=\"specification-item row-even\"><span class=\"spec-content\"><strong>Beschreibung Freakuence!<\/strong><\/span><\/div>\n<div class=\"specification-item row-odd\"><span class=\"spec-content\"><\/p>\n<p>Reines Audio. Einfachheit \u00fcbertrumpft alles. Dies ist ein Verst\u00e4rker, der gut aussieht, finden wir. Und auch klanglich macht er einen guten Job!   <\/p>\n<p><\/span><\/div>\n<div class=\"specification-item row-even\"><span class=\"spec-content\"><strong>Details<\/strong><\/span><\/div>\n<div class=\"specification-item row-odd\"><span class=\"spec-content\"><\/p>\n<p>Besch\u00e4digung, siehe Fotos dazu!<\/p>\n<p><\/span><\/div>\n<div class=\"specification-item row-even\"><span class=\"spec-content\"><strong>Geschichte der Marke<\/strong><\/span><\/div>\n<div class=\"specification-item row-odd\"><span class=\"spec-content\"><\/p>\n<p>Bluenote ist eine Marke mit einer reichen Geschichte, die bis in die Anf\u00e4nge der High-Fidelity-Audiotechnik zur\u00fcckreicht. Die Marke wurde mit dem Fokus auf die Entwicklung hochwertiger Audioger\u00e4te gegr\u00fcndet. Bluenote konzentrierte sich zun\u00e4chst auf die Entwicklung von Plattenspielern, die mit fortschrittlicher Technologie und hochwertigen Materialien f\u00fcr eine hervorragende Klangqualit\u00e4t sorgen. In den folgenden Jahren hat die Marke ihr Sortiment erweitert und sich als vertrauensw\u00fcrdiger Name in der Audio-Community etabliert. Bluenote ist bekannt f\u00fcr seine Liebe zum Detail bei der Entwicklung und Herstellung seiner Produkte. Die Marke hat sich stets um Pr\u00e4zision und Zuverl\u00e4ssigkeit bem\u00fcht. Ihre Produkte werden von Audioenthusiasten f\u00fcr ihre Konstruktion und Klangqualit\u00e4t gesch\u00e4tzt. Die Hingabe an die Handwerkskunst und das Engagement f\u00fcr eine perfekte Klangwiedergabe sind die Markenzeichen der Produkte von Bluenote. Im Laufe der Jahre hat sich Bluenote einen soliden Ruf in der Branche erworben.        <\/p>\n<p><\/span><\/div>\n<\/div>\n","protected":false},"excerpt":{"rendered":"<p>Beschreibung Freakuence! Reines Audio. Einfachheit \u00fcbertrumpft alles. Dies ist ein Verst\u00e4rker, der gut aussieht, finden wir. Und auch klanglich macht er einen guten Job! Details Besch\u00e4digung, siehe Fotos dazu! Geschichte der Marke Bluenote ist eine Marke mit einer reichen Geschichte, die bis in die Anf\u00e4nge der High-Fidelity-Audiotechnik zur\u00fcckreicht. Die Marke wurde mit dem Fokus auf [&hellip;]<\/p>\n","protected":false},"featured_media":0,"template":"","meta":{"_acf_changed":false,"inline_featured_image":false},"product_brand":[],"product_cat":[560],"product_tag":[555],"class_list":{"0":"post-310070","1":"product","2":"type-product","3":"status-publish","5":"product_cat-verstarker","6":"product_tag-benutzt","7":"pa_kleur-schwarz","9":"first","10":"instock","11":"purchasable","12":"product-type-simple"},"acf":[],"yoast_head":"<!-- This site is optimized with the Yoast SEO plugin v25.9 - https:\/\/yoast.com\/wordpress\/plugins\/seo\/ -->\n<title>Blaue Note S3 | Freakuence!<\/title>\n<meta name=\"robots\" content=\"noindex, follow, max-snippet:-1, max-image-preview:large, max-video-preview:-1\" \/>\n<meta property=\"og:locale\" content=\"de_DE\" \/>\n<meta property=\"og:type\" content=\"article\" \/>\n<meta property=\"og:title\" content=\"Blaue Note S3 | Freakuence!\" \/>\n<meta property=\"og:description\" content=\"Beschreibung Freakuence! Reines Audio. Einfachheit \u00fcbertrumpft alles. Dies ist ein Verst\u00e4rker, der gut aussieht, finden wir. Und auch klanglich macht er einen guten Job! Details Besch\u00e4digung, siehe Fotos dazu! Geschichte der Marke Bluenote ist eine Marke mit einer reichen Geschichte, die bis in die Anf\u00e4nge der High-Fidelity-Audiotechnik zur\u00fcckreicht. Die Marke wurde mit dem Fokus auf [&hellip;]\" \/>\n<meta property=\"og:url\" content=\"https:\/\/dev.freakuence.nl\/de\/produkt\/blaue-note-s3\/\" \/>\n<meta property=\"og:site_name\" content=\"Freakuence!\" \/>\n<meta property=\"article:modified_time\" content=\"2026-04-17T02:01:20+00:00\" \/>\n<meta name=\"twitter:card\" content=\"summary_large_image\" \/>\n<script type=\"application\/ld+json\" class=\"yoast-schema-graph\">{\"@context\":\"https:\/\/schema.org\",\"@graph\":[{\"@type\":\"WebPage\",\"@id\":\"https:\/\/dev.freakuence.nl\/de\/produkt\/blaue-note-s3\/\",\"url\":\"https:\/\/dev.freakuence.nl\/de\/produkt\/blaue-note-s3\/\",\"name\":\"Blaue Note S3 | Freakuence!\",\"isPartOf\":{\"@id\":\"https:\/\/dev.freakuence.nl\/de\/#website\"},\"datePublished\":\"2025-09-25T02:32:37+00:00\",\"dateModified\":\"2026-04-17T02:01:20+00:00\",\"breadcrumb\":{\"@id\":\"https:\/\/dev.freakuence.nl\/de\/produkt\/blaue-note-s3\/#breadcrumb\"},\"inLanguage\":\"de\",\"potentialAction\":[{\"@type\":\"ReadAction\",\"target\":[\"https:\/\/dev.freakuence.nl\/de\/produkt\/blaue-note-s3\/\"]}]},{\"@type\":\"BreadcrumbList\",\"@id\":\"https:\/\/dev.freakuence.nl\/de\/produkt\/blaue-note-s3\/#breadcrumb\",\"itemListElement\":[{\"@type\":\"ListItem\",\"position\":1,\"name\":\"Startseite\",\"item\":\"https:\/\/dev.freakuence.nl\/de\/\"},{\"@type\":\"ListItem\",\"position\":2,\"name\":\"Products\",\"item\":\"https:\/\/dev.freakuence.nl\/en\/products\/\"},{\"@type\":\"ListItem\",\"position\":3,\"name\":\"Blaue Note S3\"}]},{\"@type\":\"WebSite\",\"@id\":\"https:\/\/dev.freakuence.nl\/de\/#website\",\"url\":\"https:\/\/dev.freakuence.nl\/de\/\",\"name\":\"Freakuence!\",\"description\":\"Freakuence!\",\"alternateName\":\"Freakuence\",\"potentialAction\":[{\"@type\":\"SearchAction\",\"target\":{\"@type\":\"EntryPoint\",\"urlTemplate\":\"https:\/\/dev.freakuence.nl\/de\/?s={search_term_string}\"},\"query-input\":{\"@type\":\"PropertyValueSpecification\",\"valueRequired\":true,\"valueName\":\"search_term_string\"}}],\"inLanguage\":\"de\"}]}<\/script>\n<!-- \/ Yoast SEO plugin. -->","yoast_head_json":{"title":"Blaue Note S3 | Freakuence!","robots":{"index":"noindex","follow":"follow","max-snippet":"max-snippet:-1","max-image-preview":"max-image-preview:large","max-video-preview":"max-video-preview:-1"},"og_locale":"de_DE","og_type":"article","og_title":"Blaue Note S3 | Freakuence!","og_description":"Beschreibung Freakuence! Reines Audio. Einfachheit \u00fcbertrumpft alles. Dies ist ein Verst\u00e4rker, der gut aussieht, finden wir. Und auch klanglich macht er einen guten Job! Details Besch\u00e4digung, siehe Fotos dazu! Geschichte der Marke Bluenote ist eine Marke mit einer reichen Geschichte, die bis in die Anf\u00e4nge der High-Fidelity-Audiotechnik zur\u00fcckreicht. Die Marke wurde mit dem Fokus auf [&hellip;]","og_url":"https:\/\/dev.freakuence.nl\/de\/produkt\/blaue-note-s3\/","og_site_name":"Freakuence!","article_modified_time":"2026-04-17T02:01:20+00:00","twitter_card":"summary_large_image","schema":{"@context":"https:\/\/schema.org","@graph":[{"@type":"WebPage","@id":"https:\/\/dev.freakuence.nl\/de\/produkt\/blaue-note-s3\/","url":"https:\/\/dev.freakuence.nl\/de\/produkt\/blaue-note-s3\/","name":"Blaue Note S3 | Freakuence!","isPartOf":{"@id":"https:\/\/dev.freakuence.nl\/de\/#website"},"datePublished":"2025-09-25T02:32:37+00:00","dateModified":"2026-04-17T02:01:20+00:00","breadcrumb":{"@id":"https:\/\/dev.freakuence.nl\/de\/produkt\/blaue-note-s3\/#breadcrumb"},"inLanguage":"de","potentialAction":[{"@type":"ReadAction","target":["https:\/\/dev.freakuence.nl\/de\/produkt\/blaue-note-s3\/"]}]},{"@type":"BreadcrumbList","@id":"https:\/\/dev.freakuence.nl\/de\/produkt\/blaue-note-s3\/#breadcrumb","itemListElement":[{"@type":"ListItem","position":1,"name":"Startseite","item":"https:\/\/dev.freakuence.nl\/de\/"},{"@type":"ListItem","position":2,"name":"Products","item":"https:\/\/dev.freakuence.nl\/en\/products\/"},{"@type":"ListItem","position":3,"name":"Blaue Note S3"}]},{"@type":"WebSite","@id":"https:\/\/dev.freakuence.nl\/de\/#website","url":"https:\/\/dev.freakuence.nl\/de\/","name":"Freakuence!","description":"Freakuence!","alternateName":"Freakuence","potentialAction":[{"@type":"SearchAction","target":{"@type":"EntryPoint","urlTemplate":"https:\/\/dev.freakuence.nl\/de\/?s={search_term_string}"},"query-input":{"@type":"PropertyValueSpecification","valueRequired":true,"valueName":"search_term_string"}}],"inLanguage":"de"}]}},"_links":{"self":[{"href":"https:\/\/dev.freakuence.nl\/de\/wp-json\/wp\/v2\/product\/310070","targetHints":{"allow":["GET"]}}],"collection":[{"href":"https:\/\/dev.freakuence.nl\/de\/wp-json\/wp\/v2\/product"}],"about":[{"href":"https:\/\/dev.freakuence.nl\/de\/wp-json\/wp\/v2\/types\/product"}],"version-history":[{"count":1,"href":"https:\/\/dev.freakuence.nl\/de\/wp-json\/wp\/v2\/product\/310070\/revisions"}],"predecessor-version":[{"id":317943,"href":"https:\/\/dev.freakuence.nl\/de\/wp-json\/wp\/v2\/product\/310070\/revisions\/317943"}],"wp:attachment":[{"href":"https:\/\/dev.freakuence.nl\/de\/wp-json\/wp\/v2\/media?parent=310070"}],"wp:term":[{"taxonomy":"product_brand","embeddable":true,"href":"https:\/\/dev.freakuence.nl\/de\/wp-json\/wp\/v2\/product_brand?post=310070"},{"taxonomy":"product_cat","embeddable":true,"href":"https:\/\/dev.freakuence.nl\/de\/wp-json\/wp\/v2\/product_cat?post=310070"},{"taxonomy":"product_tag","embeddable":true,"href":"https:\/\/dev.freakuence.nl\/de\/wp-json\/wp\/v2\/product_tag?post=310070"}],"curies":[{"name":"wp","href":"https:\/\/api.w.org\/{rel}","templated":true}]}}