{"id":310117,"date":"2025-08-18T12:11:06","date_gmt":"2025-08-18T10:11:06","guid":{"rendered":"https:\/\/dev.freakuence.nl\/product\/mcintosh-mcd85\/"},"modified":"2026-03-20T07:28:58","modified_gmt":"2026-03-20T06:28:58","slug":"mcintosh-mcd85","status":"publish","type":"product","link":"https:\/\/dev.freakuence.nl\/de\/produkt\/mcintosh-mcd85\/","title":{"rendered":"McIntosh MCD85"},"content":{"rendered":"<div class=\"product-specifications-list\">\n<div class=\"specification-item row-even\"><span class=\"spec-content\"><strong>Beschreibung Freakuence!<\/strong><\/span><\/div>\n<div class=\"specification-item row-odd\"><span class=\"spec-content\"><\/p>\n<p>Dicker High-Player mit zug\u00e4nglichem Dac! Das Besondere ist ein warmer und detaillierter Klang. Die Wiedergabe ist klar und voll von Nuancen.  <\/p>\n<p><\/span><\/div>\n<div class=\"specification-item row-even\"><span class=\"spec-content\"><strong>Details<\/strong><\/span><\/div>\n<div class=\"specification-item row-odd\"><span class=\"spec-content\"><\/p>\n<p>Sie suchen ein anderes Modell aus der aktuellen Serie der Marke? Schicken Sie uns eine Nachricht!  Wir m\u00f6chten, dass es Spa\u00df macht.<\/span><\/div>\n<div class=\"specification-item row-even\"><span class=\"spec-content\">Wir haben noch mehr aus der gleichen Serie ausgestellt, siehe Fotos und\/oder andere Anzeigen.<\/p>\n<p><\/span><\/div>\n<div class=\"specification-item row-odd\"><span class=\"spec-content\">Ladenpreis: 7490.00<\/span><\/div>\n<div class=\"specification-item row-even\"><span class=\"spec-content\"><strong>Allgemeine Beschreibung<\/strong><\/span><\/div>\n<div class=\"specification-item row-odd\"><span class=\"spec-content\"><\/p>\n<p>Dieses Ger\u00e4t ist in der Lage, Audio von verschiedenen digitalen Quellen wiederzugeben. Es unterst\u00fctzt verschiedene Formate, darunter SACD und CD, und bietet eine optionale Option f\u00fcr benutzerdefinierte Einstellungen \u00fcber die verf\u00fcgbaren digitalen Eing\u00e4nge. Das Ger\u00e4t verf\u00fcgt \u00fcber einen exklusiven Mechanismus zur pr\u00e4zisen Ausbalancierung von Discs, der einen stabilen Betrieb gew\u00e4hrleistet. Es bietet sowohl symmetrische als auch unsymmetrische Ausg\u00e4nge f\u00fcr flexible Anschlussm\u00f6glichkeiten und verf\u00fcgt \u00fcber digitale koaxiale und optische Eing\u00e4nge. Das Design kombiniert fortschrittliche Technologie mit dem Fokus auf Klangqualit\u00e4t, mit einem speziell entwickelten Komponentenlayout, das sorgf\u00e4ltig auf maximale Leistung abgestimmt ist.    <\/p>\n<p><\/span><\/div>\n<div class=\"specification-item row-even\"><span class=\"spec-content\"><strong>Geschichte der Marke<\/strong><\/span><\/div>\n<div class=\"specification-item row-odd\"><span class=\"spec-content\"><\/p>\n<p>Das McIntosh Laboratory wurde 1949 von Frank H. McIntosh und Gordon Gow gegr\u00fcndet und hat seinen Sitz in Binghamton, New York. 1965 wurden McIntosh-Verst\u00e4rker bei der Rede zur Amtseinf\u00fchrung von Pr\u00e4sident Lyndon B. Johnson eingesetzt. 1969 sorgten zwanzig McIntosh MC3500 R\u00f6hrenverst\u00e4rker f\u00fcr den Sound beim Woodstock-Festival. 1974 verwendeten die Grateful Dead 48 McIntosh MC2300 Verst\u00e4rker f\u00fcr ihr &#8222;Wall of Sound&#8220;-System. 1990 wurde McIntosh von Clarion \u00fcbernommen, gefolgt von einer \u00dcbernahme durch D&amp;M Holdings im Jahr 2003. Im Jahr 2022 wurde das Unternehmen an eine private Beteiligungsgesellschaft verkauft. McIntosh ist bekannt f\u00fcr seine schwarzen Glasfronten und blauen VU-Meter.      <\/p>\n<p><\/span><\/div>\n<\/div>\n","protected":false},"excerpt":{"rendered":"<p>Beschreibung Freakuence! Dicker High-Player mit zug\u00e4nglichem Dac! Das Besondere ist ein warmer und detaillierter Klang. Die Wiedergabe ist klar und voll von Nuancen. Details Sie suchen ein anderes Modell aus der aktuellen Serie der Marke? Schicken Sie uns eine Nachricht! Wir m\u00f6chten, dass es Spa\u00df macht. Wir haben noch mehr aus der gleichen Serie ausgestellt, [&hellip;]<\/p>\n","protected":false},"featured_media":310132,"template":"","meta":{"_acf_changed":false,"inline_featured_image":false},"product_brand":[],"product_cat":[590],"product_tag":[555],"class_list":{"0":"post-310117","1":"product","2":"type-product","3":"status-publish","4":"has-post-thumbnail","6":"product_cat-cd-spieler","7":"product_tag-benutzt","8":"pa_kleur-schwarz","10":"first","11":"instock","12":"purchasable","13":"product-type-simple"},"acf":[],"yoast_head":"<!-- This site is optimized with the Yoast SEO plugin v25.9 - https:\/\/yoast.com\/wordpress\/plugins\/seo\/ -->\n<title>McIntosh MCD85 | Freakuence!<\/title>\n<meta name=\"robots\" content=\"noindex, follow, max-snippet:-1, max-image-preview:large, max-video-preview:-1\" \/>\n<meta property=\"og:locale\" content=\"de_DE\" \/>\n<meta property=\"og:type\" content=\"article\" \/>\n<meta property=\"og:title\" content=\"McIntosh MCD85 | Freakuence!\" \/>\n<meta property=\"og:description\" content=\"Beschreibung Freakuence! Dicker High-Player mit zug\u00e4nglichem Dac! Das Besondere ist ein warmer und detaillierter Klang. Die Wiedergabe ist klar und voll von Nuancen. Details Sie suchen ein anderes Modell aus der aktuellen Serie der Marke? Schicken Sie uns eine Nachricht! Wir m\u00f6chten, dass es Spa\u00df macht. Wir haben noch mehr aus der gleichen Serie ausgestellt, [&hellip;]\" \/>\n<meta property=\"og:url\" content=\"https:\/\/dev.freakuence.nl\/de\/produkt\/mcintosh-mcd85\/\" \/>\n<meta property=\"og:site_name\" content=\"Freakuence!\" \/>\n<meta property=\"article:modified_time\" content=\"2026-03-20T06:28:58+00:00\" \/>\n<meta property=\"og:image\" content=\"https:\/\/dev.freakuence.nl\/wp-content\/uploads\/2025\/09\/1754050654-IMG7409-scaled.jpg\" \/>\n\t<meta property=\"og:image:width\" content=\"1800\" \/>\n\t<meta property=\"og:image:height\" content=\"1200\" \/>\n\t<meta property=\"og:image:type\" content=\"image\/jpeg\" \/>\n<meta name=\"twitter:card\" content=\"summary_large_image\" \/>\n<script type=\"application\/ld+json\" class=\"yoast-schema-graph\">{\"@context\":\"https:\/\/schema.org\",\"@graph\":[{\"@type\":\"WebPage\",\"@id\":\"https:\/\/dev.freakuence.nl\/de\/produkt\/mcintosh-mcd85\/\",\"url\":\"https:\/\/dev.freakuence.nl\/de\/produkt\/mcintosh-mcd85\/\",\"name\":\"McIntosh MCD85 | Freakuence!\",\"isPartOf\":{\"@id\":\"https:\/\/dev.freakuence.nl\/de\/#website\"},\"primaryImageOfPage\":{\"@id\":\"https:\/\/dev.freakuence.nl\/de\/produkt\/mcintosh-mcd85\/#primaryimage\"},\"image\":{\"@id\":\"https:\/\/dev.freakuence.nl\/de\/produkt\/mcintosh-mcd85\/#primaryimage\"},\"thumbnailUrl\":\"https:\/\/dev.freakuence.nl\/wp-content\/uploads\/2025\/09\/1754050654-IMG7409-scaled.jpg\",\"datePublished\":\"2025-08-18T10:11:06+00:00\",\"dateModified\":\"2026-03-20T06:28:58+00:00\",\"breadcrumb\":{\"@id\":\"https:\/\/dev.freakuence.nl\/de\/produkt\/mcintosh-mcd85\/#breadcrumb\"},\"inLanguage\":\"de\",\"potentialAction\":[{\"@type\":\"ReadAction\",\"target\":[\"https:\/\/dev.freakuence.nl\/de\/produkt\/mcintosh-mcd85\/\"]}]},{\"@type\":\"ImageObject\",\"inLanguage\":\"de\",\"@id\":\"https:\/\/dev.freakuence.nl\/de\/produkt\/mcintosh-mcd85\/#primaryimage\",\"url\":\"https:\/\/dev.freakuence.nl\/wp-content\/uploads\/2025\/09\/1754050654-IMG7409-scaled.jpg\",\"contentUrl\":\"https:\/\/dev.freakuence.nl\/wp-content\/uploads\/2025\/09\/1754050654-IMG7409-scaled.jpg\",\"width\":1800,\"height\":1200},{\"@type\":\"BreadcrumbList\",\"@id\":\"https:\/\/dev.freakuence.nl\/de\/produkt\/mcintosh-mcd85\/#breadcrumb\",\"itemListElement\":[{\"@type\":\"ListItem\",\"position\":1,\"name\":\"Startseite\",\"item\":\"https:\/\/dev.freakuence.nl\/de\/\"},{\"@type\":\"ListItem\",\"position\":2,\"name\":\"Products\",\"item\":\"https:\/\/dev.freakuence.nl\/en\/products\/\"},{\"@type\":\"ListItem\",\"position\":3,\"name\":\"McIntosh MCD85\"}]},{\"@type\":\"WebSite\",\"@id\":\"https:\/\/dev.freakuence.nl\/de\/#website\",\"url\":\"https:\/\/dev.freakuence.nl\/de\/\",\"name\":\"Freakuence!\",\"description\":\"Freakuence!\",\"alternateName\":\"Freakuence\",\"potentialAction\":[{\"@type\":\"SearchAction\",\"target\":{\"@type\":\"EntryPoint\",\"urlTemplate\":\"https:\/\/dev.freakuence.nl\/de\/?s={search_term_string}\"},\"query-input\":{\"@type\":\"PropertyValueSpecification\",\"valueRequired\":true,\"valueName\":\"search_term_string\"}}],\"inLanguage\":\"de\"}]}<\/script>\n<!-- \/ Yoast SEO plugin. -->","yoast_head_json":{"title":"McIntosh MCD85 | Freakuence!","robots":{"index":"noindex","follow":"follow","max-snippet":"max-snippet:-1","max-image-preview":"max-image-preview:large","max-video-preview":"max-video-preview:-1"},"og_locale":"de_DE","og_type":"article","og_title":"McIntosh MCD85 | Freakuence!","og_description":"Beschreibung Freakuence! Dicker High-Player mit zug\u00e4nglichem Dac! Das Besondere ist ein warmer und detaillierter Klang. Die Wiedergabe ist klar und voll von Nuancen. Details Sie suchen ein anderes Modell aus der aktuellen Serie der Marke? Schicken Sie uns eine Nachricht! Wir m\u00f6chten, dass es Spa\u00df macht. Wir haben noch mehr aus der gleichen Serie ausgestellt, [&hellip;]","og_url":"https:\/\/dev.freakuence.nl\/de\/produkt\/mcintosh-mcd85\/","og_site_name":"Freakuence!","article_modified_time":"2026-03-20T06:28:58+00:00","og_image":[{"width":1800,"height":1200,"url":"https:\/\/dev.freakuence.nl\/wp-content\/uploads\/2025\/09\/1754050654-IMG7409-scaled.jpg","type":"image\/jpeg"}],"twitter_card":"summary_large_image","schema":{"@context":"https:\/\/schema.org","@graph":[{"@type":"WebPage","@id":"https:\/\/dev.freakuence.nl\/de\/produkt\/mcintosh-mcd85\/","url":"https:\/\/dev.freakuence.nl\/de\/produkt\/mcintosh-mcd85\/","name":"McIntosh MCD85 | Freakuence!","isPartOf":{"@id":"https:\/\/dev.freakuence.nl\/de\/#website"},"primaryImageOfPage":{"@id":"https:\/\/dev.freakuence.nl\/de\/produkt\/mcintosh-mcd85\/#primaryimage"},"image":{"@id":"https:\/\/dev.freakuence.nl\/de\/produkt\/mcintosh-mcd85\/#primaryimage"},"thumbnailUrl":"https:\/\/dev.freakuence.nl\/wp-content\/uploads\/2025\/09\/1754050654-IMG7409-scaled.jpg","datePublished":"2025-08-18T10:11:06+00:00","dateModified":"2026-03-20T06:28:58+00:00","breadcrumb":{"@id":"https:\/\/dev.freakuence.nl\/de\/produkt\/mcintosh-mcd85\/#breadcrumb"},"inLanguage":"de","potentialAction":[{"@type":"ReadAction","target":["https:\/\/dev.freakuence.nl\/de\/produkt\/mcintosh-mcd85\/"]}]},{"@type":"ImageObject","inLanguage":"de","@id":"https:\/\/dev.freakuence.nl\/de\/produkt\/mcintosh-mcd85\/#primaryimage","url":"https:\/\/dev.freakuence.nl\/wp-content\/uploads\/2025\/09\/1754050654-IMG7409-scaled.jpg","contentUrl":"https:\/\/dev.freakuence.nl\/wp-content\/uploads\/2025\/09\/1754050654-IMG7409-scaled.jpg","width":1800,"height":1200},{"@type":"BreadcrumbList","@id":"https:\/\/dev.freakuence.nl\/de\/produkt\/mcintosh-mcd85\/#breadcrumb","itemListElement":[{"@type":"ListItem","position":1,"name":"Startseite","item":"https:\/\/dev.freakuence.nl\/de\/"},{"@type":"ListItem","position":2,"name":"Products","item":"https:\/\/dev.freakuence.nl\/en\/products\/"},{"@type":"ListItem","position":3,"name":"McIntosh MCD85"}]},{"@type":"WebSite","@id":"https:\/\/dev.freakuence.nl\/de\/#website","url":"https:\/\/dev.freakuence.nl\/de\/","name":"Freakuence!","description":"Freakuence!","alternateName":"Freakuence","potentialAction":[{"@type":"SearchAction","target":{"@type":"EntryPoint","urlTemplate":"https:\/\/dev.freakuence.nl\/de\/?s={search_term_string}"},"query-input":{"@type":"PropertyValueSpecification","valueRequired":true,"valueName":"search_term_string"}}],"inLanguage":"de"}]}},"_links":{"self":[{"href":"https:\/\/dev.freakuence.nl\/de\/wp-json\/wp\/v2\/product\/310117","targetHints":{"allow":["GET"]}}],"collection":[{"href":"https:\/\/dev.freakuence.nl\/de\/wp-json\/wp\/v2\/product"}],"about":[{"href":"https:\/\/dev.freakuence.nl\/de\/wp-json\/wp\/v2\/types\/product"}],"version-history":[{"count":0,"href":"https:\/\/dev.freakuence.nl\/de\/wp-json\/wp\/v2\/product\/310117\/revisions"}],"wp:featuredmedia":[{"embeddable":true,"href":"https:\/\/dev.freakuence.nl\/de\/wp-json\/wp\/v2\/media\/310132"}],"wp:attachment":[{"href":"https:\/\/dev.freakuence.nl\/de\/wp-json\/wp\/v2\/media?parent=310117"}],"wp:term":[{"taxonomy":"product_brand","embeddable":true,"href":"https:\/\/dev.freakuence.nl\/de\/wp-json\/wp\/v2\/product_brand?post=310117"},{"taxonomy":"product_cat","embeddable":true,"href":"https:\/\/dev.freakuence.nl\/de\/wp-json\/wp\/v2\/product_cat?post=310117"},{"taxonomy":"product_tag","embeddable":true,"href":"https:\/\/dev.freakuence.nl\/de\/wp-json\/wp\/v2\/product_tag?post=310117"}],"curies":[{"name":"wp","href":"https:\/\/api.w.org\/{rel}","templated":true}]}}