{"id":310169,"date":"2025-08-06T13:32:35","date_gmt":"2025-08-06T11:32:35","guid":{"rendered":"https:\/\/dev.freakuence.nl\/product\/arcam-sa45\/"},"modified":"2026-03-20T07:29:00","modified_gmt":"2026-03-20T06:29:00","slug":"arcam-sa45","status":"publish","type":"product","link":"https:\/\/dev.freakuence.nl\/de\/produkt\/arcam-sa45\/","title":{"rendered":"Arcam SA45"},"content":{"rendered":"<div class=\"product-specifications-list\">\n<div class=\"specification-item row-even\"><span class=\"spec-content\"><strong>Beschreibung Freakuence!<\/strong><\/span><\/div>\n<div class=\"specification-item row-odd\"><span class=\"spec-content\"><\/p>\n<p>Pr\u00e4ziser und leistungsstarker Verst\u00e4rker mit einem warmen Touch. Mit der Class G-Verst\u00e4rkung ist es wirklich immer eine Party. Bei geringer Lautst\u00e4rke spielt er in Class A, dann geht es in AB weiter. Ausgestattet mit seri\u00f6sem DAC und Streaming.   <\/p>\n<p><\/span><\/div>\n<div class=\"specification-item row-even\"><span class=\"spec-content\"><strong>Details<\/strong><\/span><\/div>\n<div class=\"specification-item row-odd\"><span class=\"spec-content\"><\/p>\n<p>Sie suchen ein anderes Modell aus der aktuellen Serie der Marke? Schicken Sie uns eine Nachricht!  Wir sind gerne bereit, damit zu handeln. Schicken Sie uns bitte alles, was Sie zur Verf\u00fcgung haben, wir werden gerne pr\u00fcfen, ob wir es in den Shop stellen k\u00f6nnen. <\/span><\/div>\n<div class=\"specification-item row-even\"><span class=\"spec-content\">Wir liefern 100% neu in versiegelter Verpackung, aber wir dachten, es w\u00e4re nett, einen kurzen Blick auf unser Vorf\u00fchrmodell zu werfen. Kommen Sie zu einer Vorf\u00fchrung in einem unserer 5 H\u00f6rr\u00e4ume! Auch andere Versionen sind m\u00f6glich. Wir tauschen gerne neue Ger\u00e4te ein, um daraus etwas Sch\u00f6nes zu machen! Lassen Sie uns wissen, ob und welche Ger\u00e4te Sie in Zahlung geben m\u00f6chten.    <\/span><\/div>\n<div class=\"specification-item row-odd\"><span class=\"spec-content\">Mehrwertsteuer-Produkt. Unternehmer, Menschen au\u00dferhalb der EU, nutzen den Vorteil. <\/p>\n<p><\/span><\/div>\n<div class=\"specification-item row-even\"><span class=\"spec-content\">Ladenpreis: 4999.00<\/span><\/div>\n<div class=\"specification-item row-odd\"><span class=\"spec-content\"><strong>Allgemeine Beschreibung<\/strong><\/span><\/div>\n<div class=\"specification-item row-even\"><span class=\"spec-content\"><\/p>\n<p>Dieses System liefert 2x 180W Leistung an 8\u03a9 und 2x 300W an 4\u03a9, mit einer harmonischen Verzerrung von 0,002% bei 80% Leistung. Es verf\u00fcgt \u00fcber drei RCA-Eing\u00e4nge, einen XLR-Eingang und MM- und MC-Phono-Eing\u00e4nge. Die digitalen Eing\u00e4nge umfassen HDMI eARC, zwei koaxiale und zwei optische Anschl\u00fcsse. Zu den unterst\u00fctzten Streaming-Formaten geh\u00f6ren FLAC, WAV, AAC und DSD bis zu 256. Drahtlose Konnektivit\u00e4t wird \u00fcber Wi-Fi und Bluetooth 5.4 bereitgestellt. Das System unterst\u00fctzt Apple AirPlay, Google Cast, Spotify Connect und Tidal Connect. Ein hochaufl\u00f6sendes 8,8-Zoll-Display zeigt Albumcover und Metadaten an. Optional sind zwei Subwoofer-Ausg\u00e4nge und Dirac Live Room Correction erh\u00e4ltlich. Abmessungen: 432 x 390 x 140 mm; Gewicht: 17 kg.        <\/p>\n<p><\/span><\/div>\n<div class=\"specification-item row-odd\"><span class=\"spec-content\"><strong>Hintergrundinformationen<\/strong><\/span><\/div>\n<div class=\"specification-item row-even\"><span class=\"spec-content\"><\/p>\n<p>Der Arcam ST60 wurde als High-End-Streaming-DAC f\u00fcr den modernen Musikliebhaber entwickelt. Das Designteam legte Wert auf maximale Audioqualit\u00e4t und Benutzerfreundlichkeit. Sowohl der analoge als auch der digitale Teil sind intern vollst\u00e4ndig getrennt, um das Rauschen zu minimieren. Der ST60 verwendet einen ESS Sabre DAC, ein hochwertiges Aluminiumgeh\u00e4use und symmetrische XLR-Ausg\u00e4nge. Er wurde in Gro\u00dfbritannien entwickelt und erg\u00e4nzt die HDA-Serie von Arcam.    <\/p>\n<p><\/span><\/div>\n<div class=\"specification-item row-odd\"><span class=\"spec-content\"><strong>Geschichte der Marke<\/strong><\/span><\/div>\n<div class=\"specification-item row-even\"><span class=\"spec-content\"><\/p>\n<p>Arcam wurde 1976 in Cambridge, Gro\u00dfbritannien, gegr\u00fcndet. Das erste Produkt, das das Unternehmen auf den Markt brachte, war der A60, ein Vollverst\u00e4rker, der Kultstatus erlangte und mehr als 30.000 Mal verkauft wurde. 1986 erweiterte Arcam seine Produktpalette um den ersten CD-Player, der vollst\u00e4ndig in Gro\u00dfbritannien entwickelt und hergestellt wurde. 1988 brachte Arcam die Black Box heraus, einen der ersten eigenst\u00e4ndigen DACs (Digital-Analog-Wandler) f\u00fcr die CD-Wiedergabe. In den 1990er Jahren f\u00fchrte Arcam den Xeta 1 ein, den ersten AV-Verst\u00e4rker f\u00fcr Audiophile, und entwickelte 1999 den weltweit ersten DAB-Tuner f\u00fcr den Heimgebrauch.    <\/p>\n<p><\/span><\/div>\n<\/div>\n","protected":false},"excerpt":{"rendered":"<p>Beschreibung Freakuence! Pr\u00e4ziser und leistungsstarker Verst\u00e4rker mit einem warmen Touch. Mit der Class G-Verst\u00e4rkung ist es wirklich immer eine Party. Bei geringer Lautst\u00e4rke spielt er in Class A, dann geht es in AB weiter. Ausgestattet mit seri\u00f6sem DAC und Streaming. Details Sie suchen ein anderes Modell aus der aktuellen Serie der Marke? Schicken Sie uns [&hellip;]<\/p>\n","protected":false},"featured_media":310170,"template":"","meta":{"_acf_changed":false,"inline_featured_image":false},"product_brand":[],"product_cat":[560],"product_tag":[574],"class_list":{"0":"post-310169","1":"product","2":"type-product","3":"status-publish","4":"has-post-thumbnail","6":"product_cat-verstarker","7":"product_tag-freakdemo","8":"pa_kleur-schwarz","10":"first","11":"instock","12":"taxable","13":"shipping-taxable","14":"purchasable","15":"product-type-simple"},"acf":[],"yoast_head":"<!-- This site is optimized with the Yoast SEO plugin v25.9 - https:\/\/yoast.com\/wordpress\/plugins\/seo\/ -->\n<title>Arcam SA45 | Freakuence!<\/title>\n<meta name=\"robots\" content=\"noindex, follow, max-snippet:-1, max-image-preview:large, max-video-preview:-1\" \/>\n<meta property=\"og:locale\" content=\"de_DE\" \/>\n<meta property=\"og:type\" content=\"article\" \/>\n<meta property=\"og:title\" content=\"Arcam SA45 | Freakuence!\" \/>\n<meta property=\"og:description\" content=\"Beschreibung Freakuence! Pr\u00e4ziser und leistungsstarker Verst\u00e4rker mit einem warmen Touch. Mit der Class G-Verst\u00e4rkung ist es wirklich immer eine Party. Bei geringer Lautst\u00e4rke spielt er in Class A, dann geht es in AB weiter. Ausgestattet mit seri\u00f6sem DAC und Streaming. Details Sie suchen ein anderes Modell aus der aktuellen Serie der Marke? Schicken Sie uns [&hellip;]\" \/>\n<meta property=\"og:url\" content=\"https:\/\/dev.freakuence.nl\/de\/produkt\/arcam-sa45\/\" \/>\n<meta property=\"og:site_name\" content=\"Freakuence!\" \/>\n<meta property=\"article:modified_time\" content=\"2026-03-20T06:29:00+00:00\" \/>\n<meta property=\"og:image\" content=\"https:\/\/dev.freakuence.nl\/wp-content\/uploads\/2025\/09\/1754479899-IMG6662-scaled.jpg\" \/>\n\t<meta property=\"og:image:width\" content=\"1800\" \/>\n\t<meta property=\"og:image:height\" content=\"1200\" \/>\n\t<meta property=\"og:image:type\" content=\"image\/jpeg\" \/>\n<meta name=\"twitter:card\" content=\"summary_large_image\" \/>\n<script type=\"application\/ld+json\" class=\"yoast-schema-graph\">{\"@context\":\"https:\/\/schema.org\",\"@graph\":[{\"@type\":\"WebPage\",\"@id\":\"https:\/\/dev.freakuence.nl\/de\/produkt\/arcam-sa45\/\",\"url\":\"https:\/\/dev.freakuence.nl\/de\/produkt\/arcam-sa45\/\",\"name\":\"Arcam SA45 | Freakuence!\",\"isPartOf\":{\"@id\":\"https:\/\/dev.freakuence.nl\/de\/#website\"},\"primaryImageOfPage\":{\"@id\":\"https:\/\/dev.freakuence.nl\/de\/produkt\/arcam-sa45\/#primaryimage\"},\"image\":{\"@id\":\"https:\/\/dev.freakuence.nl\/de\/produkt\/arcam-sa45\/#primaryimage\"},\"thumbnailUrl\":\"https:\/\/dev.freakuence.nl\/wp-content\/uploads\/2025\/09\/1754479899-IMG6662-scaled.jpg\",\"datePublished\":\"2025-08-06T11:32:35+00:00\",\"dateModified\":\"2026-03-20T06:29:00+00:00\",\"breadcrumb\":{\"@id\":\"https:\/\/dev.freakuence.nl\/de\/produkt\/arcam-sa45\/#breadcrumb\"},\"inLanguage\":\"de\",\"potentialAction\":[{\"@type\":\"ReadAction\",\"target\":[\"https:\/\/dev.freakuence.nl\/de\/produkt\/arcam-sa45\/\"]}]},{\"@type\":\"ImageObject\",\"inLanguage\":\"de\",\"@id\":\"https:\/\/dev.freakuence.nl\/de\/produkt\/arcam-sa45\/#primaryimage\",\"url\":\"https:\/\/dev.freakuence.nl\/wp-content\/uploads\/2025\/09\/1754479899-IMG6662-scaled.jpg\",\"contentUrl\":\"https:\/\/dev.freakuence.nl\/wp-content\/uploads\/2025\/09\/1754479899-IMG6662-scaled.jpg\",\"width\":1800,\"height\":1200},{\"@type\":\"BreadcrumbList\",\"@id\":\"https:\/\/dev.freakuence.nl\/de\/produkt\/arcam-sa45\/#breadcrumb\",\"itemListElement\":[{\"@type\":\"ListItem\",\"position\":1,\"name\":\"Startseite\",\"item\":\"https:\/\/dev.freakuence.nl\/de\/\"},{\"@type\":\"ListItem\",\"position\":2,\"name\":\"Products\",\"item\":\"https:\/\/dev.freakuence.nl\/en\/products\/\"},{\"@type\":\"ListItem\",\"position\":3,\"name\":\"Arcam SA45\"}]},{\"@type\":\"WebSite\",\"@id\":\"https:\/\/dev.freakuence.nl\/de\/#website\",\"url\":\"https:\/\/dev.freakuence.nl\/de\/\",\"name\":\"Freakuence!\",\"description\":\"Freakuence!\",\"alternateName\":\"Freakuence\",\"potentialAction\":[{\"@type\":\"SearchAction\",\"target\":{\"@type\":\"EntryPoint\",\"urlTemplate\":\"https:\/\/dev.freakuence.nl\/de\/?s={search_term_string}\"},\"query-input\":{\"@type\":\"PropertyValueSpecification\",\"valueRequired\":true,\"valueName\":\"search_term_string\"}}],\"inLanguage\":\"de\"}]}<\/script>\n<!-- \/ Yoast SEO plugin. -->","yoast_head_json":{"title":"Arcam SA45 | Freakuence!","robots":{"index":"noindex","follow":"follow","max-snippet":"max-snippet:-1","max-image-preview":"max-image-preview:large","max-video-preview":"max-video-preview:-1"},"og_locale":"de_DE","og_type":"article","og_title":"Arcam SA45 | Freakuence!","og_description":"Beschreibung Freakuence! Pr\u00e4ziser und leistungsstarker Verst\u00e4rker mit einem warmen Touch. Mit der Class G-Verst\u00e4rkung ist es wirklich immer eine Party. Bei geringer Lautst\u00e4rke spielt er in Class A, dann geht es in AB weiter. Ausgestattet mit seri\u00f6sem DAC und Streaming. Details Sie suchen ein anderes Modell aus der aktuellen Serie der Marke? Schicken Sie uns [&hellip;]","og_url":"https:\/\/dev.freakuence.nl\/de\/produkt\/arcam-sa45\/","og_site_name":"Freakuence!","article_modified_time":"2026-03-20T06:29:00+00:00","og_image":[{"width":1800,"height":1200,"url":"https:\/\/dev.freakuence.nl\/wp-content\/uploads\/2025\/09\/1754479899-IMG6662-scaled.jpg","type":"image\/jpeg"}],"twitter_card":"summary_large_image","schema":{"@context":"https:\/\/schema.org","@graph":[{"@type":"WebPage","@id":"https:\/\/dev.freakuence.nl\/de\/produkt\/arcam-sa45\/","url":"https:\/\/dev.freakuence.nl\/de\/produkt\/arcam-sa45\/","name":"Arcam SA45 | Freakuence!","isPartOf":{"@id":"https:\/\/dev.freakuence.nl\/de\/#website"},"primaryImageOfPage":{"@id":"https:\/\/dev.freakuence.nl\/de\/produkt\/arcam-sa45\/#primaryimage"},"image":{"@id":"https:\/\/dev.freakuence.nl\/de\/produkt\/arcam-sa45\/#primaryimage"},"thumbnailUrl":"https:\/\/dev.freakuence.nl\/wp-content\/uploads\/2025\/09\/1754479899-IMG6662-scaled.jpg","datePublished":"2025-08-06T11:32:35+00:00","dateModified":"2026-03-20T06:29:00+00:00","breadcrumb":{"@id":"https:\/\/dev.freakuence.nl\/de\/produkt\/arcam-sa45\/#breadcrumb"},"inLanguage":"de","potentialAction":[{"@type":"ReadAction","target":["https:\/\/dev.freakuence.nl\/de\/produkt\/arcam-sa45\/"]}]},{"@type":"ImageObject","inLanguage":"de","@id":"https:\/\/dev.freakuence.nl\/de\/produkt\/arcam-sa45\/#primaryimage","url":"https:\/\/dev.freakuence.nl\/wp-content\/uploads\/2025\/09\/1754479899-IMG6662-scaled.jpg","contentUrl":"https:\/\/dev.freakuence.nl\/wp-content\/uploads\/2025\/09\/1754479899-IMG6662-scaled.jpg","width":1800,"height":1200},{"@type":"BreadcrumbList","@id":"https:\/\/dev.freakuence.nl\/de\/produkt\/arcam-sa45\/#breadcrumb","itemListElement":[{"@type":"ListItem","position":1,"name":"Startseite","item":"https:\/\/dev.freakuence.nl\/de\/"},{"@type":"ListItem","position":2,"name":"Products","item":"https:\/\/dev.freakuence.nl\/en\/products\/"},{"@type":"ListItem","position":3,"name":"Arcam SA45"}]},{"@type":"WebSite","@id":"https:\/\/dev.freakuence.nl\/de\/#website","url":"https:\/\/dev.freakuence.nl\/de\/","name":"Freakuence!","description":"Freakuence!","alternateName":"Freakuence","potentialAction":[{"@type":"SearchAction","target":{"@type":"EntryPoint","urlTemplate":"https:\/\/dev.freakuence.nl\/de\/?s={search_term_string}"},"query-input":{"@type":"PropertyValueSpecification","valueRequired":true,"valueName":"search_term_string"}}],"inLanguage":"de"}]}},"_links":{"self":[{"href":"https:\/\/dev.freakuence.nl\/de\/wp-json\/wp\/v2\/product\/310169","targetHints":{"allow":["GET"]}}],"collection":[{"href":"https:\/\/dev.freakuence.nl\/de\/wp-json\/wp\/v2\/product"}],"about":[{"href":"https:\/\/dev.freakuence.nl\/de\/wp-json\/wp\/v2\/types\/product"}],"version-history":[{"count":0,"href":"https:\/\/dev.freakuence.nl\/de\/wp-json\/wp\/v2\/product\/310169\/revisions"}],"wp:featuredmedia":[{"embeddable":true,"href":"https:\/\/dev.freakuence.nl\/de\/wp-json\/wp\/v2\/media\/310170"}],"wp:attachment":[{"href":"https:\/\/dev.freakuence.nl\/de\/wp-json\/wp\/v2\/media?parent=310169"}],"wp:term":[{"taxonomy":"product_brand","embeddable":true,"href":"https:\/\/dev.freakuence.nl\/de\/wp-json\/wp\/v2\/product_brand?post=310169"},{"taxonomy":"product_cat","embeddable":true,"href":"https:\/\/dev.freakuence.nl\/de\/wp-json\/wp\/v2\/product_cat?post=310169"},{"taxonomy":"product_tag","embeddable":true,"href":"https:\/\/dev.freakuence.nl\/de\/wp-json\/wp\/v2\/product_tag?post=310169"}],"curies":[{"name":"wp","href":"https:\/\/api.w.org\/{rel}","templated":true}]}}