{"id":310283,"date":"2025-08-06T13:40:34","date_gmt":"2025-08-06T11:40:34","guid":{"rendered":"https:\/\/dev.freakuence.nl\/product\/monitor-audio-silber-500-7g\/"},"modified":"2026-01-06T09:11:22","modified_gmt":"2026-01-06T08:11:22","slug":"monitor-audio-silber-500-7g","status":"publish","type":"product","link":"https:\/\/dev.freakuence.nl\/de\/produkt\/monitor-audio-silber-500-7g\/","title":{"rendered":"Monitor Audio Silber 500 7G"},"content":{"rendered":"<div class=\"product-specifications-list\">\n<div class=\"specification-item row-even\"><span class=\"spec-content\"><strong>Beschreibung Freakuence!<\/strong><\/span><\/div>\n<div class=\"specification-item row-odd\"><span class=\"spec-content\"><\/p>\n<p>Die Kl\u00e4nge sind raffiniert und voller Details. Hohe T\u00f6ne funkeln, ohne zu scharf zu werden. Die mittleren Kan\u00e4le sind klar und nat\u00fcrlich. Die B\u00e4sse sind satt und tief und bilden ein ausgewogenes und harmonisches Ganzes. Eine Freude f\u00fcr die Ohren.    <\/p>\n<p><\/span><\/div>\n<div class=\"specification-item row-even\"><span class=\"spec-content\"><strong>Details<\/strong><\/span><\/div>\n<div class=\"specification-item row-odd\"><span class=\"spec-content\"><\/p>\n<p>Sie suchen ein anderes Modell aus der aktuellen Serie der Marke oder eine andere Farbe dieses Modells? Schicken Sie uns eine Nachricht mit Ihrem m\u00f6glichen Inzahlungnahme-Wunsch! Wir w\u00fcrden gerne etwas Sch\u00f6nes daraus machen.  <\/span><\/div>\n<div class=\"specification-item row-even\"><span class=\"spec-content\">Wir liefern 100% neu in versiegelter Verpackung, aber wir dachten, es w\u00e4re nett, einen kurzen Blick auf unser Vorf\u00fchrmodell zu werfen. Kommen Sie zu einer Vorf\u00fchrung in einem unserer 5 H\u00f6rr\u00e4ume! Auch andere Versionen sind m\u00f6glich. Wir tauschen gerne neue Ger\u00e4te ein, um daraus etwas Sch\u00f6nes zu machen! Lassen Sie uns wissen, ob und welche Ger\u00e4te Sie in Zahlung geben m\u00f6chten.    <\/span><\/div>\n<div class=\"specification-item row-odd\"><span class=\"spec-content\">Mehrwertsteuer-Produkt. Unternehmer, Menschen au\u00dferhalb der EU, nutzen den Vorteil. <\/span><\/div>\n<div class=\"specification-item row-even\"><span class=\"spec-content\">Wir haben noch mehr aus der gleichen Serie ausgestellt, siehe Fotos und\/oder andere Anzeigen.<\/p>\n<p><\/span><\/div>\n<div class=\"specification-item row-odd\"><span class=\"spec-content\">Einzelhandelspreis: 2800.00<\/span><\/div>\n<div class=\"specification-item row-even\"><span class=\"spec-content\"><strong>Allgemeine Beschreibung<\/strong><\/span><\/div>\n<div class=\"specification-item row-odd\"><span class=\"spec-content\"><\/p>\n<p>Die Silver 500 7G verf\u00fcgt \u00fcber eine neu gestaltete RST II-Membran und einen neu entwickelten Hocht\u00f6ner mit einem bel\u00fcfteten Geh\u00e4use f\u00fcr eine verbesserte Klangleistung. Die Hybridkonstruktion umfasst eine optimierte akustische D\u00e4mpfung und ein solides Hauptgeh\u00e4use, was die Gesamtleistung verbessert. Mit einer Empfindlichkeit von 90 dB und einem Frequenzbereich von 27 Hz bis 35 kHz bietet das Ger\u00e4t ein dynamisch breites Klangspektrum. F\u00fcr eine optimale Platzierung sind optional passende St\u00e4nder erh\u00e4ltlich. Das Design vereint Eleganz und Funktion, w\u00e4hrend die hochwertige interne Pureflow-Silberverkabelung f\u00fcr einen reinen Signalweg sorgt.    <\/p>\n<p><\/span><\/div>\n<div class=\"specification-item row-even\"><span class=\"spec-content\"><strong>Geschichte der Marke<\/strong><\/span><\/div>\n<div class=\"specification-item row-odd\"><span class=\"spec-content\"><\/p>\n<p>Monitor Audio wurde 1972 von Mo Iqbal in einer kleinen Fabrik in Teversham, in der N\u00e4he von Cambridge, England, gegr\u00fcndet. Der erste Lautsprecher, den das Unternehmen produzierte, war der MA1, der von Iqbal und einem kleinen Team von Ingenieuren von Hand zusammengebaut wurde. Im Laufe der Jahre erreichte das Unternehmen mehrere wichtige Meilensteine, darunter die Einf\u00fchrung der Platinum-Serie im Jahr 2007. Im Jahr 2016 erweiterte Monitor Audio sein Portfolio durch die \u00dcbernahme von Roksan, einem Hersteller von Audioger\u00e4ten.   <\/p>\n<p><\/span><\/div>\n<\/div>\n","protected":false},"excerpt":{"rendered":"<p>Beschreibung Freakuence! Die Kl\u00e4nge sind raffiniert und voller Details. Hohe T\u00f6ne funkeln, ohne zu scharf zu werden. Die mittleren Kan\u00e4le sind klar und nat\u00fcrlich. Die B\u00e4sse sind satt und tief und bilden ein ausgewogenes und harmonisches Ganzes. Eine Freude f\u00fcr die Ohren. Details Sie suchen ein anderes Modell aus der aktuellen Serie der Marke oder [&hellip;]<\/p>\n","protected":false},"featured_media":310284,"template":"","meta":{"_acf_changed":false,"inline_featured_image":false},"product_brand":[],"product_cat":[553],"product_tag":[574],"class_list":{"0":"post-310283","1":"product","2":"type-product","3":"status-publish","4":"has-post-thumbnail","6":"product_cat-redner","7":"product_tag-freakdemo","8":"pa_kleur-schwarz","10":"first","11":"instock","12":"taxable","13":"shipping-taxable","14":"purchasable","15":"product-type-simple"},"acf":[],"yoast_head":"<!-- This site is optimized with the Yoast SEO plugin v25.9 - https:\/\/yoast.com\/wordpress\/plugins\/seo\/ -->\n<title>Monitor Audio Silber 500 7G | Freakuence!<\/title>\n<meta name=\"robots\" content=\"noindex, follow, max-snippet:-1, max-image-preview:large, max-video-preview:-1\" \/>\n<meta property=\"og:locale\" content=\"de_DE\" \/>\n<meta property=\"og:type\" content=\"article\" \/>\n<meta property=\"og:title\" content=\"Monitor Audio Silber 500 7G | Freakuence!\" \/>\n<meta property=\"og:description\" content=\"Beschreibung Freakuence! Die Kl\u00e4nge sind raffiniert und voller Details. Hohe T\u00f6ne funkeln, ohne zu scharf zu werden. Die mittleren Kan\u00e4le sind klar und nat\u00fcrlich. Die B\u00e4sse sind satt und tief und bilden ein ausgewogenes und harmonisches Ganzes. Eine Freude f\u00fcr die Ohren. Details Sie suchen ein anderes Modell aus der aktuellen Serie der Marke oder [&hellip;]\" \/>\n<meta property=\"og:url\" content=\"https:\/\/dev.freakuence.nl\/de\/produkt\/monitor-audio-silber-500-7g\/\" \/>\n<meta property=\"og:site_name\" content=\"Freakuence!\" \/>\n<meta property=\"article:modified_time\" content=\"2026-01-06T08:11:22+00:00\" \/>\n<meta property=\"og:image\" content=\"https:\/\/dev.freakuence.nl\/wp-content\/uploads\/2025\/09\/1754480394-IMG7110-scaled.jpg\" \/>\n\t<meta property=\"og:image:width\" content=\"1200\" \/>\n\t<meta property=\"og:image:height\" content=\"1800\" \/>\n\t<meta property=\"og:image:type\" content=\"image\/jpeg\" \/>\n<meta name=\"twitter:card\" content=\"summary_large_image\" \/>\n<script type=\"application\/ld+json\" class=\"yoast-schema-graph\">{\"@context\":\"https:\/\/schema.org\",\"@graph\":[{\"@type\":\"WebPage\",\"@id\":\"https:\/\/dev.freakuence.nl\/de\/produkt\/monitor-audio-silber-500-7g\/\",\"url\":\"https:\/\/dev.freakuence.nl\/de\/produkt\/monitor-audio-silber-500-7g\/\",\"name\":\"Monitor Audio Silber 500 7G | Freakuence!\",\"isPartOf\":{\"@id\":\"https:\/\/dev.freakuence.nl\/de\/#website\"},\"primaryImageOfPage\":{\"@id\":\"https:\/\/dev.freakuence.nl\/de\/produkt\/monitor-audio-silber-500-7g\/#primaryimage\"},\"image\":{\"@id\":\"https:\/\/dev.freakuence.nl\/de\/produkt\/monitor-audio-silber-500-7g\/#primaryimage\"},\"thumbnailUrl\":\"https:\/\/dev.freakuence.nl\/wp-content\/uploads\/2025\/09\/1754480394-IMG7110-scaled.jpg\",\"datePublished\":\"2025-08-06T11:40:34+00:00\",\"dateModified\":\"2026-01-06T08:11:22+00:00\",\"breadcrumb\":{\"@id\":\"https:\/\/dev.freakuence.nl\/de\/produkt\/monitor-audio-silber-500-7g\/#breadcrumb\"},\"inLanguage\":\"de\",\"potentialAction\":[{\"@type\":\"ReadAction\",\"target\":[\"https:\/\/dev.freakuence.nl\/de\/produkt\/monitor-audio-silber-500-7g\/\"]}]},{\"@type\":\"ImageObject\",\"inLanguage\":\"de\",\"@id\":\"https:\/\/dev.freakuence.nl\/de\/produkt\/monitor-audio-silber-500-7g\/#primaryimage\",\"url\":\"https:\/\/dev.freakuence.nl\/wp-content\/uploads\/2025\/09\/1754480394-IMG7110-scaled.jpg\",\"contentUrl\":\"https:\/\/dev.freakuence.nl\/wp-content\/uploads\/2025\/09\/1754480394-IMG7110-scaled.jpg\",\"width\":1200,\"height\":1800},{\"@type\":\"BreadcrumbList\",\"@id\":\"https:\/\/dev.freakuence.nl\/de\/produkt\/monitor-audio-silber-500-7g\/#breadcrumb\",\"itemListElement\":[{\"@type\":\"ListItem\",\"position\":1,\"name\":\"Startseite\",\"item\":\"https:\/\/dev.freakuence.nl\/de\/\"},{\"@type\":\"ListItem\",\"position\":2,\"name\":\"Products\",\"item\":\"https:\/\/dev.freakuence.nl\/en\/products\/\"},{\"@type\":\"ListItem\",\"position\":3,\"name\":\"Monitor Audio Silber 500 7G\"}]},{\"@type\":\"WebSite\",\"@id\":\"https:\/\/dev.freakuence.nl\/de\/#website\",\"url\":\"https:\/\/dev.freakuence.nl\/de\/\",\"name\":\"Freakuence!\",\"description\":\"Freakuence!\",\"alternateName\":\"Freakuence\",\"potentialAction\":[{\"@type\":\"SearchAction\",\"target\":{\"@type\":\"EntryPoint\",\"urlTemplate\":\"https:\/\/dev.freakuence.nl\/de\/?s={search_term_string}\"},\"query-input\":{\"@type\":\"PropertyValueSpecification\",\"valueRequired\":true,\"valueName\":\"search_term_string\"}}],\"inLanguage\":\"de\"}]}<\/script>\n<!-- \/ Yoast SEO plugin. -->","yoast_head_json":{"title":"Monitor Audio Silber 500 7G | Freakuence!","robots":{"index":"noindex","follow":"follow","max-snippet":"max-snippet:-1","max-image-preview":"max-image-preview:large","max-video-preview":"max-video-preview:-1"},"og_locale":"de_DE","og_type":"article","og_title":"Monitor Audio Silber 500 7G | Freakuence!","og_description":"Beschreibung Freakuence! Die Kl\u00e4nge sind raffiniert und voller Details. Hohe T\u00f6ne funkeln, ohne zu scharf zu werden. Die mittleren Kan\u00e4le sind klar und nat\u00fcrlich. Die B\u00e4sse sind satt und tief und bilden ein ausgewogenes und harmonisches Ganzes. Eine Freude f\u00fcr die Ohren. Details Sie suchen ein anderes Modell aus der aktuellen Serie der Marke oder [&hellip;]","og_url":"https:\/\/dev.freakuence.nl\/de\/produkt\/monitor-audio-silber-500-7g\/","og_site_name":"Freakuence!","article_modified_time":"2026-01-06T08:11:22+00:00","og_image":[{"width":1200,"height":1800,"url":"https:\/\/dev.freakuence.nl\/wp-content\/uploads\/2025\/09\/1754480394-IMG7110-scaled.jpg","type":"image\/jpeg"}],"twitter_card":"summary_large_image","schema":{"@context":"https:\/\/schema.org","@graph":[{"@type":"WebPage","@id":"https:\/\/dev.freakuence.nl\/de\/produkt\/monitor-audio-silber-500-7g\/","url":"https:\/\/dev.freakuence.nl\/de\/produkt\/monitor-audio-silber-500-7g\/","name":"Monitor Audio Silber 500 7G | Freakuence!","isPartOf":{"@id":"https:\/\/dev.freakuence.nl\/de\/#website"},"primaryImageOfPage":{"@id":"https:\/\/dev.freakuence.nl\/de\/produkt\/monitor-audio-silber-500-7g\/#primaryimage"},"image":{"@id":"https:\/\/dev.freakuence.nl\/de\/produkt\/monitor-audio-silber-500-7g\/#primaryimage"},"thumbnailUrl":"https:\/\/dev.freakuence.nl\/wp-content\/uploads\/2025\/09\/1754480394-IMG7110-scaled.jpg","datePublished":"2025-08-06T11:40:34+00:00","dateModified":"2026-01-06T08:11:22+00:00","breadcrumb":{"@id":"https:\/\/dev.freakuence.nl\/de\/produkt\/monitor-audio-silber-500-7g\/#breadcrumb"},"inLanguage":"de","potentialAction":[{"@type":"ReadAction","target":["https:\/\/dev.freakuence.nl\/de\/produkt\/monitor-audio-silber-500-7g\/"]}]},{"@type":"ImageObject","inLanguage":"de","@id":"https:\/\/dev.freakuence.nl\/de\/produkt\/monitor-audio-silber-500-7g\/#primaryimage","url":"https:\/\/dev.freakuence.nl\/wp-content\/uploads\/2025\/09\/1754480394-IMG7110-scaled.jpg","contentUrl":"https:\/\/dev.freakuence.nl\/wp-content\/uploads\/2025\/09\/1754480394-IMG7110-scaled.jpg","width":1200,"height":1800},{"@type":"BreadcrumbList","@id":"https:\/\/dev.freakuence.nl\/de\/produkt\/monitor-audio-silber-500-7g\/#breadcrumb","itemListElement":[{"@type":"ListItem","position":1,"name":"Startseite","item":"https:\/\/dev.freakuence.nl\/de\/"},{"@type":"ListItem","position":2,"name":"Products","item":"https:\/\/dev.freakuence.nl\/en\/products\/"},{"@type":"ListItem","position":3,"name":"Monitor Audio Silber 500 7G"}]},{"@type":"WebSite","@id":"https:\/\/dev.freakuence.nl\/de\/#website","url":"https:\/\/dev.freakuence.nl\/de\/","name":"Freakuence!","description":"Freakuence!","alternateName":"Freakuence","potentialAction":[{"@type":"SearchAction","target":{"@type":"EntryPoint","urlTemplate":"https:\/\/dev.freakuence.nl\/de\/?s={search_term_string}"},"query-input":{"@type":"PropertyValueSpecification","valueRequired":true,"valueName":"search_term_string"}}],"inLanguage":"de"}]}},"_links":{"self":[{"href":"https:\/\/dev.freakuence.nl\/de\/wp-json\/wp\/v2\/product\/310283","targetHints":{"allow":["GET"]}}],"collection":[{"href":"https:\/\/dev.freakuence.nl\/de\/wp-json\/wp\/v2\/product"}],"about":[{"href":"https:\/\/dev.freakuence.nl\/de\/wp-json\/wp\/v2\/types\/product"}],"version-history":[{"count":0,"href":"https:\/\/dev.freakuence.nl\/de\/wp-json\/wp\/v2\/product\/310283\/revisions"}],"wp:featuredmedia":[{"embeddable":true,"href":"https:\/\/dev.freakuence.nl\/de\/wp-json\/wp\/v2\/media\/310284"}],"wp:attachment":[{"href":"https:\/\/dev.freakuence.nl\/de\/wp-json\/wp\/v2\/media?parent=310283"}],"wp:term":[{"taxonomy":"product_brand","embeddable":true,"href":"https:\/\/dev.freakuence.nl\/de\/wp-json\/wp\/v2\/product_brand?post=310283"},{"taxonomy":"product_cat","embeddable":true,"href":"https:\/\/dev.freakuence.nl\/de\/wp-json\/wp\/v2\/product_cat?post=310283"},{"taxonomy":"product_tag","embeddable":true,"href":"https:\/\/dev.freakuence.nl\/de\/wp-json\/wp\/v2\/product_tag?post=310283"}],"curies":[{"name":"wp","href":"https:\/\/api.w.org\/{rel}","templated":true}]}}