{"id":310511,"date":"2025-09-08T11:55:06","date_gmt":"2025-09-08T09:55:06","guid":{"rendered":"https:\/\/dev.freakuence.nl\/product\/octave-v110-se\/"},"modified":"2025-09-08T11:55:06","modified_gmt":"2025-09-08T09:55:06","slug":"octave-v110-se","status":"publish","type":"product","link":"https:\/\/dev.freakuence.nl\/de\/produkt\/octave-v110-se\/","title":{"rendered":"Octave V110 SE"},"content":{"rendered":"<div class=\"product-specifications-list\">\n<div class=\"specification-item row-even\"><span class=\"spec-content\"><strong>Beschreibung Freakuence!<\/strong><\/span><\/div>\n<div class=\"specification-item row-odd\"><span class=\"spec-content\"><\/p>\n<p>Ein flaches Kraftpaket. Solide gebauter R\u00f6hrenverst\u00e4rker. Diese Dinge kann man nicht kaputt machen. Es ist weich, transparent, fl\u00fcssig&#8230; mit FULL POWER! Mit einer Ausgangsleistung von 110 W pro Kanal und der M\u00f6glichkeit, den D\u00e4mpfungsfaktor einzustellen, bietet dieser Verst\u00e4rker Flexibilit\u00e4t.<\/p>\n<p><\/span><\/div>\n<div class=\"specification-item row-even\"><span class=\"spec-content\"><strong>Details<\/strong><\/span><\/div>\n<div class=\"specification-item row-odd\"><span class=\"spec-content\">Ladenpreis: 8300.00<\/span><\/div>\n<div class=\"specification-item row-even\"><span class=\"spec-content\"><strong>Allgemeine Beschreibung<\/strong><\/span><\/div>\n<div class=\"specification-item row-odd\"><span class=\"spec-content\"><\/p>\n<p>Dieses integrierte Verst\u00e4rkersystem liefert eine kontinuierliche Ausgangsleistung von 2 x 110 W und eine Spitzenleistung von 130 W an 4 Ohm. Der Frequenzbereich reicht von 20 Hz bis 70 kHz bei 90 W, mit einer Gesamtverzerrung von weniger als 0,1% bei 10 W an 4 Ohm. Der Rauschabstand betr\u00e4gt -110 dB bei 90 W. Das System ist mit vier KT120-R\u00f6hren ausgestattet und bietet Anschl\u00fcsse f\u00fcr f\u00fcnf Cinch-Line-Eing\u00e4nge, einen XLR-Eingang, einen optionalen Phono-Eingang, einen regelbaren Pre-Out und einen Plattenausgang. Es verf\u00fcgt \u00fcber Funktionen wie Octave Dynamic Technologies, einstellbaren D\u00e4mpfungsfaktor, ECO-Modus, Bias-Einstellung und Power Management. Zu den optionalen Funktionen geh\u00f6ren ein Phono-Eingang f\u00fcr MM oder MC und Black Box- oder Super Black Box-Erweiterungen. Das System wiegt 22,7 kg und ist in Silber oder Schwarz erh\u00e4ltlich.     <\/p>\n<p><\/span><\/div>\n<div class=\"specification-item row-even\"><span class=\"spec-content\"><strong>Hintergrundinformationen<\/strong><\/span><\/div>\n<div class=\"specification-item row-odd\"><span class=\"spec-content\"><\/p>\n<p>Der Octave V110 wurde in Deutschland entwickelt und gebaut, wobei der Schwerpunkt auf Haltbarkeit, Musikalit\u00e4t und Pr\u00e4zision lag. Der Designer Andreas Hofmann kombinierte einen R\u00f6hrenverst\u00e4rker mit moderner Technologie und konzentrierte sich dabei auf optimalen Klang ohne unn\u00f6tige Funktionen. Das Geh\u00e4use besteht aus Stahl und Aluminium, im Inneren werden hochwertige Komponenten mit einem modulierten Schaltungsdesign verwendet. Eine symmetrische Stromversorgung und eine thermisch kontrollierte Vorspannung tragen zu einer stabilen Leistung bei.   <\/p>\n<p><\/span><\/div>\n<div class=\"specification-item row-even\"><span class=\"spec-content\"><strong>Geschichte der Marke<\/strong><\/span><\/div>\n<div class=\"specification-item row-odd\"><span class=\"spec-content\"><\/p>\n<p>Das deutsche Unternehmen Octave baut verr\u00fcckte Ger\u00e4te mit sehr gut gewickelten Transformatoren (hier liegt der Ursprung des Unternehmens). Zum Zeitpunkt der Er\u00f6ffnung war der Designer\/Eigent\u00fcmer Andreas noch ein Kind, aber er leistete seinen ersten Beitrag zur Entwicklung des Unternehmens seines Vaters und dessen strategischem \u00dcbergang zur Herstellung von Audiokomponenten im Jahr 1975, als er noch keine 20 Jahre alt war. Er pr\u00e4sentierte seine ersten Transistor- und R\u00f6hrenverst\u00e4rker.  <\/p>\n<p><\/span><\/div>\n<\/div>\n","protected":false},"excerpt":{"rendered":"<p>Beschreibung Freakuence! Ein flaches Kraftpaket. Solide gebauter R\u00f6hrenverst\u00e4rker. Diese Dinge kann man nicht kaputt machen. Es ist weich, transparent, fl\u00fcssig&#8230; mit FULL POWER! Mit einer Ausgangsleistung von 110 W pro Kanal und der M\u00f6glichkeit, den D\u00e4mpfungsfaktor einzustellen, bietet dieser Verst\u00e4rker Flexibilit\u00e4t. Details Ladenpreis: 8300.00 Allgemeine Beschreibung Dieses integrierte Verst\u00e4rkersystem liefert eine kontinuierliche Ausgangsleistung von 2 [&hellip;]<\/p>\n","protected":false},"featured_media":310514,"template":"","meta":{"_acf_changed":false,"inline_featured_image":false},"product_brand":[],"product_cat":[582],"product_tag":[555],"class_list":{"0":"post-310511","1":"product","2":"type-product","3":"status-publish","4":"has-post-thumbnail","6":"product_cat-rohrenverstarker","7":"product_tag-benutzt","8":"pa_kleur-silber","10":"first","11":"instock","12":"purchasable","13":"product-type-simple"},"acf":[],"yoast_head":"<!-- This site is optimized with the Yoast SEO plugin v25.9 - https:\/\/yoast.com\/wordpress\/plugins\/seo\/ -->\n<title>Octave V110 SE | Freakuence!<\/title>\n<meta name=\"robots\" content=\"noindex, follow, max-snippet:-1, max-image-preview:large, max-video-preview:-1\" \/>\n<meta property=\"og:locale\" content=\"de_DE\" \/>\n<meta property=\"og:type\" content=\"article\" \/>\n<meta property=\"og:title\" content=\"Octave V110 SE | Freakuence!\" \/>\n<meta property=\"og:description\" content=\"Beschreibung Freakuence! Ein flaches Kraftpaket. Solide gebauter R\u00f6hrenverst\u00e4rker. Diese Dinge kann man nicht kaputt machen. Es ist weich, transparent, fl\u00fcssig&#8230; mit FULL POWER! Mit einer Ausgangsleistung von 110 W pro Kanal und der M\u00f6glichkeit, den D\u00e4mpfungsfaktor einzustellen, bietet dieser Verst\u00e4rker Flexibilit\u00e4t. Details Ladenpreis: 8300.00 Allgemeine Beschreibung Dieses integrierte Verst\u00e4rkersystem liefert eine kontinuierliche Ausgangsleistung von 2 [&hellip;]\" \/>\n<meta property=\"og:url\" content=\"https:\/\/dev.freakuence.nl\/de\/produkt\/octave-v110-se\/\" \/>\n<meta property=\"og:site_name\" content=\"Freakuence!\" \/>\n<meta property=\"og:image\" content=\"https:\/\/dev.freakuence.nl\/wp-content\/uploads\/2025\/09\/1757325244-IMG9203-scaled.jpg\" \/>\n\t<meta property=\"og:image:width\" content=\"1800\" \/>\n\t<meta property=\"og:image:height\" content=\"1200\" \/>\n\t<meta property=\"og:image:type\" content=\"image\/jpeg\" \/>\n<meta name=\"twitter:card\" content=\"summary_large_image\" \/>\n<script type=\"application\/ld+json\" class=\"yoast-schema-graph\">{\"@context\":\"https:\/\/schema.org\",\"@graph\":[{\"@type\":\"WebPage\",\"@id\":\"https:\/\/dev.freakuence.nl\/de\/produkt\/octave-v110-se\/\",\"url\":\"https:\/\/dev.freakuence.nl\/de\/produkt\/octave-v110-se\/\",\"name\":\"Octave V110 SE | Freakuence!\",\"isPartOf\":{\"@id\":\"https:\/\/dev.freakuence.nl\/de\/#website\"},\"primaryImageOfPage\":{\"@id\":\"https:\/\/dev.freakuence.nl\/de\/produkt\/octave-v110-se\/#primaryimage\"},\"image\":{\"@id\":\"https:\/\/dev.freakuence.nl\/de\/produkt\/octave-v110-se\/#primaryimage\"},\"thumbnailUrl\":\"https:\/\/dev.freakuence.nl\/wp-content\/uploads\/2025\/09\/1757325244-IMG9203-scaled.jpg\",\"datePublished\":\"2025-09-08T09:55:06+00:00\",\"breadcrumb\":{\"@id\":\"https:\/\/dev.freakuence.nl\/de\/produkt\/octave-v110-se\/#breadcrumb\"},\"inLanguage\":\"de\",\"potentialAction\":[{\"@type\":\"ReadAction\",\"target\":[\"https:\/\/dev.freakuence.nl\/de\/produkt\/octave-v110-se\/\"]}]},{\"@type\":\"ImageObject\",\"inLanguage\":\"de\",\"@id\":\"https:\/\/dev.freakuence.nl\/de\/produkt\/octave-v110-se\/#primaryimage\",\"url\":\"https:\/\/dev.freakuence.nl\/wp-content\/uploads\/2025\/09\/1757325244-IMG9203-scaled.jpg\",\"contentUrl\":\"https:\/\/dev.freakuence.nl\/wp-content\/uploads\/2025\/09\/1757325244-IMG9203-scaled.jpg\",\"width\":1800,\"height\":1200},{\"@type\":\"BreadcrumbList\",\"@id\":\"https:\/\/dev.freakuence.nl\/de\/produkt\/octave-v110-se\/#breadcrumb\",\"itemListElement\":[{\"@type\":\"ListItem\",\"position\":1,\"name\":\"Startseite\",\"item\":\"https:\/\/dev.freakuence.nl\/de\/\"},{\"@type\":\"ListItem\",\"position\":2,\"name\":\"Products\",\"item\":\"https:\/\/dev.freakuence.nl\/en\/products\/\"},{\"@type\":\"ListItem\",\"position\":3,\"name\":\"Oktave V110 SE\"}]},{\"@type\":\"WebSite\",\"@id\":\"https:\/\/dev.freakuence.nl\/de\/#website\",\"url\":\"https:\/\/dev.freakuence.nl\/de\/\",\"name\":\"Freakuence!\",\"description\":\"Freakuence!\",\"alternateName\":\"Freakuence\",\"potentialAction\":[{\"@type\":\"SearchAction\",\"target\":{\"@type\":\"EntryPoint\",\"urlTemplate\":\"https:\/\/dev.freakuence.nl\/de\/?s={search_term_string}\"},\"query-input\":{\"@type\":\"PropertyValueSpecification\",\"valueRequired\":true,\"valueName\":\"search_term_string\"}}],\"inLanguage\":\"de\"}]}<\/script>\n<!-- \/ Yoast SEO plugin. -->","yoast_head_json":{"title":"Octave V110 SE | Freakuence!","robots":{"index":"noindex","follow":"follow","max-snippet":"max-snippet:-1","max-image-preview":"max-image-preview:large","max-video-preview":"max-video-preview:-1"},"og_locale":"de_DE","og_type":"article","og_title":"Octave V110 SE | Freakuence!","og_description":"Beschreibung Freakuence! Ein flaches Kraftpaket. Solide gebauter R\u00f6hrenverst\u00e4rker. Diese Dinge kann man nicht kaputt machen. Es ist weich, transparent, fl\u00fcssig&#8230; mit FULL POWER! Mit einer Ausgangsleistung von 110 W pro Kanal und der M\u00f6glichkeit, den D\u00e4mpfungsfaktor einzustellen, bietet dieser Verst\u00e4rker Flexibilit\u00e4t. Details Ladenpreis: 8300.00 Allgemeine Beschreibung Dieses integrierte Verst\u00e4rkersystem liefert eine kontinuierliche Ausgangsleistung von 2 [&hellip;]","og_url":"https:\/\/dev.freakuence.nl\/de\/produkt\/octave-v110-se\/","og_site_name":"Freakuence!","og_image":[{"width":1800,"height":1200,"url":"https:\/\/dev.freakuence.nl\/wp-content\/uploads\/2025\/09\/1757325244-IMG9203-scaled.jpg","type":"image\/jpeg"}],"twitter_card":"summary_large_image","schema":{"@context":"https:\/\/schema.org","@graph":[{"@type":"WebPage","@id":"https:\/\/dev.freakuence.nl\/de\/produkt\/octave-v110-se\/","url":"https:\/\/dev.freakuence.nl\/de\/produkt\/octave-v110-se\/","name":"Octave V110 SE | Freakuence!","isPartOf":{"@id":"https:\/\/dev.freakuence.nl\/de\/#website"},"primaryImageOfPage":{"@id":"https:\/\/dev.freakuence.nl\/de\/produkt\/octave-v110-se\/#primaryimage"},"image":{"@id":"https:\/\/dev.freakuence.nl\/de\/produkt\/octave-v110-se\/#primaryimage"},"thumbnailUrl":"https:\/\/dev.freakuence.nl\/wp-content\/uploads\/2025\/09\/1757325244-IMG9203-scaled.jpg","datePublished":"2025-09-08T09:55:06+00:00","breadcrumb":{"@id":"https:\/\/dev.freakuence.nl\/de\/produkt\/octave-v110-se\/#breadcrumb"},"inLanguage":"de","potentialAction":[{"@type":"ReadAction","target":["https:\/\/dev.freakuence.nl\/de\/produkt\/octave-v110-se\/"]}]},{"@type":"ImageObject","inLanguage":"de","@id":"https:\/\/dev.freakuence.nl\/de\/produkt\/octave-v110-se\/#primaryimage","url":"https:\/\/dev.freakuence.nl\/wp-content\/uploads\/2025\/09\/1757325244-IMG9203-scaled.jpg","contentUrl":"https:\/\/dev.freakuence.nl\/wp-content\/uploads\/2025\/09\/1757325244-IMG9203-scaled.jpg","width":1800,"height":1200},{"@type":"BreadcrumbList","@id":"https:\/\/dev.freakuence.nl\/de\/produkt\/octave-v110-se\/#breadcrumb","itemListElement":[{"@type":"ListItem","position":1,"name":"Startseite","item":"https:\/\/dev.freakuence.nl\/de\/"},{"@type":"ListItem","position":2,"name":"Products","item":"https:\/\/dev.freakuence.nl\/en\/products\/"},{"@type":"ListItem","position":3,"name":"Oktave V110 SE"}]},{"@type":"WebSite","@id":"https:\/\/dev.freakuence.nl\/de\/#website","url":"https:\/\/dev.freakuence.nl\/de\/","name":"Freakuence!","description":"Freakuence!","alternateName":"Freakuence","potentialAction":[{"@type":"SearchAction","target":{"@type":"EntryPoint","urlTemplate":"https:\/\/dev.freakuence.nl\/de\/?s={search_term_string}"},"query-input":{"@type":"PropertyValueSpecification","valueRequired":true,"valueName":"search_term_string"}}],"inLanguage":"de"}]}},"_links":{"self":[{"href":"https:\/\/dev.freakuence.nl\/de\/wp-json\/wp\/v2\/product\/310511","targetHints":{"allow":["GET"]}}],"collection":[{"href":"https:\/\/dev.freakuence.nl\/de\/wp-json\/wp\/v2\/product"}],"about":[{"href":"https:\/\/dev.freakuence.nl\/de\/wp-json\/wp\/v2\/types\/product"}],"version-history":[{"count":0,"href":"https:\/\/dev.freakuence.nl\/de\/wp-json\/wp\/v2\/product\/310511\/revisions"}],"wp:featuredmedia":[{"embeddable":true,"href":"https:\/\/dev.freakuence.nl\/de\/wp-json\/wp\/v2\/media\/310514"}],"wp:attachment":[{"href":"https:\/\/dev.freakuence.nl\/de\/wp-json\/wp\/v2\/media?parent=310511"}],"wp:term":[{"taxonomy":"product_brand","embeddable":true,"href":"https:\/\/dev.freakuence.nl\/de\/wp-json\/wp\/v2\/product_brand?post=310511"},{"taxonomy":"product_cat","embeddable":true,"href":"https:\/\/dev.freakuence.nl\/de\/wp-json\/wp\/v2\/product_cat?post=310511"},{"taxonomy":"product_tag","embeddable":true,"href":"https:\/\/dev.freakuence.nl\/de\/wp-json\/wp\/v2\/product_tag?post=310511"}],"curies":[{"name":"wp","href":"https:\/\/api.w.org\/{rel}","templated":true}]}}