{"id":311155,"date":"2025-08-08T11:19:18","date_gmt":"2025-08-08T09:19:18","guid":{"rendered":"https:\/\/dev.freakuence.nl\/product\/lindemann-musikbuch-20dsd\/"},"modified":"2026-04-11T04:23:17","modified_gmt":"2026-04-11T02:23:17","slug":"lindemann-musikbuch-20dsd","status":"publish","type":"product","link":"https:\/\/dev.freakuence.nl\/de\/produkt\/lindemann-musikbuch-20dsd\/","title":{"rendered":"Lindemann Musikbuch 20DSD"},"content":{"rendered":"<div class=\"product-specifications-list\">\n<div class=\"specification-item row-even\"><span class=\"spec-content\"><strong>Beschreibung Freakuence!<\/strong><\/span><\/div>\n<div class=\"specification-item row-odd\"><span class=\"spec-content\"><\/p>\n<p>Lindemann kommt hier mit einiger Regelm\u00e4\u00dfigkeit vorbei. Die Linie mit den kleinen Schr\u00e4nken macht einige stutzig, aber gro\u00dfe &#8218;leere&#8216; Schr\u00e4nke sind normalerweise in Ordnung. Es ist eine Designentscheidung. Der Klang von Lindemann ist frisch, mit einer perfekt ausgewogenen Wiedergabe \u00fcber den gesamten Frequenzbereich, einer breiten Palette von Texturen und Nuancen.    Und wir sind dabei gewiss nicht unsubtil.  <\/p>\n<p><\/span><\/div>\n<div class=\"specification-item row-even\"><span class=\"spec-content\"><strong>Details<\/strong><\/span><\/div>\n<div class=\"specification-item row-odd\"><span class=\"spec-content\">Ladenpreis: 4280.00<\/span><\/div>\n<div class=\"specification-item row-even\"><span class=\"spec-content\"><strong>Allgemeine Beschreibung<\/strong><\/span><\/div>\n<div class=\"specification-item row-odd\"><span class=\"spec-content\"><\/p>\n<p>Das Lindemann Musicbook 20DSD ist ein vielseitiger Netzwerkplayer und Vorverst\u00e4rker, der digitale und analoge Quellen kombiniert.  <\/p>\n<p><\/p>\n<p>Mit einer intuitiven App f\u00fcr iOS und Android k\u00f6nnen Sie Ihre Musiksammlung und Streaming-Dienste ganz einfach steuern.  <\/p>\n<p><\/p>\n<p>Das Musicbook 20DSD wurde mit viel Liebe zum Detail entworfen und ist sehr benutzerfreundlich, was es zu einer wertvollen Erg\u00e4nzung f\u00fcr jeden Musikliebhaber macht.  <\/p>\n<p><\/span><\/div>\n<div class=\"specification-item row-even\"><span class=\"spec-content\"><strong>Hintergrundinformationen<\/strong><\/span><\/div>\n<div class=\"specification-item row-odd\"><span class=\"spec-content\"><\/p>\n<p>Das Lindemann Musicbook 20DSD wurde nach der Philosophie des minimalistischen Designs und der maximalen Klangqualit\u00e4t entwickelt. Das deutsche Designteam setzt auf kurze Signalwege und hochwertige Komponenten. Das Geh\u00e4use besteht aus massivem Aluminium f\u00fcr optimale Abschirmung und K\u00fchlung. Im Inneren verwendet Lindemann unter anderem einen High-End-DSD-Wandler und sorgf\u00e4ltig ausgew\u00e4hlte Komponenten aus Europa und Japan, die auf High-Res-Audio ausgerichtet sind.   <\/p>\n<p><\/span><\/div>\n<div class=\"specification-item row-even\"><span class=\"spec-content\"><strong>Geschichte der Marke<\/strong><\/span><\/div>\n<div class=\"specification-item row-odd\"><span class=\"spec-content\"><\/p>\n<p>Lindemann wurde in den 1990er Jahren gegr\u00fcndet und stellte 1993 den AMP1 vor, einen Verst\u00e4rker mit ultraschneller Stromgegenkopplung. Im Jahr 1999 brachte das Unternehmen den CD1 auf den Markt, einen der ersten CD-Player mit Re-Sampling. Im Jahr 2001 brachte Lindemann den D680 auf den Markt, den ersten deutschen SACD-Player. Im Jahr 2013 f\u00fchrte das Unternehmen die Musicbook-Serie ein, deren Schwerpunkt auf vernetztem Audio liegt. Im Jahr 2018 feierte Lindemann sein 25-j\u00e4hriges Bestehen und brachte mehrere neue Produkte auf den Markt. Im Jahr 2020 wurde die zweite Generation der Limetree-Serie eingef\u00fchrt.     <\/p>\n<p><\/span><\/div>\n<\/div>\n","protected":false},"excerpt":{"rendered":"<p>Beschreibung Freakuence! Lindemann kommt hier mit einiger Regelm\u00e4\u00dfigkeit vorbei. Die Linie mit den kleinen Schr\u00e4nken macht einige stutzig, aber gro\u00dfe &#8218;leere&#8216; Schr\u00e4nke sind normalerweise in Ordnung. Es ist eine Designentscheidung. Der Klang von Lindemann ist frisch, mit einer perfekt ausgewogenen Wiedergabe \u00fcber den gesamten Frequenzbereich, einer breiten Palette von Texturen und Nuancen. Und wir sind [&hellip;]<\/p>\n","protected":false},"featured_media":311156,"template":"","meta":{"_acf_changed":false,"inline_featured_image":false},"product_brand":[],"product_cat":[562],"product_tag":[555],"class_list":{"0":"post-311155","1":"product","2":"type-product","3":"status-publish","4":"has-post-thumbnail","6":"product_cat-audio","7":"product_tag-benutzt","8":"pa_kleur-silber","10":"first","11":"instock","12":"purchasable","13":"product-type-simple"},"acf":[],"yoast_head":"<!-- This site is optimized with the Yoast SEO plugin v25.9 - https:\/\/yoast.com\/wordpress\/plugins\/seo\/ -->\n<title>Lindemann Musikbuch 20DSD | Freakuence!<\/title>\n<meta name=\"robots\" content=\"noindex, follow, max-snippet:-1, max-image-preview:large, max-video-preview:-1\" \/>\n<meta property=\"og:locale\" content=\"de_DE\" \/>\n<meta property=\"og:type\" content=\"article\" \/>\n<meta property=\"og:title\" content=\"Lindemann Musikbuch 20DSD | Freakuence!\" \/>\n<meta property=\"og:description\" content=\"Beschreibung Freakuence! Lindemann kommt hier mit einiger Regelm\u00e4\u00dfigkeit vorbei. Die Linie mit den kleinen Schr\u00e4nken macht einige stutzig, aber gro\u00dfe &#8218;leere&#8216; Schr\u00e4nke sind normalerweise in Ordnung. Es ist eine Designentscheidung. Der Klang von Lindemann ist frisch, mit einer perfekt ausgewogenen Wiedergabe \u00fcber den gesamten Frequenzbereich, einer breiten Palette von Texturen und Nuancen. Und wir sind [&hellip;]\" \/>\n<meta property=\"og:url\" content=\"https:\/\/dev.freakuence.nl\/de\/produkt\/lindemann-musikbuch-20dsd\/\" \/>\n<meta property=\"og:site_name\" content=\"Freakuence!\" \/>\n<meta property=\"article:modified_time\" content=\"2026-04-11T02:23:17+00:00\" \/>\n<meta property=\"og:image\" content=\"https:\/\/dev.freakuence.nl\/wp-content\/uploads\/2025\/09\/1754644698-IMG1624-scaled.jpg\" \/>\n\t<meta property=\"og:image:width\" content=\"1800\" \/>\n\t<meta property=\"og:image:height\" content=\"1200\" \/>\n\t<meta property=\"og:image:type\" content=\"image\/jpeg\" \/>\n<meta name=\"twitter:card\" content=\"summary_large_image\" \/>\n<script type=\"application\/ld+json\" class=\"yoast-schema-graph\">{\"@context\":\"https:\/\/schema.org\",\"@graph\":[{\"@type\":\"WebPage\",\"@id\":\"https:\/\/dev.freakuence.nl\/de\/produkt\/lindemann-musikbuch-20dsd\/\",\"url\":\"https:\/\/dev.freakuence.nl\/de\/produkt\/lindemann-musikbuch-20dsd\/\",\"name\":\"Lindemann Musikbuch 20DSD | Freakuence!\",\"isPartOf\":{\"@id\":\"https:\/\/dev.freakuence.nl\/de\/#website\"},\"primaryImageOfPage\":{\"@id\":\"https:\/\/dev.freakuence.nl\/de\/produkt\/lindemann-musikbuch-20dsd\/#primaryimage\"},\"image\":{\"@id\":\"https:\/\/dev.freakuence.nl\/de\/produkt\/lindemann-musikbuch-20dsd\/#primaryimage\"},\"thumbnailUrl\":\"https:\/\/dev.freakuence.nl\/wp-content\/uploads\/2025\/09\/1754644698-IMG1624-scaled.jpg\",\"datePublished\":\"2025-08-08T09:19:18+00:00\",\"dateModified\":\"2026-04-11T02:23:17+00:00\",\"breadcrumb\":{\"@id\":\"https:\/\/dev.freakuence.nl\/de\/produkt\/lindemann-musikbuch-20dsd\/#breadcrumb\"},\"inLanguage\":\"de\",\"potentialAction\":[{\"@type\":\"ReadAction\",\"target\":[\"https:\/\/dev.freakuence.nl\/de\/produkt\/lindemann-musikbuch-20dsd\/\"]}]},{\"@type\":\"ImageObject\",\"inLanguage\":\"de\",\"@id\":\"https:\/\/dev.freakuence.nl\/de\/produkt\/lindemann-musikbuch-20dsd\/#primaryimage\",\"url\":\"https:\/\/dev.freakuence.nl\/wp-content\/uploads\/2025\/09\/1754644698-IMG1624-scaled.jpg\",\"contentUrl\":\"https:\/\/dev.freakuence.nl\/wp-content\/uploads\/2025\/09\/1754644698-IMG1624-scaled.jpg\",\"width\":1800,\"height\":1200},{\"@type\":\"BreadcrumbList\",\"@id\":\"https:\/\/dev.freakuence.nl\/de\/produkt\/lindemann-musikbuch-20dsd\/#breadcrumb\",\"itemListElement\":[{\"@type\":\"ListItem\",\"position\":1,\"name\":\"Startseite\",\"item\":\"https:\/\/dev.freakuence.nl\/de\/\"},{\"@type\":\"ListItem\",\"position\":2,\"name\":\"Products\",\"item\":\"https:\/\/dev.freakuence.nl\/en\/products\/\"},{\"@type\":\"ListItem\",\"position\":3,\"name\":\"Lindemann Musikbuch 20DSD\"}]},{\"@type\":\"WebSite\",\"@id\":\"https:\/\/dev.freakuence.nl\/de\/#website\",\"url\":\"https:\/\/dev.freakuence.nl\/de\/\",\"name\":\"Freakuence!\",\"description\":\"Freakuence!\",\"alternateName\":\"Freakuence\",\"potentialAction\":[{\"@type\":\"SearchAction\",\"target\":{\"@type\":\"EntryPoint\",\"urlTemplate\":\"https:\/\/dev.freakuence.nl\/de\/?s={search_term_string}\"},\"query-input\":{\"@type\":\"PropertyValueSpecification\",\"valueRequired\":true,\"valueName\":\"search_term_string\"}}],\"inLanguage\":\"de\"}]}<\/script>\n<!-- \/ Yoast SEO plugin. -->","yoast_head_json":{"title":"Lindemann Musikbuch 20DSD | Freakuence!","robots":{"index":"noindex","follow":"follow","max-snippet":"max-snippet:-1","max-image-preview":"max-image-preview:large","max-video-preview":"max-video-preview:-1"},"og_locale":"de_DE","og_type":"article","og_title":"Lindemann Musikbuch 20DSD | Freakuence!","og_description":"Beschreibung Freakuence! Lindemann kommt hier mit einiger Regelm\u00e4\u00dfigkeit vorbei. Die Linie mit den kleinen Schr\u00e4nken macht einige stutzig, aber gro\u00dfe &#8218;leere&#8216; Schr\u00e4nke sind normalerweise in Ordnung. Es ist eine Designentscheidung. Der Klang von Lindemann ist frisch, mit einer perfekt ausgewogenen Wiedergabe \u00fcber den gesamten Frequenzbereich, einer breiten Palette von Texturen und Nuancen. Und wir sind [&hellip;]","og_url":"https:\/\/dev.freakuence.nl\/de\/produkt\/lindemann-musikbuch-20dsd\/","og_site_name":"Freakuence!","article_modified_time":"2026-04-11T02:23:17+00:00","og_image":[{"width":1800,"height":1200,"url":"https:\/\/dev.freakuence.nl\/wp-content\/uploads\/2025\/09\/1754644698-IMG1624-scaled.jpg","type":"image\/jpeg"}],"twitter_card":"summary_large_image","schema":{"@context":"https:\/\/schema.org","@graph":[{"@type":"WebPage","@id":"https:\/\/dev.freakuence.nl\/de\/produkt\/lindemann-musikbuch-20dsd\/","url":"https:\/\/dev.freakuence.nl\/de\/produkt\/lindemann-musikbuch-20dsd\/","name":"Lindemann Musikbuch 20DSD | Freakuence!","isPartOf":{"@id":"https:\/\/dev.freakuence.nl\/de\/#website"},"primaryImageOfPage":{"@id":"https:\/\/dev.freakuence.nl\/de\/produkt\/lindemann-musikbuch-20dsd\/#primaryimage"},"image":{"@id":"https:\/\/dev.freakuence.nl\/de\/produkt\/lindemann-musikbuch-20dsd\/#primaryimage"},"thumbnailUrl":"https:\/\/dev.freakuence.nl\/wp-content\/uploads\/2025\/09\/1754644698-IMG1624-scaled.jpg","datePublished":"2025-08-08T09:19:18+00:00","dateModified":"2026-04-11T02:23:17+00:00","breadcrumb":{"@id":"https:\/\/dev.freakuence.nl\/de\/produkt\/lindemann-musikbuch-20dsd\/#breadcrumb"},"inLanguage":"de","potentialAction":[{"@type":"ReadAction","target":["https:\/\/dev.freakuence.nl\/de\/produkt\/lindemann-musikbuch-20dsd\/"]}]},{"@type":"ImageObject","inLanguage":"de","@id":"https:\/\/dev.freakuence.nl\/de\/produkt\/lindemann-musikbuch-20dsd\/#primaryimage","url":"https:\/\/dev.freakuence.nl\/wp-content\/uploads\/2025\/09\/1754644698-IMG1624-scaled.jpg","contentUrl":"https:\/\/dev.freakuence.nl\/wp-content\/uploads\/2025\/09\/1754644698-IMG1624-scaled.jpg","width":1800,"height":1200},{"@type":"BreadcrumbList","@id":"https:\/\/dev.freakuence.nl\/de\/produkt\/lindemann-musikbuch-20dsd\/#breadcrumb","itemListElement":[{"@type":"ListItem","position":1,"name":"Startseite","item":"https:\/\/dev.freakuence.nl\/de\/"},{"@type":"ListItem","position":2,"name":"Products","item":"https:\/\/dev.freakuence.nl\/en\/products\/"},{"@type":"ListItem","position":3,"name":"Lindemann Musikbuch 20DSD"}]},{"@type":"WebSite","@id":"https:\/\/dev.freakuence.nl\/de\/#website","url":"https:\/\/dev.freakuence.nl\/de\/","name":"Freakuence!","description":"Freakuence!","alternateName":"Freakuence","potentialAction":[{"@type":"SearchAction","target":{"@type":"EntryPoint","urlTemplate":"https:\/\/dev.freakuence.nl\/de\/?s={search_term_string}"},"query-input":{"@type":"PropertyValueSpecification","valueRequired":true,"valueName":"search_term_string"}}],"inLanguage":"de"}]}},"_links":{"self":[{"href":"https:\/\/dev.freakuence.nl\/de\/wp-json\/wp\/v2\/product\/311155","targetHints":{"allow":["GET"]}}],"collection":[{"href":"https:\/\/dev.freakuence.nl\/de\/wp-json\/wp\/v2\/product"}],"about":[{"href":"https:\/\/dev.freakuence.nl\/de\/wp-json\/wp\/v2\/types\/product"}],"version-history":[{"count":1,"href":"https:\/\/dev.freakuence.nl\/de\/wp-json\/wp\/v2\/product\/311155\/revisions"}],"predecessor-version":[{"id":318208,"href":"https:\/\/dev.freakuence.nl\/de\/wp-json\/wp\/v2\/product\/311155\/revisions\/318208"}],"wp:featuredmedia":[{"embeddable":true,"href":"https:\/\/dev.freakuence.nl\/de\/wp-json\/wp\/v2\/media\/311156"}],"wp:attachment":[{"href":"https:\/\/dev.freakuence.nl\/de\/wp-json\/wp\/v2\/media?parent=311155"}],"wp:term":[{"taxonomy":"product_brand","embeddable":true,"href":"https:\/\/dev.freakuence.nl\/de\/wp-json\/wp\/v2\/product_brand?post=311155"},{"taxonomy":"product_cat","embeddable":true,"href":"https:\/\/dev.freakuence.nl\/de\/wp-json\/wp\/v2\/product_cat?post=311155"},{"taxonomy":"product_tag","embeddable":true,"href":"https:\/\/dev.freakuence.nl\/de\/wp-json\/wp\/v2\/product_tag?post=311155"}],"curies":[{"name":"wp","href":"https:\/\/api.w.org\/{rel}","templated":true}]}}