{"id":312360,"date":"2025-09-05T14:22:51","date_gmt":"2025-09-05T12:22:51","guid":{"rendered":"https:\/\/dev.freakuence.nl\/product\/auralic-vega-g1\/"},"modified":"2026-04-11T04:22:01","modified_gmt":"2026-04-11T02:22:01","slug":"auralic-vega-g1","status":"publish","type":"product","link":"https:\/\/dev.freakuence.nl\/de\/produkt\/auralic-vega-g1\/","title":{"rendered":"AURALiC Vega G1"},"content":{"rendered":"<div class=\"product-specifications-list\">\n<div class=\"specification-item row-even\"><span class=\"spec-content\"><strong>Beschreibung Freakuence!<\/strong><\/span><\/div>\n<div class=\"specification-item row-odd\"><span class=\"spec-content\"><\/p>\n<p>Wie sch\u00f6n sich diese Dinger anf\u00fchlen. Sch\u00f6nes Geh\u00e4use, innen dicht. Ein super Dac\/Streamer. Mit einem enormen Layer-Fundament. Spielt alles bis zu 32bit\/384kHz PCM und DSD512.    <\/p>\n<p><\/span><\/div>\n<div class=\"specification-item row-even\"><span class=\"spec-content\"><strong>Details<\/strong><\/span><\/div>\n<div class=\"specification-item row-odd\"><span class=\"spec-content\"><\/p>\n<p>Sie suchen ein anderes Modell aus der aktuellen Serie der Marke? Schicken Sie uns eine Nachricht!  Wir m\u00f6chten, dass es Spa\u00df macht.<\/p>\n<p><\/span><\/div>\n<div class=\"specification-item row-even\"><span class=\"spec-content\">Ladenpreis: 3799.00<\/span><\/div>\n<div class=\"specification-item row-odd\"><span class=\"spec-content\"><strong>Allgemeine Beschreibung<\/strong><\/span><\/div>\n<div class=\"specification-item row-even\"><span class=\"spec-content\"><\/p>\n<p>Der AURALiC Vega G1 ist ein vielseitiger Streaming-DAC, der m\u00fchelos digitale Musik in ein reichhaltiges analoges Signal umwandelt. Dank der Tesla G1-Hardwareplattform bietet das Ger\u00e4t eine leistungsstarke und flexible Verarbeitung, so dass Sie sowohl lokale als auch Online-Quellen mit hochaufl\u00f6sender Musik problemlos anschlie\u00dfen k\u00f6nnen.<\/span><\/div>\n<div class=\"specification-item row-odd\"><span class=\"spec-content\">Das Design des Vega G1 ist schlank und funktional, mit einem schwarz eloxierten Aluminiumgeh\u00e4use und einem 4-Zoll-Retina-Display f\u00fcr eine klare Anzeige von Informationen. Die Bedienung ist intuitiv, auch dank der Lightning DS App f\u00fcr iOS, die Zugang zu verschiedenen Streaming-Diensten und lokalen Musiksammlungen bietet.<\/span><\/div>\n<div class=\"specification-item row-even\"><span class=\"spec-content\">Was die Klangqualit\u00e4t betrifft, so liefert der Vega G1 eine neutrale und ausgewogene Wiedergabe mit ausgezeichneter Detailtreue und einem weitr\u00e4umigen Klangbild. Er ist mit verschiedenen digitalen Formaten kompatibel und bietet flexible Anschlussm\u00f6glichkeiten, darunter AES\/EBU, Koaxial, TOSLINK und USB.  <\/p>\n<p><\/span><\/div>\n<div class=\"specification-item row-odd\"><span class=\"spec-content\"><strong>Hintergrundinformationen<\/strong><\/span><\/div>\n<div class=\"specification-item row-even\"><span class=\"spec-content\"><\/p>\n<p>Der AURALiC VEGA G1 wurde mit der gleichen Philosophie entwickelt wie die High-End-Modelle von AURALiC: kompromisslose digitale Wiedergabe. Das Designteam st\u00fctzt sich auf seinen Hintergrund in Physik und Ingenieurwesen und geht von der \u00dcberzeugung aus, dass digitale Musik reich und nat\u00fcrlich klingen sollte. Das Geh\u00e4use besteht aus schwarzem, eloxiertem Aluminium und verwendet im Inneren die Tesla-Hardwareplattform von AURALiC. Diese bietet Rechenleistung f\u00fcr fortschrittliches DSP, Upsampling und Jitter-Reduktion. Der DAC arbeitet mit einem Femto-Takt und unterst\u00fctzt Aufl\u00f6sungen bis zu 32bit\/384kHz und DSD512.    <\/p>\n<p><\/span><\/div>\n<div class=\"specification-item row-odd\"><span class=\"spec-content\"><strong>Geschichte der Marke<\/strong><\/span><\/div>\n<div class=\"specification-item row-even\"><span class=\"spec-content\"><\/p>\n<p>AURALiC wurde 2009 von Wang Xuanqian und Yuan Wang gegr\u00fcndet, die sich bei einem Konzert in Berlin kennenlernten. Ihre gemeinsame Leidenschaft f\u00fcr Musik und hochwertige Klangwiedergabe f\u00fchrte zur Gr\u00fcndung des Unternehmens. AURALiC konzentriert sich auf das Design und die Entwicklung von Audioger\u00e4ten, die sich nahtlos in moderne Innenr\u00e4ume einf\u00fcgen und einfach zu bedienen sind. Das Ziel des Unternehmens ist es, dass die Benutzer die Vorteile digitaler Musikformate genie\u00dfen k\u00f6nnen, ohne die Komplexit\u00e4t herk\u00f6mmlicher Audioger\u00e4te in Kauf nehmen zu m\u00fcssen.   <\/p>\n<p><\/span><\/div>\n<\/div>\n","protected":false},"excerpt":{"rendered":"<p>Beschreibung Freakuence! Wie sch\u00f6n sich diese Dinger anf\u00fchlen. Sch\u00f6nes Geh\u00e4use, innen dicht. Ein super Dac\/Streamer. Mit einem enormen Layer-Fundament. Spielt alles bis zu 32bit\/384kHz PCM und DSD512. Details Sie suchen ein anderes Modell aus der aktuellen Serie der Marke? Schicken Sie uns eine Nachricht! Wir m\u00f6chten, dass es Spa\u00df macht. Ladenpreis: 3799.00 Allgemeine Beschreibung Der [&hellip;]<\/p>\n","protected":false},"featured_media":312361,"template":"","meta":{"_acf_changed":false,"inline_featured_image":false},"product_brand":[],"product_cat":[562],"product_tag":[555],"class_list":{"0":"post-312360","1":"product","2":"type-product","3":"status-publish","4":"has-post-thumbnail","6":"product_cat-audio","7":"product_tag-benutzt","8":"pa_kleur-schwarz","10":"first","11":"instock","12":"purchasable","13":"product-type-simple"},"acf":[],"yoast_head":"<!-- This site is optimized with the Yoast SEO plugin v25.9 - https:\/\/yoast.com\/wordpress\/plugins\/seo\/ -->\n<title>AURALiC Vega G1 | Freakuence!<\/title>\n<meta name=\"robots\" content=\"noindex, follow, max-snippet:-1, max-image-preview:large, max-video-preview:-1\" \/>\n<meta property=\"og:locale\" content=\"de_DE\" \/>\n<meta property=\"og:type\" content=\"article\" \/>\n<meta property=\"og:title\" content=\"AURALiC Vega G1 | Freakuence!\" \/>\n<meta property=\"og:description\" content=\"Beschreibung Freakuence! Wie sch\u00f6n sich diese Dinger anf\u00fchlen. Sch\u00f6nes Geh\u00e4use, innen dicht. Ein super Dac\/Streamer. Mit einem enormen Layer-Fundament. Spielt alles bis zu 32bit\/384kHz PCM und DSD512. Details Sie suchen ein anderes Modell aus der aktuellen Serie der Marke? Schicken Sie uns eine Nachricht! Wir m\u00f6chten, dass es Spa\u00df macht. Ladenpreis: 3799.00 Allgemeine Beschreibung Der [&hellip;]\" \/>\n<meta property=\"og:url\" content=\"https:\/\/dev.freakuence.nl\/de\/produkt\/auralic-vega-g1\/\" \/>\n<meta property=\"og:site_name\" content=\"Freakuence!\" \/>\n<meta property=\"article:modified_time\" content=\"2026-04-11T02:22:01+00:00\" \/>\n<meta property=\"og:image\" content=\"https:\/\/dev.freakuence.nl\/wp-content\/uploads\/2025\/09\/1757074921-IMG2337-scaled.jpg\" \/>\n\t<meta property=\"og:image:width\" content=\"1800\" \/>\n\t<meta property=\"og:image:height\" content=\"1200\" \/>\n\t<meta property=\"og:image:type\" content=\"image\/jpeg\" \/>\n<meta name=\"twitter:card\" content=\"summary_large_image\" \/>\n<script type=\"application\/ld+json\" class=\"yoast-schema-graph\">{\"@context\":\"https:\/\/schema.org\",\"@graph\":[{\"@type\":\"WebPage\",\"@id\":\"https:\/\/dev.freakuence.nl\/de\/produkt\/auralic-vega-g1\/\",\"url\":\"https:\/\/dev.freakuence.nl\/de\/produkt\/auralic-vega-g1\/\",\"name\":\"AURALiC Vega G1 | Freakuence!\",\"isPartOf\":{\"@id\":\"https:\/\/dev.freakuence.nl\/de\/#website\"},\"primaryImageOfPage\":{\"@id\":\"https:\/\/dev.freakuence.nl\/de\/produkt\/auralic-vega-g1\/#primaryimage\"},\"image\":{\"@id\":\"https:\/\/dev.freakuence.nl\/de\/produkt\/auralic-vega-g1\/#primaryimage\"},\"thumbnailUrl\":\"https:\/\/dev.freakuence.nl\/wp-content\/uploads\/2025\/09\/1757074921-IMG2337-scaled.jpg\",\"datePublished\":\"2025-09-05T12:22:51+00:00\",\"dateModified\":\"2026-04-11T02:22:01+00:00\",\"breadcrumb\":{\"@id\":\"https:\/\/dev.freakuence.nl\/de\/produkt\/auralic-vega-g1\/#breadcrumb\"},\"inLanguage\":\"de\",\"potentialAction\":[{\"@type\":\"ReadAction\",\"target\":[\"https:\/\/dev.freakuence.nl\/de\/produkt\/auralic-vega-g1\/\"]}]},{\"@type\":\"ImageObject\",\"inLanguage\":\"de\",\"@id\":\"https:\/\/dev.freakuence.nl\/de\/produkt\/auralic-vega-g1\/#primaryimage\",\"url\":\"https:\/\/dev.freakuence.nl\/wp-content\/uploads\/2025\/09\/1757074921-IMG2337-scaled.jpg\",\"contentUrl\":\"https:\/\/dev.freakuence.nl\/wp-content\/uploads\/2025\/09\/1757074921-IMG2337-scaled.jpg\",\"width\":1800,\"height\":1200},{\"@type\":\"BreadcrumbList\",\"@id\":\"https:\/\/dev.freakuence.nl\/de\/produkt\/auralic-vega-g1\/#breadcrumb\",\"itemListElement\":[{\"@type\":\"ListItem\",\"position\":1,\"name\":\"Startseite\",\"item\":\"https:\/\/dev.freakuence.nl\/de\/\"},{\"@type\":\"ListItem\",\"position\":2,\"name\":\"Products\",\"item\":\"https:\/\/dev.freakuence.nl\/en\/products\/\"},{\"@type\":\"ListItem\",\"position\":3,\"name\":\"AURALiC Vega G1\"}]},{\"@type\":\"WebSite\",\"@id\":\"https:\/\/dev.freakuence.nl\/de\/#website\",\"url\":\"https:\/\/dev.freakuence.nl\/de\/\",\"name\":\"Freakuence!\",\"description\":\"Freakuence!\",\"alternateName\":\"Freakuence\",\"potentialAction\":[{\"@type\":\"SearchAction\",\"target\":{\"@type\":\"EntryPoint\",\"urlTemplate\":\"https:\/\/dev.freakuence.nl\/de\/?s={search_term_string}\"},\"query-input\":{\"@type\":\"PropertyValueSpecification\",\"valueRequired\":true,\"valueName\":\"search_term_string\"}}],\"inLanguage\":\"de\"}]}<\/script>\n<!-- \/ Yoast SEO plugin. -->","yoast_head_json":{"title":"AURALiC Vega G1 | Freakuence!","robots":{"index":"noindex","follow":"follow","max-snippet":"max-snippet:-1","max-image-preview":"max-image-preview:large","max-video-preview":"max-video-preview:-1"},"og_locale":"de_DE","og_type":"article","og_title":"AURALiC Vega G1 | Freakuence!","og_description":"Beschreibung Freakuence! Wie sch\u00f6n sich diese Dinger anf\u00fchlen. Sch\u00f6nes Geh\u00e4use, innen dicht. Ein super Dac\/Streamer. Mit einem enormen Layer-Fundament. Spielt alles bis zu 32bit\/384kHz PCM und DSD512. Details Sie suchen ein anderes Modell aus der aktuellen Serie der Marke? Schicken Sie uns eine Nachricht! Wir m\u00f6chten, dass es Spa\u00df macht. Ladenpreis: 3799.00 Allgemeine Beschreibung Der [&hellip;]","og_url":"https:\/\/dev.freakuence.nl\/de\/produkt\/auralic-vega-g1\/","og_site_name":"Freakuence!","article_modified_time":"2026-04-11T02:22:01+00:00","og_image":[{"width":1800,"height":1200,"url":"https:\/\/dev.freakuence.nl\/wp-content\/uploads\/2025\/09\/1757074921-IMG2337-scaled.jpg","type":"image\/jpeg"}],"twitter_card":"summary_large_image","schema":{"@context":"https:\/\/schema.org","@graph":[{"@type":"WebPage","@id":"https:\/\/dev.freakuence.nl\/de\/produkt\/auralic-vega-g1\/","url":"https:\/\/dev.freakuence.nl\/de\/produkt\/auralic-vega-g1\/","name":"AURALiC Vega G1 | Freakuence!","isPartOf":{"@id":"https:\/\/dev.freakuence.nl\/de\/#website"},"primaryImageOfPage":{"@id":"https:\/\/dev.freakuence.nl\/de\/produkt\/auralic-vega-g1\/#primaryimage"},"image":{"@id":"https:\/\/dev.freakuence.nl\/de\/produkt\/auralic-vega-g1\/#primaryimage"},"thumbnailUrl":"https:\/\/dev.freakuence.nl\/wp-content\/uploads\/2025\/09\/1757074921-IMG2337-scaled.jpg","datePublished":"2025-09-05T12:22:51+00:00","dateModified":"2026-04-11T02:22:01+00:00","breadcrumb":{"@id":"https:\/\/dev.freakuence.nl\/de\/produkt\/auralic-vega-g1\/#breadcrumb"},"inLanguage":"de","potentialAction":[{"@type":"ReadAction","target":["https:\/\/dev.freakuence.nl\/de\/produkt\/auralic-vega-g1\/"]}]},{"@type":"ImageObject","inLanguage":"de","@id":"https:\/\/dev.freakuence.nl\/de\/produkt\/auralic-vega-g1\/#primaryimage","url":"https:\/\/dev.freakuence.nl\/wp-content\/uploads\/2025\/09\/1757074921-IMG2337-scaled.jpg","contentUrl":"https:\/\/dev.freakuence.nl\/wp-content\/uploads\/2025\/09\/1757074921-IMG2337-scaled.jpg","width":1800,"height":1200},{"@type":"BreadcrumbList","@id":"https:\/\/dev.freakuence.nl\/de\/produkt\/auralic-vega-g1\/#breadcrumb","itemListElement":[{"@type":"ListItem","position":1,"name":"Startseite","item":"https:\/\/dev.freakuence.nl\/de\/"},{"@type":"ListItem","position":2,"name":"Products","item":"https:\/\/dev.freakuence.nl\/en\/products\/"},{"@type":"ListItem","position":3,"name":"AURALiC Vega G1"}]},{"@type":"WebSite","@id":"https:\/\/dev.freakuence.nl\/de\/#website","url":"https:\/\/dev.freakuence.nl\/de\/","name":"Freakuence!","description":"Freakuence!","alternateName":"Freakuence","potentialAction":[{"@type":"SearchAction","target":{"@type":"EntryPoint","urlTemplate":"https:\/\/dev.freakuence.nl\/de\/?s={search_term_string}"},"query-input":{"@type":"PropertyValueSpecification","valueRequired":true,"valueName":"search_term_string"}}],"inLanguage":"de"}]}},"_links":{"self":[{"href":"https:\/\/dev.freakuence.nl\/de\/wp-json\/wp\/v2\/product\/312360","targetHints":{"allow":["GET"]}}],"collection":[{"href":"https:\/\/dev.freakuence.nl\/de\/wp-json\/wp\/v2\/product"}],"about":[{"href":"https:\/\/dev.freakuence.nl\/de\/wp-json\/wp\/v2\/types\/product"}],"version-history":[{"count":1,"href":"https:\/\/dev.freakuence.nl\/de\/wp-json\/wp\/v2\/product\/312360\/revisions"}],"predecessor-version":[{"id":318194,"href":"https:\/\/dev.freakuence.nl\/de\/wp-json\/wp\/v2\/product\/312360\/revisions\/318194"}],"wp:featuredmedia":[{"embeddable":true,"href":"https:\/\/dev.freakuence.nl\/de\/wp-json\/wp\/v2\/media\/312361"}],"wp:attachment":[{"href":"https:\/\/dev.freakuence.nl\/de\/wp-json\/wp\/v2\/media?parent=312360"}],"wp:term":[{"taxonomy":"product_brand","embeddable":true,"href":"https:\/\/dev.freakuence.nl\/de\/wp-json\/wp\/v2\/product_brand?post=312360"},{"taxonomy":"product_cat","embeddable":true,"href":"https:\/\/dev.freakuence.nl\/de\/wp-json\/wp\/v2\/product_cat?post=312360"},{"taxonomy":"product_tag","embeddable":true,"href":"https:\/\/dev.freakuence.nl\/de\/wp-json\/wp\/v2\/product_tag?post=312360"}],"curies":[{"name":"wp","href":"https:\/\/api.w.org\/{rel}","templated":true}]}}