{"id":313368,"date":"2025-09-17T16:30:24","date_gmt":"2025-09-17T14:30:24","guid":{"rendered":"https:\/\/dev.freakuence.nl\/product\/linie-magnetisch-lm211ia\/"},"modified":"2026-04-17T04:01:49","modified_gmt":"2026-04-17T02:01:49","slug":"linie-magnetisch-lm211ia","status":"publish","type":"product","link":"https:\/\/dev.freakuence.nl\/de\/produkt\/linie-magnetisch-lm211ia\/","title":{"rendered":"Linie Magnetisch LM211IA"},"content":{"rendered":"<div class=\"product-specifications-list\">\n<div class=\"specification-item row-even\"><span class=\"spec-content\"><strong>Beschreibung Freakuence!<\/strong><\/span><\/div>\n<div class=\"specification-item row-odd\"><span class=\"spec-content\"><\/p>\n<p>Kraftvoll, geschmeidig, musikalisch. Ein lockerer und offener Mitteltonbereich mit angenehmer Detaillierung in den H\u00f6hen, das hei\u00dft, ohne Sch\u00e4rfe. <\/p>\n<p><\/span><\/div>\n<div class=\"specification-item row-even\"><span class=\"spec-content\"><strong>Details<\/strong><\/span><\/div>\n<div class=\"specification-item row-odd\"><span class=\"spec-content\"><\/p>\n<p>4 Wochen alt!<\/p>\n<p><\/span><\/div>\n<div class=\"specification-item row-even\"><span class=\"spec-content\">Ladenpreis: 1999.00<\/span><\/div>\n<div class=\"specification-item row-odd\"><span class=\"spec-content\"><strong>Allgemeine Beschreibung<\/strong><\/span><\/div>\n<div class=\"specification-item row-even\"><span class=\"spec-content\"><\/p>\n<p>Der Line Magnetic LM-211IA ist ein integrierter R\u00f6hrenverst\u00e4rker, der f\u00fcr seine warme und nat\u00fcrliche Klangwiedergabe bekannt ist. Mit einem Push-Pull-Design und hochwertigen Komponenten liefert dieser Verst\u00e4rker einen dynamischen und satten Klang. Der LM-211IA verf\u00fcgt \u00fcber ein beleuchtetes VU-Meter auf der Vorderseite, mit dem Sie die Vorspannung der R\u00f6hren leicht einstellen k\u00f6nnen. Dank sorgf\u00e4ltig konstruierter EI-Transformatoren und der Verwendung von Realcap-Kondensatoren und einem ALPS-Lautst\u00e4rkeregler bietet dieser Verst\u00e4rker eine zuverl\u00e4ssige und gleichbleibende Leistung. Der LM-211IA eignet sich f\u00fcr eine Vielzahl von Lautsprechern und Musikgenres und ist damit eine vielseitige Wahl f\u00fcr Liebhaber von R\u00f6hrensound.    <\/p>\n<p><\/span><\/div>\n<div class=\"specification-item row-odd\"><span class=\"spec-content\"><strong>Geschichte der Marke<\/strong><\/span><\/div>\n<div class=\"specification-item row-even\"><span class=\"spec-content\"><\/p>\n<p>Line Magnetic wurde 2005 von Zheng Cai zusammen mit seinem Bruder Zheng Xi in Zhuhai, China, gegr\u00fcndet. Die Marke konzentriert sich ausschlie\u00dflich auf die Herstellung von Elektronik auf der Basis von Vakuumr\u00f6hren. Die Gr\u00fcnder selbst besch\u00e4ftigen sich seit langem mit dem Sammeln und Erforschen historischer elektronischer Komponenten. Das Unternehmen achtet darauf, Designs zu reproduzieren, die von West Electric-Modellen aus der ersten H\u00e4lfte des 20. Jahrhunderts inspiriert sind. Line Magnetic stellt Verst\u00e4rker, CD-Player, DACs, Lautsprecher und verwandte Komponenten her. Die verwendeten Transformatoren und Geh\u00e4use werden im Haus hergestellt. Die Produktion von Vakuumr\u00f6hren erfolgt mit Technologien und Maschinen aus der ehemaligen Sowjet\u00e4ra. Zu den verwendeten R\u00f6hrentypen geh\u00f6ren: 12AX7, 12AU7, 6SN7, EL34, 300B, 2A3, 805 und 845. Die Reparatur und \u00dcberholung \u00e4lterer Produkte ist Teil der Arbeit.        <\/p>\n<p><\/span><\/div>\n<\/div>\n","protected":false},"excerpt":{"rendered":"<p>Beschreibung Freakuence! Kraftvoll, geschmeidig, musikalisch. Ein lockerer und offener Mitteltonbereich mit angenehmer Detaillierung in den H\u00f6hen, das hei\u00dft, ohne Sch\u00e4rfe. Details 4 Wochen alt! Ladenpreis: 1999.00 Allgemeine Beschreibung Der Line Magnetic LM-211IA ist ein integrierter R\u00f6hrenverst\u00e4rker, der f\u00fcr seine warme und nat\u00fcrliche Klangwiedergabe bekannt ist. Mit einem Push-Pull-Design und hochwertigen Komponenten liefert dieser Verst\u00e4rker einen [&hellip;]<\/p>\n","protected":false},"featured_media":313369,"template":"","meta":{"_acf_changed":false,"inline_featured_image":false},"product_brand":[],"product_cat":[582],"product_tag":[555],"class_list":{"0":"post-313368","1":"product","2":"type-product","3":"status-publish","4":"has-post-thumbnail","6":"product_cat-rohrenverstarker","7":"product_tag-benutzt","8":"pa_kleur-schwarz","10":"first","11":"instock","12":"purchasable","13":"product-type-simple"},"acf":[],"yoast_head":"<!-- This site is optimized with the Yoast SEO plugin v25.9 - https:\/\/yoast.com\/wordpress\/plugins\/seo\/ -->\n<title>Linie Magnetisch LM211IA | Freakuence!<\/title>\n<meta name=\"robots\" content=\"noindex, follow, max-snippet:-1, max-image-preview:large, max-video-preview:-1\" \/>\n<meta property=\"og:locale\" content=\"de_DE\" \/>\n<meta property=\"og:type\" content=\"article\" \/>\n<meta property=\"og:title\" content=\"Linie Magnetisch LM211IA | Freakuence!\" \/>\n<meta property=\"og:description\" content=\"Beschreibung Freakuence! Kraftvoll, geschmeidig, musikalisch. Ein lockerer und offener Mitteltonbereich mit angenehmer Detaillierung in den H\u00f6hen, das hei\u00dft, ohne Sch\u00e4rfe. Details 4 Wochen alt! Ladenpreis: 1999.00 Allgemeine Beschreibung Der Line Magnetic LM-211IA ist ein integrierter R\u00f6hrenverst\u00e4rker, der f\u00fcr seine warme und nat\u00fcrliche Klangwiedergabe bekannt ist. Mit einem Push-Pull-Design und hochwertigen Komponenten liefert dieser Verst\u00e4rker einen [&hellip;]\" \/>\n<meta property=\"og:url\" content=\"https:\/\/dev.freakuence.nl\/de\/produkt\/linie-magnetisch-lm211ia\/\" \/>\n<meta property=\"og:site_name\" content=\"Freakuence!\" \/>\n<meta property=\"article:modified_time\" content=\"2026-04-17T02:01:49+00:00\" \/>\n<meta property=\"og:image\" content=\"https:\/\/dev.freakuence.nl\/wp-content\/uploads\/2025\/09\/17581193491054-18173-IMG3178-scaled.jpg\" \/>\n\t<meta property=\"og:image:width\" content=\"1800\" \/>\n\t<meta property=\"og:image:height\" content=\"1200\" \/>\n\t<meta property=\"og:image:type\" content=\"image\/jpeg\" \/>\n<meta name=\"twitter:card\" content=\"summary_large_image\" \/>\n<script type=\"application\/ld+json\" class=\"yoast-schema-graph\">{\"@context\":\"https:\/\/schema.org\",\"@graph\":[{\"@type\":\"WebPage\",\"@id\":\"https:\/\/dev.freakuence.nl\/de\/produkt\/linie-magnetisch-lm211ia\/\",\"url\":\"https:\/\/dev.freakuence.nl\/de\/produkt\/linie-magnetisch-lm211ia\/\",\"name\":\"Linie Magnetisch LM211IA | Freakuence!\",\"isPartOf\":{\"@id\":\"https:\/\/dev.freakuence.nl\/de\/#website\"},\"primaryImageOfPage\":{\"@id\":\"https:\/\/dev.freakuence.nl\/de\/produkt\/linie-magnetisch-lm211ia\/#primaryimage\"},\"image\":{\"@id\":\"https:\/\/dev.freakuence.nl\/de\/produkt\/linie-magnetisch-lm211ia\/#primaryimage\"},\"thumbnailUrl\":\"https:\/\/dev.freakuence.nl\/wp-content\/uploads\/2025\/09\/17581193491054-18173-IMG3178-scaled.jpg\",\"datePublished\":\"2025-09-17T14:30:24+00:00\",\"dateModified\":\"2026-04-17T02:01:49+00:00\",\"breadcrumb\":{\"@id\":\"https:\/\/dev.freakuence.nl\/de\/produkt\/linie-magnetisch-lm211ia\/#breadcrumb\"},\"inLanguage\":\"de\",\"potentialAction\":[{\"@type\":\"ReadAction\",\"target\":[\"https:\/\/dev.freakuence.nl\/de\/produkt\/linie-magnetisch-lm211ia\/\"]}]},{\"@type\":\"ImageObject\",\"inLanguage\":\"de\",\"@id\":\"https:\/\/dev.freakuence.nl\/de\/produkt\/linie-magnetisch-lm211ia\/#primaryimage\",\"url\":\"https:\/\/dev.freakuence.nl\/wp-content\/uploads\/2025\/09\/17581193491054-18173-IMG3178-scaled.jpg\",\"contentUrl\":\"https:\/\/dev.freakuence.nl\/wp-content\/uploads\/2025\/09\/17581193491054-18173-IMG3178-scaled.jpg\",\"width\":1800,\"height\":1200},{\"@type\":\"BreadcrumbList\",\"@id\":\"https:\/\/dev.freakuence.nl\/de\/produkt\/linie-magnetisch-lm211ia\/#breadcrumb\",\"itemListElement\":[{\"@type\":\"ListItem\",\"position\":1,\"name\":\"Startseite\",\"item\":\"https:\/\/dev.freakuence.nl\/de\/\"},{\"@type\":\"ListItem\",\"position\":2,\"name\":\"Products\",\"item\":\"https:\/\/dev.freakuence.nl\/en\/products\/\"},{\"@type\":\"ListItem\",\"position\":3,\"name\":\"Linie Magnetisch LM211IA\"}]},{\"@type\":\"WebSite\",\"@id\":\"https:\/\/dev.freakuence.nl\/de\/#website\",\"url\":\"https:\/\/dev.freakuence.nl\/de\/\",\"name\":\"Freakuence!\",\"description\":\"Freakuence!\",\"alternateName\":\"Freakuence\",\"potentialAction\":[{\"@type\":\"SearchAction\",\"target\":{\"@type\":\"EntryPoint\",\"urlTemplate\":\"https:\/\/dev.freakuence.nl\/de\/?s={search_term_string}\"},\"query-input\":{\"@type\":\"PropertyValueSpecification\",\"valueRequired\":true,\"valueName\":\"search_term_string\"}}],\"inLanguage\":\"de\"}]}<\/script>\n<!-- \/ Yoast SEO plugin. -->","yoast_head_json":{"title":"Linie Magnetisch LM211IA | Freakuence!","robots":{"index":"noindex","follow":"follow","max-snippet":"max-snippet:-1","max-image-preview":"max-image-preview:large","max-video-preview":"max-video-preview:-1"},"og_locale":"de_DE","og_type":"article","og_title":"Linie Magnetisch LM211IA | Freakuence!","og_description":"Beschreibung Freakuence! Kraftvoll, geschmeidig, musikalisch. Ein lockerer und offener Mitteltonbereich mit angenehmer Detaillierung in den H\u00f6hen, das hei\u00dft, ohne Sch\u00e4rfe. Details 4 Wochen alt! Ladenpreis: 1999.00 Allgemeine Beschreibung Der Line Magnetic LM-211IA ist ein integrierter R\u00f6hrenverst\u00e4rker, der f\u00fcr seine warme und nat\u00fcrliche Klangwiedergabe bekannt ist. Mit einem Push-Pull-Design und hochwertigen Komponenten liefert dieser Verst\u00e4rker einen [&hellip;]","og_url":"https:\/\/dev.freakuence.nl\/de\/produkt\/linie-magnetisch-lm211ia\/","og_site_name":"Freakuence!","article_modified_time":"2026-04-17T02:01:49+00:00","og_image":[{"width":1800,"height":1200,"url":"https:\/\/dev.freakuence.nl\/wp-content\/uploads\/2025\/09\/17581193491054-18173-IMG3178-scaled.jpg","type":"image\/jpeg"}],"twitter_card":"summary_large_image","schema":{"@context":"https:\/\/schema.org","@graph":[{"@type":"WebPage","@id":"https:\/\/dev.freakuence.nl\/de\/produkt\/linie-magnetisch-lm211ia\/","url":"https:\/\/dev.freakuence.nl\/de\/produkt\/linie-magnetisch-lm211ia\/","name":"Linie Magnetisch LM211IA | Freakuence!","isPartOf":{"@id":"https:\/\/dev.freakuence.nl\/de\/#website"},"primaryImageOfPage":{"@id":"https:\/\/dev.freakuence.nl\/de\/produkt\/linie-magnetisch-lm211ia\/#primaryimage"},"image":{"@id":"https:\/\/dev.freakuence.nl\/de\/produkt\/linie-magnetisch-lm211ia\/#primaryimage"},"thumbnailUrl":"https:\/\/dev.freakuence.nl\/wp-content\/uploads\/2025\/09\/17581193491054-18173-IMG3178-scaled.jpg","datePublished":"2025-09-17T14:30:24+00:00","dateModified":"2026-04-17T02:01:49+00:00","breadcrumb":{"@id":"https:\/\/dev.freakuence.nl\/de\/produkt\/linie-magnetisch-lm211ia\/#breadcrumb"},"inLanguage":"de","potentialAction":[{"@type":"ReadAction","target":["https:\/\/dev.freakuence.nl\/de\/produkt\/linie-magnetisch-lm211ia\/"]}]},{"@type":"ImageObject","inLanguage":"de","@id":"https:\/\/dev.freakuence.nl\/de\/produkt\/linie-magnetisch-lm211ia\/#primaryimage","url":"https:\/\/dev.freakuence.nl\/wp-content\/uploads\/2025\/09\/17581193491054-18173-IMG3178-scaled.jpg","contentUrl":"https:\/\/dev.freakuence.nl\/wp-content\/uploads\/2025\/09\/17581193491054-18173-IMG3178-scaled.jpg","width":1800,"height":1200},{"@type":"BreadcrumbList","@id":"https:\/\/dev.freakuence.nl\/de\/produkt\/linie-magnetisch-lm211ia\/#breadcrumb","itemListElement":[{"@type":"ListItem","position":1,"name":"Startseite","item":"https:\/\/dev.freakuence.nl\/de\/"},{"@type":"ListItem","position":2,"name":"Products","item":"https:\/\/dev.freakuence.nl\/en\/products\/"},{"@type":"ListItem","position":3,"name":"Linie Magnetisch LM211IA"}]},{"@type":"WebSite","@id":"https:\/\/dev.freakuence.nl\/de\/#website","url":"https:\/\/dev.freakuence.nl\/de\/","name":"Freakuence!","description":"Freakuence!","alternateName":"Freakuence","potentialAction":[{"@type":"SearchAction","target":{"@type":"EntryPoint","urlTemplate":"https:\/\/dev.freakuence.nl\/de\/?s={search_term_string}"},"query-input":{"@type":"PropertyValueSpecification","valueRequired":true,"valueName":"search_term_string"}}],"inLanguage":"de"}]}},"_links":{"self":[{"href":"https:\/\/dev.freakuence.nl\/de\/wp-json\/wp\/v2\/product\/313368","targetHints":{"allow":["GET"]}}],"collection":[{"href":"https:\/\/dev.freakuence.nl\/de\/wp-json\/wp\/v2\/product"}],"about":[{"href":"https:\/\/dev.freakuence.nl\/de\/wp-json\/wp\/v2\/types\/product"}],"version-history":[{"count":1,"href":"https:\/\/dev.freakuence.nl\/de\/wp-json\/wp\/v2\/product\/313368\/revisions"}],"predecessor-version":[{"id":317946,"href":"https:\/\/dev.freakuence.nl\/de\/wp-json\/wp\/v2\/product\/313368\/revisions\/317946"}],"wp:featuredmedia":[{"embeddable":true,"href":"https:\/\/dev.freakuence.nl\/de\/wp-json\/wp\/v2\/media\/313369"}],"wp:attachment":[{"href":"https:\/\/dev.freakuence.nl\/de\/wp-json\/wp\/v2\/media?parent=313368"}],"wp:term":[{"taxonomy":"product_brand","embeddable":true,"href":"https:\/\/dev.freakuence.nl\/de\/wp-json\/wp\/v2\/product_brand?post=313368"},{"taxonomy":"product_cat","embeddable":true,"href":"https:\/\/dev.freakuence.nl\/de\/wp-json\/wp\/v2\/product_cat?post=313368"},{"taxonomy":"product_tag","embeddable":true,"href":"https:\/\/dev.freakuence.nl\/de\/wp-json\/wp\/v2\/product_tag?post=313368"}],"curies":[{"name":"wp","href":"https:\/\/api.w.org\/{rel}","templated":true}]}}