{"id":313507,"date":"2025-09-23T11:02:29","date_gmt":"2025-09-23T09:02:29","guid":{"rendered":"https:\/\/dev.freakuence.nl\/product\/stirling-broadcast-ls3-5a-v3\/"},"modified":"2026-04-17T04:01:47","modified_gmt":"2026-04-17T02:01:47","slug":"stirling-broadcast-ls3-5a-v3","status":"publish","type":"product","link":"https:\/\/dev.freakuence.nl\/de\/produkt\/stirling-broadcast-ls3-5a-v3\/","title":{"rendered":"Stirling Broadcast LS3\/5a v3"},"content":{"rendered":"<div class=\"product-specifications-list\">\n<div class=\"specification-item row-even\"><span class=\"spec-content\"><strong>Beschreibung Freakuence!<\/strong><\/span><\/div>\n<div class=\"specification-item row-odd\"><span class=\"spec-content\"><\/p>\n<p>Der klassische B.B.C.-Sound. Hier sind Sie richtig! Voller Mitteltonbereich, mit hervorragendem Timing.  <\/p>\n<p><\/span><\/div>\n<div class=\"specification-item row-even\"><span class=\"spec-content\"><strong>Allgemeine Beschreibung<\/strong><\/span><\/div>\n<div class=\"specification-item row-odd\"><span class=\"spec-content\"><\/p>\n<p>Der Stirling Broadcast LS3\/5a V3 ist ein Lautsprecher, der auf den Qualit\u00e4ten des LS3\/5a V2 aufbaut. Unter Beibehaltung der gleichen Treiber und des d\u00fcnnwandigen Geh\u00e4uses f\u00fchrt diese Version ein neues, leistungsstarkes Crossover-Design ein.  Das Ergebnis ist eine noch geringere Verzerrung und h\u00f6here Transparenz.<\/span><\/div>\n<div class=\"specification-item row-even\"><span class=\"spec-content\">Die neue, von Derek Hughes entworfene Frequenzweiche ist deutlich gr\u00f6\u00dfer und enth\u00e4lt gr\u00f6\u00dfere Komponenten, darunter pr\u00e4zise abgestimmte Luftspulen. Dieser Ansatz eliminiert die S\u00e4ttigung, die bei Spulen mit Ferrit- oder Eisenkernen h\u00e4ufig auftritt.  Au\u00dferdem ist die Frequenzweiche auf der R\u00fcckseite angebracht, was eine weitere Reduzierung der Verzerrungen erm\u00f6glicht.<\/span><\/div>\n<div class=\"specification-item row-odd\"><span class=\"spec-content\">Die LS3\/5a V3 beh\u00e4lt die charakteristischen Merkmale ihrer Vorg\u00e4nger bei, bietet aber dank raffinierter technischer \u00c4nderungen ein noch besseres H\u00f6rerlebnis.  <\/p>\n<p><\/span><\/div>\n<div class=\"specification-item row-even\"><span class=\"spec-content\"><strong>Geschichte der Marke<\/strong><\/span><\/div>\n<div class=\"specification-item row-odd\"><span class=\"spec-content\"><\/p>\n<p>Stirling Broadcast wurde 1993 in Gro\u00dfbritannien gegr\u00fcndet. Das Unternehmen erwarb von der BBC eine Lizenz f\u00fcr die Produktion des Lautsprechers LS3\/5a, eine Lizenz, die um 1998 zu einer vollst\u00e4ndigen Produktionslizenz erweitert wurde. Dieser Lautsprecher wurde zun\u00e4chst mit KEF-Treibern als Referenz gebaut, aber nachdem die Produktion dieser Treiber eingestellt wurde, entwickelte Stirling Broadcast seine eigene Version, die als LS3\/5a V2 bekannt wurde. F\u00fcr diese Version wurden speziell entwickelte Teile verwendet, darunter ein Bass-\/Mittelt\u00f6ner von SEAS und ein modifizierter Hocht\u00f6ner von Scan-Speak. Ein weiterer Umbau betraf die BBC LS3\/6, f\u00fcr die Stirling eng mit Derek Hughes bei der Entwicklung eines neuen Treibers mit Volt Loudspeakers zusammenarbeitete. Die LS3\/6 wurde nach denselben akustischen Spezifikationen wie das urspr\u00fcngliche BBC-Modell gebaut. Alle Produkte werden in Gro\u00dfbritannien von Hand zusammengebaut und getestet.      <\/p>\n<p><\/span><\/div>\n<\/div>\n","protected":false},"excerpt":{"rendered":"<p>Beschreibung Freakuence! Der klassische B.B.C.-Sound. Hier sind Sie richtig! Voller Mitteltonbereich, mit hervorragendem Timing. Allgemeine Beschreibung Der Stirling Broadcast LS3\/5a V3 ist ein Lautsprecher, der auf den Qualit\u00e4ten des LS3\/5a V2 aufbaut. Unter Beibehaltung der gleichen Treiber und des d\u00fcnnwandigen Geh\u00e4uses f\u00fchrt diese Version ein neues, leistungsstarkes Crossover-Design ein. Das Ergebnis ist eine noch geringere [&hellip;]<\/p>\n","protected":false},"featured_media":313508,"template":"","meta":{"_acf_changed":false,"inline_featured_image":false},"product_brand":[],"product_cat":[775,553],"product_tag":[555],"class_list":{"0":"post-313507","1":"product","2":"type-product","3":"status-publish","4":"has-post-thumbnail","6":"product_cat-bucherregal-lautsprecher","7":"product_cat-redner","8":"product_tag-benutzt","9":"pa_kleur-braun","11":"first","12":"instock","13":"purchasable","14":"product-type-simple"},"acf":[],"yoast_head":"<!-- This site is optimized with the Yoast SEO plugin v25.9 - https:\/\/yoast.com\/wordpress\/plugins\/seo\/ -->\n<title>Stirling Broadcast LS3\/5a v3 | Freakuence!<\/title>\n<meta name=\"robots\" content=\"noindex, follow, max-snippet:-1, max-image-preview:large, max-video-preview:-1\" \/>\n<meta property=\"og:locale\" content=\"de_DE\" \/>\n<meta property=\"og:type\" content=\"article\" \/>\n<meta property=\"og:title\" content=\"Stirling Broadcast LS3\/5a v3 | Freakuence!\" \/>\n<meta property=\"og:description\" content=\"Beschreibung Freakuence! Der klassische B.B.C.-Sound. Hier sind Sie richtig! Voller Mitteltonbereich, mit hervorragendem Timing. Allgemeine Beschreibung Der Stirling Broadcast LS3\/5a V3 ist ein Lautsprecher, der auf den Qualit\u00e4ten des LS3\/5a V2 aufbaut. Unter Beibehaltung der gleichen Treiber und des d\u00fcnnwandigen Geh\u00e4uses f\u00fchrt diese Version ein neues, leistungsstarkes Crossover-Design ein. Das Ergebnis ist eine noch geringere [&hellip;]\" \/>\n<meta property=\"og:url\" content=\"https:\/\/dev.freakuence.nl\/de\/produkt\/stirling-broadcast-ls3-5a-v3\/\" \/>\n<meta property=\"og:site_name\" content=\"Freakuence!\" \/>\n<meta property=\"article:modified_time\" content=\"2026-04-17T02:01:47+00:00\" \/>\n<meta property=\"og:image\" content=\"https:\/\/dev.freakuence.nl\/wp-content\/uploads\/2025\/09\/17586181028257-18187-IMG3388-scaled.jpg\" \/>\n\t<meta property=\"og:image:width\" content=\"1800\" \/>\n\t<meta property=\"og:image:height\" content=\"1200\" \/>\n\t<meta property=\"og:image:type\" content=\"image\/jpeg\" \/>\n<meta name=\"twitter:card\" content=\"summary_large_image\" \/>\n<script type=\"application\/ld+json\" class=\"yoast-schema-graph\">{\"@context\":\"https:\/\/schema.org\",\"@graph\":[{\"@type\":\"WebPage\",\"@id\":\"https:\/\/dev.freakuence.nl\/de\/produkt\/stirling-broadcast-ls3-5a-v3\/\",\"url\":\"https:\/\/dev.freakuence.nl\/de\/produkt\/stirling-broadcast-ls3-5a-v3\/\",\"name\":\"Stirling Broadcast LS3\/5a v3 | Freakuence!\",\"isPartOf\":{\"@id\":\"https:\/\/dev.freakuence.nl\/de\/#website\"},\"primaryImageOfPage\":{\"@id\":\"https:\/\/dev.freakuence.nl\/de\/produkt\/stirling-broadcast-ls3-5a-v3\/#primaryimage\"},\"image\":{\"@id\":\"https:\/\/dev.freakuence.nl\/de\/produkt\/stirling-broadcast-ls3-5a-v3\/#primaryimage\"},\"thumbnailUrl\":\"https:\/\/dev.freakuence.nl\/wp-content\/uploads\/2025\/09\/17586181028257-18187-IMG3388-scaled.jpg\",\"datePublished\":\"2025-09-23T09:02:29+00:00\",\"dateModified\":\"2026-04-17T02:01:47+00:00\",\"breadcrumb\":{\"@id\":\"https:\/\/dev.freakuence.nl\/de\/produkt\/stirling-broadcast-ls3-5a-v3\/#breadcrumb\"},\"inLanguage\":\"de\",\"potentialAction\":[{\"@type\":\"ReadAction\",\"target\":[\"https:\/\/dev.freakuence.nl\/de\/produkt\/stirling-broadcast-ls3-5a-v3\/\"]}]},{\"@type\":\"ImageObject\",\"inLanguage\":\"de\",\"@id\":\"https:\/\/dev.freakuence.nl\/de\/produkt\/stirling-broadcast-ls3-5a-v3\/#primaryimage\",\"url\":\"https:\/\/dev.freakuence.nl\/wp-content\/uploads\/2025\/09\/17586181028257-18187-IMG3388-scaled.jpg\",\"contentUrl\":\"https:\/\/dev.freakuence.nl\/wp-content\/uploads\/2025\/09\/17586181028257-18187-IMG3388-scaled.jpg\",\"width\":1800,\"height\":1200},{\"@type\":\"BreadcrumbList\",\"@id\":\"https:\/\/dev.freakuence.nl\/de\/produkt\/stirling-broadcast-ls3-5a-v3\/#breadcrumb\",\"itemListElement\":[{\"@type\":\"ListItem\",\"position\":1,\"name\":\"Startseite\",\"item\":\"https:\/\/dev.freakuence.nl\/de\/\"},{\"@type\":\"ListItem\",\"position\":2,\"name\":\"Products\",\"item\":\"https:\/\/dev.freakuence.nl\/en\/products\/\"},{\"@type\":\"ListItem\",\"position\":3,\"name\":\"Stirling Broadcast LS3\/5a v3\"}]},{\"@type\":\"WebSite\",\"@id\":\"https:\/\/dev.freakuence.nl\/de\/#website\",\"url\":\"https:\/\/dev.freakuence.nl\/de\/\",\"name\":\"Freakuence!\",\"description\":\"Freakuence!\",\"alternateName\":\"Freakuence\",\"potentialAction\":[{\"@type\":\"SearchAction\",\"target\":{\"@type\":\"EntryPoint\",\"urlTemplate\":\"https:\/\/dev.freakuence.nl\/de\/?s={search_term_string}\"},\"query-input\":{\"@type\":\"PropertyValueSpecification\",\"valueRequired\":true,\"valueName\":\"search_term_string\"}}],\"inLanguage\":\"de\"}]}<\/script>\n<!-- \/ Yoast SEO plugin. -->","yoast_head_json":{"title":"Stirling Broadcast LS3\/5a v3 | Freakuence!","robots":{"index":"noindex","follow":"follow","max-snippet":"max-snippet:-1","max-image-preview":"max-image-preview:large","max-video-preview":"max-video-preview:-1"},"og_locale":"de_DE","og_type":"article","og_title":"Stirling Broadcast LS3\/5a v3 | Freakuence!","og_description":"Beschreibung Freakuence! Der klassische B.B.C.-Sound. Hier sind Sie richtig! Voller Mitteltonbereich, mit hervorragendem Timing. Allgemeine Beschreibung Der Stirling Broadcast LS3\/5a V3 ist ein Lautsprecher, der auf den Qualit\u00e4ten des LS3\/5a V2 aufbaut. Unter Beibehaltung der gleichen Treiber und des d\u00fcnnwandigen Geh\u00e4uses f\u00fchrt diese Version ein neues, leistungsstarkes Crossover-Design ein. Das Ergebnis ist eine noch geringere [&hellip;]","og_url":"https:\/\/dev.freakuence.nl\/de\/produkt\/stirling-broadcast-ls3-5a-v3\/","og_site_name":"Freakuence!","article_modified_time":"2026-04-17T02:01:47+00:00","og_image":[{"width":1800,"height":1200,"url":"https:\/\/dev.freakuence.nl\/wp-content\/uploads\/2025\/09\/17586181028257-18187-IMG3388-scaled.jpg","type":"image\/jpeg"}],"twitter_card":"summary_large_image","schema":{"@context":"https:\/\/schema.org","@graph":[{"@type":"WebPage","@id":"https:\/\/dev.freakuence.nl\/de\/produkt\/stirling-broadcast-ls3-5a-v3\/","url":"https:\/\/dev.freakuence.nl\/de\/produkt\/stirling-broadcast-ls3-5a-v3\/","name":"Stirling Broadcast LS3\/5a v3 | Freakuence!","isPartOf":{"@id":"https:\/\/dev.freakuence.nl\/de\/#website"},"primaryImageOfPage":{"@id":"https:\/\/dev.freakuence.nl\/de\/produkt\/stirling-broadcast-ls3-5a-v3\/#primaryimage"},"image":{"@id":"https:\/\/dev.freakuence.nl\/de\/produkt\/stirling-broadcast-ls3-5a-v3\/#primaryimage"},"thumbnailUrl":"https:\/\/dev.freakuence.nl\/wp-content\/uploads\/2025\/09\/17586181028257-18187-IMG3388-scaled.jpg","datePublished":"2025-09-23T09:02:29+00:00","dateModified":"2026-04-17T02:01:47+00:00","breadcrumb":{"@id":"https:\/\/dev.freakuence.nl\/de\/produkt\/stirling-broadcast-ls3-5a-v3\/#breadcrumb"},"inLanguage":"de","potentialAction":[{"@type":"ReadAction","target":["https:\/\/dev.freakuence.nl\/de\/produkt\/stirling-broadcast-ls3-5a-v3\/"]}]},{"@type":"ImageObject","inLanguage":"de","@id":"https:\/\/dev.freakuence.nl\/de\/produkt\/stirling-broadcast-ls3-5a-v3\/#primaryimage","url":"https:\/\/dev.freakuence.nl\/wp-content\/uploads\/2025\/09\/17586181028257-18187-IMG3388-scaled.jpg","contentUrl":"https:\/\/dev.freakuence.nl\/wp-content\/uploads\/2025\/09\/17586181028257-18187-IMG3388-scaled.jpg","width":1800,"height":1200},{"@type":"BreadcrumbList","@id":"https:\/\/dev.freakuence.nl\/de\/produkt\/stirling-broadcast-ls3-5a-v3\/#breadcrumb","itemListElement":[{"@type":"ListItem","position":1,"name":"Startseite","item":"https:\/\/dev.freakuence.nl\/de\/"},{"@type":"ListItem","position":2,"name":"Products","item":"https:\/\/dev.freakuence.nl\/en\/products\/"},{"@type":"ListItem","position":3,"name":"Stirling Broadcast LS3\/5a v3"}]},{"@type":"WebSite","@id":"https:\/\/dev.freakuence.nl\/de\/#website","url":"https:\/\/dev.freakuence.nl\/de\/","name":"Freakuence!","description":"Freakuence!","alternateName":"Freakuence","potentialAction":[{"@type":"SearchAction","target":{"@type":"EntryPoint","urlTemplate":"https:\/\/dev.freakuence.nl\/de\/?s={search_term_string}"},"query-input":{"@type":"PropertyValueSpecification","valueRequired":true,"valueName":"search_term_string"}}],"inLanguage":"de"}]}},"_links":{"self":[{"href":"https:\/\/dev.freakuence.nl\/de\/wp-json\/wp\/v2\/product\/313507","targetHints":{"allow":["GET"]}}],"collection":[{"href":"https:\/\/dev.freakuence.nl\/de\/wp-json\/wp\/v2\/product"}],"about":[{"href":"https:\/\/dev.freakuence.nl\/de\/wp-json\/wp\/v2\/types\/product"}],"version-history":[{"count":1,"href":"https:\/\/dev.freakuence.nl\/de\/wp-json\/wp\/v2\/product\/313507\/revisions"}],"predecessor-version":[{"id":318088,"href":"https:\/\/dev.freakuence.nl\/de\/wp-json\/wp\/v2\/product\/313507\/revisions\/318088"}],"wp:featuredmedia":[{"embeddable":true,"href":"https:\/\/dev.freakuence.nl\/de\/wp-json\/wp\/v2\/media\/313508"}],"wp:attachment":[{"href":"https:\/\/dev.freakuence.nl\/de\/wp-json\/wp\/v2\/media?parent=313507"}],"wp:term":[{"taxonomy":"product_brand","embeddable":true,"href":"https:\/\/dev.freakuence.nl\/de\/wp-json\/wp\/v2\/product_brand?post=313507"},{"taxonomy":"product_cat","embeddable":true,"href":"https:\/\/dev.freakuence.nl\/de\/wp-json\/wp\/v2\/product_cat?post=313507"},{"taxonomy":"product_tag","embeddable":true,"href":"https:\/\/dev.freakuence.nl\/de\/wp-json\/wp\/v2\/product_tag?post=313507"}],"curies":[{"name":"wp","href":"https:\/\/api.w.org\/{rel}","templated":true}]}}