{"id":313904,"date":"2025-10-09T11:28:05","date_gmt":"2025-10-09T09:28:05","guid":{"rendered":"https:\/\/dev.freakuence.nl\/product\/cambridge-audio-evo-150-se\/"},"modified":"2025-10-09T11:28:05","modified_gmt":"2025-10-09T09:28:05","slug":"cambridge-audio-evo-150-se","status":"publish","type":"product","link":"https:\/\/dev.freakuence.nl\/de\/produkt\/cambridge-audio-evo-150-se\/","title":{"rendered":"Cambridge Audio EVO 150 SE"},"content":{"rendered":"<div class=\"product-specifications-list\">\n<div class=\"specification-item row-even\"><span class=\"spec-content\"><strong>Beschreibung Freakuence!<\/strong><\/span><\/div>\n<div class=\"specification-item row-odd\"><span class=\"spec-content\"><\/p>\n<p>Da ist er wieder! Aber jetzt ist die SE, nun ja, die Dinge haben sich vielleicht ge\u00e4ndert&#8230; und das hat er. Neutral und transparent, ohne Betonung von H\u00f6hen oder B\u00e4ssen wie sein Vorg\u00e4nger, aber jetzt mit einem reicheren Mitteltonbereich, was sehr sch\u00f6n ist Der Verst\u00e4rker ist schnell und aufschlussreich. Das Gleiche gilt f\u00fcr den internen Dac-Streamer.   <\/p>\n<p><\/span><\/div>\n<div class=\"specification-item row-even\"><span class=\"spec-content\"><strong>Details<\/strong><\/span><\/div>\n<div class=\"specification-item row-odd\"><span class=\"spec-content\">Ladenpreis: 2399.00<\/span><\/div>\n<div class=\"specification-item row-even\"><span class=\"spec-content\"><strong>Allgemeine Beschreibung<\/strong><\/span><\/div>\n<div class=\"specification-item row-odd\"><span class=\"spec-content\"><\/p>\n<p>Der Cambridge Audio Evo 150 SE ist ein vielseitiger All-in-One-Verst\u00e4rker, der m\u00fchelos verschiedene Audioquellen integriert. Egal, ob Sie Ihre Lieblingsmusik streamen, Schallplatten abspielen oder den Klang Ihres Fernsehers verbessern m\u00f6chten, dieser Verst\u00e4rker bietet Ihnen die Flexibilit\u00e4t, die Sie suchen. <\/p>\n<p><\/p>\n<p>Mit der integrierten StreamMagic-Technologie k\u00f6nnen Sie auf verschiedene Streaming-Dienste zugreifen und ganz einfach Musik von Ihrem Smartphone oder Tablet abspielen. Der Evo 150 SE unterst\u00fctzt au\u00dferdem Bluetooth aptX HD, AirPlay 2 und Google Cast, was das kabellose Streaming zu einem Kinderspiel macht. <\/p>\n<p><\/p>\n<p>F\u00fcr Vinyl-Liebhaber gibt es einen eingebauten Phono-Vorverst\u00e4rker, so dass Sie Ihren Plattenspieler ohne zus\u00e4tzliche Ger\u00e4te direkt anschlie\u00dfen k\u00f6nnen. Dar\u00fcber hinaus verf\u00fcgt der Verst\u00e4rker \u00fcber verschiedene Anschl\u00fcsse, darunter HDMI ARC f\u00fcr Ihren Fernseher sowie analoge und digitale Eing\u00e4nge f\u00fcr andere Audioquellen. <\/p>\n<p><\/p>\n<p>Das Design des Evo 150 SE ist kompakt und stilvoll, mit einem 6,8-Zoll-Farbbildschirm, der Albumcover oder virtuelle VU-Meter anzeigt. Mit den austauschbaren Seitenteilen, die in Holz und schwarzem Metall erh\u00e4ltlich sind, k\u00f6nnen Sie das Aussehen an Ihren pers\u00f6nlichen Geschmack oder Ihre Einrichtung anpassen. <\/p>\n<p><\/p>\n<p>Mit dem Evo 150 SE erhalten Sie einen vielseitigen Verst\u00e4rker, der sich nahtlos in eine Vielzahl von H\u00f6rvorlieben und Bed\u00fcrfnissen einf\u00fcgt.<\/p>\n<p><\/span><\/div>\n<\/div>\n","protected":false},"excerpt":{"rendered":"<p>Beschreibung Freakuence! Da ist er wieder! Aber jetzt ist die SE, nun ja, die Dinge haben sich vielleicht ge\u00e4ndert&#8230; und das hat er. Neutral und transparent, ohne Betonung von H\u00f6hen oder B\u00e4ssen wie sein Vorg\u00e4nger, aber jetzt mit einem reicheren Mitteltonbereich, was sehr sch\u00f6n ist Der Verst\u00e4rker ist schnell und aufschlussreich. Das Gleiche gilt f\u00fcr [&hellip;]<\/p>\n","protected":false},"featured_media":0,"template":"","meta":{"_acf_changed":false,"inline_featured_image":false},"product_brand":[],"product_cat":[560],"product_tag":[574],"class_list":{"0":"post-313904","1":"product","2":"type-product","3":"status-publish","5":"product_cat-verstarker","6":"product_tag-freakdemo","7":"pa_kleur-schwarz","9":"first","10":"instock","11":"taxable","12":"shipping-taxable","13":"purchasable","14":"product-type-simple"},"acf":[],"yoast_head":"<!-- This site is optimized with the Yoast SEO plugin v25.9 - https:\/\/yoast.com\/wordpress\/plugins\/seo\/ -->\n<title>Cambridge Audio EVO 150 SE | Freakuence!<\/title>\n<meta name=\"robots\" content=\"noindex, follow, max-snippet:-1, max-image-preview:large, max-video-preview:-1\" \/>\n<meta property=\"og:locale\" content=\"de_DE\" \/>\n<meta property=\"og:type\" content=\"article\" \/>\n<meta property=\"og:title\" content=\"Cambridge Audio EVO 150 SE | Freakuence!\" \/>\n<meta property=\"og:description\" content=\"Beschreibung Freakuence! Da ist er wieder! Aber jetzt ist die SE, nun ja, die Dinge haben sich vielleicht ge\u00e4ndert&#8230; und das hat er. Neutral und transparent, ohne Betonung von H\u00f6hen oder B\u00e4ssen wie sein Vorg\u00e4nger, aber jetzt mit einem reicheren Mitteltonbereich, was sehr sch\u00f6n ist Der Verst\u00e4rker ist schnell und aufschlussreich. Das Gleiche gilt f\u00fcr [&hellip;]\" \/>\n<meta property=\"og:url\" content=\"https:\/\/dev.freakuence.nl\/de\/produkt\/cambridge-audio-evo-150-se\/\" \/>\n<meta property=\"og:site_name\" content=\"Freakuence!\" \/>\n<meta name=\"twitter:card\" content=\"summary_large_image\" \/>\n<script type=\"application\/ld+json\" class=\"yoast-schema-graph\">{\"@context\":\"https:\/\/schema.org\",\"@graph\":[{\"@type\":\"WebPage\",\"@id\":\"https:\/\/dev.freakuence.nl\/de\/produkt\/cambridge-audio-evo-150-se\/\",\"url\":\"https:\/\/dev.freakuence.nl\/de\/produkt\/cambridge-audio-evo-150-se\/\",\"name\":\"Cambridge Audio EVO 150 SE | Freakuence!\",\"isPartOf\":{\"@id\":\"https:\/\/dev.freakuence.nl\/de\/#website\"},\"datePublished\":\"2025-10-09T09:28:05+00:00\",\"breadcrumb\":{\"@id\":\"https:\/\/dev.freakuence.nl\/de\/produkt\/cambridge-audio-evo-150-se\/#breadcrumb\"},\"inLanguage\":\"de\",\"potentialAction\":[{\"@type\":\"ReadAction\",\"target\":[\"https:\/\/dev.freakuence.nl\/de\/produkt\/cambridge-audio-evo-150-se\/\"]}]},{\"@type\":\"BreadcrumbList\",\"@id\":\"https:\/\/dev.freakuence.nl\/de\/produkt\/cambridge-audio-evo-150-se\/#breadcrumb\",\"itemListElement\":[{\"@type\":\"ListItem\",\"position\":1,\"name\":\"Startseite\",\"item\":\"https:\/\/dev.freakuence.nl\/de\/\"},{\"@type\":\"ListItem\",\"position\":2,\"name\":\"Products\",\"item\":\"https:\/\/dev.freakuence.nl\/en\/products\/\"},{\"@type\":\"ListItem\",\"position\":3,\"name\":\"Cambridge Audio EVO 150 SE\"}]},{\"@type\":\"WebSite\",\"@id\":\"https:\/\/dev.freakuence.nl\/de\/#website\",\"url\":\"https:\/\/dev.freakuence.nl\/de\/\",\"name\":\"Freakuence!\",\"description\":\"Freakuence!\",\"alternateName\":\"Freakuence\",\"potentialAction\":[{\"@type\":\"SearchAction\",\"target\":{\"@type\":\"EntryPoint\",\"urlTemplate\":\"https:\/\/dev.freakuence.nl\/de\/?s={search_term_string}\"},\"query-input\":{\"@type\":\"PropertyValueSpecification\",\"valueRequired\":true,\"valueName\":\"search_term_string\"}}],\"inLanguage\":\"de\"}]}<\/script>\n<!-- \/ Yoast SEO plugin. -->","yoast_head_json":{"title":"Cambridge Audio EVO 150 SE | Freakuence!","robots":{"index":"noindex","follow":"follow","max-snippet":"max-snippet:-1","max-image-preview":"max-image-preview:large","max-video-preview":"max-video-preview:-1"},"og_locale":"de_DE","og_type":"article","og_title":"Cambridge Audio EVO 150 SE | Freakuence!","og_description":"Beschreibung Freakuence! Da ist er wieder! Aber jetzt ist die SE, nun ja, die Dinge haben sich vielleicht ge\u00e4ndert&#8230; und das hat er. Neutral und transparent, ohne Betonung von H\u00f6hen oder B\u00e4ssen wie sein Vorg\u00e4nger, aber jetzt mit einem reicheren Mitteltonbereich, was sehr sch\u00f6n ist Der Verst\u00e4rker ist schnell und aufschlussreich. Das Gleiche gilt f\u00fcr [&hellip;]","og_url":"https:\/\/dev.freakuence.nl\/de\/produkt\/cambridge-audio-evo-150-se\/","og_site_name":"Freakuence!","twitter_card":"summary_large_image","schema":{"@context":"https:\/\/schema.org","@graph":[{"@type":"WebPage","@id":"https:\/\/dev.freakuence.nl\/de\/produkt\/cambridge-audio-evo-150-se\/","url":"https:\/\/dev.freakuence.nl\/de\/produkt\/cambridge-audio-evo-150-se\/","name":"Cambridge Audio EVO 150 SE | Freakuence!","isPartOf":{"@id":"https:\/\/dev.freakuence.nl\/de\/#website"},"datePublished":"2025-10-09T09:28:05+00:00","breadcrumb":{"@id":"https:\/\/dev.freakuence.nl\/de\/produkt\/cambridge-audio-evo-150-se\/#breadcrumb"},"inLanguage":"de","potentialAction":[{"@type":"ReadAction","target":["https:\/\/dev.freakuence.nl\/de\/produkt\/cambridge-audio-evo-150-se\/"]}]},{"@type":"BreadcrumbList","@id":"https:\/\/dev.freakuence.nl\/de\/produkt\/cambridge-audio-evo-150-se\/#breadcrumb","itemListElement":[{"@type":"ListItem","position":1,"name":"Startseite","item":"https:\/\/dev.freakuence.nl\/de\/"},{"@type":"ListItem","position":2,"name":"Products","item":"https:\/\/dev.freakuence.nl\/en\/products\/"},{"@type":"ListItem","position":3,"name":"Cambridge Audio EVO 150 SE"}]},{"@type":"WebSite","@id":"https:\/\/dev.freakuence.nl\/de\/#website","url":"https:\/\/dev.freakuence.nl\/de\/","name":"Freakuence!","description":"Freakuence!","alternateName":"Freakuence","potentialAction":[{"@type":"SearchAction","target":{"@type":"EntryPoint","urlTemplate":"https:\/\/dev.freakuence.nl\/de\/?s={search_term_string}"},"query-input":{"@type":"PropertyValueSpecification","valueRequired":true,"valueName":"search_term_string"}}],"inLanguage":"de"}]}},"_links":{"self":[{"href":"https:\/\/dev.freakuence.nl\/de\/wp-json\/wp\/v2\/product\/313904","targetHints":{"allow":["GET"]}}],"collection":[{"href":"https:\/\/dev.freakuence.nl\/de\/wp-json\/wp\/v2\/product"}],"about":[{"href":"https:\/\/dev.freakuence.nl\/de\/wp-json\/wp\/v2\/types\/product"}],"version-history":[{"count":0,"href":"https:\/\/dev.freakuence.nl\/de\/wp-json\/wp\/v2\/product\/313904\/revisions"}],"wp:attachment":[{"href":"https:\/\/dev.freakuence.nl\/de\/wp-json\/wp\/v2\/media?parent=313904"}],"wp:term":[{"taxonomy":"product_brand","embeddable":true,"href":"https:\/\/dev.freakuence.nl\/de\/wp-json\/wp\/v2\/product_brand?post=313904"},{"taxonomy":"product_cat","embeddable":true,"href":"https:\/\/dev.freakuence.nl\/de\/wp-json\/wp\/v2\/product_cat?post=313904"},{"taxonomy":"product_tag","embeddable":true,"href":"https:\/\/dev.freakuence.nl\/de\/wp-json\/wp\/v2\/product_tag?post=313904"}],"curies":[{"name":"wp","href":"https:\/\/api.w.org\/{rel}","templated":true}]}}