{"id":313909,"date":"2025-10-09T11:11:18","date_gmt":"2025-10-09T09:11:18","guid":{"rendered":"https:\/\/dev.freakuence.nl\/product\/linn-ds-i\/"},"modified":"2026-04-17T04:01:18","modified_gmt":"2026-04-17T02:01:18","slug":"linn-ds-i","status":"publish","type":"product","link":"https:\/\/dev.freakuence.nl\/de\/produkt\/linn-ds-i\/","title":{"rendered":"Linn DS &#8211; I"},"content":{"rendered":"<div class=\"product-specifications-list\">\n<div class=\"specification-item row-even\"><span class=\"spec-content\"><strong>Beschreibung Freakuence!<\/strong><\/span><\/div>\n<div class=\"specification-item row-odd\"><span class=\"spec-content\"><\/p>\n<p>Schmal, flach, langweilig&#8230; aber dann reden wir \u00fcber das Geh\u00e4use! Der Klang, der aus ihm kommt, ist genau das gegenteilige Extrem. Die stabile Stromversorgung sorgt f\u00fcr einen musikalischen, gro\u00dfen, warmen Verst\u00e4rker. 80 stabile Watt pro Kanal, an 8 Ohm. Der direkte Vorg\u00e4nger des 200DR.    <\/p>\n<p><\/span><\/div>\n<div class=\"specification-item row-even\"><span class=\"spec-content\"><strong>Allgemeine Beschreibung<\/strong><\/span><\/div>\n<div class=\"specification-item row-odd\"><span class=\"spec-content\"><\/p>\n<p>Das Ger\u00e4t liefert 70 Watt pro Kanal an 8 Ohm und hat einen Frequenzbereich von 3 Hz bis 50 kHz. Die Eingangsempfindlichkeit betr\u00e4gt 1 V, mit einer Eingangsimpedanz von 18 k\u03a9. Der Signal-Rauschabstand betr\u00e4gt mehr als 100 dB. Die Abmessungen sind 87 mm hoch, 432 mm breit und 314 mm tief, das Gewicht betr\u00e4gt 11,6 kg.   <\/p>\n<p><\/span><\/div>\n<div class=\"specification-item row-even\"><span class=\"spec-content\"><strong>Hintergrundinformationen<\/strong><\/span><\/div>\n<div class=\"specification-item row-odd\"><span class=\"spec-content\"><\/p>\n<p>Der Naim Supernait 3 wurde gem\u00e4\u00df der Naim-Philosophie &#8222;weniger ist mehr&#8220; entwickelt. Der Verst\u00e4rker kombiniert einen vollst\u00e4ndig diskreten, handselektierten Class-A-Vorverst\u00e4rker mit einem hochwertigen MM-Phonoeingang. Die interne Verkabelung ist minimalistisch, mit direkten Signalwegen f\u00fcr eine reine Klangwiedergabe. Das robuste Aluminiumgeh\u00e4use sch\u00fctzt vor Mikrofonie und elektromagnetischen Einfl\u00fcssen. Entwicklung und Montage finden in Salisbury, England, unter der Leitung von Ingenieuren wie Steve Sells statt.    <\/p>\n<p><\/span><\/div>\n<div class=\"specification-item row-even\"><span class=\"spec-content\"><strong>Geschichte der Marke<\/strong><\/span><\/div>\n<div class=\"specification-item row-odd\"><span class=\"spec-content\"><\/p>\n<p>Naim Audio wurde 1973 von Julian Vereker gegr\u00fcndet, einem britischen Ingenieur mit einer Leidenschaft f\u00fcr Elektronik und Musik. 1985 erhielt das Unternehmen zum ersten Mal den prestigetr\u00e4chtigen Queen&#8217;s Award, eine Auszeichnung, die sp\u00e4ter noch zweimal verliehen wurde. 1991 stellte das Unternehmen seinen ersten CD-Player, den CDS, mit einem zweiteiligen Geh\u00e4use f\u00fcr eine verbesserte Leistung vor. Im Jahr 2000 wurde der kultige NAP 500 Verst\u00e4rker auf den Markt gebracht, gefolgt von der Entwicklung des Statement Verst\u00e4rkersystems im Jahr 2014, einem Meilenstein in der Entwicklung des Unternehmens.   <\/p>\n<p><\/span><\/div>\n<\/div>\n","protected":false},"excerpt":{"rendered":"<p>Beschreibung Freakuence! Schmal, flach, langweilig&#8230; aber dann reden wir \u00fcber das Geh\u00e4use! Der Klang, der aus ihm kommt, ist genau das gegenteilige Extrem. Die stabile Stromversorgung sorgt f\u00fcr einen musikalischen, gro\u00dfen, warmen Verst\u00e4rker. 80 stabile Watt pro Kanal, an 8 Ohm. Der direkte Vorg\u00e4nger des 200DR. Allgemeine Beschreibung Das Ger\u00e4t liefert 70 Watt pro Kanal [&hellip;]<\/p>\n","protected":false},"featured_media":0,"template":"","meta":{"_acf_changed":false,"inline_featured_image":false},"product_brand":[],"product_cat":[594],"product_tag":[555],"class_list":{"0":"post-313909","1":"product","2":"type-product","3":"status-publish","5":"product_cat-dac-streamer","6":"product_tag-benutzt","8":"first","9":"instock","10":"purchasable","11":"product-type-simple"},"acf":[],"yoast_head":"<!-- This site is optimized with the Yoast SEO plugin v25.9 - https:\/\/yoast.com\/wordpress\/plugins\/seo\/ -->\n<title>Linn DS - I | Freakuence!<\/title>\n<meta name=\"robots\" content=\"noindex, follow, max-snippet:-1, max-image-preview:large, max-video-preview:-1\" \/>\n<meta property=\"og:locale\" content=\"de_DE\" \/>\n<meta property=\"og:type\" content=\"article\" \/>\n<meta property=\"og:title\" content=\"Linn DS - I | Freakuence!\" \/>\n<meta property=\"og:description\" content=\"Beschreibung Freakuence! Schmal, flach, langweilig&#8230; aber dann reden wir \u00fcber das Geh\u00e4use! Der Klang, der aus ihm kommt, ist genau das gegenteilige Extrem. Die stabile Stromversorgung sorgt f\u00fcr einen musikalischen, gro\u00dfen, warmen Verst\u00e4rker. 80 stabile Watt pro Kanal, an 8 Ohm. Der direkte Vorg\u00e4nger des 200DR. Allgemeine Beschreibung Das Ger\u00e4t liefert 70 Watt pro Kanal [&hellip;]\" \/>\n<meta property=\"og:url\" content=\"https:\/\/dev.freakuence.nl\/de\/produkt\/linn-ds-i\/\" \/>\n<meta property=\"og:site_name\" content=\"Freakuence!\" \/>\n<meta property=\"article:modified_time\" content=\"2026-04-17T02:01:18+00:00\" \/>\n<meta name=\"twitter:card\" content=\"summary_large_image\" \/>\n<script type=\"application\/ld+json\" class=\"yoast-schema-graph\">{\"@context\":\"https:\/\/schema.org\",\"@graph\":[{\"@type\":\"WebPage\",\"@id\":\"https:\/\/dev.freakuence.nl\/de\/produkt\/linn-ds-i\/\",\"url\":\"https:\/\/dev.freakuence.nl\/de\/produkt\/linn-ds-i\/\",\"name\":\"Linn DS - I | Freakuence!\",\"isPartOf\":{\"@id\":\"https:\/\/dev.freakuence.nl\/de\/#website\"},\"datePublished\":\"2025-10-09T09:11:18+00:00\",\"dateModified\":\"2026-04-17T02:01:18+00:00\",\"breadcrumb\":{\"@id\":\"https:\/\/dev.freakuence.nl\/de\/produkt\/linn-ds-i\/#breadcrumb\"},\"inLanguage\":\"de\",\"potentialAction\":[{\"@type\":\"ReadAction\",\"target\":[\"https:\/\/dev.freakuence.nl\/de\/produkt\/linn-ds-i\/\"]}]},{\"@type\":\"BreadcrumbList\",\"@id\":\"https:\/\/dev.freakuence.nl\/de\/produkt\/linn-ds-i\/#breadcrumb\",\"itemListElement\":[{\"@type\":\"ListItem\",\"position\":1,\"name\":\"Startseite\",\"item\":\"https:\/\/dev.freakuence.nl\/de\/\"},{\"@type\":\"ListItem\",\"position\":2,\"name\":\"Products\",\"item\":\"https:\/\/dev.freakuence.nl\/en\/products\/\"},{\"@type\":\"ListItem\",\"position\":3,\"name\":\"Linn DS &#8211; I\"}]},{\"@type\":\"WebSite\",\"@id\":\"https:\/\/dev.freakuence.nl\/de\/#website\",\"url\":\"https:\/\/dev.freakuence.nl\/de\/\",\"name\":\"Freakuence!\",\"description\":\"Freakuence!\",\"alternateName\":\"Freakuence\",\"potentialAction\":[{\"@type\":\"SearchAction\",\"target\":{\"@type\":\"EntryPoint\",\"urlTemplate\":\"https:\/\/dev.freakuence.nl\/de\/?s={search_term_string}\"},\"query-input\":{\"@type\":\"PropertyValueSpecification\",\"valueRequired\":true,\"valueName\":\"search_term_string\"}}],\"inLanguage\":\"de\"}]}<\/script>\n<!-- \/ Yoast SEO plugin. -->","yoast_head_json":{"title":"Linn DS - I | Freakuence!","robots":{"index":"noindex","follow":"follow","max-snippet":"max-snippet:-1","max-image-preview":"max-image-preview:large","max-video-preview":"max-video-preview:-1"},"og_locale":"de_DE","og_type":"article","og_title":"Linn DS - I | Freakuence!","og_description":"Beschreibung Freakuence! Schmal, flach, langweilig&#8230; aber dann reden wir \u00fcber das Geh\u00e4use! Der Klang, der aus ihm kommt, ist genau das gegenteilige Extrem. Die stabile Stromversorgung sorgt f\u00fcr einen musikalischen, gro\u00dfen, warmen Verst\u00e4rker. 80 stabile Watt pro Kanal, an 8 Ohm. Der direkte Vorg\u00e4nger des 200DR. Allgemeine Beschreibung Das Ger\u00e4t liefert 70 Watt pro Kanal [&hellip;]","og_url":"https:\/\/dev.freakuence.nl\/de\/produkt\/linn-ds-i\/","og_site_name":"Freakuence!","article_modified_time":"2026-04-17T02:01:18+00:00","twitter_card":"summary_large_image","schema":{"@context":"https:\/\/schema.org","@graph":[{"@type":"WebPage","@id":"https:\/\/dev.freakuence.nl\/de\/produkt\/linn-ds-i\/","url":"https:\/\/dev.freakuence.nl\/de\/produkt\/linn-ds-i\/","name":"Linn DS - I | Freakuence!","isPartOf":{"@id":"https:\/\/dev.freakuence.nl\/de\/#website"},"datePublished":"2025-10-09T09:11:18+00:00","dateModified":"2026-04-17T02:01:18+00:00","breadcrumb":{"@id":"https:\/\/dev.freakuence.nl\/de\/produkt\/linn-ds-i\/#breadcrumb"},"inLanguage":"de","potentialAction":[{"@type":"ReadAction","target":["https:\/\/dev.freakuence.nl\/de\/produkt\/linn-ds-i\/"]}]},{"@type":"BreadcrumbList","@id":"https:\/\/dev.freakuence.nl\/de\/produkt\/linn-ds-i\/#breadcrumb","itemListElement":[{"@type":"ListItem","position":1,"name":"Startseite","item":"https:\/\/dev.freakuence.nl\/de\/"},{"@type":"ListItem","position":2,"name":"Products","item":"https:\/\/dev.freakuence.nl\/en\/products\/"},{"@type":"ListItem","position":3,"name":"Linn DS &#8211; I"}]},{"@type":"WebSite","@id":"https:\/\/dev.freakuence.nl\/de\/#website","url":"https:\/\/dev.freakuence.nl\/de\/","name":"Freakuence!","description":"Freakuence!","alternateName":"Freakuence","potentialAction":[{"@type":"SearchAction","target":{"@type":"EntryPoint","urlTemplate":"https:\/\/dev.freakuence.nl\/de\/?s={search_term_string}"},"query-input":{"@type":"PropertyValueSpecification","valueRequired":true,"valueName":"search_term_string"}}],"inLanguage":"de"}]}},"_links":{"self":[{"href":"https:\/\/dev.freakuence.nl\/de\/wp-json\/wp\/v2\/product\/313909","targetHints":{"allow":["GET"]}}],"collection":[{"href":"https:\/\/dev.freakuence.nl\/de\/wp-json\/wp\/v2\/product"}],"about":[{"href":"https:\/\/dev.freakuence.nl\/de\/wp-json\/wp\/v2\/types\/product"}],"version-history":[{"count":1,"href":"https:\/\/dev.freakuence.nl\/de\/wp-json\/wp\/v2\/product\/313909\/revisions"}],"predecessor-version":[{"id":318086,"href":"https:\/\/dev.freakuence.nl\/de\/wp-json\/wp\/v2\/product\/313909\/revisions\/318086"}],"wp:attachment":[{"href":"https:\/\/dev.freakuence.nl\/de\/wp-json\/wp\/v2\/media?parent=313909"}],"wp:term":[{"taxonomy":"product_brand","embeddable":true,"href":"https:\/\/dev.freakuence.nl\/de\/wp-json\/wp\/v2\/product_brand?post=313909"},{"taxonomy":"product_cat","embeddable":true,"href":"https:\/\/dev.freakuence.nl\/de\/wp-json\/wp\/v2\/product_cat?post=313909"},{"taxonomy":"product_tag","embeddable":true,"href":"https:\/\/dev.freakuence.nl\/de\/wp-json\/wp\/v2\/product_tag?post=313909"}],"curies":[{"name":"wp","href":"https:\/\/api.w.org\/{rel}","templated":true}]}}