{"id":314068,"date":"2025-10-30T11:06:05","date_gmt":"2025-10-30T10:06:05","guid":{"rendered":"https:\/\/dev.freakuence.nl\/product\/bw-cm7\/"},"modified":"2026-04-03T04:02:51","modified_gmt":"2026-04-03T02:02:51","slug":"bw-cm7","status":"publish","type":"product","link":"https:\/\/dev.freakuence.nl\/de\/produkt\/bw-cm7\/","title":{"rendered":"B&amp;W CM7"},"content":{"rendered":"<div class=\"product-specifications-list\">\n<div class=\"specification-item row-even\"><span class=\"spec-content\"><strong>Beschreibung Freakuence!<\/strong><\/span><\/div>\n<div class=\"specification-item row-odd\"><span class=\"spec-content\"><\/p>\n<p>Die Vorg\u00e4nger der aktuellen 700er Serie. Klingen dank ihres sch\u00f6nen Hocht\u00f6ners super klar. Aufgrund des gr\u00f6\u00dferen Geh\u00e4uses als bei der CM8 (wirklich) kommen mehr B\u00e4sse heraus, als Sie erwarten w\u00fcrden.  <\/p>\n<p><\/span><\/div>\n<div class=\"specification-item row-even\"><span class=\"spec-content\"><strong>Details<\/strong><\/span><\/div>\n<div class=\"specification-item row-odd\"><span class=\"spec-content\">Ladenpreis: 333.00<\/span><\/div>\n<div class=\"specification-item row-even\"><span class=\"spec-content\"><strong>Geschichte der Marke<\/strong><\/span><\/div>\n<div class=\"specification-item row-odd\"><span class=\"spec-content\"><\/p>\n<p>Bowers &amp; Wilkins wurde 1966 von John Bowers und Roy Wilkins in der englischen Stadt Worthing gegr\u00fcndet. Das Unternehmen entstand aus Bowers&#8216; Leidenschaft f\u00fcr Tontechnik, die er w\u00e4hrend seiner Arbeit in einem Elektronikgesch\u00e4ft entwickelte. John Bowers war ein Perfektionist mit einem starken Engagement f\u00fcr akustische Pr\u00e4zision. In den folgenden Jahren wuchs das Unternehmen unter der F\u00fchrung von Bowers, der bis zu seinem Tod im Jahr 1987 eine zentrale Rolle spielte. Der Schwerpunkt lag auf Forschung und Entwicklung, wobei das Team Innovationen in der Klangwiedergabetechnik einbrachte. Nach Bowers&#8216; Tod schlug das Unternehmen unter verschiedenen Eigent\u00fcmern neue Wege ein.     <\/p>\n<p><\/span><\/div>\n<\/div>\n","protected":false},"excerpt":{"rendered":"<p>Beschreibung Freakuence! Die Vorg\u00e4nger der aktuellen 700er Serie. Klingen dank ihres sch\u00f6nen Hocht\u00f6ners super klar. Aufgrund des gr\u00f6\u00dferen Geh\u00e4uses als bei der CM8 (wirklich) kommen mehr B\u00e4sse heraus, als Sie erwarten w\u00fcrden. Details Ladenpreis: 333.00 Geschichte der Marke Bowers &amp; Wilkins wurde 1966 von John Bowers und Roy Wilkins in der englischen Stadt Worthing gegr\u00fcndet. [&hellip;]<\/p>\n","protected":false},"featured_media":0,"template":"","meta":{"_acf_changed":false,"inline_featured_image":false},"product_brand":[],"product_cat":[553],"product_tag":[555],"class_list":{"0":"post-314068","1":"product","2":"type-product","3":"status-publish","5":"product_cat-redner","6":"product_tag-benutzt","8":"first","9":"instock","10":"purchasable","11":"product-type-simple"},"acf":[],"yoast_head":"<!-- This site is optimized with the Yoast SEO plugin v25.9 - https:\/\/yoast.com\/wordpress\/plugins\/seo\/ -->\n<title>B&amp;W CM7 | Freakuence!<\/title>\n<meta name=\"robots\" content=\"noindex, follow, max-snippet:-1, max-image-preview:large, max-video-preview:-1\" \/>\n<meta property=\"og:locale\" content=\"de_DE\" \/>\n<meta property=\"og:type\" content=\"article\" \/>\n<meta property=\"og:title\" content=\"B&amp;W CM7 | Freakuence!\" \/>\n<meta property=\"og:description\" content=\"Beschreibung Freakuence! Die Vorg\u00e4nger der aktuellen 700er Serie. Klingen dank ihres sch\u00f6nen Hocht\u00f6ners super klar. Aufgrund des gr\u00f6\u00dferen Geh\u00e4uses als bei der CM8 (wirklich) kommen mehr B\u00e4sse heraus, als Sie erwarten w\u00fcrden. Details Ladenpreis: 333.00 Geschichte der Marke Bowers &amp; Wilkins wurde 1966 von John Bowers und Roy Wilkins in der englischen Stadt Worthing gegr\u00fcndet. [&hellip;]\" \/>\n<meta property=\"og:url\" content=\"https:\/\/dev.freakuence.nl\/de\/produkt\/bw-cm7\/\" \/>\n<meta property=\"og:site_name\" content=\"Freakuence!\" \/>\n<meta property=\"article:modified_time\" content=\"2026-04-03T02:02:51+00:00\" \/>\n<meta name=\"twitter:card\" content=\"summary_large_image\" \/>\n<script type=\"application\/ld+json\" class=\"yoast-schema-graph\">{\"@context\":\"https:\/\/schema.org\",\"@graph\":[{\"@type\":\"WebPage\",\"@id\":\"https:\/\/dev.freakuence.nl\/de\/produkt\/bw-cm7\/\",\"url\":\"https:\/\/dev.freakuence.nl\/de\/produkt\/bw-cm7\/\",\"name\":\"B&amp;W CM7 | Freakuence!\",\"isPartOf\":{\"@id\":\"https:\/\/dev.freakuence.nl\/de\/#website\"},\"datePublished\":\"2025-10-30T10:06:05+00:00\",\"dateModified\":\"2026-04-03T02:02:51+00:00\",\"breadcrumb\":{\"@id\":\"https:\/\/dev.freakuence.nl\/de\/produkt\/bw-cm7\/#breadcrumb\"},\"inLanguage\":\"de\",\"potentialAction\":[{\"@type\":\"ReadAction\",\"target\":[\"https:\/\/dev.freakuence.nl\/de\/produkt\/bw-cm7\/\"]}]},{\"@type\":\"BreadcrumbList\",\"@id\":\"https:\/\/dev.freakuence.nl\/de\/produkt\/bw-cm7\/#breadcrumb\",\"itemListElement\":[{\"@type\":\"ListItem\",\"position\":1,\"name\":\"Home\",\"item\":\"https:\/\/dev.freakuence.nl\/de\/\"},{\"@type\":\"ListItem\",\"position\":2,\"name\":\"Products\",\"item\":\"https:\/\/dev.freakuence.nl\/en\/products\/\"},{\"@type\":\"ListItem\",\"position\":3,\"name\":\"SCHWARZWEISS CM7\"}]},{\"@type\":\"WebSite\",\"@id\":\"https:\/\/dev.freakuence.nl\/de\/#website\",\"url\":\"https:\/\/dev.freakuence.nl\/de\/\",\"name\":\"Freakuence!\",\"description\":\"Freakuence!\",\"alternateName\":\"Freakuence\",\"potentialAction\":[{\"@type\":\"SearchAction\",\"target\":{\"@type\":\"EntryPoint\",\"urlTemplate\":\"https:\/\/dev.freakuence.nl\/de\/?s={search_term_string}\"},\"query-input\":{\"@type\":\"PropertyValueSpecification\",\"valueRequired\":true,\"valueName\":\"search_term_string\"}}],\"inLanguage\":\"de\"}]}<\/script>\n<!-- \/ Yoast SEO plugin. -->","yoast_head_json":{"title":"B&amp;W CM7 | Freakuence!","robots":{"index":"noindex","follow":"follow","max-snippet":"max-snippet:-1","max-image-preview":"max-image-preview:large","max-video-preview":"max-video-preview:-1"},"og_locale":"de_DE","og_type":"article","og_title":"B&amp;W CM7 | Freakuence!","og_description":"Beschreibung Freakuence! Die Vorg\u00e4nger der aktuellen 700er Serie. Klingen dank ihres sch\u00f6nen Hocht\u00f6ners super klar. Aufgrund des gr\u00f6\u00dferen Geh\u00e4uses als bei der CM8 (wirklich) kommen mehr B\u00e4sse heraus, als Sie erwarten w\u00fcrden. Details Ladenpreis: 333.00 Geschichte der Marke Bowers &amp; Wilkins wurde 1966 von John Bowers und Roy Wilkins in der englischen Stadt Worthing gegr\u00fcndet. [&hellip;]","og_url":"https:\/\/dev.freakuence.nl\/de\/produkt\/bw-cm7\/","og_site_name":"Freakuence!","article_modified_time":"2026-04-03T02:02:51+00:00","twitter_card":"summary_large_image","schema":{"@context":"https:\/\/schema.org","@graph":[{"@type":"WebPage","@id":"https:\/\/dev.freakuence.nl\/de\/produkt\/bw-cm7\/","url":"https:\/\/dev.freakuence.nl\/de\/produkt\/bw-cm7\/","name":"B&amp;W CM7 | Freakuence!","isPartOf":{"@id":"https:\/\/dev.freakuence.nl\/de\/#website"},"datePublished":"2025-10-30T10:06:05+00:00","dateModified":"2026-04-03T02:02:51+00:00","breadcrumb":{"@id":"https:\/\/dev.freakuence.nl\/de\/produkt\/bw-cm7\/#breadcrumb"},"inLanguage":"de","potentialAction":[{"@type":"ReadAction","target":["https:\/\/dev.freakuence.nl\/de\/produkt\/bw-cm7\/"]}]},{"@type":"BreadcrumbList","@id":"https:\/\/dev.freakuence.nl\/de\/produkt\/bw-cm7\/#breadcrumb","itemListElement":[{"@type":"ListItem","position":1,"name":"Home","item":"https:\/\/dev.freakuence.nl\/de\/"},{"@type":"ListItem","position":2,"name":"Products","item":"https:\/\/dev.freakuence.nl\/en\/products\/"},{"@type":"ListItem","position":3,"name":"SCHWARZWEISS CM7"}]},{"@type":"WebSite","@id":"https:\/\/dev.freakuence.nl\/de\/#website","url":"https:\/\/dev.freakuence.nl\/de\/","name":"Freakuence!","description":"Freakuence!","alternateName":"Freakuence","potentialAction":[{"@type":"SearchAction","target":{"@type":"EntryPoint","urlTemplate":"https:\/\/dev.freakuence.nl\/de\/?s={search_term_string}"},"query-input":{"@type":"PropertyValueSpecification","valueRequired":true,"valueName":"search_term_string"}}],"inLanguage":"de"}]}},"_links":{"self":[{"href":"https:\/\/dev.freakuence.nl\/de\/wp-json\/wp\/v2\/product\/314068","targetHints":{"allow":["GET"]}}],"collection":[{"href":"https:\/\/dev.freakuence.nl\/de\/wp-json\/wp\/v2\/product"}],"about":[{"href":"https:\/\/dev.freakuence.nl\/de\/wp-json\/wp\/v2\/types\/product"}],"version-history":[{"count":1,"href":"https:\/\/dev.freakuence.nl\/de\/wp-json\/wp\/v2\/product\/314068\/revisions"}],"predecessor-version":[{"id":317934,"href":"https:\/\/dev.freakuence.nl\/de\/wp-json\/wp\/v2\/product\/314068\/revisions\/317934"}],"wp:attachment":[{"href":"https:\/\/dev.freakuence.nl\/de\/wp-json\/wp\/v2\/media?parent=314068"}],"wp:term":[{"taxonomy":"product_brand","embeddable":true,"href":"https:\/\/dev.freakuence.nl\/de\/wp-json\/wp\/v2\/product_brand?post=314068"},{"taxonomy":"product_cat","embeddable":true,"href":"https:\/\/dev.freakuence.nl\/de\/wp-json\/wp\/v2\/product_cat?post=314068"},{"taxonomy":"product_tag","embeddable":true,"href":"https:\/\/dev.freakuence.nl\/de\/wp-json\/wp\/v2\/product_tag?post=314068"}],"curies":[{"name":"wp","href":"https:\/\/api.w.org\/{rel}","templated":true}]}}