{"id":314257,"date":"2025-11-25T09:54:22","date_gmt":"2025-11-25T08:54:22","guid":{"rendered":"https:\/\/dev.freakuence.nl\/product\/mark-levinson-nr-5101\/"},"modified":"2026-04-11T04:23:25","modified_gmt":"2026-04-11T02:23:25","slug":"mark-levinson-nr-5101","status":"publish","type":"product","link":"https:\/\/dev.freakuence.nl\/de\/produkt\/mark-levinson-nr-5101\/","title":{"rendered":"Mark Levinson Nr. 5101"},"content":{"rendered":"<div class=\"product-specifications-list\">\n<div class=\"specification-item row-even\"><span class=\"spec-content\"><strong>Beschreibung Freakuence!<\/strong><\/span><\/div>\n<div class=\"specification-item row-odd\"><span class=\"spec-content\">TEST Leistungsstarker Player von Mark Levinson. Loopwork, DAC, Netzwerkspieler&#8230; ein Allrounder auf hohem Niveau. Dynamisch, detailreich&#8230; aber rund, wie Levinson es immer ist.<br \/>\nVerkaufspreis: 7190.00  <\/span><\/div>\n<div class=\"specification-item row-even\"><span class=\"spec-content\"><strong>Details<\/strong><\/span><\/div>\n<div class=\"specification-item row-odd\"><span class=\"spec-content\">TEST<\/span><\/div>\n<div class=\"specification-item row-even\"><span class=\"spec-content\"><strong>Allgemeine Beschreibung<\/strong><\/span><\/div>\n<div class=\"specification-item row-odd\">\n<p>&nbsp;<\/p>\n<p>TEST Dieses System kombiniert einen SACD-Player, einen Netzwerk-Streamer und einen Digital-Analog-Wandler in einem Ger\u00e4t. Es spielt SACD, CD-A, CD-R und CD-RW und unterst\u00fctzt FLAC, WAV, AIFF, OGG, MP3, AAC und WMA-Dateien. Hochaufl\u00f6sende Streams k\u00f6nnen \u00fcber Ethernet oder Wi-Fi abgespielt werden. Die analoge Ausgangsstufe verwendet eine vollst\u00e4ndig diskrete, direkt gekoppelte Dual-Mono-Line-Level-Ausgangsschaltung. Zu den optionalen digitalen Eing\u00e4ngen geh\u00f6ren koaxiale und optische Eing\u00e4nge sowie ein USB-A-Anschluss f\u00fcr die Wiedergabe von Dateien von USB-Laufwerken. Das System wurde in den USA entwickelt und pr\u00e4zise gefertigt.     <\/p>\n<p>&nbsp;<\/p>\n<\/div>\n<div class=\"specification-item row-even\"><span class=\"spec-content\"><strong>Hintergrundinformationen<\/strong><\/span><\/div>\n<div class=\"specification-item row-odd\">\n<p>&nbsp;<\/p>\n<p>TEST Der Mark Levinson No 39 ist als integrierter CD-Player mit hochwertigen DAC- und Vorverst\u00e4rkerfunktionen konzipiert. Entwickelt vom Team der Madrigal Audio Labs, das von Ingenieuren wie Tom Colangelo geleitet wird, verwendet der No 39 ausschlie\u00dflich audiophile diskrete Komponenten und ein vollst\u00e4ndig symmetrisches Schaltungsdesign. Das Geh\u00e4use ist aus massivem Aluminium gefr\u00e4st, um maximale Vibrationsd\u00e4mpfung zu gew\u00e4hrleisten. Die interne Verkabelung und die Stromversorgung wurden im eigenen Haus mit minimalen Signalwegen f\u00fcr optimale Reinheit entwickelt.   <\/p>\n<p>&nbsp;<\/p>\n<\/div>\n<div class=\"specification-item row-even\"><span class=\"spec-content\"><strong>Geschichte der Marke<\/strong><\/span><\/div>\n<div class=\"specification-item row-odd\">\n<p>&nbsp;<\/p>\n<p>TEST Mark Levinson wurde 1972 in den Vereinigten Staaten gegr\u00fcndet. Die Marke wurde nach ihrem Gr\u00fcnder, Mark Levinson, benannt, der als Musiker und Toningenieur t\u00e4tig war. Die erste kommerzielle Einf\u00fchrung war der Vorverst\u00e4rker LNP-2, der f\u00fcr professionelle Anwendungen entwickelt wurde. Sp\u00e4ter folgten weitere Ger\u00e4te, darunter Verst\u00e4rker und Prozessoren. Im Jahr 1980 wurde die Marke von Madrigal Audio Laboratories \u00fcbernommen, woraufhin die Produktentwicklung weiterging. Seit 1999 ist Mark Levinson Teil von Harman International Industries. Die Marke f\u00fchrte 2001 in Zusammenarbeit mit Lexus erstmals ein Audiosystem f\u00fcr den Einsatz in einem Fahrzeug ein. Bei der Entwicklung aller Produkte liegt der Schwerpunkt auf den technischen Spezifikationen und der Verarbeitung. Die Produktion erfolgt in den Vereinigten Staaten unter Verwendung ausgew\u00e4hlter Komponenten. Mark Levinson-Ger\u00e4te werden \u00fcber ein ausgew\u00e4hltes Netzwerk von Distributoren und H\u00e4ndlern weltweit an Kunden geliefert.         <\/p>\n<p>&nbsp;<\/p>\n<\/div>\n<\/div>\n","protected":false},"excerpt":{"rendered":"<p>Beschreibung Freakuence! TEST Leistungsstarker Player von Mark Levinson. Loopwork, DAC, Netzwerkspieler&#8230; ein Allrounder auf hohem Niveau. Dynamisch, detailreich&#8230; aber rund, wie Levinson es immer ist. Verkaufspreis: 7190.00 Details TEST Allgemeine Beschreibung &nbsp; TEST Dieses System kombiniert einen SACD-Player, einen Netzwerk-Streamer und einen Digital-Analog-Wandler in einem Ger\u00e4t. Es spielt SACD, CD-A, CD-R und CD-RW und unterst\u00fctzt [&hellip;]<\/p>\n","protected":false},"featured_media":0,"template":"","meta":{"_acf_changed":false,"inline_featured_image":false},"product_brand":[],"product_cat":[582,720,560],"product_tag":[555],"class_list":{"0":"post-314257","1":"product","2":"type-product","3":"status-publish","5":"product_cat-rohrenverstarker","6":"product_cat-stereoversterkers","7":"product_cat-verstarker","8":"product_tag-benutzt","9":"pa_kleur-schwarz","11":"first","12":"instock","13":"taxable","14":"shipping-taxable","15":"purchasable","16":"product-type-simple"},"acf":[],"yoast_head":"<!-- This site is optimized with the Yoast SEO plugin v25.9 - https:\/\/yoast.com\/wordpress\/plugins\/seo\/ -->\n<title>Mark Levinson Nr. 5101 | Freakuence!<\/title>\n<meta name=\"robots\" content=\"noindex, follow, max-snippet:-1, max-image-preview:large, max-video-preview:-1\" \/>\n<meta property=\"og:locale\" content=\"de_DE\" \/>\n<meta property=\"og:type\" content=\"article\" \/>\n<meta property=\"og:title\" content=\"Mark Levinson Nr. 5101 | Freakuence!\" \/>\n<meta property=\"og:description\" content=\"Beschreibung Freakuence! TEST Leistungsstarker Player von Mark Levinson. Loopwork, DAC, Netzwerkspieler&#8230; ein Allrounder auf hohem Niveau. Dynamisch, detailreich&#8230; aber rund, wie Levinson es immer ist. Verkaufspreis: 7190.00 Details TEST Allgemeine Beschreibung &nbsp; TEST Dieses System kombiniert einen SACD-Player, einen Netzwerk-Streamer und einen Digital-Analog-Wandler in einem Ger\u00e4t. Es spielt SACD, CD-A, CD-R und CD-RW und unterst\u00fctzt [&hellip;]\" \/>\n<meta property=\"og:url\" content=\"https:\/\/dev.freakuence.nl\/de\/produkt\/mark-levinson-nr-5101\/\" \/>\n<meta property=\"og:site_name\" content=\"Freakuence!\" \/>\n<meta property=\"article:modified_time\" content=\"2026-04-11T02:23:25+00:00\" \/>\n<meta name=\"twitter:card\" content=\"summary_large_image\" \/>\n<script type=\"application\/ld+json\" class=\"yoast-schema-graph\">{\"@context\":\"https:\/\/schema.org\",\"@graph\":[{\"@type\":\"WebPage\",\"@id\":\"https:\/\/dev.freakuence.nl\/de\/produkt\/mark-levinson-nr-5101\/\",\"url\":\"https:\/\/dev.freakuence.nl\/de\/produkt\/mark-levinson-nr-5101\/\",\"name\":\"Mark Levinson Nr. 5101 | Freakuence!\",\"isPartOf\":{\"@id\":\"https:\/\/dev.freakuence.nl\/de\/#website\"},\"datePublished\":\"2025-11-25T08:54:22+00:00\",\"dateModified\":\"2026-04-11T02:23:25+00:00\",\"breadcrumb\":{\"@id\":\"https:\/\/dev.freakuence.nl\/de\/produkt\/mark-levinson-nr-5101\/#breadcrumb\"},\"inLanguage\":\"de\",\"potentialAction\":[{\"@type\":\"ReadAction\",\"target\":[\"https:\/\/dev.freakuence.nl\/de\/produkt\/mark-levinson-nr-5101\/\"]}]},{\"@type\":\"BreadcrumbList\",\"@id\":\"https:\/\/dev.freakuence.nl\/de\/produkt\/mark-levinson-nr-5101\/#breadcrumb\",\"itemListElement\":[{\"@type\":\"ListItem\",\"position\":1,\"name\":\"Startseite\",\"item\":\"https:\/\/dev.freakuence.nl\/de\/\"},{\"@type\":\"ListItem\",\"position\":2,\"name\":\"Products\",\"item\":\"https:\/\/dev.freakuence.nl\/en\/products\/\"},{\"@type\":\"ListItem\",\"position\":3,\"name\":\"Mark Levinson Nr. 5101\"}]},{\"@type\":\"WebSite\",\"@id\":\"https:\/\/dev.freakuence.nl\/de\/#website\",\"url\":\"https:\/\/dev.freakuence.nl\/de\/\",\"name\":\"Freakuence!\",\"description\":\"Freakuence!\",\"alternateName\":\"Freakuence\",\"potentialAction\":[{\"@type\":\"SearchAction\",\"target\":{\"@type\":\"EntryPoint\",\"urlTemplate\":\"https:\/\/dev.freakuence.nl\/de\/?s={search_term_string}\"},\"query-input\":{\"@type\":\"PropertyValueSpecification\",\"valueRequired\":true,\"valueName\":\"search_term_string\"}}],\"inLanguage\":\"de\"}]}<\/script>\n<!-- \/ Yoast SEO plugin. -->","yoast_head_json":{"title":"Mark Levinson Nr. 5101 | Freakuence!","robots":{"index":"noindex","follow":"follow","max-snippet":"max-snippet:-1","max-image-preview":"max-image-preview:large","max-video-preview":"max-video-preview:-1"},"og_locale":"de_DE","og_type":"article","og_title":"Mark Levinson Nr. 5101 | Freakuence!","og_description":"Beschreibung Freakuence! TEST Leistungsstarker Player von Mark Levinson. Loopwork, DAC, Netzwerkspieler&#8230; ein Allrounder auf hohem Niveau. Dynamisch, detailreich&#8230; aber rund, wie Levinson es immer ist. Verkaufspreis: 7190.00 Details TEST Allgemeine Beschreibung &nbsp; TEST Dieses System kombiniert einen SACD-Player, einen Netzwerk-Streamer und einen Digital-Analog-Wandler in einem Ger\u00e4t. Es spielt SACD, CD-A, CD-R und CD-RW und unterst\u00fctzt [&hellip;]","og_url":"https:\/\/dev.freakuence.nl\/de\/produkt\/mark-levinson-nr-5101\/","og_site_name":"Freakuence!","article_modified_time":"2026-04-11T02:23:25+00:00","twitter_card":"summary_large_image","schema":{"@context":"https:\/\/schema.org","@graph":[{"@type":"WebPage","@id":"https:\/\/dev.freakuence.nl\/de\/produkt\/mark-levinson-nr-5101\/","url":"https:\/\/dev.freakuence.nl\/de\/produkt\/mark-levinson-nr-5101\/","name":"Mark Levinson Nr. 5101 | Freakuence!","isPartOf":{"@id":"https:\/\/dev.freakuence.nl\/de\/#website"},"datePublished":"2025-11-25T08:54:22+00:00","dateModified":"2026-04-11T02:23:25+00:00","breadcrumb":{"@id":"https:\/\/dev.freakuence.nl\/de\/produkt\/mark-levinson-nr-5101\/#breadcrumb"},"inLanguage":"de","potentialAction":[{"@type":"ReadAction","target":["https:\/\/dev.freakuence.nl\/de\/produkt\/mark-levinson-nr-5101\/"]}]},{"@type":"BreadcrumbList","@id":"https:\/\/dev.freakuence.nl\/de\/produkt\/mark-levinson-nr-5101\/#breadcrumb","itemListElement":[{"@type":"ListItem","position":1,"name":"Startseite","item":"https:\/\/dev.freakuence.nl\/de\/"},{"@type":"ListItem","position":2,"name":"Products","item":"https:\/\/dev.freakuence.nl\/en\/products\/"},{"@type":"ListItem","position":3,"name":"Mark Levinson Nr. 5101"}]},{"@type":"WebSite","@id":"https:\/\/dev.freakuence.nl\/de\/#website","url":"https:\/\/dev.freakuence.nl\/de\/","name":"Freakuence!","description":"Freakuence!","alternateName":"Freakuence","potentialAction":[{"@type":"SearchAction","target":{"@type":"EntryPoint","urlTemplate":"https:\/\/dev.freakuence.nl\/de\/?s={search_term_string}"},"query-input":{"@type":"PropertyValueSpecification","valueRequired":true,"valueName":"search_term_string"}}],"inLanguage":"de"}]}},"_links":{"self":[{"href":"https:\/\/dev.freakuence.nl\/de\/wp-json\/wp\/v2\/product\/314257","targetHints":{"allow":["GET"]}}],"collection":[{"href":"https:\/\/dev.freakuence.nl\/de\/wp-json\/wp\/v2\/product"}],"about":[{"href":"https:\/\/dev.freakuence.nl\/de\/wp-json\/wp\/v2\/types\/product"}],"version-history":[{"count":1,"href":"https:\/\/dev.freakuence.nl\/de\/wp-json\/wp\/v2\/product\/314257\/revisions"}],"predecessor-version":[{"id":318214,"href":"https:\/\/dev.freakuence.nl\/de\/wp-json\/wp\/v2\/product\/314257\/revisions\/318214"}],"wp:attachment":[{"href":"https:\/\/dev.freakuence.nl\/de\/wp-json\/wp\/v2\/media?parent=314257"}],"wp:term":[{"taxonomy":"product_brand","embeddable":true,"href":"https:\/\/dev.freakuence.nl\/de\/wp-json\/wp\/v2\/product_brand?post=314257"},{"taxonomy":"product_cat","embeddable":true,"href":"https:\/\/dev.freakuence.nl\/de\/wp-json\/wp\/v2\/product_cat?post=314257"},{"taxonomy":"product_tag","embeddable":true,"href":"https:\/\/dev.freakuence.nl\/de\/wp-json\/wp\/v2\/product_tag?post=314257"}],"curies":[{"name":"wp","href":"https:\/\/api.w.org\/{rel}","templated":true}]}}