{"id":314427,"date":"2026-01-21T05:25:47","date_gmt":"2026-01-21T04:25:47","guid":{"rendered":"https:\/\/dev.freakuence.nl\/product\/devore-fidelity-orang-utan-o-96\/"},"modified":"2026-01-22T07:49:55","modified_gmt":"2026-01-22T06:49:55","slug":"devore-fidelity-orang-utan-o-96","status":"publish","type":"product","link":"https:\/\/dev.freakuence.nl\/de\/produkt\/devore-fidelity-orang-utan-o-96\/","title":{"rendered":"DeVORE FIDELITY Orang-Utan O\/96"},"content":{"rendered":"<div class=\"product-specifications-list\">\n<div class=\"specification-item row-header\"><span class=\"spec-content\"><strong>Beschreibung Freakuence!<\/strong><\/span><\/div>\n<div class=\"specification-item row-even\"><span class=\"spec-content\">Diese Lautsprecher erwecken die Musik mit einer m\u00fchelosen Wiedergabe voller Geschwindigkeit, Dynamik und Luft zum Leben. Selbst weniger anspruchsvolle Aufnahmen klingen angenehm, ohne jemals aggressiv oder erm\u00fcdend zu werden. <\/span><\/div>\n<div class=\"specification-item row-odd\"><span class=\"spec-content\">Mit ihrem hohen Wirkungsgrad und der freundlichen Impedanzanpassung sind sie ein Genuss f\u00fcr eine Vielzahl von Verst\u00e4rkern. Sie eignen sich perfekt f\u00fcr kleinere R\u00e4ume und kurze H\u00f6rabst\u00e4nde. <\/span><\/div>\n<div class=\"specification-item row-even\"><span class=\"spec-content\">Die St\u00e4nde sind sch\u00f6n, aber relativ teuer.<\/span><\/div>\n<div class=\"specification-item row-odd\"><span class=\"spec-content\">Ladenpreis: 18885.00<\/span><\/div>\n<div class=\"specification-item row-header\"><span class=\"spec-content\"><strong>Details<\/strong><\/span><\/div>\n<div class=\"specification-item row-even\"><span class=\"spec-content\">Ausstellungsdemo vom Importeur. Ausstellungsmodelle haben kaum oder gar keine Betriebsstunden (auf einem Messestand k\u00f6nnen nicht alle Produkte gleichzeitig eingeschaltet sein), werden aus der Verpackung genommen, ausgestellt und dann oft direkt an unseren Shop geschickt. Mit der vollen offiziellen Herstellergarantie!  <\/span><\/div>\n<div class=\"specification-item row-odd\"><span class=\"spec-content\">Mehrwertsteuer-Produkt. Unternehmer, Menschen au\u00dferhalb der EU, nutzen den Vorteil. <\/span><\/div>\n<div class=\"specification-item row-even\"><span class=\"spec-content\">Andere Farben m\u00f6glich! Wir sind H\u00e4ndler, also z\u00f6gern Sie nicht, uns eine Nachricht zu schicken. M\u00f6glicherweise mit Ihrer Inzahlungnahmeanfrage.  <\/span><\/div>\n<div class=\"specification-item row-odd\"><span class=\"spec-content\">Hier ist Ihre Chance, endlich Demomaterial aus dem coolsten Laden des Universums in die H\u00e4nde zu bekommen. Ja! Eigentlich viel mehr wert als der Neupreis daf\u00fcr, aber wir werden uns zur\u00fcckhalten. Wurde nur f\u00fcr H\u00f6rsessions mit unseren Besuchern verwendet, hatte also keinen privaten Besitzer.   <\/span><\/div>\n<div class=\"specification-item row-header\"><span class=\"spec-content\"><strong>Allgemeine Beschreibung<\/strong><\/span><\/div>\n<div class=\"specification-item row-even\"><span class=\"spec-content\">Der DeVORE FIDELITY Orangutan O\/96 ist ein Lautsprecher, der f\u00fcr seine musikalische und pr\u00e4zise Wiedergabe bekannt ist. Mit einer 10-Zoll-Papiermembran und einem 1-Zoll-Seidenkalotten-Hocht\u00f6ner liefert dieser Lautsprecher einen offenen und lebendigen Klang. <\/span><\/div>\n<div class=\"specification-item row-odd\"><span class=\"spec-content\">Dank seiner hohen Empfindlichkeit ist der O\/96 f\u00fcr Verst\u00e4rker mit geringer Leistung, wie z.B. R\u00f6hrenverst\u00e4rker, geeignet.<\/span><\/div>\n<div class=\"specification-item row-even\"><span class=\"spec-content\">Das Design kombiniert klassische \u00c4sthetik mit hochwertigen Materialien, was zu einem zeitlosen Look f\u00fchrt.<\/span><\/div>\n<div class=\"specification-item row-header\"><span class=\"spec-content\"><strong>Hintergrundinformationen<\/strong><\/span><\/div>\n<div class=\"specification-item row-even\"><span class=\"spec-content\">Der Orangutan O\/96 wurde von John DeVore mit dem Ziel maximaler Musikalit\u00e4t und Effizienz entwickelt. Der Lautsprecher verwendet ma\u00dfgefertigte 10-Zoll-Tieft\u00f6ner und Seiden-Weichkalotten-Hocht\u00f6ner, die in einem handgefertigten Furnier-Geh\u00e4use untergebracht sind. <\/span><\/div>\n<div class=\"specification-item row-odd\"><span class=\"spec-content\">Das Geh\u00e4use ist f\u00fcr eine optimale Resonanzkontrolle ausgelegt.<\/span><\/div>\n<div class=\"specification-item row-even\"><span class=\"spec-content\">Die interne Verkabelung und die Komponenten wurden sorgf\u00e4ltig auf Reinheit und Klangintegrit\u00e4t ausgew\u00e4hlt.<\/span><\/div>\n<div class=\"specification-item row-odd\"><span class=\"spec-content\">Alles wird in New York von Hand montiert.<\/span><\/div>\n<div class=\"specification-item row-header\"><span class=\"spec-content\"><strong>Geschichte der Marke<\/strong><\/span><\/div>\n<div class=\"specification-item row-even\"><span class=\"spec-content\">DeVORE Fidelity wurde im Jahr 2000 von John DeVore gegr\u00fcndet, der als Pr\u00e4sident und Chefdesigner fungiert.<\/span><\/div>\n<div class=\"specification-item row-odd\"><span class=\"spec-content\">Das Unternehmen baut alle seine Lautsprecher von Hand in Brooklyn, New York. John DeVore brachte seine Erfahrungen als Musiker und sein jahrelanges Engagement in der HiFi-Industrie in das Unternehmen ein. <\/span><\/div>\n<div class=\"specification-item row-even\"><span class=\"spec-content\">DeVORE Fidelity hat mehrere Lautsprecherlinien entwickelt, darunter die Gibbon-Serie und die Orang-Utan-Serie.<\/span><\/div>\n<div class=\"specification-item row-odd\"><span class=\"spec-content\">Die gibbon Serie umfasst Modelle wie den gibbon X und den gibbon Super Nine.<\/span><\/div>\n<div class=\"specification-item row-even\"><span class=\"spec-content\">Die Orangutan-Serie besteht aus Modellen wie dem O\/96, O\/93 und dem O\/Reference.<\/span><\/div>\n<\/div>\n","protected":false},"excerpt":{"rendered":"<p>Beschreibung Freakuence! Diese Lautsprecher erwecken die Musik mit einer m\u00fchelosen Wiedergabe voller Geschwindigkeit, Dynamik und Luft zum Leben. Selbst weniger anspruchsvolle Aufnahmen klingen angenehm, ohne jemals aggressiv oder erm\u00fcdend zu werden. Mit ihrem hohen Wirkungsgrad und der freundlichen Impedanzanpassung sind sie ein Genuss f\u00fcr eine Vielzahl von Verst\u00e4rkern. Sie eignen sich perfekt f\u00fcr kleinere R\u00e4ume [&hellip;]<\/p>\n","protected":false},"featured_media":0,"template":"","meta":{"_acf_changed":false,"inline_featured_image":false},"product_brand":[],"product_cat":[],"product_tag":[],"class_list":{"0":"post-314427","1":"product","2":"type-product","3":"status-publish","6":"first","7":"instock","8":"taxable","9":"shipping-taxable","10":"purchasable","11":"product-type-simple"},"acf":[],"yoast_head":"<!-- This site is optimized with the Yoast SEO plugin v25.9 - https:\/\/yoast.com\/wordpress\/plugins\/seo\/ -->\n<title>DeVORE FIDELITY Orang-Utan O\/96 | Freakuence!<\/title>\n<meta name=\"description\" content=\"DeVORE FIDELITY Orangutan O\/96: High-End-Lautsprecher mit 96 dB Empfindlichkeit und 10 Ohm Impedanz, ideal f\u00fcr R\u00f6hrenverst\u00e4rker. Erleben Sie eine unvergleichliche Musikalit\u00e4t. Bestellen Sie jetzt!\" \/>\n<meta name=\"robots\" content=\"noindex, follow, max-snippet:-1, max-image-preview:large, max-video-preview:-1\" \/>\n<meta property=\"og:locale\" content=\"de_DE\" \/>\n<meta property=\"og:type\" content=\"article\" \/>\n<meta property=\"og:title\" content=\"DeVORE FIDELITY Orang-Utan O\/96 | Freakuence!\" \/>\n<meta property=\"og:description\" content=\"DeVORE FIDELITY Orangutan O\/96: High-End-Lautsprecher mit 96 dB Empfindlichkeit und 10 Ohm Impedanz, ideal f\u00fcr R\u00f6hrenverst\u00e4rker. Erleben Sie eine unvergleichliche Musikalit\u00e4t. Bestellen Sie jetzt!\" \/>\n<meta property=\"og:url\" content=\"https:\/\/dev.freakuence.nl\/de\/produkt\/devore-fidelity-orang-utan-o-96\/\" \/>\n<meta property=\"og:site_name\" content=\"Freakuence!\" \/>\n<meta property=\"article:modified_time\" content=\"2026-01-22T06:49:55+00:00\" \/>\n<meta name=\"twitter:card\" content=\"summary_large_image\" \/>\n<script type=\"application\/ld+json\" class=\"yoast-schema-graph\">{\"@context\":\"https:\/\/schema.org\",\"@graph\":[{\"@type\":\"WebPage\",\"@id\":\"https:\/\/dev.freakuence.nl\/de\/produkt\/devore-fidelity-orang-utan-o-96\/\",\"url\":\"https:\/\/dev.freakuence.nl\/de\/produkt\/devore-fidelity-orang-utan-o-96\/\",\"name\":\"DeVORE FIDELITY Orang-Utan O\/96 | Freakuence!\",\"isPartOf\":{\"@id\":\"https:\/\/dev.freakuence.nl\/de\/#website\"},\"datePublished\":\"2026-01-21T04:25:47+00:00\",\"dateModified\":\"2026-01-22T06:49:55+00:00\",\"description\":\"DeVORE FIDELITY Orangutan O\/96: High-End-Lautsprecher mit 96 dB Empfindlichkeit und 10 Ohm Impedanz, ideal f\u00fcr R\u00f6hrenverst\u00e4rker. Erleben Sie eine unvergleichliche Musikalit\u00e4t. Bestellen Sie jetzt!\",\"breadcrumb\":{\"@id\":\"https:\/\/dev.freakuence.nl\/de\/produkt\/devore-fidelity-orang-utan-o-96\/#breadcrumb\"},\"inLanguage\":\"de\",\"potentialAction\":[{\"@type\":\"ReadAction\",\"target\":[\"https:\/\/dev.freakuence.nl\/de\/produkt\/devore-fidelity-orang-utan-o-96\/\"]}]},{\"@type\":\"BreadcrumbList\",\"@id\":\"https:\/\/dev.freakuence.nl\/de\/produkt\/devore-fidelity-orang-utan-o-96\/#breadcrumb\",\"itemListElement\":[{\"@type\":\"ListItem\",\"position\":1,\"name\":\"Startseite\",\"item\":\"https:\/\/dev.freakuence.nl\/de\/\"},{\"@type\":\"ListItem\",\"position\":2,\"name\":\"Products\",\"item\":\"https:\/\/dev.freakuence.nl\/en\/products\/\"},{\"@type\":\"ListItem\",\"position\":3,\"name\":\"DeVORE FIDELITY Orang-Utan O\/96\"}]},{\"@type\":\"WebSite\",\"@id\":\"https:\/\/dev.freakuence.nl\/de\/#website\",\"url\":\"https:\/\/dev.freakuence.nl\/de\/\",\"name\":\"Freakuence!\",\"description\":\"Freakuence!\",\"alternateName\":\"Freakuence\",\"potentialAction\":[{\"@type\":\"SearchAction\",\"target\":{\"@type\":\"EntryPoint\",\"urlTemplate\":\"https:\/\/dev.freakuence.nl\/de\/?s={search_term_string}\"},\"query-input\":{\"@type\":\"PropertyValueSpecification\",\"valueRequired\":true,\"valueName\":\"search_term_string\"}}],\"inLanguage\":\"de\"}]}<\/script>\n<!-- \/ Yoast SEO plugin. -->","yoast_head_json":{"title":"DeVORE FIDELITY Orang-Utan O\/96 | Freakuence!","description":"DeVORE FIDELITY Orangutan O\/96: High-End-Lautsprecher mit 96 dB Empfindlichkeit und 10 Ohm Impedanz, ideal f\u00fcr R\u00f6hrenverst\u00e4rker. Erleben Sie eine unvergleichliche Musikalit\u00e4t. Bestellen Sie jetzt!","robots":{"index":"noindex","follow":"follow","max-snippet":"max-snippet:-1","max-image-preview":"max-image-preview:large","max-video-preview":"max-video-preview:-1"},"og_locale":"de_DE","og_type":"article","og_title":"DeVORE FIDELITY Orang-Utan O\/96 | Freakuence!","og_description":"DeVORE FIDELITY Orangutan O\/96: High-End-Lautsprecher mit 96 dB Empfindlichkeit und 10 Ohm Impedanz, ideal f\u00fcr R\u00f6hrenverst\u00e4rker. Erleben Sie eine unvergleichliche Musikalit\u00e4t. Bestellen Sie jetzt!","og_url":"https:\/\/dev.freakuence.nl\/de\/produkt\/devore-fidelity-orang-utan-o-96\/","og_site_name":"Freakuence!","article_modified_time":"2026-01-22T06:49:55+00:00","twitter_card":"summary_large_image","schema":{"@context":"https:\/\/schema.org","@graph":[{"@type":"WebPage","@id":"https:\/\/dev.freakuence.nl\/de\/produkt\/devore-fidelity-orang-utan-o-96\/","url":"https:\/\/dev.freakuence.nl\/de\/produkt\/devore-fidelity-orang-utan-o-96\/","name":"DeVORE FIDELITY Orang-Utan O\/96 | Freakuence!","isPartOf":{"@id":"https:\/\/dev.freakuence.nl\/de\/#website"},"datePublished":"2026-01-21T04:25:47+00:00","dateModified":"2026-01-22T06:49:55+00:00","description":"DeVORE FIDELITY Orangutan O\/96: High-End-Lautsprecher mit 96 dB Empfindlichkeit und 10 Ohm Impedanz, ideal f\u00fcr R\u00f6hrenverst\u00e4rker. Erleben Sie eine unvergleichliche Musikalit\u00e4t. Bestellen Sie jetzt!","breadcrumb":{"@id":"https:\/\/dev.freakuence.nl\/de\/produkt\/devore-fidelity-orang-utan-o-96\/#breadcrumb"},"inLanguage":"de","potentialAction":[{"@type":"ReadAction","target":["https:\/\/dev.freakuence.nl\/de\/produkt\/devore-fidelity-orang-utan-o-96\/"]}]},{"@type":"BreadcrumbList","@id":"https:\/\/dev.freakuence.nl\/de\/produkt\/devore-fidelity-orang-utan-o-96\/#breadcrumb","itemListElement":[{"@type":"ListItem","position":1,"name":"Startseite","item":"https:\/\/dev.freakuence.nl\/de\/"},{"@type":"ListItem","position":2,"name":"Products","item":"https:\/\/dev.freakuence.nl\/en\/products\/"},{"@type":"ListItem","position":3,"name":"DeVORE FIDELITY Orang-Utan O\/96"}]},{"@type":"WebSite","@id":"https:\/\/dev.freakuence.nl\/de\/#website","url":"https:\/\/dev.freakuence.nl\/de\/","name":"Freakuence!","description":"Freakuence!","alternateName":"Freakuence","potentialAction":[{"@type":"SearchAction","target":{"@type":"EntryPoint","urlTemplate":"https:\/\/dev.freakuence.nl\/de\/?s={search_term_string}"},"query-input":{"@type":"PropertyValueSpecification","valueRequired":true,"valueName":"search_term_string"}}],"inLanguage":"de"}]}},"_links":{"self":[{"href":"https:\/\/dev.freakuence.nl\/de\/wp-json\/wp\/v2\/product\/314427","targetHints":{"allow":["GET"]}}],"collection":[{"href":"https:\/\/dev.freakuence.nl\/de\/wp-json\/wp\/v2\/product"}],"about":[{"href":"https:\/\/dev.freakuence.nl\/de\/wp-json\/wp\/v2\/types\/product"}],"version-history":[{"count":0,"href":"https:\/\/dev.freakuence.nl\/de\/wp-json\/wp\/v2\/product\/314427\/revisions"}],"wp:attachment":[{"href":"https:\/\/dev.freakuence.nl\/de\/wp-json\/wp\/v2\/media?parent=314427"}],"wp:term":[{"taxonomy":"product_brand","embeddable":true,"href":"https:\/\/dev.freakuence.nl\/de\/wp-json\/wp\/v2\/product_brand?post=314427"},{"taxonomy":"product_cat","embeddable":true,"href":"https:\/\/dev.freakuence.nl\/de\/wp-json\/wp\/v2\/product_cat?post=314427"},{"taxonomy":"product_tag","embeddable":true,"href":"https:\/\/dev.freakuence.nl\/de\/wp-json\/wp\/v2\/product_tag?post=314427"}],"curies":[{"name":"wp","href":"https:\/\/api.w.org\/{rel}","templated":true}]}}