{"id":314462,"date":"2026-01-22T08:01:54","date_gmt":"2026-01-22T07:01:54","guid":{"rendered":"https:\/\/dev.freakuence.nl\/product\/atoll-in200-evo\/"},"modified":"2026-01-22T10:02:47","modified_gmt":"2026-01-22T09:02:47","slug":"atoll-in200-evo","status":"publish","type":"product","link":"https:\/\/dev.freakuence.nl\/de\/produkt\/atoll-in200-evo\/","title":{"rendered":"Atoll IN200 EVO"},"content":{"rendered":"<div class=\"product-specifications-list\">\n<div class=\"specification-item row-even\"><span class=\"spec-content\"><strong>Beschreibung Freakuence!<\/strong><\/span><\/div>\n<div class=\"specification-item row-odd\"><span class=\"spec-content\">Dieses Ger\u00e4t ist Ihr bester Kumpel. Alles klingt pr\u00e4zise, Jazz oder Rock. Warm-voll, fesselnd. Die Welt der reinen Harmonien. Absolut empfehlenswert f\u00fcr den H\u00f6rer, der sich nicht f\u00fcr die kleinsten Details interessiert, sondern es vorzieht, ohne Ablenkungen zu h\u00f6ren.    <\/span><\/div>\n<div class=\"specification-item row-even\"><span class=\"spec-content\">Ladenpreis: 1850.00<\/span><\/div>\n<div class=\"specification-item row-odd\"><span class=\"spec-content\"><strong>Details<\/strong><\/span><\/div>\n<div class=\"specification-item row-even\"><span class=\"spec-content\">Inklusive DA100 DAC-Modul<\/span><\/div>\n<div class=\"specification-item row-odd\"><span class=\"spec-content\"><strong>Allgemeine Beschreibung<\/strong><\/span><\/div>\n<div class=\"specification-item row-even\"><span class=\"spec-content\">Der Atoll IN200 EVO bietet ein kraftvolles Verst\u00e4rkererlebnis mit einer RMS-Leistung von 120 Watt pro Kanal an 8 Ohm. Ausgestattet mit einem dynamischen Dual-Mono-Design und hochwertigen Komponenten, sorgt dieser Vollverst\u00e4rker f\u00fcr eine optimale Audioleistung. Es stehen f\u00fcnf Line-Eing\u00e4nge f\u00fcr analoge Quellen zur Verf\u00fcgung, mit einer Option f\u00fcr einen Phono-Anschluss. Der Verst\u00e4rker verf\u00fcgt \u00fcber einen integrierten Vorverst\u00e4rkerausgang, ideal f\u00fcr Bi-Amping. Eine optionale DAC-Karte erm\u00f6glicht die Einbindung digitaler Quellen, w\u00e4hrend ein Bluetooth-Modul f\u00fcr drahtlose Konnektivit\u00e4t sorgt. Die Konstruktion ist solide, mit einer drei Millimeter dicken, schwarz lackierten Aluminium-Frontplatte, die zur Haltbarkeit des Geh\u00e4uses beitr\u00e4gt.     <\/span><\/div>\n<div class=\"specification-item row-odd\"><span class=\"spec-content\"><strong>Hintergrundinformationen<\/strong><\/span><\/div>\n<div class=\"specification-item row-even\"><span class=\"spec-content\">Der Atoll ST200 Signature wurde in Frankreich vom regul\u00e4ren Atoll-Entwicklungsteam mit Blick auf maximale Synergie zwischen digitalen und analogen Technologien entworfen. Das Geh\u00e4use besteht aus geb\u00fcrstetem Aluminium, w\u00e4hrend im Inneren hochwertige Komponenten verwendet wurden, wie z.B. ein Burr-Brown DAC und vollst\u00e4ndig getrennte Netzteile. Alles ist auf die Reinheit des Signals und die Stabilit\u00e4t beim Streaming ausgerichtet.  <\/span><\/div>\n<div class=\"specification-item row-odd\"><span class=\"spec-content\"><strong>Geschichte der Marke<\/strong><\/span><\/div>\n<div class=\"specification-item row-even\"><span class=\"spec-content\">Atoll Electronique wurde 1997 von den Br\u00fcdern St\u00e9phane und Emmanuel Dubreuil in Br\u00e9cey, Frankreich, gegr\u00fcndet. Ihr Ziel war es, hochwertige Audiokomponenten f\u00fcr ein breites Publikum zu entwickeln. St\u00e9phane und Emmanuel kombinieren ihr technisches Fachwissen und ihre Leidenschaft f\u00fcr Musik, um Produkte zu entwerfen und zu produzieren, die in Frankreich hergestellt werden. Die Philosophie von Atoll konzentriert sich auf die Einfachheit des Designs, die Verwendung von Qualit\u00e4tskomponenten und einen starken Fokus auf die manuelle Montage, um ein hohes Ma\u00df an Handwerkskunst zu gew\u00e4hrleisten. Ihr Ansatz spiegelt eine Verpflichtung zu Pr\u00e4zision und Gr\u00fcndlichkeit in jedem Aspekt des Produktionsprozesses wider.    <\/span><\/div>\n<\/div>\n","protected":false},"excerpt":{"rendered":"<p>Beschreibung Freakuence! Dieses Ger\u00e4t ist Ihr bester Kumpel. Alles klingt pr\u00e4zise, Jazz oder Rock. Warm-voll, fesselnd. Die Welt der reinen Harmonien. Absolut empfehlenswert f\u00fcr den H\u00f6rer, der sich nicht f\u00fcr die kleinsten Details interessiert, sondern es vorzieht, ohne Ablenkungen zu h\u00f6ren. Ladenpreis: 1850.00 Details Inklusive DA100 DAC-Modul Allgemeine Beschreibung Der Atoll IN200 EVO bietet ein [&hellip;]<\/p>\n","protected":false},"featured_media":0,"template":"","meta":{"_acf_changed":false,"inline_featured_image":false},"product_brand":[],"product_cat":[],"product_tag":[],"class_list":{"0":"post-314462","1":"product","2":"type-product","3":"status-publish","6":"first","7":"instock","8":"taxable","9":"shipping-taxable","10":"purchasable","11":"product-type-simple"},"acf":[],"yoast_head":"<!-- This site is optimized with the Yoast SEO plugin v25.9 - https:\/\/yoast.com\/wordpress\/plugins\/seo\/ -->\n<title>Atoll IN200 EVO | Freakuence!<\/title>\n<meta name=\"robots\" content=\"noindex, follow, max-snippet:-1, max-image-preview:large, max-video-preview:-1\" \/>\n<meta property=\"og:locale\" content=\"de_DE\" \/>\n<meta property=\"og:type\" content=\"article\" \/>\n<meta property=\"og:title\" content=\"Atoll IN200 EVO | Freakuence!\" \/>\n<meta property=\"og:description\" content=\"Beschreibung Freakuence! Dieses Ger\u00e4t ist Ihr bester Kumpel. Alles klingt pr\u00e4zise, Jazz oder Rock. Warm-voll, fesselnd. Die Welt der reinen Harmonien. Absolut empfehlenswert f\u00fcr den H\u00f6rer, der sich nicht f\u00fcr die kleinsten Details interessiert, sondern es vorzieht, ohne Ablenkungen zu h\u00f6ren. Ladenpreis: 1850.00 Details Inklusive DA100 DAC-Modul Allgemeine Beschreibung Der Atoll IN200 EVO bietet ein [&hellip;]\" \/>\n<meta property=\"og:url\" content=\"https:\/\/dev.freakuence.nl\/de\/produkt\/atoll-in200-evo\/\" \/>\n<meta property=\"og:site_name\" content=\"Freakuence!\" \/>\n<meta property=\"article:modified_time\" content=\"2026-01-22T09:02:47+00:00\" \/>\n<meta name=\"twitter:card\" content=\"summary_large_image\" \/>\n<script type=\"application\/ld+json\" class=\"yoast-schema-graph\">{\"@context\":\"https:\/\/schema.org\",\"@graph\":[{\"@type\":\"WebPage\",\"@id\":\"https:\/\/dev.freakuence.nl\/de\/produkt\/atoll-in200-evo\/\",\"url\":\"https:\/\/dev.freakuence.nl\/de\/produkt\/atoll-in200-evo\/\",\"name\":\"Atoll IN200 EVO | Freakuence!\",\"isPartOf\":{\"@id\":\"https:\/\/dev.freakuence.nl\/de\/#website\"},\"datePublished\":\"2026-01-22T07:01:54+00:00\",\"dateModified\":\"2026-01-22T09:02:47+00:00\",\"breadcrumb\":{\"@id\":\"https:\/\/dev.freakuence.nl\/de\/produkt\/atoll-in200-evo\/#breadcrumb\"},\"inLanguage\":\"de\",\"potentialAction\":[{\"@type\":\"ReadAction\",\"target\":[\"https:\/\/dev.freakuence.nl\/de\/produkt\/atoll-in200-evo\/\"]}]},{\"@type\":\"BreadcrumbList\",\"@id\":\"https:\/\/dev.freakuence.nl\/de\/produkt\/atoll-in200-evo\/#breadcrumb\",\"itemListElement\":[{\"@type\":\"ListItem\",\"position\":1,\"name\":\"Startseite\",\"item\":\"https:\/\/dev.freakuence.nl\/de\/\"},{\"@type\":\"ListItem\",\"position\":2,\"name\":\"Products\",\"item\":\"https:\/\/dev.freakuence.nl\/en\/products\/\"},{\"@type\":\"ListItem\",\"position\":3,\"name\":\"Atoll IN200 EVO\"}]},{\"@type\":\"WebSite\",\"@id\":\"https:\/\/dev.freakuence.nl\/de\/#website\",\"url\":\"https:\/\/dev.freakuence.nl\/de\/\",\"name\":\"Freakuence!\",\"description\":\"Freakuence!\",\"alternateName\":\"Freakuence\",\"potentialAction\":[{\"@type\":\"SearchAction\",\"target\":{\"@type\":\"EntryPoint\",\"urlTemplate\":\"https:\/\/dev.freakuence.nl\/de\/?s={search_term_string}\"},\"query-input\":{\"@type\":\"PropertyValueSpecification\",\"valueRequired\":true,\"valueName\":\"search_term_string\"}}],\"inLanguage\":\"de\"}]}<\/script>\n<!-- \/ Yoast SEO plugin. -->","yoast_head_json":{"title":"Atoll IN200 EVO | Freakuence!","robots":{"index":"noindex","follow":"follow","max-snippet":"max-snippet:-1","max-image-preview":"max-image-preview:large","max-video-preview":"max-video-preview:-1"},"og_locale":"de_DE","og_type":"article","og_title":"Atoll IN200 EVO | Freakuence!","og_description":"Beschreibung Freakuence! Dieses Ger\u00e4t ist Ihr bester Kumpel. Alles klingt pr\u00e4zise, Jazz oder Rock. Warm-voll, fesselnd. Die Welt der reinen Harmonien. Absolut empfehlenswert f\u00fcr den H\u00f6rer, der sich nicht f\u00fcr die kleinsten Details interessiert, sondern es vorzieht, ohne Ablenkungen zu h\u00f6ren. Ladenpreis: 1850.00 Details Inklusive DA100 DAC-Modul Allgemeine Beschreibung Der Atoll IN200 EVO bietet ein [&hellip;]","og_url":"https:\/\/dev.freakuence.nl\/de\/produkt\/atoll-in200-evo\/","og_site_name":"Freakuence!","article_modified_time":"2026-01-22T09:02:47+00:00","twitter_card":"summary_large_image","schema":{"@context":"https:\/\/schema.org","@graph":[{"@type":"WebPage","@id":"https:\/\/dev.freakuence.nl\/de\/produkt\/atoll-in200-evo\/","url":"https:\/\/dev.freakuence.nl\/de\/produkt\/atoll-in200-evo\/","name":"Atoll IN200 EVO | Freakuence!","isPartOf":{"@id":"https:\/\/dev.freakuence.nl\/de\/#website"},"datePublished":"2026-01-22T07:01:54+00:00","dateModified":"2026-01-22T09:02:47+00:00","breadcrumb":{"@id":"https:\/\/dev.freakuence.nl\/de\/produkt\/atoll-in200-evo\/#breadcrumb"},"inLanguage":"de","potentialAction":[{"@type":"ReadAction","target":["https:\/\/dev.freakuence.nl\/de\/produkt\/atoll-in200-evo\/"]}]},{"@type":"BreadcrumbList","@id":"https:\/\/dev.freakuence.nl\/de\/produkt\/atoll-in200-evo\/#breadcrumb","itemListElement":[{"@type":"ListItem","position":1,"name":"Startseite","item":"https:\/\/dev.freakuence.nl\/de\/"},{"@type":"ListItem","position":2,"name":"Products","item":"https:\/\/dev.freakuence.nl\/en\/products\/"},{"@type":"ListItem","position":3,"name":"Atoll IN200 EVO"}]},{"@type":"WebSite","@id":"https:\/\/dev.freakuence.nl\/de\/#website","url":"https:\/\/dev.freakuence.nl\/de\/","name":"Freakuence!","description":"Freakuence!","alternateName":"Freakuence","potentialAction":[{"@type":"SearchAction","target":{"@type":"EntryPoint","urlTemplate":"https:\/\/dev.freakuence.nl\/de\/?s={search_term_string}"},"query-input":{"@type":"PropertyValueSpecification","valueRequired":true,"valueName":"search_term_string"}}],"inLanguage":"de"}]}},"_links":{"self":[{"href":"https:\/\/dev.freakuence.nl\/de\/wp-json\/wp\/v2\/product\/314462","targetHints":{"allow":["GET"]}}],"collection":[{"href":"https:\/\/dev.freakuence.nl\/de\/wp-json\/wp\/v2\/product"}],"about":[{"href":"https:\/\/dev.freakuence.nl\/de\/wp-json\/wp\/v2\/types\/product"}],"version-history":[{"count":0,"href":"https:\/\/dev.freakuence.nl\/de\/wp-json\/wp\/v2\/product\/314462\/revisions"}],"wp:attachment":[{"href":"https:\/\/dev.freakuence.nl\/de\/wp-json\/wp\/v2\/media?parent=314462"}],"wp:term":[{"taxonomy":"product_brand","embeddable":true,"href":"https:\/\/dev.freakuence.nl\/de\/wp-json\/wp\/v2\/product_brand?post=314462"},{"taxonomy":"product_cat","embeddable":true,"href":"https:\/\/dev.freakuence.nl\/de\/wp-json\/wp\/v2\/product_cat?post=314462"},{"taxonomy":"product_tag","embeddable":true,"href":"https:\/\/dev.freakuence.nl\/de\/wp-json\/wp\/v2\/product_tag?post=314462"}],"curies":[{"name":"wp","href":"https:\/\/api.w.org\/{rel}","templated":true}]}}