{"id":315031,"date":"2026-02-04T08:44:28","date_gmt":"2026-02-04T07:44:28","guid":{"rendered":"https:\/\/dev.freakuence.nl\/product\/hegel-h190v\/"},"modified":"2026-02-04T08:44:28","modified_gmt":"2026-02-04T07:44:28","slug":"hegel-h190v","status":"publish","type":"product","link":"https:\/\/dev.freakuence.nl\/de\/produkt\/hegel-h190v\/","title":{"rendered":"Hegel H190v"},"content":{"rendered":"<div class=\"product-specifications-list\">\n<div class=\"specification-item row-header\"><span class=\"spec-content\"><strong>Beschreibung Freakuence!<\/strong><\/span><\/div>\n<div class=\"specification-item row-even\"><span class=\"spec-content\">Hegel H190v, der Hegel mit Phono-Verst\u00e4rker. Bringt alles ohne viel Aufhebens zusammen. Kraft! Detail. Der Hegel kann es&#8230; und zwar gut.    <\/span><\/div>\n<div class=\"specification-item row-odd\"><span class=\"spec-content\">Ladenpreis: 3695.00<\/span><\/div>\n<div class=\"specification-item row-header\"><span class=\"spec-content\"><strong>Allgemeine Beschreibung<\/strong><\/span><\/div>\n<div class=\"specification-item row-even\"><span class=\"spec-content\">Mit einer Ausgangsleistung von 2 x 150 W an 8 \u03a9 und einem D\u00e4mpfungsfaktor von \u00fcber 4000 liefert dieses Ger\u00e4t ausreichend Leistung und Kontrolle f\u00fcr eine Vielzahl von Lautsprechern. Der Frequenzbereich reicht von 5 Hz bis 100 kHz und bietet damit ein breites Klangspektrum. Der Signal-Rausch-Abstand liegt bei \u00fcber 100 dB, was zu einer sauberen und klaren Wiedergabe beitr\u00e4gt. Mit analogen Eing\u00e4ngen, darunter symmetrische (XLR) und unsymmetrische (Cinch) Anschl\u00fcsse sowie ein Phonoeingang f\u00fcr MM-Tonabnehmer, bietet er vielseitige Anschlussm\u00f6glichkeiten. Dar\u00fcber hinaus stehen digitale Eing\u00e4nge zur Verf\u00fcgung: koaxial, optisch, USB und Netzwerk, die die Integration verschiedener digitaler Quellen erm\u00f6glichen. Das Ger\u00e4t unterst\u00fctzt Streaming \u00fcber AirPlay, Roon Ready, Spotify Connect und UPnP, so dass Sie ganz einfach Musik von verschiedenen Plattformen abspielen k\u00f6nnen. F\u00fcr pers\u00f6nliche H\u00f6rsessions steht ein 6,3 mm Kopfh\u00f6reranschluss zur Verf\u00fcgung. Die Abmessungen sind 12 cm x 43 cm x 41 cm (HxBxT) und das Gewicht betr\u00e4gt 14,2 kg.       <\/span><\/div>\n<div class=\"specification-item row-header\"><span class=\"spec-content\"><strong>Geschichte der Marke<\/strong><\/span><\/div>\n<div class=\"specification-item row-even\"><span class=\"spec-content\">Hegel wurde in den sp\u00e4ten 1980er Jahren von Bent Holter in Norwegen gegr\u00fcndet. Im Rahmen seiner Abschlussarbeit an der Technischen Universit\u00e4t Trondheim entwickelte er eine L\u00f6sung zur Reduzierung von Verzerrungen in Transistorverst\u00e4rkern. Dies f\u00fchrte zu der Technologie, die sp\u00e4ter als SoundEngine bekannt wurde. Im Jahr 1988 wurde der Name Hegel erstmals f\u00fcr einen Verst\u00e4rker verwendet. In den 1990er Jahren brachte das Unternehmen mehrere CD-Player und Verst\u00e4rker heraus. Im Jahr 1996 wurde der erste vollsymmetrische Verst\u00e4rker vorgestellt. Um 2004 begann die Marke mit der Entwicklung von DA-Wandlern. Sp\u00e4ter wurden die Produkte mit Netzwerkfunktionen ausgestattet, um die digitale Musikwiedergabe zu unterst\u00fctzen. Hegel vermarktet ausschlie\u00dflich seine eigene Elektronik und entwickelt sowohl das Schaltungsdesign als auch die notwendige Software selbst. Das Unternehmen betreibt den internationalen Vertrieb seiner Produkte von Norwegen aus.         <\/span><\/div>\n<\/div>\n","protected":false},"excerpt":{"rendered":"<p>Beschreibung Freakuence! Hegel H190v, der Hegel mit Phono-Verst\u00e4rker. Bringt alles ohne viel Aufhebens zusammen. Kraft! Detail. Der Hegel kann es&#8230; und zwar gut. Ladenpreis: 3695.00 Allgemeine Beschreibung Mit einer Ausgangsleistung von 2 x 150 W an 8 \u03a9 und einem D\u00e4mpfungsfaktor von \u00fcber 4000 liefert dieses Ger\u00e4t ausreichend Leistung und Kontrolle f\u00fcr eine Vielzahl von [&hellip;]<\/p>\n","protected":false},"featured_media":0,"template":"","meta":{"_acf_changed":false,"inline_featured_image":false},"product_brand":[],"product_cat":[],"product_tag":[],"class_list":{"0":"post-315031","1":"product","2":"type-product","3":"status-publish","6":"first","7":"onbackorder","8":"taxable","9":"shipping-taxable","10":"purchasable","11":"product-type-variable"},"acf":[],"yoast_head":"<!-- This site is optimized with the Yoast SEO plugin v25.9 - https:\/\/yoast.com\/wordpress\/plugins\/seo\/ -->\n<title>Hegel H190v | Freakuence!<\/title>\n<meta name=\"robots\" content=\"noindex, follow, max-snippet:-1, max-image-preview:large, max-video-preview:-1\" \/>\n<meta property=\"og:locale\" content=\"de_DE\" \/>\n<meta property=\"og:type\" content=\"article\" \/>\n<meta property=\"og:title\" content=\"Hegel H190v | Freakuence!\" \/>\n<meta property=\"og:description\" content=\"Beschreibung Freakuence! Hegel H190v, der Hegel mit Phono-Verst\u00e4rker. Bringt alles ohne viel Aufhebens zusammen. Kraft! Detail. Der Hegel kann es&#8230; und zwar gut. Ladenpreis: 3695.00 Allgemeine Beschreibung Mit einer Ausgangsleistung von 2 x 150 W an 8 \u03a9 und einem D\u00e4mpfungsfaktor von \u00fcber 4000 liefert dieses Ger\u00e4t ausreichend Leistung und Kontrolle f\u00fcr eine Vielzahl von [&hellip;]\" \/>\n<meta property=\"og:url\" content=\"https:\/\/dev.freakuence.nl\/de\/produkt\/hegel-h190v\/\" \/>\n<meta property=\"og:site_name\" content=\"Freakuence!\" \/>\n<meta name=\"twitter:card\" content=\"summary_large_image\" \/>\n<script type=\"application\/ld+json\" class=\"yoast-schema-graph\">{\"@context\":\"https:\/\/schema.org\",\"@graph\":[{\"@type\":\"WebPage\",\"@id\":\"https:\/\/dev.freakuence.nl\/de\/produkt\/hegel-h190v\/\",\"url\":\"https:\/\/dev.freakuence.nl\/de\/produkt\/hegel-h190v\/\",\"name\":\"Hegel H190v | Freakuence!\",\"isPartOf\":{\"@id\":\"https:\/\/dev.freakuence.nl\/de\/#website\"},\"datePublished\":\"2026-02-04T07:44:28+00:00\",\"breadcrumb\":{\"@id\":\"https:\/\/dev.freakuence.nl\/de\/produkt\/hegel-h190v\/#breadcrumb\"},\"inLanguage\":\"de\",\"potentialAction\":[{\"@type\":\"ReadAction\",\"target\":[\"https:\/\/dev.freakuence.nl\/de\/produkt\/hegel-h190v\/\"]}]},{\"@type\":\"BreadcrumbList\",\"@id\":\"https:\/\/dev.freakuence.nl\/de\/produkt\/hegel-h190v\/#breadcrumb\",\"itemListElement\":[{\"@type\":\"ListItem\",\"position\":1,\"name\":\"Startseite\",\"item\":\"https:\/\/dev.freakuence.nl\/de\/\"},{\"@type\":\"ListItem\",\"position\":2,\"name\":\"Products\",\"item\":\"https:\/\/dev.freakuence.nl\/en\/products\/\"},{\"@type\":\"ListItem\",\"position\":3,\"name\":\"Hegel H190v\"}]},{\"@type\":\"WebSite\",\"@id\":\"https:\/\/dev.freakuence.nl\/de\/#website\",\"url\":\"https:\/\/dev.freakuence.nl\/de\/\",\"name\":\"Freakuence!\",\"description\":\"Freakuence!\",\"alternateName\":\"Freakuence\",\"potentialAction\":[{\"@type\":\"SearchAction\",\"target\":{\"@type\":\"EntryPoint\",\"urlTemplate\":\"https:\/\/dev.freakuence.nl\/de\/?s={search_term_string}\"},\"query-input\":{\"@type\":\"PropertyValueSpecification\",\"valueRequired\":true,\"valueName\":\"search_term_string\"}}],\"inLanguage\":\"de\"}]}<\/script>\n<!-- \/ Yoast SEO plugin. -->","yoast_head_json":{"title":"Hegel H190v | Freakuence!","robots":{"index":"noindex","follow":"follow","max-snippet":"max-snippet:-1","max-image-preview":"max-image-preview:large","max-video-preview":"max-video-preview:-1"},"og_locale":"de_DE","og_type":"article","og_title":"Hegel H190v | Freakuence!","og_description":"Beschreibung Freakuence! Hegel H190v, der Hegel mit Phono-Verst\u00e4rker. Bringt alles ohne viel Aufhebens zusammen. Kraft! Detail. Der Hegel kann es&#8230; und zwar gut. Ladenpreis: 3695.00 Allgemeine Beschreibung Mit einer Ausgangsleistung von 2 x 150 W an 8 \u03a9 und einem D\u00e4mpfungsfaktor von \u00fcber 4000 liefert dieses Ger\u00e4t ausreichend Leistung und Kontrolle f\u00fcr eine Vielzahl von [&hellip;]","og_url":"https:\/\/dev.freakuence.nl\/de\/produkt\/hegel-h190v\/","og_site_name":"Freakuence!","twitter_card":"summary_large_image","schema":{"@context":"https:\/\/schema.org","@graph":[{"@type":"WebPage","@id":"https:\/\/dev.freakuence.nl\/de\/produkt\/hegel-h190v\/","url":"https:\/\/dev.freakuence.nl\/de\/produkt\/hegel-h190v\/","name":"Hegel H190v | Freakuence!","isPartOf":{"@id":"https:\/\/dev.freakuence.nl\/de\/#website"},"datePublished":"2026-02-04T07:44:28+00:00","breadcrumb":{"@id":"https:\/\/dev.freakuence.nl\/de\/produkt\/hegel-h190v\/#breadcrumb"},"inLanguage":"de","potentialAction":[{"@type":"ReadAction","target":["https:\/\/dev.freakuence.nl\/de\/produkt\/hegel-h190v\/"]}]},{"@type":"BreadcrumbList","@id":"https:\/\/dev.freakuence.nl\/de\/produkt\/hegel-h190v\/#breadcrumb","itemListElement":[{"@type":"ListItem","position":1,"name":"Startseite","item":"https:\/\/dev.freakuence.nl\/de\/"},{"@type":"ListItem","position":2,"name":"Products","item":"https:\/\/dev.freakuence.nl\/en\/products\/"},{"@type":"ListItem","position":3,"name":"Hegel H190v"}]},{"@type":"WebSite","@id":"https:\/\/dev.freakuence.nl\/de\/#website","url":"https:\/\/dev.freakuence.nl\/de\/","name":"Freakuence!","description":"Freakuence!","alternateName":"Freakuence","potentialAction":[{"@type":"SearchAction","target":{"@type":"EntryPoint","urlTemplate":"https:\/\/dev.freakuence.nl\/de\/?s={search_term_string}"},"query-input":{"@type":"PropertyValueSpecification","valueRequired":true,"valueName":"search_term_string"}}],"inLanguage":"de"}]}},"_links":{"self":[{"href":"https:\/\/dev.freakuence.nl\/de\/wp-json\/wp\/v2\/product\/315031","targetHints":{"allow":["GET"]}}],"collection":[{"href":"https:\/\/dev.freakuence.nl\/de\/wp-json\/wp\/v2\/product"}],"about":[{"href":"https:\/\/dev.freakuence.nl\/de\/wp-json\/wp\/v2\/types\/product"}],"version-history":[{"count":0,"href":"https:\/\/dev.freakuence.nl\/de\/wp-json\/wp\/v2\/product\/315031\/revisions"}],"wp:attachment":[{"href":"https:\/\/dev.freakuence.nl\/de\/wp-json\/wp\/v2\/media?parent=315031"}],"wp:term":[{"taxonomy":"product_brand","embeddable":true,"href":"https:\/\/dev.freakuence.nl\/de\/wp-json\/wp\/v2\/product_brand?post=315031"},{"taxonomy":"product_cat","embeddable":true,"href":"https:\/\/dev.freakuence.nl\/de\/wp-json\/wp\/v2\/product_cat?post=315031"},{"taxonomy":"product_tag","embeddable":true,"href":"https:\/\/dev.freakuence.nl\/de\/wp-json\/wp\/v2\/product_tag?post=315031"}],"curies":[{"name":"wp","href":"https:\/\/api.w.org\/{rel}","templated":true}]}}