{"id":315543,"date":"2026-02-13T07:47:50","date_gmt":"2026-02-13T06:47:50","guid":{"rendered":"https:\/\/dev.freakuence.nl\/product\/hegel-h190v-3\/"},"modified":"2026-02-13T20:49:06","modified_gmt":"2026-02-13T19:49:06","slug":"hegel-h190v-3","status":"publish","type":"product","link":"https:\/\/dev.freakuence.nl\/de\/produkt\/hegel-h190v-3\/","title":{"rendered":"Hegel H190v"},"content":{"rendered":"<div class=\"product-specifications-list\">\n<div class=\"specification-item row-header\"><span class=\"spec-content\"><strong>Beschreibung Freakuence!<\/strong><\/span><\/div>\n<div class=\"specification-item row-even\"><span class=\"spec-content\">Hegel H190v, der Hegel mit Phono-Verst\u00e4rker. Bringt alles ohne viel Aufhebens zusammen. Kraft! Detail. Der Hegel kann es&#8230; und zwar gut.    <\/span><\/div>\n<div class=\"specification-item row-odd\"><span class=\"spec-content\">Ladenpreis: 3695.00<\/span><\/div>\n<div class=\"specification-item row-header\"><span class=\"spec-content\"><strong>Allgemeine Beschreibung<\/strong><\/span><\/div>\n<div class=\"specification-item row-even\"><span class=\"spec-content\">Mit einer Ausgangsleistung von 2 x 150 W an 8 \u03a9 und einem D\u00e4mpfungsfaktor von \u00fcber 4000 liefert dieses Ger\u00e4t ausreichend Leistung und Kontrolle f\u00fcr eine Vielzahl von Lautsprechern. Der Frequenzbereich reicht von 5 Hz bis 100 kHz und bietet damit ein breites Klangspektrum. Der Signal-Rausch-Abstand liegt bei \u00fcber 100 dB, was zu einer sauberen und klaren Wiedergabe beitr\u00e4gt. Mit analogen Eing\u00e4ngen, darunter symmetrische (XLR) und unsymmetrische (Cinch) Anschl\u00fcsse sowie ein Phonoeingang f\u00fcr MM-Tonabnehmer, bietet er vielseitige Anschlussm\u00f6glichkeiten. Dar\u00fcber hinaus stehen digitale Eing\u00e4nge zur Verf\u00fcgung: koaxial, optisch, USB und Netzwerk, die die Integration verschiedener digitaler Quellen erm\u00f6glichen. Das Ger\u00e4t unterst\u00fctzt Streaming \u00fcber AirPlay, Roon Ready, Spotify Connect und UPnP, so dass Sie ganz einfach Musik von verschiedenen Plattformen abspielen k\u00f6nnen. F\u00fcr pers\u00f6nliche H\u00f6rsessions steht ein 6,3 mm Kopfh\u00f6reranschluss zur Verf\u00fcgung. Die Abmessungen sind 12 cm x 43 cm x 41 cm (HxBxT) und das Gewicht betr\u00e4gt 14,2 kg.       <\/span><\/div>\n<div class=\"specification-item row-header\"><span class=\"spec-content\"><strong>Hintergrundinformationen<\/strong><\/span><\/div>\n<div class=\"specification-item row-even\"><span class=\"spec-content\">Der Hegel H190v ist ein Vollverst\u00e4rker mit dem Schwerpunkt auf Neutralit\u00e4t und geringer Verzerrung, der unter anderem von Bent Holter, dem Gr\u00fcnder und Chefingenieur von Hegel, entwickelt wurde. Der Verst\u00e4rker verwendet die patentierte SoundEngine2-Technologie und symmetrische FET-Eing\u00e4nge, um die Dynamik zu erhalten und das Rauschen zu minimieren. Das Geh\u00e4use besteht aus Aluminium und Stahl f\u00fcr eine optimale Abschirmung. Alles wurde in Norwegen entwickelt, mit einer Auswahl hochwertiger Komponenten von internationalen Lieferanten.   <\/span><\/div>\n<div class=\"specification-item row-header\"><span class=\"spec-content\"><strong>Geschichte der Marke<\/strong><\/span><\/div>\n<div class=\"specification-item row-even\"><span class=\"spec-content\">Hegel wurde in den sp\u00e4ten 1980er Jahren von Bent Holter in Norwegen gegr\u00fcndet. Im Rahmen seiner Abschlussarbeit an der Technischen Universit\u00e4t Trondheim entwickelte er eine L\u00f6sung zur Reduzierung von Verzerrungen in Transistorverst\u00e4rkern. Dies f\u00fchrte zu der Technologie, die sp\u00e4ter als SoundEngine bekannt wurde. Im Jahr 1988 wurde der Name Hegel erstmals f\u00fcr einen Verst\u00e4rker verwendet. In den 1990er Jahren brachte das Unternehmen mehrere CD-Player und Verst\u00e4rker heraus. Im Jahr 1996 wurde der erste vollsymmetrische Verst\u00e4rker vorgestellt. Um 2004 begann die Marke mit der Entwicklung von DA-Wandlern. Sp\u00e4ter wurden die Produkte mit Netzwerkfunktionen ausgestattet, um die digitale Musikwiedergabe zu unterst\u00fctzen. Hegel vermarktet ausschlie\u00dflich seine eigene Elektronik und entwickelt sowohl das Schaltungsdesign als auch die notwendige Software selbst. Das Unternehmen betreibt den internationalen Vertrieb seiner Produkte von Norwegen aus.         <\/span><\/div>\n<\/div>\n","protected":false},"excerpt":{"rendered":"<p>Beschreibung Freakuence! Hegel H190v, der Hegel mit Phono-Verst\u00e4rker. Bringt alles ohne viel Aufhebens zusammen. Kraft! Detail. Der Hegel kann es&#8230; und zwar gut. Ladenpreis: 3695.00 Allgemeine Beschreibung Mit einer Ausgangsleistung von 2 x 150 W an 8 \u03a9 und einem D\u00e4mpfungsfaktor von \u00fcber 4000 liefert dieses Ger\u00e4t ausreichend Leistung und Kontrolle f\u00fcr eine Vielzahl von [&hellip;]<\/p>\n","protected":false},"featured_media":315587,"template":"","meta":{"_acf_changed":false,"inline_featured_image":false},"product_brand":[],"product_cat":[560],"product_tag":[577],"class_list":{"0":"post-315543","1":"product","2":"type-product","3":"status-publish","4":"has-post-thumbnail","6":"product_cat-verstarker","7":"product_tag-neu","8":"pa_kleur-blau","9":"pa_kleur-braun","11":"first","12":"onbackorder","13":"sold-individually","14":"taxable","15":"shipping-taxable","16":"purchasable","17":"product-type-variable"},"acf":[],"yoast_head":"<!-- This site is optimized with the Yoast SEO plugin v25.9 - https:\/\/yoast.com\/wordpress\/plugins\/seo\/ -->\n<title>Hegel H190v | Freakuence!<\/title>\n<meta name=\"description\" content=\"Hegel H190v: leistungsstarker Vollverst\u00e4rker mit 150 W pro Kanal, MM-Phonoeingang und Streaming-Optionen. \u2713 Neue &amp; gebrauchte HiFi-Ger\u00e4te \u2713 Kundenbewertung: 4.9 von 5 \u2713 H\u00f6rprobe buchen!\" \/>\n<meta name=\"robots\" content=\"noindex, follow, max-snippet:-1, max-image-preview:large, max-video-preview:-1\" \/>\n<meta property=\"og:locale\" content=\"de_DE\" \/>\n<meta property=\"og:type\" content=\"article\" \/>\n<meta property=\"og:title\" content=\"Hegel H190v | Freakuence!\" \/>\n<meta property=\"og:description\" content=\"Hegel H190v: leistungsstarker Vollverst\u00e4rker mit 150 W pro Kanal, MM-Phonoeingang und Streaming-Optionen. \u2713 Neue &amp; gebrauchte HiFi-Ger\u00e4te \u2713 Kundenbewertung: 4.9 von 5 \u2713 H\u00f6rprobe buchen!\" \/>\n<meta property=\"og:url\" content=\"https:\/\/dev.freakuence.nl\/de\/produkt\/hegel-h190v-3\/\" \/>\n<meta property=\"og:site_name\" content=\"Freakuence!\" \/>\n<meta property=\"article:modified_time\" content=\"2026-02-13T19:49:06+00:00\" \/>\n<meta property=\"og:image\" content=\"https:\/\/dev.freakuence.nl\/wp-content\/uploads\/2026\/02\/17709653920882-2562-1.jpg\" \/>\n\t<meta property=\"og:image:width\" content=\"1920\" \/>\n\t<meta property=\"og:image:height\" content=\"630\" \/>\n\t<meta property=\"og:image:type\" content=\"image\/jpeg\" \/>\n<meta name=\"twitter:card\" content=\"summary_large_image\" \/>\n<script type=\"application\/ld+json\" class=\"yoast-schema-graph\">{\"@context\":\"https:\/\/schema.org\",\"@graph\":[{\"@type\":\"WebPage\",\"@id\":\"https:\/\/dev.freakuence.nl\/de\/produkt\/hegel-h190v-3\/\",\"url\":\"https:\/\/dev.freakuence.nl\/de\/produkt\/hegel-h190v-3\/\",\"name\":\"Hegel H190v | Freakuence!\",\"isPartOf\":{\"@id\":\"https:\/\/dev.freakuence.nl\/de\/#website\"},\"primaryImageOfPage\":{\"@id\":\"https:\/\/dev.freakuence.nl\/de\/produkt\/hegel-h190v-3\/#primaryimage\"},\"image\":{\"@id\":\"https:\/\/dev.freakuence.nl\/de\/produkt\/hegel-h190v-3\/#primaryimage\"},\"thumbnailUrl\":\"https:\/\/dev.freakuence.nl\/wp-content\/uploads\/2026\/02\/17709653920882-2562-1.jpg\",\"datePublished\":\"2026-02-13T06:47:50+00:00\",\"dateModified\":\"2026-02-13T19:49:06+00:00\",\"description\":\"Hegel H190v: leistungsstarker Vollverst\u00e4rker mit 150 W pro Kanal, MM-Phonoeingang und Streaming-Optionen. \u2713 Neue & gebrauchte HiFi-Ger\u00e4te \u2713 Kundenbewertung: 4.9 von 5 \u2713 H\u00f6rprobe buchen!\",\"breadcrumb\":{\"@id\":\"https:\/\/dev.freakuence.nl\/de\/produkt\/hegel-h190v-3\/#breadcrumb\"},\"inLanguage\":\"de\",\"potentialAction\":[{\"@type\":\"ReadAction\",\"target\":[\"https:\/\/dev.freakuence.nl\/de\/produkt\/hegel-h190v-3\/\"]}]},{\"@type\":\"ImageObject\",\"inLanguage\":\"de\",\"@id\":\"https:\/\/dev.freakuence.nl\/de\/produkt\/hegel-h190v-3\/#primaryimage\",\"url\":\"https:\/\/dev.freakuence.nl\/wp-content\/uploads\/2026\/02\/17709653920882-2562-1.jpg\",\"contentUrl\":\"https:\/\/dev.freakuence.nl\/wp-content\/uploads\/2026\/02\/17709653920882-2562-1.jpg\",\"width\":1920,\"height\":630},{\"@type\":\"BreadcrumbList\",\"@id\":\"https:\/\/dev.freakuence.nl\/de\/produkt\/hegel-h190v-3\/#breadcrumb\",\"itemListElement\":[{\"@type\":\"ListItem\",\"position\":1,\"name\":\"Startseite\",\"item\":\"https:\/\/dev.freakuence.nl\/de\/\"},{\"@type\":\"ListItem\",\"position\":2,\"name\":\"Products\",\"item\":\"https:\/\/dev.freakuence.nl\/en\/products\/\"},{\"@type\":\"ListItem\",\"position\":3,\"name\":\"Hegel H190v\"}]},{\"@type\":\"WebSite\",\"@id\":\"https:\/\/dev.freakuence.nl\/de\/#website\",\"url\":\"https:\/\/dev.freakuence.nl\/de\/\",\"name\":\"Freakuence!\",\"description\":\"Freakuence!\",\"alternateName\":\"Freakuence\",\"potentialAction\":[{\"@type\":\"SearchAction\",\"target\":{\"@type\":\"EntryPoint\",\"urlTemplate\":\"https:\/\/dev.freakuence.nl\/de\/?s={search_term_string}\"},\"query-input\":{\"@type\":\"PropertyValueSpecification\",\"valueRequired\":true,\"valueName\":\"search_term_string\"}}],\"inLanguage\":\"de\"}]}<\/script>\n<!-- \/ Yoast SEO plugin. -->","yoast_head_json":{"title":"Hegel H190v | Freakuence!","description":"Hegel H190v: leistungsstarker Vollverst\u00e4rker mit 150 W pro Kanal, MM-Phonoeingang und Streaming-Optionen. \u2713 Neue & gebrauchte HiFi-Ger\u00e4te \u2713 Kundenbewertung: 4.9 von 5 \u2713 H\u00f6rprobe buchen!","robots":{"index":"noindex","follow":"follow","max-snippet":"max-snippet:-1","max-image-preview":"max-image-preview:large","max-video-preview":"max-video-preview:-1"},"og_locale":"de_DE","og_type":"article","og_title":"Hegel H190v | Freakuence!","og_description":"Hegel H190v: leistungsstarker Vollverst\u00e4rker mit 150 W pro Kanal, MM-Phonoeingang und Streaming-Optionen. \u2713 Neue & gebrauchte HiFi-Ger\u00e4te \u2713 Kundenbewertung: 4.9 von 5 \u2713 H\u00f6rprobe buchen!","og_url":"https:\/\/dev.freakuence.nl\/de\/produkt\/hegel-h190v-3\/","og_site_name":"Freakuence!","article_modified_time":"2026-02-13T19:49:06+00:00","og_image":[{"width":1920,"height":630,"url":"https:\/\/dev.freakuence.nl\/wp-content\/uploads\/2026\/02\/17709653920882-2562-1.jpg","type":"image\/jpeg"}],"twitter_card":"summary_large_image","schema":{"@context":"https:\/\/schema.org","@graph":[{"@type":"WebPage","@id":"https:\/\/dev.freakuence.nl\/de\/produkt\/hegel-h190v-3\/","url":"https:\/\/dev.freakuence.nl\/de\/produkt\/hegel-h190v-3\/","name":"Hegel H190v | Freakuence!","isPartOf":{"@id":"https:\/\/dev.freakuence.nl\/de\/#website"},"primaryImageOfPage":{"@id":"https:\/\/dev.freakuence.nl\/de\/produkt\/hegel-h190v-3\/#primaryimage"},"image":{"@id":"https:\/\/dev.freakuence.nl\/de\/produkt\/hegel-h190v-3\/#primaryimage"},"thumbnailUrl":"https:\/\/dev.freakuence.nl\/wp-content\/uploads\/2026\/02\/17709653920882-2562-1.jpg","datePublished":"2026-02-13T06:47:50+00:00","dateModified":"2026-02-13T19:49:06+00:00","description":"Hegel H190v: leistungsstarker Vollverst\u00e4rker mit 150 W pro Kanal, MM-Phonoeingang und Streaming-Optionen. \u2713 Neue & gebrauchte HiFi-Ger\u00e4te \u2713 Kundenbewertung: 4.9 von 5 \u2713 H\u00f6rprobe buchen!","breadcrumb":{"@id":"https:\/\/dev.freakuence.nl\/de\/produkt\/hegel-h190v-3\/#breadcrumb"},"inLanguage":"de","potentialAction":[{"@type":"ReadAction","target":["https:\/\/dev.freakuence.nl\/de\/produkt\/hegel-h190v-3\/"]}]},{"@type":"ImageObject","inLanguage":"de","@id":"https:\/\/dev.freakuence.nl\/de\/produkt\/hegel-h190v-3\/#primaryimage","url":"https:\/\/dev.freakuence.nl\/wp-content\/uploads\/2026\/02\/17709653920882-2562-1.jpg","contentUrl":"https:\/\/dev.freakuence.nl\/wp-content\/uploads\/2026\/02\/17709653920882-2562-1.jpg","width":1920,"height":630},{"@type":"BreadcrumbList","@id":"https:\/\/dev.freakuence.nl\/de\/produkt\/hegel-h190v-3\/#breadcrumb","itemListElement":[{"@type":"ListItem","position":1,"name":"Startseite","item":"https:\/\/dev.freakuence.nl\/de\/"},{"@type":"ListItem","position":2,"name":"Products","item":"https:\/\/dev.freakuence.nl\/en\/products\/"},{"@type":"ListItem","position":3,"name":"Hegel H190v"}]},{"@type":"WebSite","@id":"https:\/\/dev.freakuence.nl\/de\/#website","url":"https:\/\/dev.freakuence.nl\/de\/","name":"Freakuence!","description":"Freakuence!","alternateName":"Freakuence","potentialAction":[{"@type":"SearchAction","target":{"@type":"EntryPoint","urlTemplate":"https:\/\/dev.freakuence.nl\/de\/?s={search_term_string}"},"query-input":{"@type":"PropertyValueSpecification","valueRequired":true,"valueName":"search_term_string"}}],"inLanguage":"de"}]}},"_links":{"self":[{"href":"https:\/\/dev.freakuence.nl\/de\/wp-json\/wp\/v2\/product\/315543","targetHints":{"allow":["GET"]}}],"collection":[{"href":"https:\/\/dev.freakuence.nl\/de\/wp-json\/wp\/v2\/product"}],"about":[{"href":"https:\/\/dev.freakuence.nl\/de\/wp-json\/wp\/v2\/types\/product"}],"version-history":[{"count":0,"href":"https:\/\/dev.freakuence.nl\/de\/wp-json\/wp\/v2\/product\/315543\/revisions"}],"wp:featuredmedia":[{"embeddable":true,"href":"https:\/\/dev.freakuence.nl\/de\/wp-json\/wp\/v2\/media\/315587"}],"wp:attachment":[{"href":"https:\/\/dev.freakuence.nl\/de\/wp-json\/wp\/v2\/media?parent=315543"}],"wp:term":[{"taxonomy":"product_brand","embeddable":true,"href":"https:\/\/dev.freakuence.nl\/de\/wp-json\/wp\/v2\/product_brand?post=315543"},{"taxonomy":"product_cat","embeddable":true,"href":"https:\/\/dev.freakuence.nl\/de\/wp-json\/wp\/v2\/product_cat?post=315543"},{"taxonomy":"product_tag","embeddable":true,"href":"https:\/\/dev.freakuence.nl\/de\/wp-json\/wp\/v2\/product_tag?post=315543"}],"curies":[{"name":"wp","href":"https:\/\/api.w.org\/{rel}","templated":true}]}}