{"id":315882,"date":"2025-11-04T05:53:19","date_gmt":"2025-11-04T04:53:19","guid":{"rendered":"https:\/\/dev.freakuence.nl\/product\/audiolab-6000a\/"},"modified":"2026-02-20T18:53:06","modified_gmt":"2026-02-20T17:53:06","slug":"audiolab-6000a","status":"publish","type":"product","link":"https:\/\/dev.freakuence.nl\/de\/produkt\/audiolab-6000a\/","title":{"rendered":"Audiolab 6000A"},"content":{"rendered":"<div class=\"product-specifications-list\">\n<div class=\"specification-item row-even\"><span class=\"spec-content\"><strong>Geschichte der Marke<\/strong><\/span><\/div>\n<div class=\"specification-item row-odd\"><span class=\"spec-content\"><\/p>\n<p>Audiolab wurde 1983 von Philip Swift und Derek Scotland gegr\u00fcndet. Ihr erstes Produkt war der 8000A Vollverst\u00e4rker, gefolgt vom 8000C Vorverst\u00e4rker, dem 8000P Endverst\u00e4rker und den 8000M Monobl\u00f6cken. Im Jahr 1998 \u00fcbernahm TAG McLaren das Unternehmen und benannte es in TAG McLaren Audio um. Nach wirtschaftlichen R\u00fcckschl\u00e4gen in den fr\u00fchen 2000er Jahren wurde die Audioabteilung 2004 an die International Audio Group (IAG) verkauft. Im Jahr 2005 f\u00fchrte Audiolab eine v\u00f6llig neue Produktlinie ein.    <\/p>\n<p><\/span><\/div>\n<\/div>\n","protected":false},"excerpt":{"rendered":"<p>Geschichte der Marke Audiolab wurde 1983 von Philip Swift und Derek Scotland gegr\u00fcndet. Ihr erstes Produkt war der 8000A Vollverst\u00e4rker, gefolgt vom 8000C Vorverst\u00e4rker, dem 8000P Endverst\u00e4rker und den 8000M Monobl\u00f6cken. Im Jahr 1998 \u00fcbernahm TAG McLaren das Unternehmen und benannte es in TAG McLaren Audio um. Nach wirtschaftlichen R\u00fcckschl\u00e4gen in den fr\u00fchen 2000er Jahren [&hellip;]<\/p>\n","protected":false},"featured_media":0,"template":"","meta":{"_acf_changed":false,"inline_featured_image":false},"product_brand":[],"product_cat":[560],"product_tag":[555],"class_list":{"0":"post-315882","1":"product","2":"type-product","3":"status-publish","5":"product_cat-verstarker","6":"product_tag-benutzt","8":"first","9":"instock","10":"purchasable","11":"product-type-simple"},"acf":[],"yoast_head":"<!-- This site is optimized with the Yoast SEO plugin v25.9 - https:\/\/yoast.com\/wordpress\/plugins\/seo\/ -->\n<title>Audiolab 6000A | Freakuence!<\/title>\n<meta name=\"robots\" content=\"noindex, follow, max-snippet:-1, max-image-preview:large, max-video-preview:-1\" \/>\n<meta property=\"og:locale\" content=\"de_DE\" \/>\n<meta property=\"og:type\" content=\"article\" \/>\n<meta property=\"og:title\" content=\"Audiolab 6000A | Freakuence!\" \/>\n<meta property=\"og:description\" content=\"Geschichte der Marke Audiolab wurde 1983 von Philip Swift und Derek Scotland gegr\u00fcndet. Ihr erstes Produkt war der 8000A Vollverst\u00e4rker, gefolgt vom 8000C Vorverst\u00e4rker, dem 8000P Endverst\u00e4rker und den 8000M Monobl\u00f6cken. Im Jahr 1998 \u00fcbernahm TAG McLaren das Unternehmen und benannte es in TAG McLaren Audio um. Nach wirtschaftlichen R\u00fcckschl\u00e4gen in den fr\u00fchen 2000er Jahren [&hellip;]\" \/>\n<meta property=\"og:url\" content=\"https:\/\/dev.freakuence.nl\/de\/produkt\/audiolab-6000a\/\" \/>\n<meta property=\"og:site_name\" content=\"Freakuence!\" \/>\n<meta property=\"article:modified_time\" content=\"2026-02-20T17:53:06+00:00\" \/>\n<meta name=\"twitter:card\" content=\"summary_large_image\" \/>\n<script type=\"application\/ld+json\" class=\"yoast-schema-graph\">{\"@context\":\"https:\/\/schema.org\",\"@graph\":[{\"@type\":\"WebPage\",\"@id\":\"https:\/\/dev.freakuence.nl\/de\/produkt\/audiolab-6000a\/\",\"url\":\"https:\/\/dev.freakuence.nl\/de\/produkt\/audiolab-6000a\/\",\"name\":\"Audiolab 6000A | Freakuence!\",\"isPartOf\":{\"@id\":\"https:\/\/dev.freakuence.nl\/de\/#website\"},\"datePublished\":\"2025-11-04T04:53:19+00:00\",\"dateModified\":\"2026-02-20T17:53:06+00:00\",\"breadcrumb\":{\"@id\":\"https:\/\/dev.freakuence.nl\/de\/produkt\/audiolab-6000a\/#breadcrumb\"},\"inLanguage\":\"de\",\"potentialAction\":[{\"@type\":\"ReadAction\",\"target\":[\"https:\/\/dev.freakuence.nl\/de\/produkt\/audiolab-6000a\/\"]}]},{\"@type\":\"BreadcrumbList\",\"@id\":\"https:\/\/dev.freakuence.nl\/de\/produkt\/audiolab-6000a\/#breadcrumb\",\"itemListElement\":[{\"@type\":\"ListItem\",\"position\":1,\"name\":\"Startseite\",\"item\":\"https:\/\/dev.freakuence.nl\/de\/\"},{\"@type\":\"ListItem\",\"position\":2,\"name\":\"Products\",\"item\":\"https:\/\/dev.freakuence.nl\/en\/products\/\"},{\"@type\":\"ListItem\",\"position\":3,\"name\":\"Audiolab 6000A\"}]},{\"@type\":\"WebSite\",\"@id\":\"https:\/\/dev.freakuence.nl\/de\/#website\",\"url\":\"https:\/\/dev.freakuence.nl\/de\/\",\"name\":\"Freakuence!\",\"description\":\"Freakuence!\",\"alternateName\":\"Freakuence\",\"potentialAction\":[{\"@type\":\"SearchAction\",\"target\":{\"@type\":\"EntryPoint\",\"urlTemplate\":\"https:\/\/dev.freakuence.nl\/de\/?s={search_term_string}\"},\"query-input\":{\"@type\":\"PropertyValueSpecification\",\"valueRequired\":true,\"valueName\":\"search_term_string\"}}],\"inLanguage\":\"de\"}]}<\/script>\n<!-- \/ Yoast SEO plugin. -->","yoast_head_json":{"title":"Audiolab 6000A | Freakuence!","robots":{"index":"noindex","follow":"follow","max-snippet":"max-snippet:-1","max-image-preview":"max-image-preview:large","max-video-preview":"max-video-preview:-1"},"og_locale":"de_DE","og_type":"article","og_title":"Audiolab 6000A | Freakuence!","og_description":"Geschichte der Marke Audiolab wurde 1983 von Philip Swift und Derek Scotland gegr\u00fcndet. Ihr erstes Produkt war der 8000A Vollverst\u00e4rker, gefolgt vom 8000C Vorverst\u00e4rker, dem 8000P Endverst\u00e4rker und den 8000M Monobl\u00f6cken. Im Jahr 1998 \u00fcbernahm TAG McLaren das Unternehmen und benannte es in TAG McLaren Audio um. Nach wirtschaftlichen R\u00fcckschl\u00e4gen in den fr\u00fchen 2000er Jahren [&hellip;]","og_url":"https:\/\/dev.freakuence.nl\/de\/produkt\/audiolab-6000a\/","og_site_name":"Freakuence!","article_modified_time":"2026-02-20T17:53:06+00:00","twitter_card":"summary_large_image","schema":{"@context":"https:\/\/schema.org","@graph":[{"@type":"WebPage","@id":"https:\/\/dev.freakuence.nl\/de\/produkt\/audiolab-6000a\/","url":"https:\/\/dev.freakuence.nl\/de\/produkt\/audiolab-6000a\/","name":"Audiolab 6000A | Freakuence!","isPartOf":{"@id":"https:\/\/dev.freakuence.nl\/de\/#website"},"datePublished":"2025-11-04T04:53:19+00:00","dateModified":"2026-02-20T17:53:06+00:00","breadcrumb":{"@id":"https:\/\/dev.freakuence.nl\/de\/produkt\/audiolab-6000a\/#breadcrumb"},"inLanguage":"de","potentialAction":[{"@type":"ReadAction","target":["https:\/\/dev.freakuence.nl\/de\/produkt\/audiolab-6000a\/"]}]},{"@type":"BreadcrumbList","@id":"https:\/\/dev.freakuence.nl\/de\/produkt\/audiolab-6000a\/#breadcrumb","itemListElement":[{"@type":"ListItem","position":1,"name":"Startseite","item":"https:\/\/dev.freakuence.nl\/de\/"},{"@type":"ListItem","position":2,"name":"Products","item":"https:\/\/dev.freakuence.nl\/en\/products\/"},{"@type":"ListItem","position":3,"name":"Audiolab 6000A"}]},{"@type":"WebSite","@id":"https:\/\/dev.freakuence.nl\/de\/#website","url":"https:\/\/dev.freakuence.nl\/de\/","name":"Freakuence!","description":"Freakuence!","alternateName":"Freakuence","potentialAction":[{"@type":"SearchAction","target":{"@type":"EntryPoint","urlTemplate":"https:\/\/dev.freakuence.nl\/de\/?s={search_term_string}"},"query-input":{"@type":"PropertyValueSpecification","valueRequired":true,"valueName":"search_term_string"}}],"inLanguage":"de"}]}},"_links":{"self":[{"href":"https:\/\/dev.freakuence.nl\/de\/wp-json\/wp\/v2\/product\/315882","targetHints":{"allow":["GET"]}}],"collection":[{"href":"https:\/\/dev.freakuence.nl\/de\/wp-json\/wp\/v2\/product"}],"about":[{"href":"https:\/\/dev.freakuence.nl\/de\/wp-json\/wp\/v2\/types\/product"}],"version-history":[{"count":0,"href":"https:\/\/dev.freakuence.nl\/de\/wp-json\/wp\/v2\/product\/315882\/revisions"}],"wp:attachment":[{"href":"https:\/\/dev.freakuence.nl\/de\/wp-json\/wp\/v2\/media?parent=315882"}],"wp:term":[{"taxonomy":"product_brand","embeddable":true,"href":"https:\/\/dev.freakuence.nl\/de\/wp-json\/wp\/v2\/product_brand?post=315882"},{"taxonomy":"product_cat","embeddable":true,"href":"https:\/\/dev.freakuence.nl\/de\/wp-json\/wp\/v2\/product_cat?post=315882"},{"taxonomy":"product_tag","embeddable":true,"href":"https:\/\/dev.freakuence.nl\/de\/wp-json\/wp\/v2\/product_tag?post=315882"}],"curies":[{"name":"wp","href":"https:\/\/api.w.org\/{rel}","templated":true}]}}