{"id":315887,"date":"2025-11-03T05:16:24","date_gmt":"2025-11-03T04:16:24","guid":{"rendered":"https:\/\/dev.freakuence.nl\/product\/thiel-cs2-3\/"},"modified":"2025-11-03T05:16:24","modified_gmt":"2025-11-03T04:16:24","slug":"thiel-cs2-3","status":"publish","type":"product","link":"https:\/\/dev.freakuence.nl\/de\/produkt\/thiel-cs2-3\/","title":{"rendered":"Thiel CS2.3"},"content":{"rendered":"<div class=\"product-specifications-list\">\n<div class=\"specification-item row-even\"><span class=\"spec-content\"><strong>Beschreibung Freakuence!<\/strong><\/span><\/div>\n<div class=\"specification-item row-odd\">\n<p>&nbsp;<\/p>\n<p>Der CS2.3 ist ein absoluter Hit aus dem ach so sch\u00f6nen Sortiment von Thiel. Wir haben ihn hier wirklich sehr genossen. Wenn Sie vergessen wollen, dass Sie es mit Audio zu tun haben, sondern einfach nur Musik h\u00f6ren wollen, dann sind Sie bei Thiel genau richtig. Wunderbar ehrlich! Beachten Sie: Das sind durstige Kerle, ein Verst\u00e4rker, der jede Menge Leistung liefert, wird sie auf ein noch nie dagewesenes Niveau bringen. Willkommen zu einer Session!     <\/p>\n<p>&nbsp;<\/p>\n<\/div>\n<div class=\"specification-item row-even\"><span class=\"spec-content\"><strong>Geschichte der Marke<\/strong><\/span><\/div>\n<div class=\"specification-item row-odd\">\n<p>&nbsp;<\/p>\n<p>Thiel Audio wurde von drei Studienfreunden gegr\u00fcndet: Jim Thiel, Tom Thiel und Kathy Gornik, die 1976 in ihrer heimischen Garage mit der Herstellung von Ger\u00e4ten begannen. Thiel Audio wurde mit 25.000 Dollar gegr\u00fcndet, die sie sich von ihren Eltern und einigen Freunden geliehen hatten. Jim Thiel machte 1968 seinen Abschluss an der University of Kentucky mit dem Hauptfach Physik. Thiel Audio stellte zum ersten Mal 1977 auf der Consumer Electronics Show aus (das Jahr, in dem das Unternehmen tats\u00e4chlich gegr\u00fcndet wurde, obwohl es bereits seit 1976 verkaufte). Der erste Lautsprecher war der 01 Full-Range-Lautsprecher. Ein Jahr sp\u00e4ter, 1978, wurde mit dem Modell 03 das Prinzip der Zeit-, Phasen- und Frequenzkoh\u00e4renz eingef\u00fchrt, das die Grundlage f\u00fcr alle Entw\u00fcrfe von Jim Thiel und die grundlegende Idee, f\u00fcr die Thiel bekannt werden sollte, bilden sollte. Tom Thiel, ein erfahrener Holzhandwerker, baute die Geh\u00e4use. Ihr erstes HiFi-Produkt war ein Zwei-Wege-Lautsprecher mit einem Equalizer f\u00fcr eine hochwertige Basswiedergabe. Jim Thiel erkannte bald, dass er jemanden brauchte, der sich um den Vertrieb k\u00fcmmerte, und so versuchte Gornik, die Lautsprecher in seiner Stadt Washington, D.C., zu verkaufen. Im Laufe der Firmengeschichte hatte Thiel eine Reihe langlebiger Serien, darunter die CS 2, die 1982 erstmals vorgestellt und bis 2012 mit der Einf\u00fchrung der CS 2.7 aktualisiert wurde. Im M\u00e4rz 2006 stellte Thiel das Highlight der CS 3-Serie vor, den Thiel CS 3.7. Jim Thiel starb im Jahr 2009.          <\/p>\n<p>&nbsp;<\/p>\n<\/div>\n<\/div>\n","protected":false},"excerpt":{"rendered":"<p>Beschreibung Freakuence! &nbsp; Der CS2.3 ist ein absoluter Hit aus dem ach so sch\u00f6nen Sortiment von Thiel. Wir haben ihn hier wirklich sehr genossen. Wenn Sie vergessen wollen, dass Sie es mit Audio zu tun haben, sondern einfach nur Musik h\u00f6ren wollen, dann sind Sie bei Thiel genau richtig. Wunderbar ehrlich! Beachten Sie: Das sind [&hellip;]<\/p>\n","protected":false},"featured_media":0,"template":"","meta":{"_acf_changed":false,"inline_featured_image":false},"product_brand":[],"product_cat":[553],"product_tag":[555],"class_list":{"0":"post-315887","1":"product","2":"type-product","3":"status-publish","5":"product_cat-redner","6":"product_tag-benutzt","8":"first","9":"instock","10":"purchasable","11":"product-type-simple"},"acf":[],"yoast_head":"<!-- This site is optimized with the Yoast SEO plugin v25.9 - https:\/\/yoast.com\/wordpress\/plugins\/seo\/ -->\n<title>Thiel CS2.3 | Freakuence!<\/title>\n<meta name=\"robots\" content=\"noindex, follow, max-snippet:-1, max-image-preview:large, max-video-preview:-1\" \/>\n<meta property=\"og:locale\" content=\"de_DE\" \/>\n<meta property=\"og:type\" content=\"article\" \/>\n<meta property=\"og:title\" content=\"Thiel CS2.3 | Freakuence!\" \/>\n<meta property=\"og:description\" content=\"Beschreibung Freakuence! &nbsp; Der CS2.3 ist ein absoluter Hit aus dem ach so sch\u00f6nen Sortiment von Thiel. Wir haben ihn hier wirklich sehr genossen. Wenn Sie vergessen wollen, dass Sie es mit Audio zu tun haben, sondern einfach nur Musik h\u00f6ren wollen, dann sind Sie bei Thiel genau richtig. Wunderbar ehrlich! Beachten Sie: Das sind [&hellip;]\" \/>\n<meta property=\"og:url\" content=\"https:\/\/dev.freakuence.nl\/de\/produkt\/thiel-cs2-3\/\" \/>\n<meta property=\"og:site_name\" content=\"Freakuence!\" \/>\n<meta name=\"twitter:card\" content=\"summary_large_image\" \/>\n<script type=\"application\/ld+json\" class=\"yoast-schema-graph\">{\"@context\":\"https:\/\/schema.org\",\"@graph\":[{\"@type\":\"WebPage\",\"@id\":\"https:\/\/dev.freakuence.nl\/de\/produkt\/thiel-cs2-3\/\",\"url\":\"https:\/\/dev.freakuence.nl\/de\/produkt\/thiel-cs2-3\/\",\"name\":\"Thiel CS2.3 | Freakuence!\",\"isPartOf\":{\"@id\":\"https:\/\/dev.freakuence.nl\/de\/#website\"},\"datePublished\":\"2025-11-03T04:16:24+00:00\",\"breadcrumb\":{\"@id\":\"https:\/\/dev.freakuence.nl\/de\/produkt\/thiel-cs2-3\/#breadcrumb\"},\"inLanguage\":\"de\",\"potentialAction\":[{\"@type\":\"ReadAction\",\"target\":[\"https:\/\/dev.freakuence.nl\/de\/produkt\/thiel-cs2-3\/\"]}]},{\"@type\":\"BreadcrumbList\",\"@id\":\"https:\/\/dev.freakuence.nl\/de\/produkt\/thiel-cs2-3\/#breadcrumb\",\"itemListElement\":[{\"@type\":\"ListItem\",\"position\":1,\"name\":\"Startseite\",\"item\":\"https:\/\/dev.freakuence.nl\/de\/\"},{\"@type\":\"ListItem\",\"position\":2,\"name\":\"Products\",\"item\":\"https:\/\/dev.freakuence.nl\/en\/products\/\"},{\"@type\":\"ListItem\",\"position\":3,\"name\":\"Thiel CS2.3\"}]},{\"@type\":\"WebSite\",\"@id\":\"https:\/\/dev.freakuence.nl\/de\/#website\",\"url\":\"https:\/\/dev.freakuence.nl\/de\/\",\"name\":\"Freakuence!\",\"description\":\"Freakuence!\",\"alternateName\":\"Freakuence\",\"potentialAction\":[{\"@type\":\"SearchAction\",\"target\":{\"@type\":\"EntryPoint\",\"urlTemplate\":\"https:\/\/dev.freakuence.nl\/de\/?s={search_term_string}\"},\"query-input\":{\"@type\":\"PropertyValueSpecification\",\"valueRequired\":true,\"valueName\":\"search_term_string\"}}],\"inLanguage\":\"de\"}]}<\/script>\n<!-- \/ Yoast SEO plugin. -->","yoast_head_json":{"title":"Thiel CS2.3 | Freakuence!","robots":{"index":"noindex","follow":"follow","max-snippet":"max-snippet:-1","max-image-preview":"max-image-preview:large","max-video-preview":"max-video-preview:-1"},"og_locale":"de_DE","og_type":"article","og_title":"Thiel CS2.3 | Freakuence!","og_description":"Beschreibung Freakuence! &nbsp; Der CS2.3 ist ein absoluter Hit aus dem ach so sch\u00f6nen Sortiment von Thiel. Wir haben ihn hier wirklich sehr genossen. Wenn Sie vergessen wollen, dass Sie es mit Audio zu tun haben, sondern einfach nur Musik h\u00f6ren wollen, dann sind Sie bei Thiel genau richtig. Wunderbar ehrlich! Beachten Sie: Das sind [&hellip;]","og_url":"https:\/\/dev.freakuence.nl\/de\/produkt\/thiel-cs2-3\/","og_site_name":"Freakuence!","twitter_card":"summary_large_image","schema":{"@context":"https:\/\/schema.org","@graph":[{"@type":"WebPage","@id":"https:\/\/dev.freakuence.nl\/de\/produkt\/thiel-cs2-3\/","url":"https:\/\/dev.freakuence.nl\/de\/produkt\/thiel-cs2-3\/","name":"Thiel CS2.3 | Freakuence!","isPartOf":{"@id":"https:\/\/dev.freakuence.nl\/de\/#website"},"datePublished":"2025-11-03T04:16:24+00:00","breadcrumb":{"@id":"https:\/\/dev.freakuence.nl\/de\/produkt\/thiel-cs2-3\/#breadcrumb"},"inLanguage":"de","potentialAction":[{"@type":"ReadAction","target":["https:\/\/dev.freakuence.nl\/de\/produkt\/thiel-cs2-3\/"]}]},{"@type":"BreadcrumbList","@id":"https:\/\/dev.freakuence.nl\/de\/produkt\/thiel-cs2-3\/#breadcrumb","itemListElement":[{"@type":"ListItem","position":1,"name":"Startseite","item":"https:\/\/dev.freakuence.nl\/de\/"},{"@type":"ListItem","position":2,"name":"Products","item":"https:\/\/dev.freakuence.nl\/en\/products\/"},{"@type":"ListItem","position":3,"name":"Thiel CS2.3"}]},{"@type":"WebSite","@id":"https:\/\/dev.freakuence.nl\/de\/#website","url":"https:\/\/dev.freakuence.nl\/de\/","name":"Freakuence!","description":"Freakuence!","alternateName":"Freakuence","potentialAction":[{"@type":"SearchAction","target":{"@type":"EntryPoint","urlTemplate":"https:\/\/dev.freakuence.nl\/de\/?s={search_term_string}"},"query-input":{"@type":"PropertyValueSpecification","valueRequired":true,"valueName":"search_term_string"}}],"inLanguage":"de"}]}},"_links":{"self":[{"href":"https:\/\/dev.freakuence.nl\/de\/wp-json\/wp\/v2\/product\/315887","targetHints":{"allow":["GET"]}}],"collection":[{"href":"https:\/\/dev.freakuence.nl\/de\/wp-json\/wp\/v2\/product"}],"about":[{"href":"https:\/\/dev.freakuence.nl\/de\/wp-json\/wp\/v2\/types\/product"}],"version-history":[{"count":0,"href":"https:\/\/dev.freakuence.nl\/de\/wp-json\/wp\/v2\/product\/315887\/revisions"}],"wp:attachment":[{"href":"https:\/\/dev.freakuence.nl\/de\/wp-json\/wp\/v2\/media?parent=315887"}],"wp:term":[{"taxonomy":"product_brand","embeddable":true,"href":"https:\/\/dev.freakuence.nl\/de\/wp-json\/wp\/v2\/product_brand?post=315887"},{"taxonomy":"product_cat","embeddable":true,"href":"https:\/\/dev.freakuence.nl\/de\/wp-json\/wp\/v2\/product_cat?post=315887"},{"taxonomy":"product_tag","embeddable":true,"href":"https:\/\/dev.freakuence.nl\/de\/wp-json\/wp\/v2\/product_tag?post=315887"}],"curies":[{"name":"wp","href":"https:\/\/api.w.org\/{rel}","templated":true}]}}