{"id":315894,"date":"2025-11-03T04:51:46","date_gmt":"2025-11-03T03:51:46","guid":{"rendered":"https:\/\/dev.freakuence.nl\/product\/focal-1028-be\/"},"modified":"2025-11-03T04:51:46","modified_gmt":"2025-11-03T03:51:46","slug":"focal-1028-be","status":"publish","type":"product","link":"https:\/\/dev.freakuence.nl\/de\/produkt\/focal-1028-be\/","title":{"rendered":"Focal 1028 BE"},"content":{"rendered":"<div class=\"product-specifications-list\">\n<div class=\"specification-item row-even\"><span class=\"spec-content\"><strong>Beschreibung Freakuence!<\/strong><\/span><\/div>\n<div class=\"specification-item row-odd\"><span class=\"spec-content\"><\/p>\n<p>Diese neueste Ausgabe 1028 ist unkompliziert! Sehr direkt und besonders schnell im Hochtonbereich. Das liegt zum Teil an seinem Berylium-Hocht\u00f6ner. Ein wahres Spektakel (allerdings in Bezug auf den Klang). Die B\u00e4sse k\u00f6nnen heftig sein, aber das hat oft mit dem Verst\u00e4rker zu tun, der die Ger\u00e4te unter Kontrolle halten muss. Haben Sie Fragen? Fragen Sie sie ruhig!      <\/p>\n<p><\/span><\/div>\n<div class=\"specification-item row-even\"><span class=\"spec-content\"><strong>Geschichte der Marke<\/strong><\/span><\/div>\n<div class=\"specification-item row-odd\"><span class=\"spec-content\"><\/p>\n<p>Focal wurde 1979 in Saint-\u00c9tienne, Frankreich, von Jacques Mahul gegr\u00fcndet. Die Marke begann mit der Herstellung von Lautsprecherelementen, die sie zun\u00e4chst an andere Hersteller lieferte. Im Laufe der Jahre hat sich Focal auf die Entwicklung und Herstellung eigener Lautsprechersysteme konzentriert und verschiedene Technologien und Materialien f\u00fcr eine verbesserte Klangwiedergabe entwickelt. Ein Beispiel ist die Verwendung von Beryllium in Hocht\u00f6nern, das einzigartige Eigenschaften in Bezug auf die Klangeigenschaften bietet. Focal stellt auch Kopfh\u00f6rer und andere Audioger\u00e4te her, wobei viele Komponenten im eigenen Haus gefertigt werden. Neben dem Verbrauchermarkt konzentriert sich die Marke auch auf die Herstellung von Lautsprechern f\u00fcr den Einsatz in professionellen Studios.     <\/p>\n<p><\/span><\/div>\n<\/div>\n","protected":false},"excerpt":{"rendered":"<p>Beschreibung Freakuence! Diese neueste Ausgabe 1028 ist unkompliziert! Sehr direkt und besonders schnell im Hochtonbereich. Das liegt zum Teil an seinem Berylium-Hocht\u00f6ner. Ein wahres Spektakel (allerdings in Bezug auf den Klang). Die B\u00e4sse k\u00f6nnen heftig sein, aber das hat oft mit dem Verst\u00e4rker zu tun, der die Ger\u00e4te unter Kontrolle halten muss. Haben Sie Fragen? [&hellip;]<\/p>\n","protected":false},"featured_media":0,"template":"","meta":{"_acf_changed":false,"inline_featured_image":false},"product_brand":[],"product_cat":[553],"product_tag":[555],"class_list":{"0":"post-315894","1":"product","2":"type-product","3":"status-publish","5":"product_cat-redner","6":"product_tag-benutzt","8":"first","9":"instock","10":"purchasable","11":"product-type-simple"},"acf":[],"yoast_head":"<!-- This site is optimized with the Yoast SEO plugin v25.9 - https:\/\/yoast.com\/wordpress\/plugins\/seo\/ -->\n<title>Focal 1028 BE | Freakuence!<\/title>\n<meta name=\"robots\" content=\"noindex, follow, max-snippet:-1, max-image-preview:large, max-video-preview:-1\" \/>\n<meta property=\"og:locale\" content=\"de_DE\" \/>\n<meta property=\"og:type\" content=\"article\" \/>\n<meta property=\"og:title\" content=\"Focal 1028 BE | Freakuence!\" \/>\n<meta property=\"og:description\" content=\"Beschreibung Freakuence! Diese neueste Ausgabe 1028 ist unkompliziert! Sehr direkt und besonders schnell im Hochtonbereich. Das liegt zum Teil an seinem Berylium-Hocht\u00f6ner. Ein wahres Spektakel (allerdings in Bezug auf den Klang). Die B\u00e4sse k\u00f6nnen heftig sein, aber das hat oft mit dem Verst\u00e4rker zu tun, der die Ger\u00e4te unter Kontrolle halten muss. Haben Sie Fragen? [&hellip;]\" \/>\n<meta property=\"og:url\" content=\"https:\/\/dev.freakuence.nl\/de\/produkt\/focal-1028-be\/\" \/>\n<meta property=\"og:site_name\" content=\"Freakuence!\" \/>\n<meta name=\"twitter:card\" content=\"summary_large_image\" \/>\n<script type=\"application\/ld+json\" class=\"yoast-schema-graph\">{\"@context\":\"https:\/\/schema.org\",\"@graph\":[{\"@type\":\"WebPage\",\"@id\":\"https:\/\/dev.freakuence.nl\/de\/produkt\/focal-1028-be\/\",\"url\":\"https:\/\/dev.freakuence.nl\/de\/produkt\/focal-1028-be\/\",\"name\":\"Focal 1028 BE | Freakuence!\",\"isPartOf\":{\"@id\":\"https:\/\/dev.freakuence.nl\/de\/#website\"},\"datePublished\":\"2025-11-03T03:51:46+00:00\",\"breadcrumb\":{\"@id\":\"https:\/\/dev.freakuence.nl\/de\/produkt\/focal-1028-be\/#breadcrumb\"},\"inLanguage\":\"de\",\"potentialAction\":[{\"@type\":\"ReadAction\",\"target\":[\"https:\/\/dev.freakuence.nl\/de\/produkt\/focal-1028-be\/\"]}]},{\"@type\":\"BreadcrumbList\",\"@id\":\"https:\/\/dev.freakuence.nl\/de\/produkt\/focal-1028-be\/#breadcrumb\",\"itemListElement\":[{\"@type\":\"ListItem\",\"position\":1,\"name\":\"Startseite\",\"item\":\"https:\/\/dev.freakuence.nl\/de\/\"},{\"@type\":\"ListItem\",\"position\":2,\"name\":\"Products\",\"item\":\"https:\/\/dev.freakuence.nl\/en\/products\/\"},{\"@type\":\"ListItem\",\"position\":3,\"name\":\"Brennpunkt 1028 BE\"}]},{\"@type\":\"WebSite\",\"@id\":\"https:\/\/dev.freakuence.nl\/de\/#website\",\"url\":\"https:\/\/dev.freakuence.nl\/de\/\",\"name\":\"Freakuence!\",\"description\":\"Freakuence!\",\"alternateName\":\"Freakuence\",\"potentialAction\":[{\"@type\":\"SearchAction\",\"target\":{\"@type\":\"EntryPoint\",\"urlTemplate\":\"https:\/\/dev.freakuence.nl\/de\/?s={search_term_string}\"},\"query-input\":{\"@type\":\"PropertyValueSpecification\",\"valueRequired\":true,\"valueName\":\"search_term_string\"}}],\"inLanguage\":\"de\"}]}<\/script>\n<!-- \/ Yoast SEO plugin. -->","yoast_head_json":{"title":"Focal 1028 BE | Freakuence!","robots":{"index":"noindex","follow":"follow","max-snippet":"max-snippet:-1","max-image-preview":"max-image-preview:large","max-video-preview":"max-video-preview:-1"},"og_locale":"de_DE","og_type":"article","og_title":"Focal 1028 BE | Freakuence!","og_description":"Beschreibung Freakuence! Diese neueste Ausgabe 1028 ist unkompliziert! Sehr direkt und besonders schnell im Hochtonbereich. Das liegt zum Teil an seinem Berylium-Hocht\u00f6ner. Ein wahres Spektakel (allerdings in Bezug auf den Klang). Die B\u00e4sse k\u00f6nnen heftig sein, aber das hat oft mit dem Verst\u00e4rker zu tun, der die Ger\u00e4te unter Kontrolle halten muss. Haben Sie Fragen? [&hellip;]","og_url":"https:\/\/dev.freakuence.nl\/de\/produkt\/focal-1028-be\/","og_site_name":"Freakuence!","twitter_card":"summary_large_image","schema":{"@context":"https:\/\/schema.org","@graph":[{"@type":"WebPage","@id":"https:\/\/dev.freakuence.nl\/de\/produkt\/focal-1028-be\/","url":"https:\/\/dev.freakuence.nl\/de\/produkt\/focal-1028-be\/","name":"Focal 1028 BE | Freakuence!","isPartOf":{"@id":"https:\/\/dev.freakuence.nl\/de\/#website"},"datePublished":"2025-11-03T03:51:46+00:00","breadcrumb":{"@id":"https:\/\/dev.freakuence.nl\/de\/produkt\/focal-1028-be\/#breadcrumb"},"inLanguage":"de","potentialAction":[{"@type":"ReadAction","target":["https:\/\/dev.freakuence.nl\/de\/produkt\/focal-1028-be\/"]}]},{"@type":"BreadcrumbList","@id":"https:\/\/dev.freakuence.nl\/de\/produkt\/focal-1028-be\/#breadcrumb","itemListElement":[{"@type":"ListItem","position":1,"name":"Startseite","item":"https:\/\/dev.freakuence.nl\/de\/"},{"@type":"ListItem","position":2,"name":"Products","item":"https:\/\/dev.freakuence.nl\/en\/products\/"},{"@type":"ListItem","position":3,"name":"Brennpunkt 1028 BE"}]},{"@type":"WebSite","@id":"https:\/\/dev.freakuence.nl\/de\/#website","url":"https:\/\/dev.freakuence.nl\/de\/","name":"Freakuence!","description":"Freakuence!","alternateName":"Freakuence","potentialAction":[{"@type":"SearchAction","target":{"@type":"EntryPoint","urlTemplate":"https:\/\/dev.freakuence.nl\/de\/?s={search_term_string}"},"query-input":{"@type":"PropertyValueSpecification","valueRequired":true,"valueName":"search_term_string"}}],"inLanguage":"de"}]}},"_links":{"self":[{"href":"https:\/\/dev.freakuence.nl\/de\/wp-json\/wp\/v2\/product\/315894","targetHints":{"allow":["GET"]}}],"collection":[{"href":"https:\/\/dev.freakuence.nl\/de\/wp-json\/wp\/v2\/product"}],"about":[{"href":"https:\/\/dev.freakuence.nl\/de\/wp-json\/wp\/v2\/types\/product"}],"version-history":[{"count":0,"href":"https:\/\/dev.freakuence.nl\/de\/wp-json\/wp\/v2\/product\/315894\/revisions"}],"wp:attachment":[{"href":"https:\/\/dev.freakuence.nl\/de\/wp-json\/wp\/v2\/media?parent=315894"}],"wp:term":[{"taxonomy":"product_brand","embeddable":true,"href":"https:\/\/dev.freakuence.nl\/de\/wp-json\/wp\/v2\/product_brand?post=315894"},{"taxonomy":"product_cat","embeddable":true,"href":"https:\/\/dev.freakuence.nl\/de\/wp-json\/wp\/v2\/product_cat?post=315894"},{"taxonomy":"product_tag","embeddable":true,"href":"https:\/\/dev.freakuence.nl\/de\/wp-json\/wp\/v2\/product_tag?post=315894"}],"curies":[{"name":"wp","href":"https:\/\/api.w.org\/{rel}","templated":true}]}}