{"id":315902,"date":"2025-09-29T09:42:56","date_gmt":"2025-09-29T07:42:56","guid":{"rendered":"https:\/\/dev.freakuence.nl\/product\/pachanko-mini-se\/"},"modified":"2025-09-29T09:42:56","modified_gmt":"2025-09-29T07:42:56","slug":"pachanko-mini-se","status":"publish","type":"product","link":"https:\/\/dev.freakuence.nl\/de\/produkt\/pachanko-mini-se\/","title":{"rendered":"Pachanko Mini SE"},"content":{"rendered":"<div class=\"product-specifications-list\">\n<div class=\"specification-item row-even\"><span class=\"spec-content\"><strong>Beschreibung Freakuence!<\/strong><\/span><\/div>\n<div class=\"specification-item row-odd\"><span class=\"spec-content\"><\/p>\n<p>Die Pachanko-Konstallation Mini SE mit Roon + HQ-Player und Diretta!<\/span><\/div>\n<div class=\"specification-item row-even\"><span class=\"spec-content\">Musikserver mit einer leistungsstarken 4-Kern-Intel-CPU, 8 GB RAM in Industriequalit\u00e4t und einem l\u00fcfterlosen, leisen Geh\u00e4use. Das speziell abgestimmte Windows-Betriebssystem ist f\u00fcr die Audioleistung optimiert. Ausgestattet mit Audio-Software wie Roon und HQplayer, ohne Unterbrechungen oder Computerger\u00e4usche!  <\/span><\/div>\n<div class=\"specification-item row-odd\"><span class=\"spec-content\">Das stellare lineare Netzteil von Pachanko verf\u00fcgt \u00fcber einen O-Core-Transformator, pr\u00e4zise Vibrationsisolierung und Flexibilit\u00e4t mit zwei Spannungsausg\u00e4ngen. Handgefertigte Komponenten und eine tiefgek\u00fchlte Verkabelung. All das macht es zu einem wunderbaren Upgrade f\u00fcr Ihren Musikserver.  <\/p>\n<p><\/span><\/div>\n<div class=\"specification-item row-even\"><span class=\"spec-content\"><strong>Geschichte der Marke<\/strong><\/span><\/div>\n<div class=\"specification-item row-odd\"><span class=\"spec-content\"><\/p>\n<p>Pachanko wurde 2005 gegr\u00fcndet und hat seinen Hauptsitz in Frankreich. Die Marke wurde von einer Gruppe passionierter Fachleute mit einem gemeinsamen Interesse an Audio und Technologie gegr\u00fcndet. Von Anfang an konzentrierte sich Pachanko auf das Design und die Entwicklung hochwertiger Produkte. Die Gr\u00fcnder haben einen Hintergrund in Akustik und Elektronik, der es ihnen erm\u00f6glichte, Produkte zu entwickeln, die strengen technischen Standards entsprechen. Durch die Zusammenarbeit mit spezialisierten Partnern aus der Branche hat Pachanko ein Netzwerk aufgebaut, das eine kontinuierliche Produktentwicklung erm\u00f6glicht. Die Marke bedient sowohl den lokalen als auch den internationalen Markt und arbeitet kontinuierlich an der Verbesserung des Kundendienstes und der Haltbarkeit ihrer Produkte. Das Engagement f\u00fcr technische Pr\u00e4zision und die kontinuierliche Zusammenarbeit mit der Industrie ist seit der Gr\u00fcndung der Marke ein konstanter Faktor. Pachanko ist daf\u00fcr bekannt, langlebige Produkte anzubieten.       <\/p>\n<p><\/span><\/div>\n<\/div>\n","protected":false},"excerpt":{"rendered":"<p>Beschreibung Freakuence! Die Pachanko-Konstallation Mini SE mit Roon + HQ-Player und Diretta! Musikserver mit einer leistungsstarken 4-Kern-Intel-CPU, 8 GB RAM in Industriequalit\u00e4t und einem l\u00fcfterlosen, leisen Geh\u00e4use. Das speziell abgestimmte Windows-Betriebssystem ist f\u00fcr die Audioleistung optimiert. Ausgestattet mit Audio-Software wie Roon und HQplayer, ohne Unterbrechungen oder Computerger\u00e4usche! Das stellare lineare Netzteil von Pachanko verf\u00fcgt \u00fcber [&hellip;]<\/p>\n","protected":false},"featured_media":0,"template":"","meta":{"_acf_changed":false,"inline_featured_image":false},"product_brand":[],"product_cat":[594],"product_tag":[555],"class_list":{"0":"post-315902","1":"product","2":"type-product","3":"status-publish","5":"product_cat-dac-streamer","6":"product_tag-benutzt","7":"pa_kleur-silber","9":"first","10":"instock","11":"purchasable","12":"product-type-simple"},"acf":[],"yoast_head":"<!-- This site is optimized with the Yoast SEO plugin v25.9 - https:\/\/yoast.com\/wordpress\/plugins\/seo\/ -->\n<title>Pachanko Mini SE | Freakuence!<\/title>\n<meta name=\"robots\" content=\"noindex, follow, max-snippet:-1, max-image-preview:large, max-video-preview:-1\" \/>\n<meta property=\"og:locale\" content=\"de_DE\" \/>\n<meta property=\"og:type\" content=\"article\" \/>\n<meta property=\"og:title\" content=\"Pachanko Mini SE | Freakuence!\" \/>\n<meta property=\"og:description\" content=\"Beschreibung Freakuence! Die Pachanko-Konstallation Mini SE mit Roon + HQ-Player und Diretta! Musikserver mit einer leistungsstarken 4-Kern-Intel-CPU, 8 GB RAM in Industriequalit\u00e4t und einem l\u00fcfterlosen, leisen Geh\u00e4use. Das speziell abgestimmte Windows-Betriebssystem ist f\u00fcr die Audioleistung optimiert. Ausgestattet mit Audio-Software wie Roon und HQplayer, ohne Unterbrechungen oder Computerger\u00e4usche! Das stellare lineare Netzteil von Pachanko verf\u00fcgt \u00fcber [&hellip;]\" \/>\n<meta property=\"og:url\" content=\"https:\/\/dev.freakuence.nl\/de\/produkt\/pachanko-mini-se\/\" \/>\n<meta property=\"og:site_name\" content=\"Freakuence!\" \/>\n<meta name=\"twitter:card\" content=\"summary_large_image\" \/>\n<script type=\"application\/ld+json\" class=\"yoast-schema-graph\">{\"@context\":\"https:\/\/schema.org\",\"@graph\":[{\"@type\":\"WebPage\",\"@id\":\"https:\/\/dev.freakuence.nl\/de\/produkt\/pachanko-mini-se\/\",\"url\":\"https:\/\/dev.freakuence.nl\/de\/produkt\/pachanko-mini-se\/\",\"name\":\"Pachanko Mini SE | Freakuence!\",\"isPartOf\":{\"@id\":\"https:\/\/dev.freakuence.nl\/de\/#website\"},\"datePublished\":\"2025-09-29T07:42:56+00:00\",\"breadcrumb\":{\"@id\":\"https:\/\/dev.freakuence.nl\/de\/produkt\/pachanko-mini-se\/#breadcrumb\"},\"inLanguage\":\"de\",\"potentialAction\":[{\"@type\":\"ReadAction\",\"target\":[\"https:\/\/dev.freakuence.nl\/de\/produkt\/pachanko-mini-se\/\"]}]},{\"@type\":\"BreadcrumbList\",\"@id\":\"https:\/\/dev.freakuence.nl\/de\/produkt\/pachanko-mini-se\/#breadcrumb\",\"itemListElement\":[{\"@type\":\"ListItem\",\"position\":1,\"name\":\"Startseite\",\"item\":\"https:\/\/dev.freakuence.nl\/de\/\"},{\"@type\":\"ListItem\",\"position\":2,\"name\":\"Products\",\"item\":\"https:\/\/dev.freakuence.nl\/en\/products\/\"},{\"@type\":\"ListItem\",\"position\":3,\"name\":\"Pachanko Mini SE\"}]},{\"@type\":\"WebSite\",\"@id\":\"https:\/\/dev.freakuence.nl\/de\/#website\",\"url\":\"https:\/\/dev.freakuence.nl\/de\/\",\"name\":\"Freakuence!\",\"description\":\"Freakuence!\",\"alternateName\":\"Freakuence\",\"potentialAction\":[{\"@type\":\"SearchAction\",\"target\":{\"@type\":\"EntryPoint\",\"urlTemplate\":\"https:\/\/dev.freakuence.nl\/de\/?s={search_term_string}\"},\"query-input\":{\"@type\":\"PropertyValueSpecification\",\"valueRequired\":true,\"valueName\":\"search_term_string\"}}],\"inLanguage\":\"de\"}]}<\/script>\n<!-- \/ Yoast SEO plugin. -->","yoast_head_json":{"title":"Pachanko Mini SE | Freakuence!","robots":{"index":"noindex","follow":"follow","max-snippet":"max-snippet:-1","max-image-preview":"max-image-preview:large","max-video-preview":"max-video-preview:-1"},"og_locale":"de_DE","og_type":"article","og_title":"Pachanko Mini SE | Freakuence!","og_description":"Beschreibung Freakuence! Die Pachanko-Konstallation Mini SE mit Roon + HQ-Player und Diretta! Musikserver mit einer leistungsstarken 4-Kern-Intel-CPU, 8 GB RAM in Industriequalit\u00e4t und einem l\u00fcfterlosen, leisen Geh\u00e4use. Das speziell abgestimmte Windows-Betriebssystem ist f\u00fcr die Audioleistung optimiert. Ausgestattet mit Audio-Software wie Roon und HQplayer, ohne Unterbrechungen oder Computerger\u00e4usche! Das stellare lineare Netzteil von Pachanko verf\u00fcgt \u00fcber [&hellip;]","og_url":"https:\/\/dev.freakuence.nl\/de\/produkt\/pachanko-mini-se\/","og_site_name":"Freakuence!","twitter_card":"summary_large_image","schema":{"@context":"https:\/\/schema.org","@graph":[{"@type":"WebPage","@id":"https:\/\/dev.freakuence.nl\/de\/produkt\/pachanko-mini-se\/","url":"https:\/\/dev.freakuence.nl\/de\/produkt\/pachanko-mini-se\/","name":"Pachanko Mini SE | Freakuence!","isPartOf":{"@id":"https:\/\/dev.freakuence.nl\/de\/#website"},"datePublished":"2025-09-29T07:42:56+00:00","breadcrumb":{"@id":"https:\/\/dev.freakuence.nl\/de\/produkt\/pachanko-mini-se\/#breadcrumb"},"inLanguage":"de","potentialAction":[{"@type":"ReadAction","target":["https:\/\/dev.freakuence.nl\/de\/produkt\/pachanko-mini-se\/"]}]},{"@type":"BreadcrumbList","@id":"https:\/\/dev.freakuence.nl\/de\/produkt\/pachanko-mini-se\/#breadcrumb","itemListElement":[{"@type":"ListItem","position":1,"name":"Startseite","item":"https:\/\/dev.freakuence.nl\/de\/"},{"@type":"ListItem","position":2,"name":"Products","item":"https:\/\/dev.freakuence.nl\/en\/products\/"},{"@type":"ListItem","position":3,"name":"Pachanko Mini SE"}]},{"@type":"WebSite","@id":"https:\/\/dev.freakuence.nl\/de\/#website","url":"https:\/\/dev.freakuence.nl\/de\/","name":"Freakuence!","description":"Freakuence!","alternateName":"Freakuence","potentialAction":[{"@type":"SearchAction","target":{"@type":"EntryPoint","urlTemplate":"https:\/\/dev.freakuence.nl\/de\/?s={search_term_string}"},"query-input":{"@type":"PropertyValueSpecification","valueRequired":true,"valueName":"search_term_string"}}],"inLanguage":"de"}]}},"_links":{"self":[{"href":"https:\/\/dev.freakuence.nl\/de\/wp-json\/wp\/v2\/product\/315902","targetHints":{"allow":["GET"]}}],"collection":[{"href":"https:\/\/dev.freakuence.nl\/de\/wp-json\/wp\/v2\/product"}],"about":[{"href":"https:\/\/dev.freakuence.nl\/de\/wp-json\/wp\/v2\/types\/product"}],"version-history":[{"count":0,"href":"https:\/\/dev.freakuence.nl\/de\/wp-json\/wp\/v2\/product\/315902\/revisions"}],"wp:attachment":[{"href":"https:\/\/dev.freakuence.nl\/de\/wp-json\/wp\/v2\/media?parent=315902"}],"wp:term":[{"taxonomy":"product_brand","embeddable":true,"href":"https:\/\/dev.freakuence.nl\/de\/wp-json\/wp\/v2\/product_brand?post=315902"},{"taxonomy":"product_cat","embeddable":true,"href":"https:\/\/dev.freakuence.nl\/de\/wp-json\/wp\/v2\/product_cat?post=315902"},{"taxonomy":"product_tag","embeddable":true,"href":"https:\/\/dev.freakuence.nl\/de\/wp-json\/wp\/v2\/product_tag?post=315902"}],"curies":[{"name":"wp","href":"https:\/\/api.w.org\/{rel}","templated":true}]}}