{"id":315931,"date":"2025-09-25T04:51:47","date_gmt":"2025-09-25T02:51:47","guid":{"rendered":"https:\/\/dev.freakuence.nl\/product\/jorma-design-duality-lautsprecher-350cm\/"},"modified":"2025-09-25T04:51:47","modified_gmt":"2025-09-25T02:51:47","slug":"jorma-design-duality-lautsprecher-350cm","status":"publish","type":"product","link":"https:\/\/dev.freakuence.nl\/de\/produkt\/jorma-design-duality-lautsprecher-350cm\/","title":{"rendered":"Jorma Design Duality Lautsprecher 350cm"},"content":{"rendered":"<div class=\"product-specifications-list\">\n<div class=\"specification-item row-even\"><span class=\"spec-content\"><strong>Beschreibung Freakuence!<\/strong><\/span><\/div>\n<div class=\"specification-item row-odd\"><span class=\"spec-content\"><\/p>\n<p>Ein seri\u00f6ses Kabel! \u00dcberpr\u00fcfung zu Hause?<\/p>\n<p><\/span><\/div>\n<div class=\"specification-item row-even\"><span class=\"spec-content\"><strong>Allgemeine Beschreibung<\/strong><\/span><\/div>\n<div class=\"specification-item row-odd\"><span class=\"spec-content\"><\/p>\n<p>Die Lautsprecherkabel von Jorma Duality sind f\u00fcr einen nat\u00fcrlichen und transparenten Klang konzipiert. Sie verwenden hochwertige Materialien und eine durchdachte Konstruktion, um die Signal\u00fcbertragung zu optimieren. Mit einer zus\u00e4tzlichen Isolationsschicht und einer dichteren, stabilen Konstruktion bieten diese Kabel eine verbesserte Abschirmung und minimale Interferenzen. Die Leiter bestehen aus Kupfer mit einem Reinheitsgrad von 99,999999%, was zur Klarheit und Genauigkeit des Klangs beitr\u00e4gt.   <\/span><\/div>\n<div class=\"specification-item row-even\"><span class=\"spec-content\">Diese Kabel sind mit verschiedenen Steckern, wie Bananen- oder Spatensteckern, und in verschiedenen L\u00e4ngen erh\u00e4ltlich, um unterschiedlichen Bed\u00fcrfnissen gerecht zu werden. Sie werden in Schweden handgefertigt, was Handwerkskunst und Liebe zum Detail garantiert. <\/span><\/div>\n<div class=\"specification-item row-odd\"><span class=\"spec-content\">Mit den Jorma Duality Lautsprecherkabeln erhalten Sie eine zuverl\u00e4ssige und hochwertige Verbindung, die zu einem optimalen H\u00f6rerlebnis beitr\u00e4gt.<\/p>\n<p><\/span><\/div>\n<div class=\"specification-item row-even\"><span class=\"spec-content\"><strong>Geschichte der Marke<\/strong><\/span><\/div>\n<div class=\"specification-item row-odd\"><span class=\"spec-content\"><\/p>\n<p>Jorma Design wurde 2001 von Jorma Koski in Schweden gegr\u00fcndet. Seit seiner Gr\u00fcndung konzentriert sich das Unternehmen auf die Entwicklung und Herstellung von Kabeln mit einer m\u00f6glichst nat\u00fcrlichen Klangwiedergabe als Ausgangspunkt. Alle Produkte werden im Atelier in Schweden handgefertigt. Das Sortiment umfasst Interlink-, Lautsprecher- und Stromkabel. Bei der Herstellung werden nur ausgew\u00e4hlte Materialien wie reines Kupfer und fortschrittliche Abschirmungstechnologie verwendet, wobei auf die Verarbeitung und Konstruktion geachtet wird. Die Kabel wurden mit dem Ziel entwickelt, Signale ohne unerw\u00fcnschte St\u00f6rungen zu \u00fcbertragen. Innerhalb des Sortiments sind mehrere Produktlinien erh\u00e4ltlich, jede mit spezifischen Eigenschaften. Jorma Design f\u00fchrt f\u00fcr jedes einzelne Produkt eine Qualit\u00e4tskontrolle durch, bevor es die Werkstatt verl\u00e4sst. Die Entw\u00fcrfe werden regelm\u00e4\u00dfig mit technischen \u00c4nderungen auf der Grundlage interner Messungen und Bewertungen aktualisiert.        <\/p>\n<p><\/span><\/div>\n<\/div>\n","protected":false},"excerpt":{"rendered":"<p>Beschreibung Freakuence! Ein seri\u00f6ses Kabel! \u00dcberpr\u00fcfung zu Hause? Allgemeine Beschreibung Die Lautsprecherkabel von Jorma Duality sind f\u00fcr einen nat\u00fcrlichen und transparenten Klang konzipiert. Sie verwenden hochwertige Materialien und eine durchdachte Konstruktion, um die Signal\u00fcbertragung zu optimieren. Mit einer zus\u00e4tzlichen Isolationsschicht und einer dichteren, stabilen Konstruktion bieten diese Kabel eine verbesserte Abschirmung und minimale Interferenzen. Die [&hellip;]<\/p>\n","protected":false},"featured_media":0,"template":"","meta":{"_acf_changed":false,"inline_featured_image":false},"product_brand":[],"product_cat":[562],"product_tag":[555],"class_list":{"0":"post-315931","1":"product","2":"type-product","3":"status-publish","5":"product_cat-audio","6":"product_tag-benutzt","7":"pa_kleur-schwarz","9":"first","10":"instock","11":"purchasable","12":"product-type-simple"},"acf":[],"yoast_head":"<!-- This site is optimized with the Yoast SEO plugin v25.9 - https:\/\/yoast.com\/wordpress\/plugins\/seo\/ -->\n<title>Jorma Design Duality Lautsprecher 350cm | Freakuence!<\/title>\n<meta name=\"robots\" content=\"noindex, follow, max-snippet:-1, max-image-preview:large, max-video-preview:-1\" \/>\n<meta property=\"og:locale\" content=\"de_DE\" \/>\n<meta property=\"og:type\" content=\"article\" \/>\n<meta property=\"og:title\" content=\"Jorma Design Duality Lautsprecher 350cm | Freakuence!\" \/>\n<meta property=\"og:description\" content=\"Beschreibung Freakuence! Ein seri\u00f6ses Kabel! \u00dcberpr\u00fcfung zu Hause? Allgemeine Beschreibung Die Lautsprecherkabel von Jorma Duality sind f\u00fcr einen nat\u00fcrlichen und transparenten Klang konzipiert. Sie verwenden hochwertige Materialien und eine durchdachte Konstruktion, um die Signal\u00fcbertragung zu optimieren. Mit einer zus\u00e4tzlichen Isolationsschicht und einer dichteren, stabilen Konstruktion bieten diese Kabel eine verbesserte Abschirmung und minimale Interferenzen. Die [&hellip;]\" \/>\n<meta property=\"og:url\" content=\"https:\/\/dev.freakuence.nl\/de\/produkt\/jorma-design-duality-lautsprecher-350cm\/\" \/>\n<meta property=\"og:site_name\" content=\"Freakuence!\" \/>\n<meta name=\"twitter:card\" content=\"summary_large_image\" \/>\n<script type=\"application\/ld+json\" class=\"yoast-schema-graph\">{\"@context\":\"https:\/\/schema.org\",\"@graph\":[{\"@type\":\"WebPage\",\"@id\":\"https:\/\/dev.freakuence.nl\/de\/produkt\/jorma-design-duality-lautsprecher-350cm\/\",\"url\":\"https:\/\/dev.freakuence.nl\/de\/produkt\/jorma-design-duality-lautsprecher-350cm\/\",\"name\":\"Jorma Design Duality Lautsprecher 350cm | Freakuence!\",\"isPartOf\":{\"@id\":\"https:\/\/dev.freakuence.nl\/de\/#website\"},\"datePublished\":\"2025-09-25T02:51:47+00:00\",\"breadcrumb\":{\"@id\":\"https:\/\/dev.freakuence.nl\/de\/produkt\/jorma-design-duality-lautsprecher-350cm\/#breadcrumb\"},\"inLanguage\":\"de\",\"potentialAction\":[{\"@type\":\"ReadAction\",\"target\":[\"https:\/\/dev.freakuence.nl\/de\/produkt\/jorma-design-duality-lautsprecher-350cm\/\"]}]},{\"@type\":\"BreadcrumbList\",\"@id\":\"https:\/\/dev.freakuence.nl\/de\/produkt\/jorma-design-duality-lautsprecher-350cm\/#breadcrumb\",\"itemListElement\":[{\"@type\":\"ListItem\",\"position\":1,\"name\":\"Startseite\",\"item\":\"https:\/\/dev.freakuence.nl\/de\/\"},{\"@type\":\"ListItem\",\"position\":2,\"name\":\"Products\",\"item\":\"https:\/\/dev.freakuence.nl\/en\/products\/\"},{\"@type\":\"ListItem\",\"position\":3,\"name\":\"Jorma Design Duality Lautsprecher 350cm\"}]},{\"@type\":\"WebSite\",\"@id\":\"https:\/\/dev.freakuence.nl\/de\/#website\",\"url\":\"https:\/\/dev.freakuence.nl\/de\/\",\"name\":\"Freakuence!\",\"description\":\"Freakuence!\",\"alternateName\":\"Freakuence\",\"potentialAction\":[{\"@type\":\"SearchAction\",\"target\":{\"@type\":\"EntryPoint\",\"urlTemplate\":\"https:\/\/dev.freakuence.nl\/de\/?s={search_term_string}\"},\"query-input\":{\"@type\":\"PropertyValueSpecification\",\"valueRequired\":true,\"valueName\":\"search_term_string\"}}],\"inLanguage\":\"de\"}]}<\/script>\n<!-- \/ Yoast SEO plugin. -->","yoast_head_json":{"title":"Jorma Design Duality Lautsprecher 350cm | Freakuence!","robots":{"index":"noindex","follow":"follow","max-snippet":"max-snippet:-1","max-image-preview":"max-image-preview:large","max-video-preview":"max-video-preview:-1"},"og_locale":"de_DE","og_type":"article","og_title":"Jorma Design Duality Lautsprecher 350cm | Freakuence!","og_description":"Beschreibung Freakuence! Ein seri\u00f6ses Kabel! \u00dcberpr\u00fcfung zu Hause? Allgemeine Beschreibung Die Lautsprecherkabel von Jorma Duality sind f\u00fcr einen nat\u00fcrlichen und transparenten Klang konzipiert. Sie verwenden hochwertige Materialien und eine durchdachte Konstruktion, um die Signal\u00fcbertragung zu optimieren. Mit einer zus\u00e4tzlichen Isolationsschicht und einer dichteren, stabilen Konstruktion bieten diese Kabel eine verbesserte Abschirmung und minimale Interferenzen. Die [&hellip;]","og_url":"https:\/\/dev.freakuence.nl\/de\/produkt\/jorma-design-duality-lautsprecher-350cm\/","og_site_name":"Freakuence!","twitter_card":"summary_large_image","schema":{"@context":"https:\/\/schema.org","@graph":[{"@type":"WebPage","@id":"https:\/\/dev.freakuence.nl\/de\/produkt\/jorma-design-duality-lautsprecher-350cm\/","url":"https:\/\/dev.freakuence.nl\/de\/produkt\/jorma-design-duality-lautsprecher-350cm\/","name":"Jorma Design Duality Lautsprecher 350cm | Freakuence!","isPartOf":{"@id":"https:\/\/dev.freakuence.nl\/de\/#website"},"datePublished":"2025-09-25T02:51:47+00:00","breadcrumb":{"@id":"https:\/\/dev.freakuence.nl\/de\/produkt\/jorma-design-duality-lautsprecher-350cm\/#breadcrumb"},"inLanguage":"de","potentialAction":[{"@type":"ReadAction","target":["https:\/\/dev.freakuence.nl\/de\/produkt\/jorma-design-duality-lautsprecher-350cm\/"]}]},{"@type":"BreadcrumbList","@id":"https:\/\/dev.freakuence.nl\/de\/produkt\/jorma-design-duality-lautsprecher-350cm\/#breadcrumb","itemListElement":[{"@type":"ListItem","position":1,"name":"Startseite","item":"https:\/\/dev.freakuence.nl\/de\/"},{"@type":"ListItem","position":2,"name":"Products","item":"https:\/\/dev.freakuence.nl\/en\/products\/"},{"@type":"ListItem","position":3,"name":"Jorma Design Duality Lautsprecher 350cm"}]},{"@type":"WebSite","@id":"https:\/\/dev.freakuence.nl\/de\/#website","url":"https:\/\/dev.freakuence.nl\/de\/","name":"Freakuence!","description":"Freakuence!","alternateName":"Freakuence","potentialAction":[{"@type":"SearchAction","target":{"@type":"EntryPoint","urlTemplate":"https:\/\/dev.freakuence.nl\/de\/?s={search_term_string}"},"query-input":{"@type":"PropertyValueSpecification","valueRequired":true,"valueName":"search_term_string"}}],"inLanguage":"de"}]}},"_links":{"self":[{"href":"https:\/\/dev.freakuence.nl\/de\/wp-json\/wp\/v2\/product\/315931","targetHints":{"allow":["GET"]}}],"collection":[{"href":"https:\/\/dev.freakuence.nl\/de\/wp-json\/wp\/v2\/product"}],"about":[{"href":"https:\/\/dev.freakuence.nl\/de\/wp-json\/wp\/v2\/types\/product"}],"version-history":[{"count":0,"href":"https:\/\/dev.freakuence.nl\/de\/wp-json\/wp\/v2\/product\/315931\/revisions"}],"wp:attachment":[{"href":"https:\/\/dev.freakuence.nl\/de\/wp-json\/wp\/v2\/media?parent=315931"}],"wp:term":[{"taxonomy":"product_brand","embeddable":true,"href":"https:\/\/dev.freakuence.nl\/de\/wp-json\/wp\/v2\/product_brand?post=315931"},{"taxonomy":"product_cat","embeddable":true,"href":"https:\/\/dev.freakuence.nl\/de\/wp-json\/wp\/v2\/product_cat?post=315931"},{"taxonomy":"product_tag","embeddable":true,"href":"https:\/\/dev.freakuence.nl\/de\/wp-json\/wp\/v2\/product_tag?post=315931"}],"curies":[{"name":"wp","href":"https:\/\/api.w.org\/{rel}","templated":true}]}}