{"id":315952,"date":"2025-09-17T14:21:15","date_gmt":"2025-09-17T12:21:15","guid":{"rendered":"https:\/\/dev.freakuence.nl\/product\/kundenspezifischer-fischtank-fuer-p3-shl5\/"},"modified":"2026-04-11T04:21:51","modified_gmt":"2026-04-11T02:21:51","slug":"kundenspezifischer-fischtank-fuer-p3-shl5","status":"publish","type":"product","link":"https:\/\/dev.freakuence.nl\/de\/produkt\/kundenspezifischer-fischtank-fuer-p3-shl5\/","title":{"rendered":"Kundenspezifischer Fischtank f\u00fcr P3\/SHL5"},"content":{"rendered":"<div class=\"product-specifications-list\">\n<div class=\"specification-item row-even\"><span class=\"spec-content\"><strong>Beschreibung Freakuence!<\/strong><\/span><\/div>\n<div class=\"specification-item row-odd\"><span class=\"spec-content\"><\/p>\n<p>Steht. Ja, ja&#8230; <\/p>\n<p><\/span><\/div>\n<div class=\"specification-item row-even\"><span class=\"spec-content\"><strong>Details<\/strong><\/span><\/div>\n<div class=\"specification-item row-odd\"><span class=\"spec-content\"><\/p>\n<p><\/p>\n<p>Sie suchen ein anderes Modell aus der aktuellen Serie der Marke? Schicken Sie uns eine Nachricht!  Wir m\u00f6chten, dass es Spa\u00df macht.<\/p>\n<p><\/span><\/div>\n<div class=\"specification-item row-even\"><span class=\"spec-content\">Ladenpreis: 899.00<\/span><\/div>\n<div class=\"specification-item row-odd\"><span class=\"spec-content\"><strong>Allgemeine Beschreibung<\/strong><\/span><\/div>\n<div class=\"specification-item row-even\"><span class=\"spec-content\"><\/p>\n<p>Der Custom Design Fishtank ist ein ma\u00dfgefertigter Lautsprecherst\u00e4nder, der speziell f\u00fcr die Harbeth P3 und SHL5 Lautsprecher entwickelt wurde. Diese St\u00e4nder sind handgefertigt und mit viel Liebe zum Detail verarbeitet. Sie sind aus ERW BS EN 10305-3 Stahlrohren gefertigt und mit akustischen Stahlisolierplatten ausgestattet. Die offene Rahmenkonstruktion gew\u00e4hrleistet absolute Steifigkeit und kann leicht mit inertem Material gef\u00fcllt werden, um die Bassfrequenz zu kontrollieren.    Die Standardausf\u00fchrung ist eine fein strukturierte Pulverbeschichtung in Schwarz oder Wei\u00df.  <\/p>\n<p><\/span><\/div>\n<div class=\"specification-item row-odd\"><span class=\"spec-content\"><strong>Geschichte der Marke<\/strong><\/span><\/div>\n<div class=\"specification-item row-even\"><span class=\"spec-content\"><\/p>\n<p>Custom Design wurde in Newcastle upon Tyne, Gro\u00dfbritannien, gegr\u00fcndet. Das Unternehmen ist familiengef\u00fchrt und stellt seit seiner Gr\u00fcndung Produkte selbst her. Alle Produkte werden in der eigenen Werkstatt in Newcastle hergestellt. Die Produktion umfasst sowohl das Schneiden, Schwei\u00dfen und Beschichten von Stahl als auch die Verarbeitung von Holz. Custom Design verwendet Materialien wie pulverbeschichteten Stahl, Aluminium und Massivholz, darunter Ahorn, Walnuss und Eiche. Es wird nur ausgew\u00e4hltes Holz aus nachhaltig bewirtschafteten Quellen verwendet. Der Entwurfs- und Herstellungsprozess wird vollst\u00e4ndig im eigenen Haus durchgef\u00fchrt. Der Hersteller bietet unter anderem Module aus Stahl und Holz, Sockel und verschiedene Formen von Plattformen an. Die Struktur und die Ausf\u00fchrung jedes Produkts werden in der Werkstatt an die jeweiligen Anforderungen angepasst. Kundenspezifische L\u00f6sungen werden auf der Grundlage von Kundenw\u00fcnschen angeboten. Custom Design liefert ausschlie\u00dflich von Gro\u00dfbritannien aus.          <\/p>\n<p><\/span><\/div>\n<\/div>\n","protected":false},"excerpt":{"rendered":"<p>Beschreibung Freakuence! Steht. Ja, ja&#8230; Details Sie suchen ein anderes Modell aus der aktuellen Serie der Marke? Schicken Sie uns eine Nachricht! Wir m\u00f6chten, dass es Spa\u00df macht. Ladenpreis: 899.00 Allgemeine Beschreibung Der Custom Design Fishtank ist ein ma\u00dfgefertigter Lautsprecherst\u00e4nder, der speziell f\u00fcr die Harbeth P3 und SHL5 Lautsprecher entwickelt wurde. Diese St\u00e4nder sind handgefertigt [&hellip;]<\/p>\n","protected":false},"featured_media":304386,"template":"","meta":{"_acf_changed":false,"inline_featured_image":false},"product_brand":[],"product_cat":[775,553,780],"product_tag":[555],"class_list":{"0":"post-315952","1":"product","2":"type-product","3":"status-publish","4":"has-post-thumbnail","6":"product_cat-bucherregal-lautsprecher","7":"product_cat-redner","8":"product_cat-stande","9":"product_tag-benutzt","10":"pa_kleur-schwarz","12":"first","13":"instock","14":"purchasable","15":"product-type-simple"},"acf":[],"yoast_head":"<!-- This site is optimized with the Yoast SEO plugin v25.9 - https:\/\/yoast.com\/wordpress\/plugins\/seo\/ -->\n<title>Kundenspezifischer Fischtank f\u00fcr P3\/SHL5 | Freakuence!<\/title>\n<meta name=\"robots\" content=\"noindex, follow, max-snippet:-1, max-image-preview:large, max-video-preview:-1\" \/>\n<meta property=\"og:locale\" content=\"de_DE\" \/>\n<meta property=\"og:type\" content=\"article\" \/>\n<meta property=\"og:title\" content=\"Kundenspezifischer Fischtank f\u00fcr P3\/SHL5 | Freakuence!\" \/>\n<meta property=\"og:description\" content=\"Beschreibung Freakuence! Steht. Ja, ja&#8230; Details Sie suchen ein anderes Modell aus der aktuellen Serie der Marke? Schicken Sie uns eine Nachricht! Wir m\u00f6chten, dass es Spa\u00df macht. Ladenpreis: 899.00 Allgemeine Beschreibung Der Custom Design Fishtank ist ein ma\u00dfgefertigter Lautsprecherst\u00e4nder, der speziell f\u00fcr die Harbeth P3 und SHL5 Lautsprecher entwickelt wurde. Diese St\u00e4nder sind handgefertigt [&hellip;]\" \/>\n<meta property=\"og:url\" content=\"https:\/\/dev.freakuence.nl\/de\/produkt\/kundenspezifischer-fischtank-fuer-p3-shl5\/\" \/>\n<meta property=\"og:site_name\" content=\"Freakuence!\" \/>\n<meta property=\"article:modified_time\" content=\"2026-04-11T02:21:51+00:00\" \/>\n<meta property=\"og:image\" content=\"https:\/\/dev.freakuence.nl\/wp-content\/uploads\/2025\/09\/17581116495197-18205-IMG2871-scaled.jpg\" \/>\n\t<meta property=\"og:image:width\" content=\"1800\" \/>\n\t<meta property=\"og:image:height\" content=\"1200\" \/>\n\t<meta property=\"og:image:type\" content=\"image\/jpeg\" \/>\n<meta name=\"twitter:card\" content=\"summary_large_image\" \/>\n<script type=\"application\/ld+json\" class=\"yoast-schema-graph\">{\"@context\":\"https:\/\/schema.org\",\"@graph\":[{\"@type\":\"WebPage\",\"@id\":\"https:\/\/dev.freakuence.nl\/de\/produkt\/kundenspezifischer-fischtank-fuer-p3-shl5\/\",\"url\":\"https:\/\/dev.freakuence.nl\/de\/produkt\/kundenspezifischer-fischtank-fuer-p3-shl5\/\",\"name\":\"Kundenspezifischer Fischtank f\u00fcr P3\/SHL5 | Freakuence!\",\"isPartOf\":{\"@id\":\"https:\/\/dev.freakuence.nl\/de\/#website\"},\"primaryImageOfPage\":{\"@id\":\"https:\/\/dev.freakuence.nl\/de\/produkt\/kundenspezifischer-fischtank-fuer-p3-shl5\/#primaryimage\"},\"image\":{\"@id\":\"https:\/\/dev.freakuence.nl\/de\/produkt\/kundenspezifischer-fischtank-fuer-p3-shl5\/#primaryimage\"},\"thumbnailUrl\":\"https:\/\/dev.freakuence.nl\/wp-content\/uploads\/2025\/09\/17581116495197-18205-IMG2871-scaled.jpg\",\"datePublished\":\"2025-09-17T12:21:15+00:00\",\"dateModified\":\"2026-04-11T02:21:51+00:00\",\"breadcrumb\":{\"@id\":\"https:\/\/dev.freakuence.nl\/de\/produkt\/kundenspezifischer-fischtank-fuer-p3-shl5\/#breadcrumb\"},\"inLanguage\":\"de\",\"potentialAction\":[{\"@type\":\"ReadAction\",\"target\":[\"https:\/\/dev.freakuence.nl\/de\/produkt\/kundenspezifischer-fischtank-fuer-p3-shl5\/\"]}]},{\"@type\":\"ImageObject\",\"inLanguage\":\"de\",\"@id\":\"https:\/\/dev.freakuence.nl\/de\/produkt\/kundenspezifischer-fischtank-fuer-p3-shl5\/#primaryimage\",\"url\":\"https:\/\/dev.freakuence.nl\/wp-content\/uploads\/2025\/09\/17581116495197-18205-IMG2871-scaled.jpg\",\"contentUrl\":\"https:\/\/dev.freakuence.nl\/wp-content\/uploads\/2025\/09\/17581116495197-18205-IMG2871-scaled.jpg\",\"width\":1800,\"height\":1200},{\"@type\":\"BreadcrumbList\",\"@id\":\"https:\/\/dev.freakuence.nl\/de\/produkt\/kundenspezifischer-fischtank-fuer-p3-shl5\/#breadcrumb\",\"itemListElement\":[{\"@type\":\"ListItem\",\"position\":1,\"name\":\"Startseite\",\"item\":\"https:\/\/dev.freakuence.nl\/de\/\"},{\"@type\":\"ListItem\",\"position\":2,\"name\":\"Products\",\"item\":\"https:\/\/dev.freakuence.nl\/en\/products\/\"},{\"@type\":\"ListItem\",\"position\":3,\"name\":\"Kundenspezifischer Fischtank f\u00fcr P3\/SHL5\"}]},{\"@type\":\"WebSite\",\"@id\":\"https:\/\/dev.freakuence.nl\/de\/#website\",\"url\":\"https:\/\/dev.freakuence.nl\/de\/\",\"name\":\"Freakuence!\",\"description\":\"Freakuence!\",\"alternateName\":\"Freakuence\",\"potentialAction\":[{\"@type\":\"SearchAction\",\"target\":{\"@type\":\"EntryPoint\",\"urlTemplate\":\"https:\/\/dev.freakuence.nl\/de\/?s={search_term_string}\"},\"query-input\":{\"@type\":\"PropertyValueSpecification\",\"valueRequired\":true,\"valueName\":\"search_term_string\"}}],\"inLanguage\":\"de\"}]}<\/script>\n<!-- \/ Yoast SEO plugin. -->","yoast_head_json":{"title":"Kundenspezifischer Fischtank f\u00fcr P3\/SHL5 | Freakuence!","robots":{"index":"noindex","follow":"follow","max-snippet":"max-snippet:-1","max-image-preview":"max-image-preview:large","max-video-preview":"max-video-preview:-1"},"og_locale":"de_DE","og_type":"article","og_title":"Kundenspezifischer Fischtank f\u00fcr P3\/SHL5 | Freakuence!","og_description":"Beschreibung Freakuence! Steht. Ja, ja&#8230; Details Sie suchen ein anderes Modell aus der aktuellen Serie der Marke? Schicken Sie uns eine Nachricht! Wir m\u00f6chten, dass es Spa\u00df macht. Ladenpreis: 899.00 Allgemeine Beschreibung Der Custom Design Fishtank ist ein ma\u00dfgefertigter Lautsprecherst\u00e4nder, der speziell f\u00fcr die Harbeth P3 und SHL5 Lautsprecher entwickelt wurde. Diese St\u00e4nder sind handgefertigt [&hellip;]","og_url":"https:\/\/dev.freakuence.nl\/de\/produkt\/kundenspezifischer-fischtank-fuer-p3-shl5\/","og_site_name":"Freakuence!","article_modified_time":"2026-04-11T02:21:51+00:00","og_image":[{"width":1800,"height":1200,"url":"https:\/\/dev.freakuence.nl\/wp-content\/uploads\/2025\/09\/17581116495197-18205-IMG2871-scaled.jpg","type":"image\/jpeg"}],"twitter_card":"summary_large_image","schema":{"@context":"https:\/\/schema.org","@graph":[{"@type":"WebPage","@id":"https:\/\/dev.freakuence.nl\/de\/produkt\/kundenspezifischer-fischtank-fuer-p3-shl5\/","url":"https:\/\/dev.freakuence.nl\/de\/produkt\/kundenspezifischer-fischtank-fuer-p3-shl5\/","name":"Kundenspezifischer Fischtank f\u00fcr P3\/SHL5 | Freakuence!","isPartOf":{"@id":"https:\/\/dev.freakuence.nl\/de\/#website"},"primaryImageOfPage":{"@id":"https:\/\/dev.freakuence.nl\/de\/produkt\/kundenspezifischer-fischtank-fuer-p3-shl5\/#primaryimage"},"image":{"@id":"https:\/\/dev.freakuence.nl\/de\/produkt\/kundenspezifischer-fischtank-fuer-p3-shl5\/#primaryimage"},"thumbnailUrl":"https:\/\/dev.freakuence.nl\/wp-content\/uploads\/2025\/09\/17581116495197-18205-IMG2871-scaled.jpg","datePublished":"2025-09-17T12:21:15+00:00","dateModified":"2026-04-11T02:21:51+00:00","breadcrumb":{"@id":"https:\/\/dev.freakuence.nl\/de\/produkt\/kundenspezifischer-fischtank-fuer-p3-shl5\/#breadcrumb"},"inLanguage":"de","potentialAction":[{"@type":"ReadAction","target":["https:\/\/dev.freakuence.nl\/de\/produkt\/kundenspezifischer-fischtank-fuer-p3-shl5\/"]}]},{"@type":"ImageObject","inLanguage":"de","@id":"https:\/\/dev.freakuence.nl\/de\/produkt\/kundenspezifischer-fischtank-fuer-p3-shl5\/#primaryimage","url":"https:\/\/dev.freakuence.nl\/wp-content\/uploads\/2025\/09\/17581116495197-18205-IMG2871-scaled.jpg","contentUrl":"https:\/\/dev.freakuence.nl\/wp-content\/uploads\/2025\/09\/17581116495197-18205-IMG2871-scaled.jpg","width":1800,"height":1200},{"@type":"BreadcrumbList","@id":"https:\/\/dev.freakuence.nl\/de\/produkt\/kundenspezifischer-fischtank-fuer-p3-shl5\/#breadcrumb","itemListElement":[{"@type":"ListItem","position":1,"name":"Startseite","item":"https:\/\/dev.freakuence.nl\/de\/"},{"@type":"ListItem","position":2,"name":"Products","item":"https:\/\/dev.freakuence.nl\/en\/products\/"},{"@type":"ListItem","position":3,"name":"Kundenspezifischer Fischtank f\u00fcr P3\/SHL5"}]},{"@type":"WebSite","@id":"https:\/\/dev.freakuence.nl\/de\/#website","url":"https:\/\/dev.freakuence.nl\/de\/","name":"Freakuence!","description":"Freakuence!","alternateName":"Freakuence","potentialAction":[{"@type":"SearchAction","target":{"@type":"EntryPoint","urlTemplate":"https:\/\/dev.freakuence.nl\/de\/?s={search_term_string}"},"query-input":{"@type":"PropertyValueSpecification","valueRequired":true,"valueName":"search_term_string"}}],"inLanguage":"de"}]}},"_links":{"self":[{"href":"https:\/\/dev.freakuence.nl\/de\/wp-json\/wp\/v2\/product\/315952","targetHints":{"allow":["GET"]}}],"collection":[{"href":"https:\/\/dev.freakuence.nl\/de\/wp-json\/wp\/v2\/product"}],"about":[{"href":"https:\/\/dev.freakuence.nl\/de\/wp-json\/wp\/v2\/types\/product"}],"version-history":[{"count":1,"href":"https:\/\/dev.freakuence.nl\/de\/wp-json\/wp\/v2\/product\/315952\/revisions"}],"predecessor-version":[{"id":318185,"href":"https:\/\/dev.freakuence.nl\/de\/wp-json\/wp\/v2\/product\/315952\/revisions\/318185"}],"wp:featuredmedia":[{"embeddable":true,"href":"https:\/\/dev.freakuence.nl\/de\/wp-json\/wp\/v2\/media\/304386"}],"wp:attachment":[{"href":"https:\/\/dev.freakuence.nl\/de\/wp-json\/wp\/v2\/media?parent=315952"}],"wp:term":[{"taxonomy":"product_brand","embeddable":true,"href":"https:\/\/dev.freakuence.nl\/de\/wp-json\/wp\/v2\/product_brand?post=315952"},{"taxonomy":"product_cat","embeddable":true,"href":"https:\/\/dev.freakuence.nl\/de\/wp-json\/wp\/v2\/product_cat?post=315952"},{"taxonomy":"product_tag","embeddable":true,"href":"https:\/\/dev.freakuence.nl\/de\/wp-json\/wp\/v2\/product_tag?post=315952"}],"curies":[{"name":"wp","href":"https:\/\/api.w.org\/{rel}","templated":true}]}}