{"id":316092,"date":"2025-08-06T12:02:42","date_gmt":"2025-08-06T10:02:42","guid":{"rendered":"https:\/\/dev.freakuence.nl\/product\/meister-gelassenheit\/"},"modified":"2025-08-06T12:02:42","modified_gmt":"2025-08-06T10:02:42","slug":"meister-gelassenheit","status":"publish","type":"product","link":"https:\/\/dev.freakuence.nl\/de\/produkt\/meister-gelassenheit\/","title":{"rendered":"Meister Gelassenheit"},"content":{"rendered":"<div class=\"product-specifications-list\">\n<div class=\"specification-item row-even\"><span class=\"spec-content\"><strong>Beschreibung Freakuence!<\/strong><\/span><\/div>\n<div class=\"specification-item row-odd\"><span class=\"spec-content\"><\/p>\n<p>Dieses Set wurde 2021 gebaut, also keine alte Version vom Anfang dieses Jahrhunderts, und daher kein Upgrade, sondern der echte Deal, der echte Schei\u00df, der echte Sen vom echten Paap. Ein erhabenes 146cm hohes Zwei-Wege-System. Der Master Sen S\u00e4ulenlautsprecher ist aus massivem Eichenholz gefertigt, innen mit Nirvana-Verkabelung ausgestattet und mit zwei Topteilen von Scanspeak best\u00fcckt. Ein 28-mm-Hocht\u00f6ner und ein 177-mm-Mitteltieft\u00f6ner aus Kevlar. Sie erhalten eine bemerkenswerte Detailtreue, einen beeindruckenden Tiefbass und eine realistische 3D-Klangb\u00fchne.    <\/p>\n<p><\/span><\/div>\n<div class=\"specification-item row-even\"><span class=\"spec-content\"><strong>Details<\/strong><\/span><\/div>\n<div class=\"specification-item row-odd\"><span class=\"spec-content\"><\/p>\n<p>Dieses Master-Set ist erst 3 Jahre alt und hat noch 2 Jahre Garantie.<\/p>\n<p><\/span><\/div>\n<div class=\"specification-item row-even\"><span class=\"spec-content\">Ladenpreis: 44000.00<\/span><\/div>\n<\/div>\n","protected":false},"excerpt":{"rendered":"<p>Beschreibung Freakuence! Dieses Set wurde 2021 gebaut, also keine alte Version vom Anfang dieses Jahrhunderts, und daher kein Upgrade, sondern der echte Deal, der echte Schei\u00df, der echte Sen vom echten Paap. Ein erhabenes 146cm hohes Zwei-Wege-System. Der Master Sen S\u00e4ulenlautsprecher ist aus massivem Eichenholz gefertigt, innen mit Nirvana-Verkabelung ausgestattet und mit zwei Topteilen von [&hellip;]<\/p>\n","protected":false},"featured_media":302780,"template":"","meta":{"_acf_changed":false,"inline_featured_image":false},"product_brand":[],"product_cat":[553],"product_tag":[555],"class_list":{"0":"post-316092","1":"product","2":"type-product","3":"status-publish","4":"has-post-thumbnail","6":"product_cat-redner","7":"product_tag-benutzt","8":"pa_kleur-braun","10":"first","11":"instock","12":"purchasable","13":"product-type-simple"},"acf":[],"yoast_head":"<!-- This site is optimized with the Yoast SEO plugin v25.9 - https:\/\/yoast.com\/wordpress\/plugins\/seo\/ -->\n<title>Meister Gelassenheit | Freakuence!<\/title>\n<meta name=\"robots\" content=\"noindex, follow, max-snippet:-1, max-image-preview:large, max-video-preview:-1\" \/>\n<meta property=\"og:locale\" content=\"de_DE\" \/>\n<meta property=\"og:type\" content=\"article\" \/>\n<meta property=\"og:title\" content=\"Meister Gelassenheit | Freakuence!\" \/>\n<meta property=\"og:description\" content=\"Beschreibung Freakuence! Dieses Set wurde 2021 gebaut, also keine alte Version vom Anfang dieses Jahrhunderts, und daher kein Upgrade, sondern der echte Deal, der echte Schei\u00df, der echte Sen vom echten Paap. Ein erhabenes 146cm hohes Zwei-Wege-System. Der Master Sen S\u00e4ulenlautsprecher ist aus massivem Eichenholz gefertigt, innen mit Nirvana-Verkabelung ausgestattet und mit zwei Topteilen von [&hellip;]\" \/>\n<meta property=\"og:url\" content=\"https:\/\/dev.freakuence.nl\/de\/produkt\/meister-gelassenheit\/\" \/>\n<meta property=\"og:site_name\" content=\"Freakuence!\" \/>\n<meta property=\"og:image\" content=\"https:\/\/dev.freakuence.nl\/wp-content\/uploads\/2025\/09\/1754145668-IMG8277-scaled.jpg\" \/>\n\t<meta property=\"og:image:width\" content=\"1200\" \/>\n\t<meta property=\"og:image:height\" content=\"1800\" \/>\n\t<meta property=\"og:image:type\" content=\"image\/jpeg\" \/>\n<meta name=\"twitter:card\" content=\"summary_large_image\" \/>\n<script type=\"application\/ld+json\" class=\"yoast-schema-graph\">{\"@context\":\"https:\/\/schema.org\",\"@graph\":[{\"@type\":\"WebPage\",\"@id\":\"https:\/\/dev.freakuence.nl\/de\/produkt\/meister-gelassenheit\/\",\"url\":\"https:\/\/dev.freakuence.nl\/de\/produkt\/meister-gelassenheit\/\",\"name\":\"Meister Gelassenheit | Freakuence!\",\"isPartOf\":{\"@id\":\"https:\/\/dev.freakuence.nl\/de\/#website\"},\"primaryImageOfPage\":{\"@id\":\"https:\/\/dev.freakuence.nl\/de\/produkt\/meister-gelassenheit\/#primaryimage\"},\"image\":{\"@id\":\"https:\/\/dev.freakuence.nl\/de\/produkt\/meister-gelassenheit\/#primaryimage\"},\"thumbnailUrl\":\"https:\/\/dev.freakuence.nl\/wp-content\/uploads\/2025\/09\/1754145668-IMG8277-scaled.jpg\",\"datePublished\":\"2025-08-06T10:02:42+00:00\",\"breadcrumb\":{\"@id\":\"https:\/\/dev.freakuence.nl\/de\/produkt\/meister-gelassenheit\/#breadcrumb\"},\"inLanguage\":\"de\",\"potentialAction\":[{\"@type\":\"ReadAction\",\"target\":[\"https:\/\/dev.freakuence.nl\/de\/produkt\/meister-gelassenheit\/\"]}]},{\"@type\":\"ImageObject\",\"inLanguage\":\"de\",\"@id\":\"https:\/\/dev.freakuence.nl\/de\/produkt\/meister-gelassenheit\/#primaryimage\",\"url\":\"https:\/\/dev.freakuence.nl\/wp-content\/uploads\/2025\/09\/1754145668-IMG8277-scaled.jpg\",\"contentUrl\":\"https:\/\/dev.freakuence.nl\/wp-content\/uploads\/2025\/09\/1754145668-IMG8277-scaled.jpg\",\"width\":1200,\"height\":1800},{\"@type\":\"BreadcrumbList\",\"@id\":\"https:\/\/dev.freakuence.nl\/de\/produkt\/meister-gelassenheit\/#breadcrumb\",\"itemListElement\":[{\"@type\":\"ListItem\",\"position\":1,\"name\":\"Startseite\",\"item\":\"https:\/\/dev.freakuence.nl\/de\/\"},{\"@type\":\"ListItem\",\"position\":2,\"name\":\"Products\",\"item\":\"https:\/\/dev.freakuence.nl\/en\/products\/\"},{\"@type\":\"ListItem\",\"position\":3,\"name\":\"Meister Gelassenheit\"}]},{\"@type\":\"WebSite\",\"@id\":\"https:\/\/dev.freakuence.nl\/de\/#website\",\"url\":\"https:\/\/dev.freakuence.nl\/de\/\",\"name\":\"Freakuence!\",\"description\":\"Freakuence!\",\"alternateName\":\"Freakuence\",\"potentialAction\":[{\"@type\":\"SearchAction\",\"target\":{\"@type\":\"EntryPoint\",\"urlTemplate\":\"https:\/\/dev.freakuence.nl\/de\/?s={search_term_string}\"},\"query-input\":{\"@type\":\"PropertyValueSpecification\",\"valueRequired\":true,\"valueName\":\"search_term_string\"}}],\"inLanguage\":\"de\"}]}<\/script>\n<!-- \/ Yoast SEO plugin. -->","yoast_head_json":{"title":"Meister Gelassenheit | Freakuence!","robots":{"index":"noindex","follow":"follow","max-snippet":"max-snippet:-1","max-image-preview":"max-image-preview:large","max-video-preview":"max-video-preview:-1"},"og_locale":"de_DE","og_type":"article","og_title":"Meister Gelassenheit | Freakuence!","og_description":"Beschreibung Freakuence! Dieses Set wurde 2021 gebaut, also keine alte Version vom Anfang dieses Jahrhunderts, und daher kein Upgrade, sondern der echte Deal, der echte Schei\u00df, der echte Sen vom echten Paap. Ein erhabenes 146cm hohes Zwei-Wege-System. Der Master Sen S\u00e4ulenlautsprecher ist aus massivem Eichenholz gefertigt, innen mit Nirvana-Verkabelung ausgestattet und mit zwei Topteilen von [&hellip;]","og_url":"https:\/\/dev.freakuence.nl\/de\/produkt\/meister-gelassenheit\/","og_site_name":"Freakuence!","og_image":[{"width":1200,"height":1800,"url":"https:\/\/dev.freakuence.nl\/wp-content\/uploads\/2025\/09\/1754145668-IMG8277-scaled.jpg","type":"image\/jpeg"}],"twitter_card":"summary_large_image","schema":{"@context":"https:\/\/schema.org","@graph":[{"@type":"WebPage","@id":"https:\/\/dev.freakuence.nl\/de\/produkt\/meister-gelassenheit\/","url":"https:\/\/dev.freakuence.nl\/de\/produkt\/meister-gelassenheit\/","name":"Meister Gelassenheit | Freakuence!","isPartOf":{"@id":"https:\/\/dev.freakuence.nl\/de\/#website"},"primaryImageOfPage":{"@id":"https:\/\/dev.freakuence.nl\/de\/produkt\/meister-gelassenheit\/#primaryimage"},"image":{"@id":"https:\/\/dev.freakuence.nl\/de\/produkt\/meister-gelassenheit\/#primaryimage"},"thumbnailUrl":"https:\/\/dev.freakuence.nl\/wp-content\/uploads\/2025\/09\/1754145668-IMG8277-scaled.jpg","datePublished":"2025-08-06T10:02:42+00:00","breadcrumb":{"@id":"https:\/\/dev.freakuence.nl\/de\/produkt\/meister-gelassenheit\/#breadcrumb"},"inLanguage":"de","potentialAction":[{"@type":"ReadAction","target":["https:\/\/dev.freakuence.nl\/de\/produkt\/meister-gelassenheit\/"]}]},{"@type":"ImageObject","inLanguage":"de","@id":"https:\/\/dev.freakuence.nl\/de\/produkt\/meister-gelassenheit\/#primaryimage","url":"https:\/\/dev.freakuence.nl\/wp-content\/uploads\/2025\/09\/1754145668-IMG8277-scaled.jpg","contentUrl":"https:\/\/dev.freakuence.nl\/wp-content\/uploads\/2025\/09\/1754145668-IMG8277-scaled.jpg","width":1200,"height":1800},{"@type":"BreadcrumbList","@id":"https:\/\/dev.freakuence.nl\/de\/produkt\/meister-gelassenheit\/#breadcrumb","itemListElement":[{"@type":"ListItem","position":1,"name":"Startseite","item":"https:\/\/dev.freakuence.nl\/de\/"},{"@type":"ListItem","position":2,"name":"Products","item":"https:\/\/dev.freakuence.nl\/en\/products\/"},{"@type":"ListItem","position":3,"name":"Meister Gelassenheit"}]},{"@type":"WebSite","@id":"https:\/\/dev.freakuence.nl\/de\/#website","url":"https:\/\/dev.freakuence.nl\/de\/","name":"Freakuence!","description":"Freakuence!","alternateName":"Freakuence","potentialAction":[{"@type":"SearchAction","target":{"@type":"EntryPoint","urlTemplate":"https:\/\/dev.freakuence.nl\/de\/?s={search_term_string}"},"query-input":{"@type":"PropertyValueSpecification","valueRequired":true,"valueName":"search_term_string"}}],"inLanguage":"de"}]}},"_links":{"self":[{"href":"https:\/\/dev.freakuence.nl\/de\/wp-json\/wp\/v2\/product\/316092","targetHints":{"allow":["GET"]}}],"collection":[{"href":"https:\/\/dev.freakuence.nl\/de\/wp-json\/wp\/v2\/product"}],"about":[{"href":"https:\/\/dev.freakuence.nl\/de\/wp-json\/wp\/v2\/types\/product"}],"version-history":[{"count":0,"href":"https:\/\/dev.freakuence.nl\/de\/wp-json\/wp\/v2\/product\/316092\/revisions"}],"wp:featuredmedia":[{"embeddable":true,"href":"https:\/\/dev.freakuence.nl\/de\/wp-json\/wp\/v2\/media\/302780"}],"wp:attachment":[{"href":"https:\/\/dev.freakuence.nl\/de\/wp-json\/wp\/v2\/media?parent=316092"}],"wp:term":[{"taxonomy":"product_brand","embeddable":true,"href":"https:\/\/dev.freakuence.nl\/de\/wp-json\/wp\/v2\/product_brand?post=316092"},{"taxonomy":"product_cat","embeddable":true,"href":"https:\/\/dev.freakuence.nl\/de\/wp-json\/wp\/v2\/product_cat?post=316092"},{"taxonomy":"product_tag","embeddable":true,"href":"https:\/\/dev.freakuence.nl\/de\/wp-json\/wp\/v2\/product_tag?post=316092"}],"curies":[{"name":"wp","href":"https:\/\/api.w.org\/{rel}","templated":true}]}}