{"id":316118,"date":"2025-08-08T13:11:34","date_gmt":"2025-08-08T11:11:34","guid":{"rendered":"https:\/\/dev.freakuence.nl\/product\/western-electric-we300b\/"},"modified":"2025-08-08T13:11:34","modified_gmt":"2025-08-08T11:11:34","slug":"western-electric-we300b","status":"publish","type":"product","link":"https:\/\/dev.freakuence.nl\/de\/produkt\/western-electric-we300b\/","title":{"rendered":"Western Electric WE300B"},"content":{"rendered":"<div class=\"product-specifications-list\">\n<div class=\"specification-item row-even\"><span class=\"spec-content\"><strong>Beschreibung Freakuence!<\/strong><\/span><\/div>\n<div class=\"specification-item row-odd\"><span class=\"spec-content\"><\/p>\n<p>Der Western Electric WE300B, juhu! Das ist keine R\u00f6hre, das ist Magie in einem Glasmantel. Alles klingt pl\u00f6tzlich so&#8230; nun ja, bizarr gut. Was f\u00fcr ein Unterschied zu jeder anderen 300B-R\u00f6hre, die wir hier haben. Mit einer erwarteten Lebensdauer von 40000 Stunden und einer Garantiezeit von 5 Jahren, eine beispiellose Aussage dieses Herstellers. Jetzt hier im Gesch\u00e4ft vorf\u00fchrbereit! \u00dcberpr\u00fcfung zu Hause m\u00f6glich. Wir sind gerne bereit, Audios zu tauschen.       <\/p>\n<p><\/span><\/div>\n<div class=\"specification-item row-even\"><span class=\"spec-content\"><strong>Details<\/strong><\/span><\/div>\n<div class=\"specification-item row-odd\"><span class=\"spec-content\">Ladenpreis: 1855.00<\/span><\/div>\n<div class=\"specification-item row-even\"><span class=\"spec-content\"><strong>Allgemeine Beschreibung<\/strong><\/span><\/div>\n<div class=\"specification-item row-odd\"><span class=\"spec-content\"><\/p>\n<p>Die 300B ist eine direkt beheizte Triodenr\u00f6hre, die urspr\u00fcnglich 1938 eingef\u00fchrt wurde. Sie hat eine maximale Plattenspannung von 450 Volt und einen Plattenverlust von 40 Watt. Die R\u00f6hre wurde f\u00fcr Class-A-Verst\u00e4rkerkonfigurationen entwickelt und liefert eine Ausgangsleistung von bis zu 10 Watt bei geringer Verzerrung. Der oxidbeschichtete Gl\u00fchfaden sorgt f\u00fcr eine stabile Elektronenemission und tr\u00e4gt so zur Zuverl\u00e4ssigkeit und Lebensdauer der R\u00f6hre bei. Die 300B wird in den USA unter Verwendung von Originalspezifikationen und -werkzeugen handgefertigt. Bei Verwendung innerhalb der empfohlenen Parameter hat die R\u00f6hre eine durchschnittliche Lebensdauer von 40.000 Stunden. Die R\u00f6hre hat eine eindeutige Seriennummer zur R\u00fcckverfolgbarkeit und wird mit einer erweiterten f\u00fcnfj\u00e4hrigen Garantie geliefert, sofern die Garantiekarte innerhalb von 10 Tagen nach dem Kauf zur\u00fcckgegeben wird.      <\/p>\n<p><\/span><\/div>\n<div class=\"specification-item row-even\"><span class=\"spec-content\"><strong>Geschichte der Marke<\/strong><\/span><\/div>\n<div class=\"specification-item row-odd\"><span class=\"spec-content\"><\/p>\n<p>Western Electric wurde 1869 gegr\u00fcndet und spielte eine entscheidende Rolle bei der Entwicklung von elektronischen Komponenten. Im Jahr 1996 wurde das Unternehmen neu gegr\u00fcndet und konzentrierte sich auf die Produktion von Elektronenr\u00f6hren und hochwertigen Audioger\u00e4ten. Das Unternehmen blickt auf eine reiche Geschichte in der Produktion von Elektronenr\u00f6hren und Audioger\u00e4ten zur\u00fcck, insbesondere der 300B R\u00f6hre, die f\u00fcr ihre Klangqualit\u00e4t und Zuverl\u00e4ssigkeit bekannt ist. Western Electric ist nach wie vor bestrebt, H\u00f6rern auf der ganzen Welt hochwertige Audioprodukte zu liefern.   <\/p>\n<p><\/span><\/div>\n<\/div>\n","protected":false},"excerpt":{"rendered":"<p>Beschreibung Freakuence! Der Western Electric WE300B, juhu! Das ist keine R\u00f6hre, das ist Magie in einem Glasmantel. Alles klingt pl\u00f6tzlich so&#8230; nun ja, bizarr gut. Was f\u00fcr ein Unterschied zu jeder anderen 300B-R\u00f6hre, die wir hier haben. Mit einer erwarteten Lebensdauer von 40000 Stunden und einer Garantiezeit von 5 Jahren, eine beispiellose Aussage dieses Herstellers. [&hellip;]<\/p>\n","protected":false},"featured_media":302854,"template":"","meta":{"_acf_changed":false,"inline_featured_image":false},"product_brand":[],"product_cat":[562],"product_tag":[574],"class_list":{"0":"post-316118","1":"product","2":"type-product","3":"status-publish","4":"has-post-thumbnail","6":"product_cat-audio","7":"product_tag-freakdemo","9":"first","10":"instock","11":"taxable","12":"shipping-taxable","13":"purchasable","14":"product-type-simple"},"acf":[],"yoast_head":"<!-- This site is optimized with the Yoast SEO plugin v25.9 - https:\/\/yoast.com\/wordpress\/plugins\/seo\/ -->\n<title>Western Electric WE300B | Freakuence!<\/title>\n<meta name=\"robots\" content=\"noindex, follow, max-snippet:-1, max-image-preview:large, max-video-preview:-1\" \/>\n<meta property=\"og:locale\" content=\"de_DE\" \/>\n<meta property=\"og:type\" content=\"article\" \/>\n<meta property=\"og:title\" content=\"Western Electric WE300B | Freakuence!\" \/>\n<meta property=\"og:description\" content=\"Beschreibung Freakuence! Der Western Electric WE300B, juhu! Das ist keine R\u00f6hre, das ist Magie in einem Glasmantel. Alles klingt pl\u00f6tzlich so&#8230; nun ja, bizarr gut. Was f\u00fcr ein Unterschied zu jeder anderen 300B-R\u00f6hre, die wir hier haben. Mit einer erwarteten Lebensdauer von 40000 Stunden und einer Garantiezeit von 5 Jahren, eine beispiellose Aussage dieses Herstellers. [&hellip;]\" \/>\n<meta property=\"og:url\" content=\"https:\/\/dev.freakuence.nl\/de\/produkt\/western-electric-we300b\/\" \/>\n<meta property=\"og:site_name\" content=\"Freakuence!\" \/>\n<meta property=\"og:image\" content=\"https:\/\/dev.freakuence.nl\/wp-content\/uploads\/2025\/09\/1754651469-IMG1017-scaled.jpg\" \/>\n\t<meta property=\"og:image:width\" content=\"1800\" \/>\n\t<meta property=\"og:image:height\" content=\"1200\" \/>\n\t<meta property=\"og:image:type\" content=\"image\/jpeg\" \/>\n<meta name=\"twitter:card\" content=\"summary_large_image\" \/>\n<script type=\"application\/ld+json\" class=\"yoast-schema-graph\">{\"@context\":\"https:\/\/schema.org\",\"@graph\":[{\"@type\":\"WebPage\",\"@id\":\"https:\/\/dev.freakuence.nl\/de\/produkt\/western-electric-we300b\/\",\"url\":\"https:\/\/dev.freakuence.nl\/de\/produkt\/western-electric-we300b\/\",\"name\":\"Western Electric WE300B | Freakuence!\",\"isPartOf\":{\"@id\":\"https:\/\/dev.freakuence.nl\/de\/#website\"},\"primaryImageOfPage\":{\"@id\":\"https:\/\/dev.freakuence.nl\/de\/produkt\/western-electric-we300b\/#primaryimage\"},\"image\":{\"@id\":\"https:\/\/dev.freakuence.nl\/de\/produkt\/western-electric-we300b\/#primaryimage\"},\"thumbnailUrl\":\"https:\/\/dev.freakuence.nl\/wp-content\/uploads\/2025\/09\/1754651469-IMG1017-scaled.jpg\",\"datePublished\":\"2025-08-08T11:11:34+00:00\",\"breadcrumb\":{\"@id\":\"https:\/\/dev.freakuence.nl\/de\/produkt\/western-electric-we300b\/#breadcrumb\"},\"inLanguage\":\"de\",\"potentialAction\":[{\"@type\":\"ReadAction\",\"target\":[\"https:\/\/dev.freakuence.nl\/de\/produkt\/western-electric-we300b\/\"]}]},{\"@type\":\"ImageObject\",\"inLanguage\":\"de\",\"@id\":\"https:\/\/dev.freakuence.nl\/de\/produkt\/western-electric-we300b\/#primaryimage\",\"url\":\"https:\/\/dev.freakuence.nl\/wp-content\/uploads\/2025\/09\/1754651469-IMG1017-scaled.jpg\",\"contentUrl\":\"https:\/\/dev.freakuence.nl\/wp-content\/uploads\/2025\/09\/1754651469-IMG1017-scaled.jpg\",\"width\":1800,\"height\":1200},{\"@type\":\"BreadcrumbList\",\"@id\":\"https:\/\/dev.freakuence.nl\/de\/produkt\/western-electric-we300b\/#breadcrumb\",\"itemListElement\":[{\"@type\":\"ListItem\",\"position\":1,\"name\":\"Startseite\",\"item\":\"https:\/\/dev.freakuence.nl\/de\/\"},{\"@type\":\"ListItem\",\"position\":2,\"name\":\"Products\",\"item\":\"https:\/\/dev.freakuence.nl\/en\/products\/\"},{\"@type\":\"ListItem\",\"position\":3,\"name\":\"Western Electric WE300B\"}]},{\"@type\":\"WebSite\",\"@id\":\"https:\/\/dev.freakuence.nl\/de\/#website\",\"url\":\"https:\/\/dev.freakuence.nl\/de\/\",\"name\":\"Freakuence!\",\"description\":\"Freakuence!\",\"alternateName\":\"Freakuence\",\"potentialAction\":[{\"@type\":\"SearchAction\",\"target\":{\"@type\":\"EntryPoint\",\"urlTemplate\":\"https:\/\/dev.freakuence.nl\/de\/?s={search_term_string}\"},\"query-input\":{\"@type\":\"PropertyValueSpecification\",\"valueRequired\":true,\"valueName\":\"search_term_string\"}}],\"inLanguage\":\"de\"}]}<\/script>\n<!-- \/ Yoast SEO plugin. -->","yoast_head_json":{"title":"Western Electric WE300B | Freakuence!","robots":{"index":"noindex","follow":"follow","max-snippet":"max-snippet:-1","max-image-preview":"max-image-preview:large","max-video-preview":"max-video-preview:-1"},"og_locale":"de_DE","og_type":"article","og_title":"Western Electric WE300B | Freakuence!","og_description":"Beschreibung Freakuence! Der Western Electric WE300B, juhu! Das ist keine R\u00f6hre, das ist Magie in einem Glasmantel. Alles klingt pl\u00f6tzlich so&#8230; nun ja, bizarr gut. Was f\u00fcr ein Unterschied zu jeder anderen 300B-R\u00f6hre, die wir hier haben. Mit einer erwarteten Lebensdauer von 40000 Stunden und einer Garantiezeit von 5 Jahren, eine beispiellose Aussage dieses Herstellers. [&hellip;]","og_url":"https:\/\/dev.freakuence.nl\/de\/produkt\/western-electric-we300b\/","og_site_name":"Freakuence!","og_image":[{"width":1800,"height":1200,"url":"https:\/\/dev.freakuence.nl\/wp-content\/uploads\/2025\/09\/1754651469-IMG1017-scaled.jpg","type":"image\/jpeg"}],"twitter_card":"summary_large_image","schema":{"@context":"https:\/\/schema.org","@graph":[{"@type":"WebPage","@id":"https:\/\/dev.freakuence.nl\/de\/produkt\/western-electric-we300b\/","url":"https:\/\/dev.freakuence.nl\/de\/produkt\/western-electric-we300b\/","name":"Western Electric WE300B | Freakuence!","isPartOf":{"@id":"https:\/\/dev.freakuence.nl\/de\/#website"},"primaryImageOfPage":{"@id":"https:\/\/dev.freakuence.nl\/de\/produkt\/western-electric-we300b\/#primaryimage"},"image":{"@id":"https:\/\/dev.freakuence.nl\/de\/produkt\/western-electric-we300b\/#primaryimage"},"thumbnailUrl":"https:\/\/dev.freakuence.nl\/wp-content\/uploads\/2025\/09\/1754651469-IMG1017-scaled.jpg","datePublished":"2025-08-08T11:11:34+00:00","breadcrumb":{"@id":"https:\/\/dev.freakuence.nl\/de\/produkt\/western-electric-we300b\/#breadcrumb"},"inLanguage":"de","potentialAction":[{"@type":"ReadAction","target":["https:\/\/dev.freakuence.nl\/de\/produkt\/western-electric-we300b\/"]}]},{"@type":"ImageObject","inLanguage":"de","@id":"https:\/\/dev.freakuence.nl\/de\/produkt\/western-electric-we300b\/#primaryimage","url":"https:\/\/dev.freakuence.nl\/wp-content\/uploads\/2025\/09\/1754651469-IMG1017-scaled.jpg","contentUrl":"https:\/\/dev.freakuence.nl\/wp-content\/uploads\/2025\/09\/1754651469-IMG1017-scaled.jpg","width":1800,"height":1200},{"@type":"BreadcrumbList","@id":"https:\/\/dev.freakuence.nl\/de\/produkt\/western-electric-we300b\/#breadcrumb","itemListElement":[{"@type":"ListItem","position":1,"name":"Startseite","item":"https:\/\/dev.freakuence.nl\/de\/"},{"@type":"ListItem","position":2,"name":"Products","item":"https:\/\/dev.freakuence.nl\/en\/products\/"},{"@type":"ListItem","position":3,"name":"Western Electric WE300B"}]},{"@type":"WebSite","@id":"https:\/\/dev.freakuence.nl\/de\/#website","url":"https:\/\/dev.freakuence.nl\/de\/","name":"Freakuence!","description":"Freakuence!","alternateName":"Freakuence","potentialAction":[{"@type":"SearchAction","target":{"@type":"EntryPoint","urlTemplate":"https:\/\/dev.freakuence.nl\/de\/?s={search_term_string}"},"query-input":{"@type":"PropertyValueSpecification","valueRequired":true,"valueName":"search_term_string"}}],"inLanguage":"de"}]}},"_links":{"self":[{"href":"https:\/\/dev.freakuence.nl\/de\/wp-json\/wp\/v2\/product\/316118","targetHints":{"allow":["GET"]}}],"collection":[{"href":"https:\/\/dev.freakuence.nl\/de\/wp-json\/wp\/v2\/product"}],"about":[{"href":"https:\/\/dev.freakuence.nl\/de\/wp-json\/wp\/v2\/types\/product"}],"version-history":[{"count":0,"href":"https:\/\/dev.freakuence.nl\/de\/wp-json\/wp\/v2\/product\/316118\/revisions"}],"wp:featuredmedia":[{"embeddable":true,"href":"https:\/\/dev.freakuence.nl\/de\/wp-json\/wp\/v2\/media\/302854"}],"wp:attachment":[{"href":"https:\/\/dev.freakuence.nl\/de\/wp-json\/wp\/v2\/media?parent=316118"}],"wp:term":[{"taxonomy":"product_brand","embeddable":true,"href":"https:\/\/dev.freakuence.nl\/de\/wp-json\/wp\/v2\/product_brand?post=316118"},{"taxonomy":"product_cat","embeddable":true,"href":"https:\/\/dev.freakuence.nl\/de\/wp-json\/wp\/v2\/product_cat?post=316118"},{"taxonomy":"product_tag","embeddable":true,"href":"https:\/\/dev.freakuence.nl\/de\/wp-json\/wp\/v2\/product_tag?post=316118"}],"curies":[{"name":"wp","href":"https:\/\/api.w.org\/{rel}","templated":true}]}}