{"id":316144,"date":"2025-09-10T13:49:22","date_gmt":"2025-09-10T11:49:22","guid":{"rendered":"https:\/\/dev.freakuence.nl\/product\/sotm-sdp-1000\/"},"modified":"2025-09-10T13:49:22","modified_gmt":"2025-09-10T11:49:22","slug":"sotm-sdp-1000","status":"publish","type":"product","link":"https:\/\/dev.freakuence.nl\/de\/produkt\/sotm-sdp-1000\/","title":{"rendered":"SOtM sDP-1000"},"content":{"rendered":"<div class=\"product-specifications-list\">\n<div class=\"specification-item row-even\"><span class=\"spec-content\"><strong>Beschreibung Freakuence!<\/strong><\/span><\/div>\n<div class=\"specification-item row-odd\"><span class=\"spec-content\"><\/p>\n<p>Transparente und rhythmische Wiedergabe, ohne Erm\u00fcdung des H\u00f6rers. Bleiben Sie wach? Stimmen und Instrumente sind gut artikuliert und \u00fcberzeugend. Jede Menge Tiefe.   <\/p>\n<p><\/span><\/div>\n<div class=\"specification-item row-even\"><span class=\"spec-content\"><strong>Details<\/strong><\/span><\/div>\n<div class=\"specification-item row-odd\"><span class=\"spec-content\">Ladenpreis: 3250.00<\/span><\/div>\n<div class=\"specification-item row-even\"><span class=\"spec-content\"><strong>Allgemeine Beschreibung<\/strong><\/span><\/div>\n<div class=\"specification-item row-odd\"><span class=\"spec-content\"><\/p>\n<p>Dieses Ger\u00e4t unterst\u00fctzt 32-bit\/384kHz PCM und DSDx64, DSDx128 Wiedergabe \u00fcber USB Audio Class 2.0. Es verf\u00fcgt \u00fcber ein OLED-Display und wird mit einer Fernbedienung geliefert. Die Stromversorgung erfolgt \u00fcber eine Batterie, optional ist auch ein lineares Netzteil mit sehr geringem Rauschen erh\u00e4ltlich. Zu den digitalen Eing\u00e4ngen geh\u00f6ren optische, koaxiale und AES\/EBU-Eing\u00e4nge mit einer maximalen Bittiefe von 24 Bit und Abtastraten von bis zu 192 kHz. Die analogen Ein- und Ausg\u00e4nge sind sowohl symmetrisch als auch unsymmetrisch, mit einem Frequenzbereich von 20~20kHz bei \u00b10,1dB. Die Lautst\u00e4rke ist von -75 bis +10dB in 0,5dB-Schritten einstellbar. Abmessungen: 360 x 68 x 245 mm; Gewicht: 4 kg.      <\/p>\n<p><\/span><\/div>\n<div class=\"specification-item row-even\"><span class=\"spec-content\"><strong>Geschichte der Marke<\/strong><\/span><\/div>\n<div class=\"specification-item row-odd\"><span class=\"spec-content\"><\/p>\n<p>SOtM, was f\u00fcr &#8222;Soul Of the Music&#8220; steht, ist eine Marke, die eng mit der High-Fidelity-Audioindustrie verbunden ist. Die in S\u00fcdkorea gegr\u00fcndete Marke hat sich auf die Entwicklung von Elektronik zur Verbesserung der Audiowiedergabe im audiophilen Bereich konzentriert. Sie hat sich auf die Herstellung hochwertiger Netzwerk- und USB-Audioger\u00e4te spezialisiert. SOtM ist bestrebt, Produkte anzubieten, die das Signalrauschen minimieren und die Klangqualit\u00e4t optimieren, wobei der Schwerpunkt auf einer originalgetreuen Musikwiedergabe liegt. Die Produktlinie umfasst verschiedene Arten von Audioger\u00e4ten, wie Netzwerkplayer, USB-Schnittstellenmodule und Audio-Switches. Diese Ger\u00e4te sind so konzipiert, dass sie mit verschiedenen Betriebssystemen und anderen Audioger\u00e4ten kompatibel sind, was die Vielseitigkeit der Marke unterstreicht. Der Ansatz von SOtM bei der Technologieentwicklung basiert auf wissenschaftlicher Forschung und technischem Fachwissen, was zu mehreren Branchenpreisen und Anerkennungen in diesem Bereich gef\u00fchrt hat.      <\/p>\n<p><\/span><\/div>\n<\/div>\n","protected":false},"excerpt":{"rendered":"<p>Beschreibung Freakuence! Transparente und rhythmische Wiedergabe, ohne Erm\u00fcdung des H\u00f6rers. Bleiben Sie wach? Stimmen und Instrumente sind gut artikuliert und \u00fcberzeugend. Jede Menge Tiefe. Details Ladenpreis: 3250.00 Allgemeine Beschreibung Dieses Ger\u00e4t unterst\u00fctzt 32-bit\/384kHz PCM und DSDx64, DSDx128 Wiedergabe \u00fcber USB Audio Class 2.0. Es verf\u00fcgt \u00fcber ein OLED-Display und wird mit einer Fernbedienung geliefert. Die [&hellip;]<\/p>\n","protected":false},"featured_media":303894,"template":"","meta":{"_acf_changed":false,"inline_featured_image":false},"product_brand":[],"product_cat":[594],"product_tag":[555],"class_list":{"0":"post-316144","1":"product","2":"type-product","3":"status-publish","4":"has-post-thumbnail","6":"product_cat-dac-streamer","7":"product_tag-benutzt","8":"pa_kleur-silber","10":"first","11":"instock","12":"purchasable","13":"product-type-simple"},"acf":[],"yoast_head":"<!-- This site is optimized with the Yoast SEO plugin v25.9 - https:\/\/yoast.com\/wordpress\/plugins\/seo\/ -->\n<title>SOtM sDP-1000 | Freakuence!<\/title>\n<meta name=\"robots\" content=\"noindex, follow, max-snippet:-1, max-image-preview:large, max-video-preview:-1\" \/>\n<meta property=\"og:locale\" content=\"de_DE\" \/>\n<meta property=\"og:type\" content=\"article\" \/>\n<meta property=\"og:title\" content=\"SOtM sDP-1000 | Freakuence!\" \/>\n<meta property=\"og:description\" content=\"Beschreibung Freakuence! Transparente und rhythmische Wiedergabe, ohne Erm\u00fcdung des H\u00f6rers. Bleiben Sie wach? Stimmen und Instrumente sind gut artikuliert und \u00fcberzeugend. Jede Menge Tiefe. Details Ladenpreis: 3250.00 Allgemeine Beschreibung Dieses Ger\u00e4t unterst\u00fctzt 32-bit\/384kHz PCM und DSDx64, DSDx128 Wiedergabe \u00fcber USB Audio Class 2.0. Es verf\u00fcgt \u00fcber ein OLED-Display und wird mit einer Fernbedienung geliefert. Die [&hellip;]\" \/>\n<meta property=\"og:url\" content=\"https:\/\/dev.freakuence.nl\/de\/produkt\/sotm-sdp-1000\/\" \/>\n<meta property=\"og:site_name\" content=\"Freakuence!\" \/>\n<meta property=\"og:image\" content=\"https:\/\/dev.freakuence.nl\/wp-content\/uploads\/2025\/09\/1757504916-IMG9181-scaled.jpg\" \/>\n\t<meta property=\"og:image:width\" content=\"1800\" \/>\n\t<meta property=\"og:image:height\" content=\"1200\" \/>\n\t<meta property=\"og:image:type\" content=\"image\/jpeg\" \/>\n<meta name=\"twitter:card\" content=\"summary_large_image\" \/>\n<script type=\"application\/ld+json\" class=\"yoast-schema-graph\">{\"@context\":\"https:\/\/schema.org\",\"@graph\":[{\"@type\":\"WebPage\",\"@id\":\"https:\/\/dev.freakuence.nl\/de\/produkt\/sotm-sdp-1000\/\",\"url\":\"https:\/\/dev.freakuence.nl\/de\/produkt\/sotm-sdp-1000\/\",\"name\":\"SOtM sDP-1000 | Freakuence!\",\"isPartOf\":{\"@id\":\"https:\/\/dev.freakuence.nl\/de\/#website\"},\"primaryImageOfPage\":{\"@id\":\"https:\/\/dev.freakuence.nl\/de\/produkt\/sotm-sdp-1000\/#primaryimage\"},\"image\":{\"@id\":\"https:\/\/dev.freakuence.nl\/de\/produkt\/sotm-sdp-1000\/#primaryimage\"},\"thumbnailUrl\":\"https:\/\/dev.freakuence.nl\/wp-content\/uploads\/2025\/09\/1757504916-IMG9181-scaled.jpg\",\"datePublished\":\"2025-09-10T11:49:22+00:00\",\"breadcrumb\":{\"@id\":\"https:\/\/dev.freakuence.nl\/de\/produkt\/sotm-sdp-1000\/#breadcrumb\"},\"inLanguage\":\"de\",\"potentialAction\":[{\"@type\":\"ReadAction\",\"target\":[\"https:\/\/dev.freakuence.nl\/de\/produkt\/sotm-sdp-1000\/\"]}]},{\"@type\":\"ImageObject\",\"inLanguage\":\"de\",\"@id\":\"https:\/\/dev.freakuence.nl\/de\/produkt\/sotm-sdp-1000\/#primaryimage\",\"url\":\"https:\/\/dev.freakuence.nl\/wp-content\/uploads\/2025\/09\/1757504916-IMG9181-scaled.jpg\",\"contentUrl\":\"https:\/\/dev.freakuence.nl\/wp-content\/uploads\/2025\/09\/1757504916-IMG9181-scaled.jpg\",\"width\":1800,\"height\":1200},{\"@type\":\"BreadcrumbList\",\"@id\":\"https:\/\/dev.freakuence.nl\/de\/produkt\/sotm-sdp-1000\/#breadcrumb\",\"itemListElement\":[{\"@type\":\"ListItem\",\"position\":1,\"name\":\"Startseite\",\"item\":\"https:\/\/dev.freakuence.nl\/de\/\"},{\"@type\":\"ListItem\",\"position\":2,\"name\":\"Products\",\"item\":\"https:\/\/dev.freakuence.nl\/en\/products\/\"},{\"@type\":\"ListItem\",\"position\":3,\"name\":\"SOtM sDP-1000\"}]},{\"@type\":\"WebSite\",\"@id\":\"https:\/\/dev.freakuence.nl\/de\/#website\",\"url\":\"https:\/\/dev.freakuence.nl\/de\/\",\"name\":\"Freakuence!\",\"description\":\"Freakuence!\",\"alternateName\":\"Freakuence\",\"potentialAction\":[{\"@type\":\"SearchAction\",\"target\":{\"@type\":\"EntryPoint\",\"urlTemplate\":\"https:\/\/dev.freakuence.nl\/de\/?s={search_term_string}\"},\"query-input\":{\"@type\":\"PropertyValueSpecification\",\"valueRequired\":true,\"valueName\":\"search_term_string\"}}],\"inLanguage\":\"de\"}]}<\/script>\n<!-- \/ Yoast SEO plugin. -->","yoast_head_json":{"title":"SOtM sDP-1000 | Freakuence!","robots":{"index":"noindex","follow":"follow","max-snippet":"max-snippet:-1","max-image-preview":"max-image-preview:large","max-video-preview":"max-video-preview:-1"},"og_locale":"de_DE","og_type":"article","og_title":"SOtM sDP-1000 | Freakuence!","og_description":"Beschreibung Freakuence! Transparente und rhythmische Wiedergabe, ohne Erm\u00fcdung des H\u00f6rers. Bleiben Sie wach? Stimmen und Instrumente sind gut artikuliert und \u00fcberzeugend. Jede Menge Tiefe. Details Ladenpreis: 3250.00 Allgemeine Beschreibung Dieses Ger\u00e4t unterst\u00fctzt 32-bit\/384kHz PCM und DSDx64, DSDx128 Wiedergabe \u00fcber USB Audio Class 2.0. Es verf\u00fcgt \u00fcber ein OLED-Display und wird mit einer Fernbedienung geliefert. Die [&hellip;]","og_url":"https:\/\/dev.freakuence.nl\/de\/produkt\/sotm-sdp-1000\/","og_site_name":"Freakuence!","og_image":[{"width":1800,"height":1200,"url":"https:\/\/dev.freakuence.nl\/wp-content\/uploads\/2025\/09\/1757504916-IMG9181-scaled.jpg","type":"image\/jpeg"}],"twitter_card":"summary_large_image","schema":{"@context":"https:\/\/schema.org","@graph":[{"@type":"WebPage","@id":"https:\/\/dev.freakuence.nl\/de\/produkt\/sotm-sdp-1000\/","url":"https:\/\/dev.freakuence.nl\/de\/produkt\/sotm-sdp-1000\/","name":"SOtM sDP-1000 | Freakuence!","isPartOf":{"@id":"https:\/\/dev.freakuence.nl\/de\/#website"},"primaryImageOfPage":{"@id":"https:\/\/dev.freakuence.nl\/de\/produkt\/sotm-sdp-1000\/#primaryimage"},"image":{"@id":"https:\/\/dev.freakuence.nl\/de\/produkt\/sotm-sdp-1000\/#primaryimage"},"thumbnailUrl":"https:\/\/dev.freakuence.nl\/wp-content\/uploads\/2025\/09\/1757504916-IMG9181-scaled.jpg","datePublished":"2025-09-10T11:49:22+00:00","breadcrumb":{"@id":"https:\/\/dev.freakuence.nl\/de\/produkt\/sotm-sdp-1000\/#breadcrumb"},"inLanguage":"de","potentialAction":[{"@type":"ReadAction","target":["https:\/\/dev.freakuence.nl\/de\/produkt\/sotm-sdp-1000\/"]}]},{"@type":"ImageObject","inLanguage":"de","@id":"https:\/\/dev.freakuence.nl\/de\/produkt\/sotm-sdp-1000\/#primaryimage","url":"https:\/\/dev.freakuence.nl\/wp-content\/uploads\/2025\/09\/1757504916-IMG9181-scaled.jpg","contentUrl":"https:\/\/dev.freakuence.nl\/wp-content\/uploads\/2025\/09\/1757504916-IMG9181-scaled.jpg","width":1800,"height":1200},{"@type":"BreadcrumbList","@id":"https:\/\/dev.freakuence.nl\/de\/produkt\/sotm-sdp-1000\/#breadcrumb","itemListElement":[{"@type":"ListItem","position":1,"name":"Startseite","item":"https:\/\/dev.freakuence.nl\/de\/"},{"@type":"ListItem","position":2,"name":"Products","item":"https:\/\/dev.freakuence.nl\/en\/products\/"},{"@type":"ListItem","position":3,"name":"SOtM sDP-1000"}]},{"@type":"WebSite","@id":"https:\/\/dev.freakuence.nl\/de\/#website","url":"https:\/\/dev.freakuence.nl\/de\/","name":"Freakuence!","description":"Freakuence!","alternateName":"Freakuence","potentialAction":[{"@type":"SearchAction","target":{"@type":"EntryPoint","urlTemplate":"https:\/\/dev.freakuence.nl\/de\/?s={search_term_string}"},"query-input":{"@type":"PropertyValueSpecification","valueRequired":true,"valueName":"search_term_string"}}],"inLanguage":"de"}]}},"_links":{"self":[{"href":"https:\/\/dev.freakuence.nl\/de\/wp-json\/wp\/v2\/product\/316144","targetHints":{"allow":["GET"]}}],"collection":[{"href":"https:\/\/dev.freakuence.nl\/de\/wp-json\/wp\/v2\/product"}],"about":[{"href":"https:\/\/dev.freakuence.nl\/de\/wp-json\/wp\/v2\/types\/product"}],"version-history":[{"count":0,"href":"https:\/\/dev.freakuence.nl\/de\/wp-json\/wp\/v2\/product\/316144\/revisions"}],"wp:featuredmedia":[{"embeddable":true,"href":"https:\/\/dev.freakuence.nl\/de\/wp-json\/wp\/v2\/media\/303894"}],"wp:attachment":[{"href":"https:\/\/dev.freakuence.nl\/de\/wp-json\/wp\/v2\/media?parent=316144"}],"wp:term":[{"taxonomy":"product_brand","embeddable":true,"href":"https:\/\/dev.freakuence.nl\/de\/wp-json\/wp\/v2\/product_brand?post=316144"},{"taxonomy":"product_cat","embeddable":true,"href":"https:\/\/dev.freakuence.nl\/de\/wp-json\/wp\/v2\/product_cat?post=316144"},{"taxonomy":"product_tag","embeddable":true,"href":"https:\/\/dev.freakuence.nl\/de\/wp-json\/wp\/v2\/product_tag?post=316144"}],"curies":[{"name":"wp","href":"https:\/\/api.w.org\/{rel}","templated":true}]}}