{"id":316428,"date":"2026-02-27T10:35:24","date_gmt":"2026-02-27T09:35:24","guid":{"rendered":"https:\/\/dev.freakuence.nl\/product\/avalon-aszendent\/"},"modified":"2026-02-27T10:35:24","modified_gmt":"2026-02-27T09:35:24","slug":"avalon-aszendent","status":"publish","type":"product","link":"https:\/\/dev.freakuence.nl\/de\/produkt\/avalon-aszendent\/","title":{"rendered":"Avalon Aszendent"},"content":{"rendered":"<div class=\"product-specifications-list\">\n<div class=\"specification-item row-header\"><span class=\"spec-content\"><strong>Beschreibung Freakuence!<\/strong><\/span><\/div>\n<div class=\"specification-item row-even\"><span class=\"spec-content\">Manchmal sitzen wir hier ganz still und leise f\u00fcr ein Set. Dies war ein solcher Satz. &#8222;Wir warten bis Freitag Nachmittag!&#8220; Ein Bier und eine ganze Weile nichts. Der Mitteltonbereich ist sehr angenehm. Keine \u00fcberw\u00e4ltigende Verzerrung, sondern wunderbar nat\u00fcrlich. Das tiefe Ende ist mit einem sch\u00f6nen Transistor sehr straff. Sie kommen auch mit R\u00f6hren sehr gut zur Geltung; mit aller Leichtigkeit der Welt geben sie immer noch eine gigantische Tiefe ab&#8230;.       <\/span><\/div>\n<div class=\"specification-item row-header\"><span class=\"spec-content\"><strong>Hintergrundinformationen<\/strong><\/span><\/div>\n<div class=\"specification-item row-even\"><span class=\"spec-content\">Der von Neil Patel entworfene Avalon Opus Ceramique kombiniert einen fortschrittlichen Keramik-Mittelt\u00f6ner mit einer pr\u00e4zise abgestimmten Basseinheit. Das Geh\u00e4use ist mehrschichtig und hat innen ged\u00e4mpfte Platten, um Resonanzen zu minimieren. Die interne Verkabelung besteht aus speziell ausgew\u00e4hlten Leitermaterialien f\u00fcr eine optimale Signal\u00fcbertragung. Die Herstellung und Abstimmung erfolgt vollst\u00e4ndig manuell in Boulder, Colorado (USA), mit Komponenten von ausgew\u00e4hlten Lieferanten aus Europa und den USA.   <\/span><\/div>\n<div class=\"specification-item row-header\"><span class=\"spec-content\"><strong>Geschichte der Marke<\/strong><\/span><\/div>\n<div class=\"specification-item row-even\"><span class=\"spec-content\">Avalon Acoustics wurde 1986 von Neil Patel gegr\u00fcndet. Die Marke etablierte sich in Boulder, Colorado, USA. Von Anfang an hat Avalon Produkte nach akustischen Prinzipien und mit symmetrischen Klangstrukturen entworfen und entwickelt. Die Produktion findet im eigenen Haus statt. Dabei werden ma\u00dfgefertigte Komponenten verwendet, die speziell f\u00fcr die Designs hergestellt werden. Von Anfang an legte Avalon Wert auf eine pr\u00e4zise Montage und Abstimmung pro Ger\u00e4t. Die Geh\u00e4use werden u.a. aus Verbundwerkstoffen hergestellt und jedes Produkt wird vor der Auslieferung einzeln getestet. Avalon verwendet eigene Messger\u00e4te und H\u00f6rtests f\u00fcr die Endkontrolle. Die Designs von Avalon sind geometrisch strukturiert und basieren unter anderem auf Prinzipien wie dem Goldenen Schnitt. Die technische Architektur eines jeden Lautsprechers folgt einem definierten Designmodell. Jeder einzelne wird von einem kleinen Team von Hand gebaut.          <\/span><\/div>\n<\/div>\n","protected":false},"excerpt":{"rendered":"<p>Beschreibung Freakuence! Manchmal sitzen wir hier ganz still und leise f\u00fcr ein Set. Dies war ein solcher Satz. &#8222;Wir warten bis Freitag Nachmittag!&#8220; Ein Bier und eine ganze Weile nichts. Der Mitteltonbereich ist sehr angenehm. Keine \u00fcberw\u00e4ltigende Verzerrung, sondern wunderbar nat\u00fcrlich. Das tiefe Ende ist mit einem sch\u00f6nen Transistor sehr straff. Sie kommen auch mit [&hellip;]<\/p>\n","protected":false},"featured_media":316430,"template":"","meta":{"_acf_changed":false,"inline_featured_image":false},"product_brand":[],"product_cat":[553],"product_tag":[555],"class_list":{"0":"post-316428","1":"product","2":"type-product","3":"status-publish","4":"has-post-thumbnail","6":"product_cat-redner","7":"product_tag-benutzt","9":"first","10":"instock","11":"sold-individually","12":"purchasable","13":"product-type-simple"},"acf":[],"yoast_head":"<!-- This site is optimized with the Yoast SEO plugin v25.9 - https:\/\/yoast.com\/wordpress\/plugins\/seo\/ -->\n<title>Avalon Aszendent | Freakuence!<\/title>\n<meta name=\"robots\" content=\"noindex, follow, max-snippet:-1, max-image-preview:large, max-video-preview:-1\" \/>\n<meta property=\"og:locale\" content=\"de_DE\" \/>\n<meta property=\"og:type\" content=\"article\" \/>\n<meta property=\"og:title\" content=\"Avalon Aszendent | Freakuence!\" \/>\n<meta property=\"og:description\" content=\"Beschreibung Freakuence! Manchmal sitzen wir hier ganz still und leise f\u00fcr ein Set. Dies war ein solcher Satz. &#8222;Wir warten bis Freitag Nachmittag!&#8220; Ein Bier und eine ganze Weile nichts. Der Mitteltonbereich ist sehr angenehm. Keine \u00fcberw\u00e4ltigende Verzerrung, sondern wunderbar nat\u00fcrlich. Das tiefe Ende ist mit einem sch\u00f6nen Transistor sehr straff. Sie kommen auch mit [&hellip;]\" \/>\n<meta property=\"og:url\" content=\"https:\/\/dev.freakuence.nl\/de\/produkt\/avalon-aszendent\/\" \/>\n<meta property=\"og:site_name\" content=\"Freakuence!\" \/>\n<meta property=\"og:image\" content=\"https:\/\/dev.freakuence.nl\/wp-content\/uploads\/2026\/02\/17721851510610-19165-Headerfotoeventpagina.jpg.jpg\" \/>\n\t<meta property=\"og:image:width\" content=\"1920\" \/>\n\t<meta property=\"og:image:height\" content=\"1440\" \/>\n\t<meta property=\"og:image:type\" content=\"image\/jpeg\" \/>\n<meta name=\"twitter:card\" content=\"summary_large_image\" \/>\n<script type=\"application\/ld+json\" class=\"yoast-schema-graph\">{\"@context\":\"https:\/\/schema.org\",\"@graph\":[{\"@type\":\"WebPage\",\"@id\":\"https:\/\/dev.freakuence.nl\/de\/produkt\/avalon-aszendent\/\",\"url\":\"https:\/\/dev.freakuence.nl\/de\/produkt\/avalon-aszendent\/\",\"name\":\"Avalon Aszendent | Freakuence!\",\"isPartOf\":{\"@id\":\"https:\/\/dev.freakuence.nl\/de\/#website\"},\"primaryImageOfPage\":{\"@id\":\"https:\/\/dev.freakuence.nl\/de\/produkt\/avalon-aszendent\/#primaryimage\"},\"image\":{\"@id\":\"https:\/\/dev.freakuence.nl\/de\/produkt\/avalon-aszendent\/#primaryimage\"},\"thumbnailUrl\":\"https:\/\/dev.freakuence.nl\/wp-content\/uploads\/2026\/02\/17721851510610-19165-Headerfotoeventpagina.jpg.jpg\",\"datePublished\":\"2026-02-27T09:35:24+00:00\",\"breadcrumb\":{\"@id\":\"https:\/\/dev.freakuence.nl\/de\/produkt\/avalon-aszendent\/#breadcrumb\"},\"inLanguage\":\"de\",\"potentialAction\":[{\"@type\":\"ReadAction\",\"target\":[\"https:\/\/dev.freakuence.nl\/de\/produkt\/avalon-aszendent\/\"]}]},{\"@type\":\"ImageObject\",\"inLanguage\":\"de\",\"@id\":\"https:\/\/dev.freakuence.nl\/de\/produkt\/avalon-aszendent\/#primaryimage\",\"url\":\"https:\/\/dev.freakuence.nl\/wp-content\/uploads\/2026\/02\/17721851510610-19165-Headerfotoeventpagina.jpg.jpg\",\"contentUrl\":\"https:\/\/dev.freakuence.nl\/wp-content\/uploads\/2026\/02\/17721851510610-19165-Headerfotoeventpagina.jpg.jpg\",\"width\":1920,\"height\":1440},{\"@type\":\"BreadcrumbList\",\"@id\":\"https:\/\/dev.freakuence.nl\/de\/produkt\/avalon-aszendent\/#breadcrumb\",\"itemListElement\":[{\"@type\":\"ListItem\",\"position\":1,\"name\":\"Startseite\",\"item\":\"https:\/\/dev.freakuence.nl\/de\/\"},{\"@type\":\"ListItem\",\"position\":2,\"name\":\"Products\",\"item\":\"https:\/\/dev.freakuence.nl\/en\/products\/\"},{\"@type\":\"ListItem\",\"position\":3,\"name\":\"Avalon Aszendent\"}]},{\"@type\":\"WebSite\",\"@id\":\"https:\/\/dev.freakuence.nl\/de\/#website\",\"url\":\"https:\/\/dev.freakuence.nl\/de\/\",\"name\":\"Freakuence!\",\"description\":\"Freakuence!\",\"alternateName\":\"Freakuence\",\"potentialAction\":[{\"@type\":\"SearchAction\",\"target\":{\"@type\":\"EntryPoint\",\"urlTemplate\":\"https:\/\/dev.freakuence.nl\/de\/?s={search_term_string}\"},\"query-input\":{\"@type\":\"PropertyValueSpecification\",\"valueRequired\":true,\"valueName\":\"search_term_string\"}}],\"inLanguage\":\"de\"}]}<\/script>\n<!-- \/ Yoast SEO plugin. -->","yoast_head_json":{"title":"Avalon Aszendent | Freakuence!","robots":{"index":"noindex","follow":"follow","max-snippet":"max-snippet:-1","max-image-preview":"max-image-preview:large","max-video-preview":"max-video-preview:-1"},"og_locale":"de_DE","og_type":"article","og_title":"Avalon Aszendent | Freakuence!","og_description":"Beschreibung Freakuence! Manchmal sitzen wir hier ganz still und leise f\u00fcr ein Set. Dies war ein solcher Satz. &#8222;Wir warten bis Freitag Nachmittag!&#8220; Ein Bier und eine ganze Weile nichts. Der Mitteltonbereich ist sehr angenehm. Keine \u00fcberw\u00e4ltigende Verzerrung, sondern wunderbar nat\u00fcrlich. Das tiefe Ende ist mit einem sch\u00f6nen Transistor sehr straff. Sie kommen auch mit [&hellip;]","og_url":"https:\/\/dev.freakuence.nl\/de\/produkt\/avalon-aszendent\/","og_site_name":"Freakuence!","og_image":[{"width":1920,"height":1440,"url":"https:\/\/dev.freakuence.nl\/wp-content\/uploads\/2026\/02\/17721851510610-19165-Headerfotoeventpagina.jpg.jpg","type":"image\/jpeg"}],"twitter_card":"summary_large_image","schema":{"@context":"https:\/\/schema.org","@graph":[{"@type":"WebPage","@id":"https:\/\/dev.freakuence.nl\/de\/produkt\/avalon-aszendent\/","url":"https:\/\/dev.freakuence.nl\/de\/produkt\/avalon-aszendent\/","name":"Avalon Aszendent | Freakuence!","isPartOf":{"@id":"https:\/\/dev.freakuence.nl\/de\/#website"},"primaryImageOfPage":{"@id":"https:\/\/dev.freakuence.nl\/de\/produkt\/avalon-aszendent\/#primaryimage"},"image":{"@id":"https:\/\/dev.freakuence.nl\/de\/produkt\/avalon-aszendent\/#primaryimage"},"thumbnailUrl":"https:\/\/dev.freakuence.nl\/wp-content\/uploads\/2026\/02\/17721851510610-19165-Headerfotoeventpagina.jpg.jpg","datePublished":"2026-02-27T09:35:24+00:00","breadcrumb":{"@id":"https:\/\/dev.freakuence.nl\/de\/produkt\/avalon-aszendent\/#breadcrumb"},"inLanguage":"de","potentialAction":[{"@type":"ReadAction","target":["https:\/\/dev.freakuence.nl\/de\/produkt\/avalon-aszendent\/"]}]},{"@type":"ImageObject","inLanguage":"de","@id":"https:\/\/dev.freakuence.nl\/de\/produkt\/avalon-aszendent\/#primaryimage","url":"https:\/\/dev.freakuence.nl\/wp-content\/uploads\/2026\/02\/17721851510610-19165-Headerfotoeventpagina.jpg.jpg","contentUrl":"https:\/\/dev.freakuence.nl\/wp-content\/uploads\/2026\/02\/17721851510610-19165-Headerfotoeventpagina.jpg.jpg","width":1920,"height":1440},{"@type":"BreadcrumbList","@id":"https:\/\/dev.freakuence.nl\/de\/produkt\/avalon-aszendent\/#breadcrumb","itemListElement":[{"@type":"ListItem","position":1,"name":"Startseite","item":"https:\/\/dev.freakuence.nl\/de\/"},{"@type":"ListItem","position":2,"name":"Products","item":"https:\/\/dev.freakuence.nl\/en\/products\/"},{"@type":"ListItem","position":3,"name":"Avalon Aszendent"}]},{"@type":"WebSite","@id":"https:\/\/dev.freakuence.nl\/de\/#website","url":"https:\/\/dev.freakuence.nl\/de\/","name":"Freakuence!","description":"Freakuence!","alternateName":"Freakuence","potentialAction":[{"@type":"SearchAction","target":{"@type":"EntryPoint","urlTemplate":"https:\/\/dev.freakuence.nl\/de\/?s={search_term_string}"},"query-input":{"@type":"PropertyValueSpecification","valueRequired":true,"valueName":"search_term_string"}}],"inLanguage":"de"}]}},"_links":{"self":[{"href":"https:\/\/dev.freakuence.nl\/de\/wp-json\/wp\/v2\/product\/316428","targetHints":{"allow":["GET"]}}],"collection":[{"href":"https:\/\/dev.freakuence.nl\/de\/wp-json\/wp\/v2\/product"}],"about":[{"href":"https:\/\/dev.freakuence.nl\/de\/wp-json\/wp\/v2\/types\/product"}],"version-history":[{"count":0,"href":"https:\/\/dev.freakuence.nl\/de\/wp-json\/wp\/v2\/product\/316428\/revisions"}],"wp:featuredmedia":[{"embeddable":true,"href":"https:\/\/dev.freakuence.nl\/de\/wp-json\/wp\/v2\/media\/316430"}],"wp:attachment":[{"href":"https:\/\/dev.freakuence.nl\/de\/wp-json\/wp\/v2\/media?parent=316428"}],"wp:term":[{"taxonomy":"product_brand","embeddable":true,"href":"https:\/\/dev.freakuence.nl\/de\/wp-json\/wp\/v2\/product_brand?post=316428"},{"taxonomy":"product_cat","embeddable":true,"href":"https:\/\/dev.freakuence.nl\/de\/wp-json\/wp\/v2\/product_cat?post=316428"},{"taxonomy":"product_tag","embeddable":true,"href":"https:\/\/dev.freakuence.nl\/de\/wp-json\/wp\/v2\/product_tag?post=316428"}],"curies":[{"name":"wp","href":"https:\/\/api.w.org\/{rel}","templated":true}]}}