{"id":316458,"date":"2026-03-09T06:06:57","date_gmt":"2026-03-09T05:06:57","guid":{"rendered":"https:\/\/dev.freakuence.nl\/product\/mcintosh-mti100\/"},"modified":"2026-03-09T06:06:57","modified_gmt":"2026-03-09T05:06:57","slug":"mcintosh-mti100","status":"publish","type":"product","link":"https:\/\/dev.freakuence.nl\/de\/produkt\/mcintosh-mti100\/","title":{"rendered":"McIntosh MTI100"},"content":{"rendered":"<div class=\"product-specifications-list\">\n<div class=\"specification-item row-header\"><span class=\"spec-content\"><strong>Geschichte der Marke<\/strong><\/span><\/div>\n<div class=\"specification-item row-even\"><span class=\"spec-content\">Das McIntosh Laboratory wurde 1949 von Frank H. McIntosh und Gordon Gow gegr\u00fcndet und hat seinen Sitz in Binghamton, New York. 1965 wurden McIntosh-Verst\u00e4rker bei der Rede zur Amtseinf\u00fchrung von Pr\u00e4sident Lyndon B. Johnson eingesetzt. 1969 sorgten zwanzig McIntosh MC3500 R\u00f6hrenverst\u00e4rker f\u00fcr den Sound beim Woodstock-Festival. 1974 verwendeten die Grateful Dead 48 McIntosh MC2300 Verst\u00e4rker f\u00fcr ihr &#8222;Wall of Sound&#8220;-System. 1990 wurde McIntosh von Clarion \u00fcbernommen, gefolgt von einer \u00dcbernahme durch D&amp;M Holdings im Jahr 2003. Im Jahr 2022 wurde das Unternehmen an eine private Beteiligungsgesellschaft verkauft. McIntosh ist bekannt f\u00fcr seine schwarzen Glasfronten und blauen VU-Meter.      <\/span><\/div>\n<\/div>\n","protected":false},"excerpt":{"rendered":"<p>Geschichte der Marke Das McIntosh Laboratory wurde 1949 von Frank H. McIntosh und Gordon Gow gegr\u00fcndet und hat seinen Sitz in Binghamton, New York. 1965 wurden McIntosh-Verst\u00e4rker bei der Rede zur Amtseinf\u00fchrung von Pr\u00e4sident Lyndon B. Johnson eingesetzt. 1969 sorgten zwanzig McIntosh MC3500 R\u00f6hrenverst\u00e4rker f\u00fcr den Sound beim Woodstock-Festival. 1974 verwendeten die Grateful Dead 48 [&hellip;]<\/p>\n","protected":false},"featured_media":0,"template":"","meta":{"_acf_changed":false,"inline_featured_image":false},"product_brand":[],"product_cat":[576],"product_tag":[555],"class_list":{"0":"post-316458","1":"product","2":"type-product","3":"status-publish","5":"product_cat-zubehor","6":"product_tag-benutzt","8":"first","9":"instock","10":"sold-individually","11":"purchasable","12":"product-type-simple"},"acf":[],"yoast_head":"<!-- This site is optimized with the Yoast SEO plugin v25.9 - https:\/\/yoast.com\/wordpress\/plugins\/seo\/ -->\n<title>McIntosh MTI100 | Freakuence!<\/title>\n<meta name=\"robots\" content=\"noindex, follow, max-snippet:-1, max-image-preview:large, max-video-preview:-1\" \/>\n<meta property=\"og:locale\" content=\"de_DE\" \/>\n<meta property=\"og:type\" content=\"article\" \/>\n<meta property=\"og:title\" content=\"McIntosh MTI100 | Freakuence!\" \/>\n<meta property=\"og:description\" content=\"Geschichte der Marke Das McIntosh Laboratory wurde 1949 von Frank H. McIntosh und Gordon Gow gegr\u00fcndet und hat seinen Sitz in Binghamton, New York. 1965 wurden McIntosh-Verst\u00e4rker bei der Rede zur Amtseinf\u00fchrung von Pr\u00e4sident Lyndon B. Johnson eingesetzt. 1969 sorgten zwanzig McIntosh MC3500 R\u00f6hrenverst\u00e4rker f\u00fcr den Sound beim Woodstock-Festival. 1974 verwendeten die Grateful Dead 48 [&hellip;]\" \/>\n<meta property=\"og:url\" content=\"https:\/\/dev.freakuence.nl\/de\/produkt\/mcintosh-mti100\/\" \/>\n<meta property=\"og:site_name\" content=\"Freakuence!\" \/>\n<meta name=\"twitter:card\" content=\"summary_large_image\" \/>\n<script type=\"application\/ld+json\" class=\"yoast-schema-graph\">{\"@context\":\"https:\/\/schema.org\",\"@graph\":[{\"@type\":\"WebPage\",\"@id\":\"https:\/\/dev.freakuence.nl\/de\/produkt\/mcintosh-mti100\/\",\"url\":\"https:\/\/dev.freakuence.nl\/de\/produkt\/mcintosh-mti100\/\",\"name\":\"McIntosh MTI100 | Freakuence!\",\"isPartOf\":{\"@id\":\"https:\/\/dev.freakuence.nl\/de\/#website\"},\"datePublished\":\"2026-03-09T05:06:57+00:00\",\"breadcrumb\":{\"@id\":\"https:\/\/dev.freakuence.nl\/de\/produkt\/mcintosh-mti100\/#breadcrumb\"},\"inLanguage\":\"de\",\"potentialAction\":[{\"@type\":\"ReadAction\",\"target\":[\"https:\/\/dev.freakuence.nl\/de\/produkt\/mcintosh-mti100\/\"]}]},{\"@type\":\"BreadcrumbList\",\"@id\":\"https:\/\/dev.freakuence.nl\/de\/produkt\/mcintosh-mti100\/#breadcrumb\",\"itemListElement\":[{\"@type\":\"ListItem\",\"position\":1,\"name\":\"Startseite\",\"item\":\"https:\/\/dev.freakuence.nl\/de\/\"},{\"@type\":\"ListItem\",\"position\":2,\"name\":\"Products\",\"item\":\"https:\/\/dev.freakuence.nl\/en\/products\/\"},{\"@type\":\"ListItem\",\"position\":3,\"name\":\"McIntosh MTI100\"}]},{\"@type\":\"WebSite\",\"@id\":\"https:\/\/dev.freakuence.nl\/de\/#website\",\"url\":\"https:\/\/dev.freakuence.nl\/de\/\",\"name\":\"Freakuence!\",\"description\":\"Freakuence!\",\"alternateName\":\"Freakuence\",\"potentialAction\":[{\"@type\":\"SearchAction\",\"target\":{\"@type\":\"EntryPoint\",\"urlTemplate\":\"https:\/\/dev.freakuence.nl\/de\/?s={search_term_string}\"},\"query-input\":{\"@type\":\"PropertyValueSpecification\",\"valueRequired\":true,\"valueName\":\"search_term_string\"}}],\"inLanguage\":\"de\"}]}<\/script>\n<!-- \/ Yoast SEO plugin. -->","yoast_head_json":{"title":"McIntosh MTI100 | Freakuence!","robots":{"index":"noindex","follow":"follow","max-snippet":"max-snippet:-1","max-image-preview":"max-image-preview:large","max-video-preview":"max-video-preview:-1"},"og_locale":"de_DE","og_type":"article","og_title":"McIntosh MTI100 | Freakuence!","og_description":"Geschichte der Marke Das McIntosh Laboratory wurde 1949 von Frank H. McIntosh und Gordon Gow gegr\u00fcndet und hat seinen Sitz in Binghamton, New York. 1965 wurden McIntosh-Verst\u00e4rker bei der Rede zur Amtseinf\u00fchrung von Pr\u00e4sident Lyndon B. Johnson eingesetzt. 1969 sorgten zwanzig McIntosh MC3500 R\u00f6hrenverst\u00e4rker f\u00fcr den Sound beim Woodstock-Festival. 1974 verwendeten die Grateful Dead 48 [&hellip;]","og_url":"https:\/\/dev.freakuence.nl\/de\/produkt\/mcintosh-mti100\/","og_site_name":"Freakuence!","twitter_card":"summary_large_image","schema":{"@context":"https:\/\/schema.org","@graph":[{"@type":"WebPage","@id":"https:\/\/dev.freakuence.nl\/de\/produkt\/mcintosh-mti100\/","url":"https:\/\/dev.freakuence.nl\/de\/produkt\/mcintosh-mti100\/","name":"McIntosh MTI100 | Freakuence!","isPartOf":{"@id":"https:\/\/dev.freakuence.nl\/de\/#website"},"datePublished":"2026-03-09T05:06:57+00:00","breadcrumb":{"@id":"https:\/\/dev.freakuence.nl\/de\/produkt\/mcintosh-mti100\/#breadcrumb"},"inLanguage":"de","potentialAction":[{"@type":"ReadAction","target":["https:\/\/dev.freakuence.nl\/de\/produkt\/mcintosh-mti100\/"]}]},{"@type":"BreadcrumbList","@id":"https:\/\/dev.freakuence.nl\/de\/produkt\/mcintosh-mti100\/#breadcrumb","itemListElement":[{"@type":"ListItem","position":1,"name":"Startseite","item":"https:\/\/dev.freakuence.nl\/de\/"},{"@type":"ListItem","position":2,"name":"Products","item":"https:\/\/dev.freakuence.nl\/en\/products\/"},{"@type":"ListItem","position":3,"name":"McIntosh MTI100"}]},{"@type":"WebSite","@id":"https:\/\/dev.freakuence.nl\/de\/#website","url":"https:\/\/dev.freakuence.nl\/de\/","name":"Freakuence!","description":"Freakuence!","alternateName":"Freakuence","potentialAction":[{"@type":"SearchAction","target":{"@type":"EntryPoint","urlTemplate":"https:\/\/dev.freakuence.nl\/de\/?s={search_term_string}"},"query-input":{"@type":"PropertyValueSpecification","valueRequired":true,"valueName":"search_term_string"}}],"inLanguage":"de"}]}},"_links":{"self":[{"href":"https:\/\/dev.freakuence.nl\/de\/wp-json\/wp\/v2\/product\/316458","targetHints":{"allow":["GET"]}}],"collection":[{"href":"https:\/\/dev.freakuence.nl\/de\/wp-json\/wp\/v2\/product"}],"about":[{"href":"https:\/\/dev.freakuence.nl\/de\/wp-json\/wp\/v2\/types\/product"}],"version-history":[{"count":0,"href":"https:\/\/dev.freakuence.nl\/de\/wp-json\/wp\/v2\/product\/316458\/revisions"}],"wp:attachment":[{"href":"https:\/\/dev.freakuence.nl\/de\/wp-json\/wp\/v2\/media?parent=316458"}],"wp:term":[{"taxonomy":"product_brand","embeddable":true,"href":"https:\/\/dev.freakuence.nl\/de\/wp-json\/wp\/v2\/product_brand?post=316458"},{"taxonomy":"product_cat","embeddable":true,"href":"https:\/\/dev.freakuence.nl\/de\/wp-json\/wp\/v2\/product_cat?post=316458"},{"taxonomy":"product_tag","embeddable":true,"href":"https:\/\/dev.freakuence.nl\/de\/wp-json\/wp\/v2\/product_tag?post=316458"}],"curies":[{"name":"wp","href":"https:\/\/api.w.org\/{rel}","templated":true}]}}