{"id":316566,"date":"2026-03-19T06:07:03","date_gmt":"2026-03-19T05:07:03","guid":{"rendered":"https:\/\/dev.freakuence.nl\/product\/bw-603-4\/"},"modified":"2026-03-19T06:07:03","modified_gmt":"2026-03-19T05:07:03","slug":"bw-603-4","status":"publish","type":"product","link":"https:\/\/dev.freakuence.nl\/de\/produkt\/bw-603-4\/","title":{"rendered":"B&amp;W 603"},"content":{"rendered":"<div class=\"product-specifications-list\">\n<div class=\"specification-item row-header\"><span class=\"spec-content\"><strong>Geschichte der Marke<\/strong><\/span><\/div>\n<div class=\"specification-item row-even\"><span class=\"spec-content\">Bowers &amp; Wilkins wurde 1966 von John Bowers in Worthing, England, gegr\u00fcndet. Der erste Lautsprecher, der P1, wurde von Hand in einer Werkstatt hinter einem Elektronikgesch\u00e4ft zusammengebaut. Im Jahr 1968 wurde das Unternehmen offiziell als B&amp;W Loudspeakers Ltd. registriert. 1974 stellte die Marke den DM6 vor, gefolgt vom 801 im Jahr 1979, einem Modell, das in Aufnahmestudios eingesetzt wurde. In den folgenden Jahren entwickelte Bowers &amp; Wilkins mehrere Modelle der 800er Serie. Im Jahr 1998 er\u00f6ffnete das Unternehmen sein Forschungs- und Entwicklungszentrum, das Steyning Research Establishment. Im Jahr 2015 f\u00fchrte das Unternehmen die 800 Series Diamond ein. F\u00fchrende Designer wie Laurence Dickie und sp\u00e4ter John Dibb trugen zur Produktentwicklung bei. Im Jahr 2020 wurde Bowers &amp; Wilkins von Sound United LLC \u00fcbernommen. Der Hauptsitz des Unternehmens befindet sich in Gro\u00dfbritannien.         <\/span><\/div>\n<\/div>\n","protected":false},"excerpt":{"rendered":"<p>Geschichte der Marke Bowers &amp; Wilkins wurde 1966 von John Bowers in Worthing, England, gegr\u00fcndet. Der erste Lautsprecher, der P1, wurde von Hand in einer Werkstatt hinter einem Elektronikgesch\u00e4ft zusammengebaut. Im Jahr 1968 wurde das Unternehmen offiziell als B&amp;W Loudspeakers Ltd. registriert. 1974 stellte die Marke den DM6 vor, gefolgt vom 801 im Jahr 1979, [&hellip;]<\/p>\n","protected":false},"featured_media":0,"template":"","meta":{"_acf_changed":false,"inline_featured_image":false},"product_brand":[],"product_cat":[553],"product_tag":[577],"class_list":{"0":"post-316566","1":"product","2":"type-product","3":"status-publish","5":"product_cat-redner","6":"product_tag-neu","7":"pa_kleur-schwarz","9":"first","10":"onbackorder","11":"sold-individually","12":"taxable","13":"shipping-taxable","14":"product-type-variable"},"acf":[],"yoast_head":"<!-- This site is optimized with the Yoast SEO plugin v25.9 - https:\/\/yoast.com\/wordpress\/plugins\/seo\/ -->\n<title>B&amp;W 603 | Freakuence!<\/title>\n<meta name=\"robots\" content=\"noindex, follow, max-snippet:-1, max-image-preview:large, max-video-preview:-1\" \/>\n<meta property=\"og:locale\" content=\"de_DE\" \/>\n<meta property=\"og:type\" content=\"article\" \/>\n<meta property=\"og:title\" content=\"B&amp;W 603 | Freakuence!\" \/>\n<meta property=\"og:description\" content=\"Geschichte der Marke Bowers &amp; Wilkins wurde 1966 von John Bowers in Worthing, England, gegr\u00fcndet. Der erste Lautsprecher, der P1, wurde von Hand in einer Werkstatt hinter einem Elektronikgesch\u00e4ft zusammengebaut. Im Jahr 1968 wurde das Unternehmen offiziell als B&amp;W Loudspeakers Ltd. registriert. 1974 stellte die Marke den DM6 vor, gefolgt vom 801 im Jahr 1979, [&hellip;]\" \/>\n<meta property=\"og:url\" content=\"https:\/\/dev.freakuence.nl\/de\/produkt\/bw-603-4\/\" \/>\n<meta property=\"og:site_name\" content=\"Freakuence!\" \/>\n<meta name=\"twitter:card\" content=\"summary_large_image\" \/>\n<script type=\"application\/ld+json\" class=\"yoast-schema-graph\">{\"@context\":\"https:\/\/schema.org\",\"@graph\":[{\"@type\":\"WebPage\",\"@id\":\"https:\/\/dev.freakuence.nl\/de\/produkt\/bw-603-4\/\",\"url\":\"https:\/\/dev.freakuence.nl\/de\/produkt\/bw-603-4\/\",\"name\":\"B&amp;W 603 | Freakuence!\",\"isPartOf\":{\"@id\":\"https:\/\/dev.freakuence.nl\/de\/#website\"},\"datePublished\":\"2026-03-19T05:07:03+00:00\",\"breadcrumb\":{\"@id\":\"https:\/\/dev.freakuence.nl\/de\/produkt\/bw-603-4\/#breadcrumb\"},\"inLanguage\":\"de\",\"potentialAction\":[{\"@type\":\"ReadAction\",\"target\":[\"https:\/\/dev.freakuence.nl\/de\/produkt\/bw-603-4\/\"]}]},{\"@type\":\"BreadcrumbList\",\"@id\":\"https:\/\/dev.freakuence.nl\/de\/produkt\/bw-603-4\/#breadcrumb\",\"itemListElement\":[{\"@type\":\"ListItem\",\"position\":1,\"name\":\"Startseite\",\"item\":\"https:\/\/dev.freakuence.nl\/de\/\"},{\"@type\":\"ListItem\",\"position\":2,\"name\":\"Products\",\"item\":\"https:\/\/dev.freakuence.nl\/en\/products\/\"},{\"@type\":\"ListItem\",\"position\":3,\"name\":\"SCHWARZWEISS 603\"}]},{\"@type\":\"WebSite\",\"@id\":\"https:\/\/dev.freakuence.nl\/de\/#website\",\"url\":\"https:\/\/dev.freakuence.nl\/de\/\",\"name\":\"Freakuence!\",\"description\":\"Freakuence!\",\"alternateName\":\"Freakuence\",\"potentialAction\":[{\"@type\":\"SearchAction\",\"target\":{\"@type\":\"EntryPoint\",\"urlTemplate\":\"https:\/\/dev.freakuence.nl\/de\/?s={search_term_string}\"},\"query-input\":{\"@type\":\"PropertyValueSpecification\",\"valueRequired\":true,\"valueName\":\"search_term_string\"}}],\"inLanguage\":\"de\"}]}<\/script>\n<!-- \/ Yoast SEO plugin. -->","yoast_head_json":{"title":"B&amp;W 603 | Freakuence!","robots":{"index":"noindex","follow":"follow","max-snippet":"max-snippet:-1","max-image-preview":"max-image-preview:large","max-video-preview":"max-video-preview:-1"},"og_locale":"de_DE","og_type":"article","og_title":"B&amp;W 603 | Freakuence!","og_description":"Geschichte der Marke Bowers &amp; Wilkins wurde 1966 von John Bowers in Worthing, England, gegr\u00fcndet. Der erste Lautsprecher, der P1, wurde von Hand in einer Werkstatt hinter einem Elektronikgesch\u00e4ft zusammengebaut. Im Jahr 1968 wurde das Unternehmen offiziell als B&amp;W Loudspeakers Ltd. registriert. 1974 stellte die Marke den DM6 vor, gefolgt vom 801 im Jahr 1979, [&hellip;]","og_url":"https:\/\/dev.freakuence.nl\/de\/produkt\/bw-603-4\/","og_site_name":"Freakuence!","twitter_card":"summary_large_image","schema":{"@context":"https:\/\/schema.org","@graph":[{"@type":"WebPage","@id":"https:\/\/dev.freakuence.nl\/de\/produkt\/bw-603-4\/","url":"https:\/\/dev.freakuence.nl\/de\/produkt\/bw-603-4\/","name":"B&amp;W 603 | Freakuence!","isPartOf":{"@id":"https:\/\/dev.freakuence.nl\/de\/#website"},"datePublished":"2026-03-19T05:07:03+00:00","breadcrumb":{"@id":"https:\/\/dev.freakuence.nl\/de\/produkt\/bw-603-4\/#breadcrumb"},"inLanguage":"de","potentialAction":[{"@type":"ReadAction","target":["https:\/\/dev.freakuence.nl\/de\/produkt\/bw-603-4\/"]}]},{"@type":"BreadcrumbList","@id":"https:\/\/dev.freakuence.nl\/de\/produkt\/bw-603-4\/#breadcrumb","itemListElement":[{"@type":"ListItem","position":1,"name":"Startseite","item":"https:\/\/dev.freakuence.nl\/de\/"},{"@type":"ListItem","position":2,"name":"Products","item":"https:\/\/dev.freakuence.nl\/en\/products\/"},{"@type":"ListItem","position":3,"name":"SCHWARZWEISS 603"}]},{"@type":"WebSite","@id":"https:\/\/dev.freakuence.nl\/de\/#website","url":"https:\/\/dev.freakuence.nl\/de\/","name":"Freakuence!","description":"Freakuence!","alternateName":"Freakuence","potentialAction":[{"@type":"SearchAction","target":{"@type":"EntryPoint","urlTemplate":"https:\/\/dev.freakuence.nl\/de\/?s={search_term_string}"},"query-input":{"@type":"PropertyValueSpecification","valueRequired":true,"valueName":"search_term_string"}}],"inLanguage":"de"}]}},"_links":{"self":[{"href":"https:\/\/dev.freakuence.nl\/de\/wp-json\/wp\/v2\/product\/316566","targetHints":{"allow":["GET"]}}],"collection":[{"href":"https:\/\/dev.freakuence.nl\/de\/wp-json\/wp\/v2\/product"}],"about":[{"href":"https:\/\/dev.freakuence.nl\/de\/wp-json\/wp\/v2\/types\/product"}],"version-history":[{"count":0,"href":"https:\/\/dev.freakuence.nl\/de\/wp-json\/wp\/v2\/product\/316566\/revisions"}],"wp:attachment":[{"href":"https:\/\/dev.freakuence.nl\/de\/wp-json\/wp\/v2\/media?parent=316566"}],"wp:term":[{"taxonomy":"product_brand","embeddable":true,"href":"https:\/\/dev.freakuence.nl\/de\/wp-json\/wp\/v2\/product_brand?post=316566"},{"taxonomy":"product_cat","embeddable":true,"href":"https:\/\/dev.freakuence.nl\/de\/wp-json\/wp\/v2\/product_cat?post=316566"},{"taxonomy":"product_tag","embeddable":true,"href":"https:\/\/dev.freakuence.nl\/de\/wp-json\/wp\/v2\/product_tag?post=316566"}],"curies":[{"name":"wp","href":"https:\/\/api.w.org\/{rel}","templated":true}]}}